{"id":6671,"date":"2026-01-09T18:39:46","date_gmt":"2026-01-09T15:39:46","guid":{"rendered":"https:\/\/wristbandfactory.eu\/?post_type=product&#038;p=6671"},"modified":"2026-04-01T21:52:34","modified_gmt":"2026-04-01T18:52:34","slug":"custom-foil-holographic-event-wristbands","status":"publish","type":"product","link":"https:\/\/displayproducts.eu\/nb\/p\/custom-foil-holographic-event-wristbands\/","title":{"rendered":"Papirarmb\u00e5nd med folietrykk"},"content":{"rendered":"<p data-path-to-node=\"9\">L\u00f8ft merkevaren til arrangementet ditt med v\u00e5re spesialtilpassede folie- og holografiske armb\u00e5nd. Disse armb\u00e5ndene er produsert med YUPO syntetisk papir av h\u00f8y kvalitet, og tilbyr et f\u00f8rsteklasses alternativ til standard Tyvek, med en melkehvit overflate som sikrer at fargene ser livlige ut og er i samsvar med designet.<\/p>\n<p data-path-to-node=\"10\">Disse armb\u00e5ndene er designet for profilerte arrangementer, klubber og festivaler, og gir mulighet for luksuri\u00f8se metalldetaljer \u2013 inkludert gull, s\u00f8lv og glassfolie \u2013 eller full holografisk finish. Den glatte teksturen kombinert med CMYK-offsettrykk med h\u00f8y oppl\u00f8sning gj\u00f8r dem ideelle for intrikate design og VIP-identifikasjon. Til tross for det elegante utseendet er de robust bygget for \u00e5 t\u00e5le vann, svette og aktive milj\u00f8er.<\/p>\n<h2 data-path-to-node=\"11\">Viktige funksjoner<\/h2>\n<ul data-path-to-node=\"12\">\n<li>\n<p data-path-to-node=\"12,0,0\"><b data-path-to-node=\"12,0,0\" data-index-in-node=\"0\">Luksuri\u00f8se overflater:<\/b> Tilgjengelig med varmstemplet gullfolie, s\u00f8lvfolie, \u201cglassfolie\u201d og holografiske overlegg for maksimal synlighet.<\/p>\n<\/li>\n<li>\n<p data-path-to-node=\"12,1,0\"><b data-path-to-node=\"12,1,0\" data-index-in-node=\"0\">Materiell fortreffelighet:<\/b> YUPO syntetisk masse gir en glattere finish enn Tyvek, noe som gir skarpere trykkdetaljer og lysere farger.<\/p>\n<\/li>\n<li>\n<p data-path-to-node=\"12,2,0\"><b data-path-to-node=\"12,2,0\" data-index-in-node=\"0\">Sikkerhetssikker design:<\/b> Den sterke selvklebende lukkingen har utstansede sikkerhetsfileter som g\u00e5r i stykker hvis de fors\u00f8kes \u00e5 fjernes, slik at b\u00e5ndet ikke kan brukes om igjen.<\/p>\n<\/li>\n<li>\n<p data-path-to-node=\"12,3,0\"><b data-path-to-node=\"12,3,0\" data-index-in-node=\"0\">Klar for smart data:<\/b> Fullt kompatibel med variabel datautskrift, inkludert sekvensiell nummerering, strekkoder og QR-koder for digital integrasjon.<\/p>\n<\/li>\n<\/ul>\n<h2 data-path-to-node=\"13\">Spesifikasjoner<\/h2>\n<ul data-path-to-node=\"14\">\n<li>\n<p data-path-to-node=\"14,0,0\"><b data-path-to-node=\"14,0,0\" data-index-in-node=\"0\">Materiale:<\/b> YUPO (blandet papirmasse \/ syntetisk papir) \u2013 Vanntett og rivebestandig.<\/p>\n<\/li>\n<li>\n<p data-path-to-node=\"14,1,0\"><b data-path-to-node=\"14,1,0\" data-index-in-node=\"0\">Standardm\u00e5l:<\/b><\/p>\n<ul data-path-to-node=\"14,1,1\">\n<li>\n<p data-path-to-node=\"14,1,1,0,0\">20 mm x 250 mm<\/p>\n<\/li>\n<li>\n<p data-path-to-node=\"14,1,1,1,0\">25 mm x 250 mm<\/p>\n<\/li>\n<li>\n<p data-path-to-node=\"14,1,1,2,0\"><i data-path-to-node=\"14,1,1,2,0\" data-index-in-node=\"0\">Tilpassede st\u00f8rrelser tilgjengelig p\u00e5 foresp\u00f8rsel.<\/i><\/p>\n<\/li>\n<\/ul>\n<\/li>\n<li>\n<p data-path-to-node=\"14,2,0\"><b data-path-to-node=\"14,2,0\" data-index-in-node=\"0\">Utskriftsmetode:<\/b> CMYK offsettrykk i fullfarge + foliestempling.<\/p>\n<\/li>\n<li>\n<p data-path-to-node=\"14,3,0\"><b data-path-to-node=\"14,3,0\" data-index-in-node=\"0\">Foliealternativer:<\/b> Gull, s\u00f8lv, glassfolie, hologram.<\/p>\n<\/li>\n<li>\n<p data-path-to-node=\"14,4,0\"><b data-path-to-node=\"14,4,0\" data-index-in-node=\"0\">Opprinnelse:<\/b> S\u00f8r-Korea (ANYWRISTBAND \/ Modell TS25).<\/p>\n<\/li>\n<\/ul>\n<h2 data-path-to-node=\"15\">Brukstilfeller<\/h2>\n<ul data-path-to-node=\"16\">\n<li>\n<p data-path-to-node=\"16,0,0\"><b data-path-to-node=\"16,0,0\" data-index-in-node=\"0\">VIP-tilgangskontroll:<\/b> Perfekt for \u00e5 skille VIP-gjester p\u00e5 konserter, festivaler og nattklubber p\u00e5 grunn av den reflekterende metalliske finishen.<\/p>\n<\/li>\n<li>\n<p data-path-to-node=\"16,1,0\"><b data-path-to-node=\"16,1,0\" data-index-in-node=\"0\">Bedriftsarrangementer:<\/b> Eksklusiv merkevarebygging for gallaer og konferanser der visuell presentasjon er avgj\u00f8rende.<\/p>\n<\/li>\n<li>\n<p data-path-to-node=\"16,2,0\"><b data-path-to-node=\"16,2,0\" data-index-in-node=\"0\">Sikre steder:<\/b> Ideell for forn\u00f8yelsesparker og omr\u00e5der med begrenset tilgang som krever p\u00e5litelig identifikasjon med strekkodeintegrasjon.<\/p>\n<\/li>\n<\/ul>\n<p data-path-to-node=\"17\">","protected":false},"excerpt":{"rendered":"<ul>\n<li>\n<p data-path-to-node=\"7,0,0\"><b data-path-to-node=\"7,0,0\" data-index-in-node=\"0\">Premium visuell effekt:<\/b> Har fantastiske metalliske aksenter (gull, s\u00f8lv, glassfolie) eller holografiske effekter p\u00e5 en glatt, melkehvit YUPO-overflate.<\/p>\n<\/li>\n<li>\n<p data-path-to-node=\"7,1,0\"><b data-path-to-node=\"7,1,0\" data-index-in-node=\"0\">Overlegen holdbarhet:<\/b> Laget av rivebestandig, 100% vanntett syntetisk papir som overg\u00e5r vanlige papirb\u00e5nd.<\/p>\n<\/li>\n<li>\n<p data-path-to-node=\"7,2,0\"><b data-path-to-node=\"7,2,0\" data-index-in-node=\"0\">H\u00f8y sikkerhet:<\/b> Utstyrt med en forseglet selvklebende lukking og formulerte sikkerhetskutt for \u00e5 forhindre overf\u00f8ring.<\/p>\n<\/li>\n<li>\n<p data-path-to-node=\"7,3,0\"><b data-path-to-node=\"7,3,0\" data-index-in-node=\"0\">Full tilpasning:<\/b> St\u00f8tter fargerik CMYK-offsettrykk, strekkoder, QR-koder og variabel nummerering for tilgangskontroll.<\/p>\n<\/li>\n<\/ul>","protected":false},"featured_media":6677,"comment_status":"closed","ping_status":"closed","template":"","meta":[],"product_brand":[],"product_cat":[41],"product_tag":[],"class_list":{"0":"post-6671","1":"product","2":"type-product","3":"status-publish","4":"has-post-thumbnail","6":"product_cat-tyvek","8":"first","9":"instock","10":"shipping-taxable","11":"product-type-simple"},"_links":{"self":[{"href":"https:\/\/displayproducts.eu\/nb\/wp-json\/wp\/v2\/product\/6671","targetHints":{"allow":["GET"]}}],"collection":[{"href":"https:\/\/displayproducts.eu\/nb\/wp-json\/wp\/v2\/product"}],"about":[{"href":"https:\/\/displayproducts.eu\/nb\/wp-json\/wp\/v2\/types\/product"}],"replies":[{"embeddable":true,"href":"https:\/\/displayproducts.eu\/nb\/wp-json\/wp\/v2\/comments?post=6671"}],"wp:featuredmedia":[{"embeddable":true,"href":"https:\/\/displayproducts.eu\/nb\/wp-json\/wp\/v2\/media\/6677"}],"wp:attachment":[{"href":"https:\/\/displayproducts.eu\/nb\/wp-json\/wp\/v2\/media?parent=6671"}],"wp:term":[{"taxonomy":"product_brand","embeddable":true,"href":"https:\/\/displayproducts.eu\/nb\/wp-json\/wp\/v2\/product_brand?post=6671"},{"taxonomy":"product_cat","embeddable":true,"href":"https:\/\/displayproducts.eu\/nb\/wp-json\/wp\/v2\/product_cat?post=6671"},{"taxonomy":"product_tag","embeddable":true,"href":"https:\/\/displayproducts.eu\/nb\/wp-json\/wp\/v2\/product_tag?post=6671"}],"curies":[{"name":"wp","href":"https:\/\/api.w.org\/{rel}","templated":true}]}}