{"id":6618,"date":"2026-01-09T15:51:34","date_gmt":"2026-01-09T12:51:34","guid":{"rendered":"https:\/\/wristbandfactory.eu\/?post_type=product&#038;p=6618"},"modified":"2026-04-01T21:52:34","modified_gmt":"2026-04-01T18:52:34","slug":"custom-natural-cork-wristbands","status":"publish","type":"product","link":"https:\/\/displayproducts.eu\/nb\/p\/custom-natural-cork-wristbands\/","title":{"rendered":"Armb\u00e5nd i naturkork"},"content":{"rendered":"<p data-path-to-node=\"10\">Lag et dristig statement om b\u00e6rekraft med v\u00e5r <b data-path-to-node=\"10\" data-index-in-node=\"77\">Armb\u00e5nd i naturkork<\/b>. Dette materialet er h\u00f8stet fra barken til korkeik uten \u00e5 skade selve treet, og er en av de mest milj\u00f8vennlige ressursene som er tilgjengelige. Disse armb\u00e5ndene er det ideelle valget for milj\u00f8konferanser, naturresorter og festivaler som \u00f8nsker \u00e5 eliminere plastavfall samtidig som de tilbyr gjestene et f\u00f8rsteklasses tilbeh\u00f8r.<\/p>\n<p data-path-to-node=\"11\">I motsetning til syntetiske materialer har alle korkb\u00e5nd et unikt naturlig kornm\u00f8nster. Materialet er mykt mot huden, lett og overraskende slitesterkt \u2013 naturlig avvisende av vann og svette. For det ultimate milj\u00f8vennlige utseendet anbefaler vi <b data-path-to-node=\"11\" data-index-in-node=\"239\">Lasergravering<\/b> logoen din, som skaper en m\u00f8rk, skarp kontrast mot den gylne korkbakgrunnen uten \u00e5 bruke kjemisk blekk.<\/p>\n<h2 data-path-to-node=\"12\">Viktige funksjoner<\/h2>\n<ul data-path-to-node=\"13\">\n<li>\n<p data-path-to-node=\"13,0,0\"><b data-path-to-node=\"13,0,0\" data-index-in-node=\"0\">Fornybar ressurs:<\/b> Kork h\u00f8stes b\u00e6rekraftig; treet regenererer barken sin, noe som gj\u00f8r dette til et produkt uten skyldf\u00f8lelse.<\/p>\n<\/li>\n<li>\n<p data-path-to-node=\"13,1,0\"><b data-path-to-node=\"13,1,0\" data-index-in-node=\"0\">Premium merkevarebygging:<\/b> Velg mellom skarpt svart silketrykk eller sofistikert lasergravering for en taktil f\u00f8lelse.<\/p>\n<\/li>\n<li>\n<p data-path-to-node=\"13,2,0\"><b data-path-to-node=\"13,2,0\" data-index-in-node=\"0\">Sikker l\u00e5sing:<\/b> Tilgjengelig med en b\u00e6rekraftig <b data-path-to-node=\"13,2,0\" data-index-in-node=\"45\">Treslider<\/b> eller bambusperle for \u00e5 fullf\u00f8re den plastfrie profilen 100% (standard plastl\u00e5ser er ogs\u00e5 tilgjengelige).<\/p>\n<\/li>\n<li>\n<p data-path-to-node=\"13,3,0\"><b data-path-to-node=\"13,3,0\" data-index-in-node=\"0\">Hypoallergenisk:<\/b> Ideell for gjester med sensitiv hud, ettersom kork motst\u00e5r st\u00f8v og bakterier.<\/p>\n<\/li>\n<\/ul>\n<h2 data-path-to-node=\"14\">Spesifikasjoner<\/h2>\n<ul data-path-to-node=\"15\">\n<li>\n<p data-path-to-node=\"15,0,0\"><b data-path-to-node=\"15,0,0\" data-index-in-node=\"0\">Materiale:<\/b> Naturlig korklag (forsterket bakside)<\/p>\n<\/li>\n<li>\n<p data-path-to-node=\"15,1,0\"><b data-path-to-node=\"15,1,0\" data-index-in-node=\"0\">Merkevaremetode:<\/b> Lasergravering (anbefales) eller silketrykk<\/p>\n<\/li>\n<li>\n<p data-path-to-node=\"15,2,0\"><b data-path-to-node=\"15,2,0\" data-index-in-node=\"0\">St\u00f8rrelse:<\/b> 350 mm x 15 mm (justerbar)<\/p>\n<\/li>\n<li>\n<p data-path-to-node=\"15,3,0\"><b data-path-to-node=\"15,3,0\" data-index-in-node=\"0\">Vanntett:<\/b> Ja (naturlig vannavst\u00f8tende)<\/p>\n<\/li>\n<li>\n<p data-path-to-node=\"15,4,0\"><b data-path-to-node=\"15,4,0\" data-index-in-node=\"0\">L\u00e5sealternativer:<\/b> Treperle, bambusglider eller resirkulert plast<\/p>\n<\/li>\n<li>\n<p data-path-to-node=\"15,5,0\"><b data-path-to-node=\"15,5,0\" data-index-in-node=\"0\">Min. antall:<\/b> 100 enheter<\/p>\n<\/li>\n<\/ul>\n<h2 data-path-to-node=\"16\">Brukstilfeller<\/h2>\n<ul data-path-to-node=\"17\">\n<li>\n<p data-path-to-node=\"17,0,0\"><b data-path-to-node=\"17,0,0\" data-index-in-node=\"0\">B\u00e6rekraftskonferanser:<\/b> Den perfekte kvalifikasjonen for arrangementer med fokus p\u00e5 klima og milj\u00f8.<\/p>\n<\/li>\n<li>\n<p data-path-to-node=\"17,1,0\"><b data-path-to-node=\"17,1,0\" data-index-in-node=\"0\">\u00d8ko-resorter og glamping:<\/b> Matcher den naturlige estetikken til luksuri\u00f8se utend\u00f8rsinnkvarteringer.<\/p>\n<\/li>\n<li>\n<p data-path-to-node=\"17,2,0\"><b data-path-to-node=\"17,2,0\" data-index-in-node=\"0\">Vinfestivaler:<\/b> En tematisk forbindelse til vinkorker gj\u00f8r dette til et morsomt og relevant merkevareverkt\u00f8y.<\/p>\n<\/li>\n<li>\n<p data-path-to-node=\"17,3,0\"><b data-path-to-node=\"17,3,0\" data-index-in-node=\"0\">Veldedighetsgallaer:<\/b> Et sofistikert, diskret utseende for eksklusive innsamlingsarrangementer.<\/p>\n<\/li>\n<\/ul>","protected":false},"excerpt":{"rendered":"<ul>\n<li>\n<p data-path-to-node=\"9,0,0\"><b data-path-to-node=\"9,0,0\" data-index-in-node=\"0\">100% Naturlig estetikk:<\/b> Laget av ekte korkmateriale, som gir en unik, organisk trelignende tekstur.<\/p>\n<\/li>\n<li>\n<p data-path-to-node=\"9,1,0\"><b data-path-to-node=\"9,1,0\" data-index-in-node=\"0\">Milj\u00f8vennlig valg:<\/b> Et fornybart, biologisk nedbrytbart alternativ til plast, perfekt for \u201cgr\u00f8nne\u201d arrangementer.<\/p>\n<\/li>\n<li>\n<p data-path-to-node=\"9,2,0\"><b data-path-to-node=\"9,2,0\" data-index-in-node=\"0\">Lasergravering:<\/b> Merkevaren brennes direkte inn i korken for en permanent, eksklusiv finish (blekktrykk er ogs\u00e5 tilgjengelig).<\/p>\n<\/li>\n<li>\n<p data-path-to-node=\"9,3,0\"><b data-path-to-node=\"9,3,0\" data-index-in-node=\"0\">Naturlig holdbar:<\/b> Kork er naturlig vannavst\u00f8tende, hypoallergenisk og komfortabelt for langvarig bruk.<\/p>\n<\/li>\n<\/ul>","protected":false},"featured_media":6620,"comment_status":"closed","ping_status":"closed","template":"","meta":[],"product_brand":[],"product_cat":[133,47],"product_tag":[],"class_list":{"0":"post-6618","1":"product","2":"type-product","3":"status-publish","4":"has-post-thumbnail","6":"product_cat-eco-friendly-wristbands","7":"product_cat-fabric-wristbands","9":"first","10":"instock","11":"shipping-taxable","12":"purchasable","13":"product-type-simple"},"_links":{"self":[{"href":"https:\/\/displayproducts.eu\/nb\/wp-json\/wp\/v2\/product\/6618","targetHints":{"allow":["GET"]}}],"collection":[{"href":"https:\/\/displayproducts.eu\/nb\/wp-json\/wp\/v2\/product"}],"about":[{"href":"https:\/\/displayproducts.eu\/nb\/wp-json\/wp\/v2\/types\/product"}],"replies":[{"embeddable":true,"href":"https:\/\/displayproducts.eu\/nb\/wp-json\/wp\/v2\/comments?post=6618"}],"wp:featuredmedia":[{"embeddable":true,"href":"https:\/\/displayproducts.eu\/nb\/wp-json\/wp\/v2\/media\/6620"}],"wp:attachment":[{"href":"https:\/\/displayproducts.eu\/nb\/wp-json\/wp\/v2\/media?parent=6618"}],"wp:term":[{"taxonomy":"product_brand","embeddable":true,"href":"https:\/\/displayproducts.eu\/nb\/wp-json\/wp\/v2\/product_brand?post=6618"},{"taxonomy":"product_cat","embeddable":true,"href":"https:\/\/displayproducts.eu\/nb\/wp-json\/wp\/v2\/product_cat?post=6618"},{"taxonomy":"product_tag","embeddable":true,"href":"https:\/\/displayproducts.eu\/nb\/wp-json\/wp\/v2\/product_tag?post=6618"}],"curies":[{"name":"wp","href":"https:\/\/api.w.org\/{rel}","templated":true}]}}