{"id":6615,"date":"2026-01-09T15:29:35","date_gmt":"2026-01-09T12:29:35","guid":{"rendered":"https:\/\/wristbandfactory.eu\/?post_type=product&#038;p=6615"},"modified":"2026-04-01T21:52:34","modified_gmt":"2026-04-01T18:52:34","slug":"custom-full-color-vinyl-wristbands","status":"publish","type":"product","link":"https:\/\/displayproducts.eu\/nb\/p\/custom-full-color-vinyl-wristbands\/","title":{"rendered":"Vinylb\u00e5nd med fullfargetrykk"},"content":{"rendered":"<p data-path-to-node=\"10\">Styrk merkevaren for arrangementet ditt med v\u00e5re <b data-path-to-node=\"10\" data-index-in-node=\"62\">Vinylb\u00e5nd med fullfargetrykk<\/b>. Selv om standard armb\u00e5nd er begrenset til enkle logoer i \u00e9n farge, bruker disse premiumb\u00e5ndene avanserte <b data-path-to-node=\"10\" data-index-in-node=\"200\">CMYK digital utskriftsteknologi<\/b> for \u00e5 reprodusere fotografiske bilder, jevne fargeoverganger og sv\u00e6rt detaljert grafikk direkte p\u00e5 armb\u00e5ndets overflate.<\/p>\n<p data-path-to-node=\"11\">Designet for h\u00f8yprofilerte arrangementer, festivaler og feriesteder, <b data-path-to-node=\"11\" data-index-in-node=\"62\">Bredt ansikt (L-form)<\/b> Strukturen maksimerer det utskrivbare omr\u00e5det, noe som gj\u00f8r den til det perfekte valget for \u00e5 vise frem sponsorlogoer eller kompleks kunst. Til tross for den f\u00f8rsteklasses finishen, opprettholder disse armb\u00e5ndene de bransjeledende sikkerhetsfunksjonene du forventer, inkludert en barnesikker l\u00e5seknapp og vanntett tri-laminatkonstruksjon som t\u00e5ler bading, dusjing og langvarig slitasje.<\/p>\n<h2 data-path-to-node=\"12\">Viktige funksjoner<\/h2>\n<ul data-path-to-node=\"13\">\n<li>\n<p data-path-to-node=\"13,0,0\"><b data-path-to-node=\"13,0,0\" data-index-in-node=\"0\">Utskrift i fotokvalitet:<\/b> Gjengi ethvert design, inkludert bilder og gradienter, med skarpe detaljer i h\u00f8y oppl\u00f8sning.<\/p>\n<\/li>\n<li>\n<p data-path-to-node=\"13,1,0\"><b data-path-to-node=\"13,1,0\" data-index-in-node=\"0\">Sikker l\u00e5sing:<\/b> Den permanente plastklikken m\u00e5 \u00f8delegges for \u00e5 fjerne b\u00e5ndet, noe som sikrer absolutt sikkerhet.<\/p>\n<\/li>\n<li>\n<p data-path-to-node=\"13,2,0\"><b data-path-to-node=\"13,2,0\" data-index-in-node=\"0\">Vanntett og rivebestandig:<\/b> Ideell for bruk over flere dager i v\u00e5te milj\u00f8er som badeland og strandferiesteder.<\/p>\n<\/li>\n<li>\n<p data-path-to-node=\"13,3,0\"><b data-path-to-node=\"13,3,0\" data-index-in-node=\"0\">Klar for variable data:<\/b> Kan skrives ut med unike QR-koder, strekkoder eller serienumre for integrert adgangskontroll.<\/p>\n<\/li>\n<\/ul>\n<h2 data-path-to-node=\"14\">Spesifikasjoner<\/h2>\n<ul data-path-to-node=\"15\">\n<li>\n<p data-path-to-node=\"15,0,0\"><b data-path-to-node=\"15,0,0\" data-index-in-node=\"0\">Materiale:<\/b> 3-lags tri-laminat vinyl<\/p>\n<\/li>\n<li>\n<p data-path-to-node=\"15,1,0\"><b data-path-to-node=\"15,1,0\" data-index-in-node=\"0\">Utskriftsmetode:<\/b> CMYK digitaltrykk (fullfarge)<\/p>\n<\/li>\n<li>\n<p data-path-to-node=\"15,2,0\"><b data-path-to-node=\"15,2,0\" data-index-in-node=\"0\">Modell:<\/b> Bredt ansikt \/ L-form<\/p>\n<\/li>\n<li>\n<p data-path-to-node=\"15,3,0\"><b data-path-to-node=\"15,3,0\" data-index-in-node=\"0\">Lukking:<\/b> Engangs plasttrykkl\u00e5s<\/p>\n<\/li>\n<li>\n<p data-path-to-node=\"15,4,0\"><b data-path-to-node=\"15,4,0\" data-index-in-node=\"0\">Vanntett:<\/b> Ja (100%)<\/p>\n<\/li>\n<li>\n<p data-path-to-node=\"15,5,0\"><b data-path-to-node=\"15,5,0\" data-index-in-node=\"0\">Produksjonstid:<\/b> 5\u201310 virkedager<\/p>\n<\/li>\n<li>\n<p data-path-to-node=\"15,6,0\"><b data-path-to-node=\"15,6,0\" data-index-in-node=\"0\">Min. antall:<\/b> 100 enheter<\/p>\n<\/li>\n<\/ul>\n<h2 data-path-to-node=\"16\">Brukstilfeller<\/h2>\n<ul data-path-to-node=\"17\">\n<li>\n<p data-path-to-node=\"17,0,0\"><b data-path-to-node=\"17,0,0\" data-index-in-node=\"0\">Musikkfestivaler:<\/b> Komplekse, vanskelig \u00e5 kopiere design fungerer som sikker legitimasjon for flerdagers oppf\u00f8ring.<\/p>\n<\/li>\n<li>\n<p data-path-to-node=\"17,1,0\"><b data-path-to-node=\"17,1,0\" data-index-in-node=\"0\">VIP og bak scenen:<\/b> Premium fargeutseende skiller VIP-gjester fra vanlige gjester.<\/p>\n<\/li>\n<li>\n<p data-path-to-node=\"17,2,0\"><b data-path-to-node=\"17,2,0\" data-index-in-node=\"0\">Sponsoravtaler:<\/b> Stor overflate gir mulighet for tydelig og fargerik visning av sponsorlogoer.<\/p>\n<\/li>\n<li>\n<p data-path-to-node=\"17,3,0\"><b data-path-to-node=\"17,3,0\" data-index-in-node=\"0\">Feriesteder og hoteller:<\/b> Holdbar nok til at gjester kan identifisere seg gjennom en uke, med en eksklusiv estetikk.<\/p>\n<\/li>\n<\/ul>","protected":false},"excerpt":{"rendered":"<ul>\n<li>\n<p data-path-to-node=\"9,0,0\"><b data-path-to-node=\"9,0,0\" data-index-in-node=\"0\">Ubegrensede farger:<\/b> CMYK digitaltrykk muliggj\u00f8r bilder, gradienter og intrikate design uten fargebegrensninger.<\/p>\n<\/li>\n<li>\n<p data-path-to-node=\"9,1,0\"><b data-path-to-node=\"9,1,0\" data-index-in-node=\"0\">Maksimal merkevareplass:<\/b> \u201cWide Face\u201d-designet gir et stort lerret for sponsorlogoer og arrangementsgrafikk.<\/p>\n<\/li>\n<li>\n<p data-path-to-node=\"9,2,0\"><b data-path-to-node=\"9,2,0\" data-index-in-node=\"0\">H\u00f8y sikkerhet:<\/b> Engangs plasttrykklukking forhindrer overf\u00f8ring og gjenbruk mellom gjester.<\/p>\n<\/li>\n<li>\n<p data-path-to-node=\"9,3,0\"><b data-path-to-node=\"9,3,0\" data-index-in-node=\"0\">Premium holdbarhet:<\/b> 3-lags vinylkonstruksjon sikrer at armb\u00e5ndet holder seg intakt og livlig i over 7 dager.<\/p>\n<\/li>\n<\/ul>","protected":false},"featured_media":6616,"comment_status":"closed","ping_status":"closed","template":"","meta":[],"product_brand":[],"product_cat":[51],"product_tag":[],"class_list":{"0":"post-6615","1":"product","2":"type-product","3":"status-publish","4":"has-post-thumbnail","6":"product_cat-vinyl","8":"first","9":"instock","10":"shipping-taxable","11":"purchasable","12":"product-type-simple"},"_links":{"self":[{"href":"https:\/\/displayproducts.eu\/nb\/wp-json\/wp\/v2\/product\/6615","targetHints":{"allow":["GET"]}}],"collection":[{"href":"https:\/\/displayproducts.eu\/nb\/wp-json\/wp\/v2\/product"}],"about":[{"href":"https:\/\/displayproducts.eu\/nb\/wp-json\/wp\/v2\/types\/product"}],"replies":[{"embeddable":true,"href":"https:\/\/displayproducts.eu\/nb\/wp-json\/wp\/v2\/comments?post=6615"}],"wp:featuredmedia":[{"embeddable":true,"href":"https:\/\/displayproducts.eu\/nb\/wp-json\/wp\/v2\/media\/6616"}],"wp:attachment":[{"href":"https:\/\/displayproducts.eu\/nb\/wp-json\/wp\/v2\/media?parent=6615"}],"wp:term":[{"taxonomy":"product_brand","embeddable":true,"href":"https:\/\/displayproducts.eu\/nb\/wp-json\/wp\/v2\/product_brand?post=6615"},{"taxonomy":"product_cat","embeddable":true,"href":"https:\/\/displayproducts.eu\/nb\/wp-json\/wp\/v2\/product_cat?post=6615"},{"taxonomy":"product_tag","embeddable":true,"href":"https:\/\/displayproducts.eu\/nb\/wp-json\/wp\/v2\/product_tag?post=6615"}],"curies":[{"name":"wp","href":"https:\/\/api.w.org\/{rel}","templated":true}]}}