{"id":6609,"date":"2026-01-06T13:25:58","date_gmt":"2026-01-06T10:25:58","guid":{"rendered":"https:\/\/wristbandfactory.eu\/?post_type=product&#038;p=6609"},"modified":"2026-04-01T21:52:03","modified_gmt":"2026-04-01T18:52:03","slug":"custom-full-color-microfiber-suede-towels","status":"publish","type":"product","link":"https:\/\/displayproducts.eu\/nb\/p\/custom-full-color-microfiber-suede-towels\/","title":{"rendered":"Mikrofiberh\u00e5ndkl\u00e6r med trykk"},"content":{"rendered":"<p data-path-to-node=\"9\">\u00d8k merkevarens tilstedev\u00e6relse p\u00e5 treningsstudioet, stranden eller sportsarrangementer med v\u00e5re f\u00f8rsteklasses spesialtilpassede mikrofiberh\u00e5ndkl\u00e6r i semsket skinn. I motsetning til tradisjonelle h\u00e5ndkl\u00e6r gir mikrofiberen med semsket skinnfinish en glatt, l\u00f8kkefri overflate som gir utrolig skarp og livlig fargetrykk, noe som gj\u00f8r at logoen eller kunstverket ditt skiller seg ut med fotografisk klarhet.<\/p>\n<h2 data-path-to-node=\"10\">Viktige funksjoner<\/h2>\n<ul data-path-to-node=\"11\">\n<li>\n<p data-path-to-node=\"11,0,0\"><b data-path-to-node=\"11,0,0\" data-index-in-node=\"0\">Levende sublimering:<\/b> Vi bruker avansert varmeoverf\u00f8ringstrykk for \u00e5 sikre at fargene dine holder seg klare selv etter flere vask.<\/p>\n<\/li>\n<li>\n<p data-path-to-node=\"11,1,0\"><b data-path-to-node=\"11,1,0\" data-index-in-node=\"0\">Semsket finish:<\/b> Den myke, b\u00f8rstede teksturen f\u00f8les luksuri\u00f8s mot huden, samtidig som den forblir sv\u00e6rt funksjonell og sandbestandig.<\/p>\n<\/li>\n<li>\n<p data-path-to-node=\"11,2,0\"><b data-path-to-node=\"11,2,0\" data-index-in-node=\"0\">Milj\u00f8vennlig blekk:<\/b> Trykkprosessen v\u00e5r bruker trygge og holdbare blekk som er egnet for daglig bruk.<\/p>\n<\/li>\n<li>\n<p data-path-to-node=\"11,3,0\"><b data-path-to-node=\"11,3,0\" data-index-in-node=\"0\">Allsidig st\u00f8rrelse:<\/b> Velg mellom h\u00e5ndkl\u00e6r (50x70 cm) til store strandh\u00e5ndkl\u00e6r (80x160 cm).<\/p>\n<\/li>\n<\/ul>\n<h2 data-path-to-node=\"12\">Spesifikasjoner<\/h2>\n<ul data-path-to-node=\"13\">\n<li>\n<p data-path-to-node=\"13,0,0\"><b data-path-to-node=\"13,0,0\" data-index-in-node=\"0\">Materiale:<\/b> 100% mikrofiber semsket skinn (polyester\/polyamidblanding).<\/p>\n<\/li>\n<li>\n<p data-path-to-node=\"13,1,0\"><b data-path-to-node=\"13,1,0\" data-index-in-node=\"0\">Standardst\u00f8rrelser:<\/b> 50x70 cm, 50x100 cm, 70x140 cm, 80x160 cm.<\/p>\n<\/li>\n<li>\n<p data-path-to-node=\"13,2,0\"><b data-path-to-node=\"13,2,0\" data-index-in-node=\"0\">Tilpasning:<\/b> Digitaltrykk i hele overflaten (ensidig eller tosidig).<\/p>\n<\/li>\n<li>\n<p data-path-to-node=\"13,3,0\"><b data-path-to-node=\"13,3,0\" data-index-in-node=\"0\">Skreddersydde alternativer:<\/b> Tilpassede st\u00f8rrelser og former tilgjengelig p\u00e5 foresp\u00f8rsel.<\/p>\n<\/li>\n<li>\n<p data-path-to-node=\"13,4,0\"><b data-path-to-node=\"13,4,0\" data-index-in-node=\"0\">Vekt:<\/b> Lett og sammenleggbar for uten trykk transport.<\/p>\n<\/li>\n<\/ul>\n<h2 data-path-to-node=\"14\">Brukstilfeller<\/h2>\n<ul data-path-to-node=\"15\">\n<li>\n<p data-path-to-node=\"15,0,0\"><b data-path-to-node=\"15,0,0\" data-index-in-node=\"0\">Bedriftsidentitet:<\/b> Eksklusive gaver til ansatte og partnere.<\/p>\n<\/li>\n<li>\n<p data-path-to-node=\"15,1,0\"><b data-path-to-node=\"15,1,0\" data-index-in-node=\"0\">Sport og trening:<\/b> Merkeutstyr for CrossFit-bokser, sv\u00f8mmeklubber og yogastudioer.<\/p>\n<\/li>\n<li>\n<p data-path-to-node=\"15,2,0\"><b data-path-to-node=\"15,2,0\" data-index-in-node=\"0\">Eventmarkedsf\u00f8ring:<\/b> Minneverdige suvenirer til festivaler og utend\u00f8rskonkurranser.<\/p>\n<\/li>\n<li>\n<p data-path-to-node=\"15,3,0\"><b data-path-to-node=\"15,3,0\" data-index-in-node=\"0\">Turisme og gjestfrihet:<\/b> Tilpassede strandh\u00e5ndkl\u00e6r til hoteller, spa og feriesteder.<\/p>\n<\/li>\n<\/ul>\n<p data-path-to-node=\"16\">","protected":false},"excerpt":{"rendered":"<p data-path-to-node=\"7\">V\u00e5re spesialtilpassede mikrofiberh\u00e5ndkl\u00e6r i semsket skinn tilbyr en f\u00f8rsteklasses, myk overflate for h\u00f8yoppl\u00f8selig fullfargede merkevarer. Perfekt for sportsklubber, firmagaver og arrangementer.<\/p>\n<ul data-path-to-node=\"8\">\n<li>\n<p data-path-to-node=\"8,0,0\"><b data-path-to-node=\"8,0,0\" data-index-in-node=\"0\">Merkevarebygging i fotokvalitet:<\/b> Kant-til-kant fullfarge sublimeringstrykk.<\/p>\n<\/li>\n<li>\n<p data-path-to-node=\"8,1,0\"><b data-path-to-node=\"8,1,0\" data-index-in-node=\"0\">Rapid-Drying-teknologi:<\/b> H\u00f8ypresterende mikrofiber semsket skinnmateriale som t\u00f8rker betydelig raskere enn bomull.<\/p>\n<\/li>\n<li>\n<p data-path-to-node=\"8,2,0\"><b data-path-to-node=\"8,2,0\" data-index-in-node=\"0\">Fullt tilpassbar:<\/b> Tilgjengelig i fire standardst\u00f8rrelser eller skreddersydde dimensjoner som passer til merkevarens behov.<\/p>\n<\/li>\n<li>\n<p data-path-to-node=\"8,3,0\"><b data-path-to-node=\"8,3,0\" data-index-in-node=\"0\">Kompakt og lett:<\/b> Ideell for reiser, treningsstudio eller reklamegaver.<\/p>\n<\/li>\n<\/ul>","protected":false},"featured_media":6610,"comment_status":"closed","ping_status":"closed","template":"","meta":[],"product_brand":[],"product_cat":[129,118],"product_tag":[],"class_list":{"0":"post-6609","1":"product","2":"type-product","3":"status-publish","4":"has-post-thumbnail","6":"product_cat-leisure-lifestyle","7":"product_cat-sports-fitness","9":"first","10":"instock","11":"shipping-taxable","12":"purchasable","13":"product-type-simple"},"_links":{"self":[{"href":"https:\/\/displayproducts.eu\/nb\/wp-json\/wp\/v2\/product\/6609","targetHints":{"allow":["GET"]}}],"collection":[{"href":"https:\/\/displayproducts.eu\/nb\/wp-json\/wp\/v2\/product"}],"about":[{"href":"https:\/\/displayproducts.eu\/nb\/wp-json\/wp\/v2\/types\/product"}],"replies":[{"embeddable":true,"href":"https:\/\/displayproducts.eu\/nb\/wp-json\/wp\/v2\/comments?post=6609"}],"wp:featuredmedia":[{"embeddable":true,"href":"https:\/\/displayproducts.eu\/nb\/wp-json\/wp\/v2\/media\/6610"}],"wp:attachment":[{"href":"https:\/\/displayproducts.eu\/nb\/wp-json\/wp\/v2\/media?parent=6609"}],"wp:term":[{"taxonomy":"product_brand","embeddable":true,"href":"https:\/\/displayproducts.eu\/nb\/wp-json\/wp\/v2\/product_brand?post=6609"},{"taxonomy":"product_cat","embeddable":true,"href":"https:\/\/displayproducts.eu\/nb\/wp-json\/wp\/v2\/product_cat?post=6609"},{"taxonomy":"product_tag","embeddable":true,"href":"https:\/\/displayproducts.eu\/nb\/wp-json\/wp\/v2\/product_tag?post=6609"}],"curies":[{"name":"wp","href":"https:\/\/api.w.org\/{rel}","templated":true}]}}