{"id":6604,"date":"2026-01-06T01:05:42","date_gmt":"2026-01-05T22:05:42","guid":{"rendered":"https:\/\/wristbandfactory.eu\/?post_type=product&#038;p=6604"},"modified":"2026-04-01T21:52:03","modified_gmt":"2026-04-01T18:52:03","slug":"custom-rpet-sublimation-yoyo-keyring","status":"publish","type":"product","link":"https:\/\/displayproducts.eu\/nb\/p\/custom-rpet-sublimation-yoyo-keyring\/","title":{"rendered":"Jojo-n\u00f8kkelring med logo RPET"},"content":{"rendered":"<p data-path-to-node=\"10\">Subiner YoYo RPET spesialtilpasset n\u00f8kkelring er det ultimate multifunksjonelle tilbeh\u00f8ret for moderne bedrifter. Denne uttrekkbare n\u00f8kkelringen er designet for ansatte som trenger rask tilgang til ID-kort, n\u00f8kkelb\u00e5nd eller sikkerhetsbrikker, og tilbyr en s\u00f8ml\u00f8s brukeropplevelse samtidig som den fremhever merkevaren din i fullfarge.<\/p>\n<h2 data-path-to-node=\"11\">Viktige funksjoner<\/h2>\n<p data-path-to-node=\"12\">Hvert element p\u00e5 Subiner YoYo er konstruert for holdbarhet og synlighet. Den resirkulerte polyesterremmen gir en myk, men sterk base for sublimeringstrykk i h\u00f8y oppl\u00f8sning. I motsetning til standard silketrykk trenger sublimering inn i fibrene, noe som sikrer at logoen din ikke falmer, sprekker eller flasses av selv ved tung daglig bruk. Den integrerte teleskopmekanismen er testet for lang levetid, noe som gir et jevnt trekk hver gang.<\/p>\n<h2 data-path-to-node=\"13\">Spesifikasjoner<\/h2>\n<ul data-path-to-node=\"14\">\n<li>\n<p data-path-to-node=\"14,0,0\"><b data-path-to-node=\"14,0,0\" data-index-in-node=\"0\">Materiale:<\/b> Resirkulert RPET-polyester (stropp og etikett), aluminium (karabinkrok), metall (n\u00f8kkelring).<\/p>\n<\/li>\n<li>\n<p data-path-to-node=\"14,1,0\"><b data-path-to-node=\"14,1,0\" data-index-in-node=\"0\">Printing:<\/b> Tosidig sublimering i fullfarge.<\/p>\n<\/li>\n<li>\n<p data-path-to-node=\"14,2,0\"><b data-path-to-node=\"14,2,0\" data-index-in-node=\"0\">Vedlegg:<\/b> Teleskopisk navneskiltholder, karabinkrok og delt ring.<\/p>\n<\/li>\n<li>\n<p data-path-to-node=\"14,3,0\"><b data-path-to-node=\"14,3,0\" data-index-in-node=\"0\">B\u00e6rekraft:<\/b> Inkluderer en intern RPET-etikett for \u00e5 bekrefte milj\u00f8vennlig materialbruk.<\/p>\n<\/li>\n<li>\n<p data-path-to-node=\"14,4,0\"><b data-path-to-node=\"14,4,0\" data-index-in-node=\"0\">Minimum bestillingsmengde:<\/b> 100 stykker.<\/p>\n<\/li>\n<\/ul>\n<h2 data-path-to-node=\"15\">Brukstilfeller<\/h2>\n<p data-path-to-node=\"16\">Disse YoYo-n\u00f8kkelringene er ideelle for bedriftsmilj\u00f8er der ID-kort skannes ofte. De fungerer som utmerkede reklamegaver p\u00e5 messer, sikre fester for arrangementspersonale eller som en del av et b\u00e6rekraftig velkomstsett for nye ansatte. Karabinkroken gj\u00f8r det uten trykkt \u00e5 feste den til beltel\u00f8kker, ryggsekker eller armbind, noe som gj\u00f8r den til en favoritt for aktive profesjonelle milj\u00f8er.<\/p>","protected":false},"excerpt":{"rendered":"<p data-path-to-node=\"8\">Denne milj\u00f8bevisste teleskopn\u00f8kkelringen kombinerer funksjonalitet med livlig merkevarebygging. Laget av resirkulert PET, har den en uttrekkbar snor og en sikker karabinkrok for daglig profesjonell bruk.<\/p>\n<ul data-path-to-node=\"9\">\n<li>\n<p data-path-to-node=\"9,0,0\"><b data-path-to-node=\"9,0,0\" data-index-in-node=\"0\">Milj\u00f8vennlig merkevarebygging:<\/b> Laget av resirkulert RPET-polyester av h\u00f8y kvalitet for \u00e5 st\u00f8tte bedriftens b\u00e6rekraftsm\u00e5l.<\/p>\n<\/li>\n<li>\n<p data-path-to-node=\"9,1,0\"><b data-path-to-node=\"9,1,0\" data-index-in-node=\"0\">Tilpasning i fullfarge:<\/b> Dobbeltsidig sublimeringsutskrift muliggj\u00f8r komplekse fotografiske design fra kant til kant.<\/p>\n<\/li>\n<li>\n<p data-path-to-node=\"9,2,0\"><b data-path-to-node=\"9,2,0\" data-index-in-node=\"0\">Allsidig 3-i-1-design:<\/b> Har en teleskopisk navnetrekker, en solid aluminiumskarabinkrok og en metalln\u00f8kkelring.<\/p>\n<\/li>\n<li>\n<p data-path-to-node=\"9,3,0\"><b data-path-to-node=\"9,3,0\" data-index-in-node=\"0\">Lave B2B-minimumskrav:<\/b> Profesjonell spesialproduksjon fra kun 100 stk.<\/p>\n<\/li>\n<\/ul>","protected":false},"featured_media":6606,"comment_status":"closed","ping_status":"closed","template":"","meta":[],"product_brand":[],"product_cat":[105,94],"product_tag":[],"class_list":{"0":"post-6604","1":"product","2":"type-product","3":"status-publish","4":"has-post-thumbnail","6":"product_cat-badge-holder-lanyards","7":"product_cat-keychains","9":"first","10":"instock","11":"shipping-taxable","12":"purchasable","13":"product-type-simple"},"_links":{"self":[{"href":"https:\/\/displayproducts.eu\/nb\/wp-json\/wp\/v2\/product\/6604","targetHints":{"allow":["GET"]}}],"collection":[{"href":"https:\/\/displayproducts.eu\/nb\/wp-json\/wp\/v2\/product"}],"about":[{"href":"https:\/\/displayproducts.eu\/nb\/wp-json\/wp\/v2\/types\/product"}],"replies":[{"embeddable":true,"href":"https:\/\/displayproducts.eu\/nb\/wp-json\/wp\/v2\/comments?post=6604"}],"wp:featuredmedia":[{"embeddable":true,"href":"https:\/\/displayproducts.eu\/nb\/wp-json\/wp\/v2\/media\/6606"}],"wp:attachment":[{"href":"https:\/\/displayproducts.eu\/nb\/wp-json\/wp\/v2\/media?parent=6604"}],"wp:term":[{"taxonomy":"product_brand","embeddable":true,"href":"https:\/\/displayproducts.eu\/nb\/wp-json\/wp\/v2\/product_brand?post=6604"},{"taxonomy":"product_cat","embeddable":true,"href":"https:\/\/displayproducts.eu\/nb\/wp-json\/wp\/v2\/product_cat?post=6604"},{"taxonomy":"product_tag","embeddable":true,"href":"https:\/\/displayproducts.eu\/nb\/wp-json\/wp\/v2\/product_tag?post=6604"}],"curies":[{"name":"wp","href":"https:\/\/api.w.org\/{rel}","templated":true}]}}