{"id":6599,"date":"2026-01-06T00:43:04","date_gmt":"2026-01-05T21:43:04","guid":{"rendered":"https:\/\/wristbandfactory.eu\/?post_type=product&#038;p=6599"},"modified":"2026-04-01T21:52:34","modified_gmt":"2026-04-01T18:52:34","slug":"premium-fabric-wristbands-with-gold-thread","status":"publish","type":"product","link":"https:\/\/displayproducts.eu\/nb\/p\/premium-fabric-wristbands-with-gold-thread\/","title":{"rendered":"Stoffb\u00e5nd med gulltr\u00e5d"},"content":{"rendered":"<p data-path-to-node=\"8\">V\u00e5re Premium Gold Thread Fabric-armb\u00e5nd er det ypperste innen arrangementsidentifikasjon. Ved \u00e5 blande tradisjonelle polyesterfibre av h\u00f8y kvalitet med metallisk lurextr\u00e5d, lager vi et armb\u00e5nd som ikke bare identifiserer en gjest \u2013 det forbedrer hele arrangementsopplevelsen. Disse armb\u00e5ndene er designet for arrang\u00f8rer som nekter \u00e5 g\u00e5 p\u00e5 akkord med sikkerhet eller stil.<\/p>\n<h2 data-path-to-node=\"9\">Viktige funksjoner<\/h2>\n<ul data-path-to-node=\"10\">\n<li>\n<p data-path-to-node=\"10,0,0\"><b data-path-to-node=\"10,0,0\" data-index-in-node=\"0\">Metallisk Lurex-veving:<\/b> Autentisk gullfarget tr\u00e5d vevd direkte inn i stoffet for en permanent, glitrende finish.<\/p>\n<\/li>\n<li>\n<p data-path-to-node=\"10,1,0\"><b data-path-to-node=\"10,1,0\" data-index-in-node=\"0\">Sikkerhetssikre lukninger:<\/b> Velg mellom enveis plastslipper, metallringer eller milj\u00f8vennlige bambusl\u00e5ser.<\/p>\n<\/li>\n<li>\n<p data-path-to-node=\"10,2,0\"><b data-path-to-node=\"10,2,0\" data-index-in-node=\"0\">Komfort-passformet design:<\/b> Myke kanter s\u00f8rger for at armb\u00e5ndet forblir komfortabelt selv under langvarige arrangementer over flere dager.<\/p>\n<\/li>\n<li>\n<p data-path-to-node=\"10,3,0\"><b data-path-to-node=\"10,3,0\" data-index-in-node=\"0\">Vann- og rivebestandig:<\/b> Bygget for \u00e5 t\u00e5le regn, svette og hard aktivitet uten \u00e5 miste farge eller strukturell integritet.<\/p>\n<\/li>\n<\/ul>\n<h2 data-path-to-node=\"11\">Spesifikasjoner<\/h2>\n<ul data-path-to-node=\"12\">\n<li>\n<p data-path-to-node=\"12,0,0\"><b data-path-to-node=\"12,0,0\" data-index-in-node=\"0\">Materiale:<\/b> H\u00f8ykvalitets polyester + metallisk gulllurex.<\/p>\n<\/li>\n<li>\n<p data-path-to-node=\"12,1,0\"><b data-path-to-node=\"12,1,0\" data-index-in-node=\"0\">Dimensjoner:<\/b> Standard 15 mm x 350 mm (Tilpassede bredder tilgjengelig p\u00e5 foresp\u00f8rsel).<\/p>\n<\/li>\n<li>\n<p data-path-to-node=\"12,2,0\"><b data-path-to-node=\"12,2,0\" data-index-in-node=\"0\">Printing:<\/b> Opptil 8 vevde farger inkludert metallisk base.<\/p>\n<\/li>\n<li>\n<p data-path-to-node=\"12,3,0\"><b data-path-to-node=\"12,3,0\" data-index-in-node=\"0\">L\u00e5sealternativer:<\/b> Engangs skyvel\u00e5s (plast\/metall) eller gjenbrukbar perle.<\/p>\n<\/li>\n<li>\n<p data-path-to-node=\"12,4,0\"><b data-path-to-node=\"12,4,0\" data-index-in-node=\"0\">Minimum bestillingsmengde:<\/b> 100 enheter.<\/p>\n<\/li>\n<\/ul>\n<h2 data-path-to-node=\"13\">Brukstilfeller<\/h2>\n<ul data-path-to-node=\"14\">\n<li>\n<p data-path-to-node=\"14,0,0\"><b data-path-to-node=\"14,0,0\" data-index-in-node=\"0\">Musikkfestivaler:<\/b> Identifisere VIP-, backstage- eller artistomr\u00e5der med en synlig premiummark\u00f8r.<\/p>\n<\/li>\n<li>\n<p data-path-to-node=\"14,1,0\"><b data-path-to-node=\"14,1,0\" data-index-in-node=\"0\">Bedriftsgallaer:<\/b> Et sofistikert alternativ til vanlige armb\u00e5nd i plast eller papir for selskaper med ekteskapsseremoni.<\/p>\n<\/li>\n<li>\n<p data-path-to-node=\"14,2,0\"><b data-path-to-node=\"14,2,0\" data-index-in-node=\"0\">Luksushoteller og feriesteder:<\/b> \u00c5 skille gjester p\u00e5 \u201call-inclusive\u201d eller \u201cclub level\u201d med stil.<\/p>\n<\/li>\n<li>\n<p data-path-to-node=\"14,3,0\"><b data-path-to-node=\"14,3,0\" data-index-in-node=\"0\">Minnebegivenheter:<\/b> Jubileumsfeiringer der armb\u00e5ndet fungerer som et verdifullt minne.<\/p>\n<\/li>\n<\/ul>\n<p data-path-to-node=\"15\">","protected":false},"excerpt":{"rendered":"<ul>\n<li>\n<p data-path-to-node=\"7,0,0\"><b data-path-to-node=\"7,0,0\" data-index-in-node=\"0\">Premium VIP-estetikk:<\/b> Vevd metallisk gulltr\u00e5d gir et eksklusivt og eksklusivt utseende som skiller VIP-gjester fra hverandre.<\/p>\n<\/li>\n<li>\n<p data-path-to-node=\"7,1,0\"><b data-path-to-node=\"7,1,0\" data-index-in-node=\"0\">Ultimat sikkerhet:<\/b> Har en ikke-overf\u00f8rbar l\u00e5semekanisme for \u00e5 forhindre uautorisert deling og tilgang.<\/p>\n<\/li>\n<li>\n<p data-path-to-node=\"7,2,0\"><b data-path-to-node=\"7,2,0\" data-index-in-node=\"0\">Langvarig merkevarebygging:<\/b> Laget av h\u00f8ykvalitets polyester som t\u00e5ler festivaler over flere dager og fungerer som suvenir.<\/p>\n<\/li>\n<li>\n<p data-path-to-node=\"7,3,0\"><b data-path-to-node=\"7,3,0\" data-index-in-node=\"0\">Fullstendig tilpasning:<\/b> Fullfargeveving gj\u00f8r det mulig \u00e5 integrere intrikate logoer med de glitrende gullaksentene.<\/p>\n<\/li>\n<\/ul>","protected":false},"featured_media":6603,"comment_status":"closed","ping_status":"closed","template":"","meta":[],"product_brand":[],"product_cat":[47],"product_tag":[],"class_list":{"0":"post-6599","1":"product","2":"type-product","3":"status-publish","4":"has-post-thumbnail","6":"product_cat-fabric-wristbands","8":"first","9":"instock","10":"shipping-taxable","11":"purchasable","12":"product-type-simple"},"_links":{"self":[{"href":"https:\/\/displayproducts.eu\/nb\/wp-json\/wp\/v2\/product\/6599","targetHints":{"allow":["GET"]}}],"collection":[{"href":"https:\/\/displayproducts.eu\/nb\/wp-json\/wp\/v2\/product"}],"about":[{"href":"https:\/\/displayproducts.eu\/nb\/wp-json\/wp\/v2\/types\/product"}],"replies":[{"embeddable":true,"href":"https:\/\/displayproducts.eu\/nb\/wp-json\/wp\/v2\/comments?post=6599"}],"wp:featuredmedia":[{"embeddable":true,"href":"https:\/\/displayproducts.eu\/nb\/wp-json\/wp\/v2\/media\/6603"}],"wp:attachment":[{"href":"https:\/\/displayproducts.eu\/nb\/wp-json\/wp\/v2\/media?parent=6599"}],"wp:term":[{"taxonomy":"product_brand","embeddable":true,"href":"https:\/\/displayproducts.eu\/nb\/wp-json\/wp\/v2\/product_brand?post=6599"},{"taxonomy":"product_cat","embeddable":true,"href":"https:\/\/displayproducts.eu\/nb\/wp-json\/wp\/v2\/product_cat?post=6599"},{"taxonomy":"product_tag","embeddable":true,"href":"https:\/\/displayproducts.eu\/nb\/wp-json\/wp\/v2\/product_tag?post=6599"}],"curies":[{"name":"wp","href":"https:\/\/api.w.org\/{rel}","templated":true}]}}