{"id":6514,"date":"2026-01-03T00:15:17","date_gmt":"2026-01-02T21:15:17","guid":{"rendered":"https:\/\/wristbandfactory.eu\/?post_type=product&#038;p=6514"},"modified":"2026-04-01T21:52:34","modified_gmt":"2026-04-01T18:52:34","slug":"event-watch-led-wristband-with-custom-logo","status":"publish","type":"product","link":"https:\/\/displayproducts.eu\/nb\/p\/event-watch-led-wristband-with-custom-logo\/","title":{"rendered":"LED-b\u00e5nd i klokkestil med logo"},"content":{"rendered":"<p data-path-to-node=\"10\">L\u00f8ft bedriftens merkevarebygging med LED-armb\u00e5ndet \u201cEvent Watch\u201d. Denne modellen er designet med et fremtredende hus som etterligner en moderne klokke, og er spesielt konstruert for maksimal synlighet av merkevaren. Den flate, overdimensjonerte overflaten p\u00e5 LED-modulen sikrer at selv detaljerte logoer gjengis tydelig og forblir i sentrum for oppmerksomheten i hele lokalet. Denne 30 g b\u00e6rbare enheten er konstruert av slitesterk ABS og medisinsk silikon, og gir en solid og f\u00f8rsteklasses f\u00f8lelse som gjestene vil sette pris p\u00e5 som en h\u00f8yteknologisk suvenir.<\/p>\n<h2 data-path-to-node=\"11\">Viktige funksjoner<\/h2>\n<ul data-path-to-node=\"12\">\n<li>\n<p data-path-to-node=\"12,0,0\"><b data-path-to-node=\"12,0,0\" data-index-in-node=\"0\">Premium klokke-estetikk:<\/b> Det kjente klokkedesignet gj\u00f8r den til det mest profesjonelle valget for eksklusive gallafester og bedriftskonferanser.<\/p>\n<\/li>\n<li>\n<p data-path-to-node=\"12,1,0\"><b data-path-to-node=\"12,1,0\" data-index-in-node=\"0\">Profesjonell RF-integrasjon:<\/b> Synkroniserer s\u00f8ml\u00f8st med lysbordet ditt for \u00e5 pulsere og blinke i perfekt harmoni med arrangementets sceneprogrammering.<\/p>\n<\/li>\n<li>\n<p data-path-to-node=\"12,2,0\"><b data-path-to-node=\"12,2,0\" data-index-in-node=\"0\">Holdbar og gjenbrukbar:<\/b> Materialene av h\u00f8y kvalitet og det utskiftbare batterisystemet gj\u00f8r disse remmene egnet for bruk over flere dager eller sammenhengende turer.<\/p>\n<\/li>\n<li>\n<p data-path-to-node=\"12,3,0\"><b data-path-to-node=\"12,3,0\" data-index-in-node=\"0\">H\u00f8yintensitets-LED-er:<\/b> Har kraftig lysutbytte som kan vise 15 forskjellige farger som passer perfekt til merkets spesifikke palett.<\/p>\n<\/li>\n<\/ul>\n<h2 data-path-to-node=\"13\">Spesifikasjoner<\/h2>\n<ul data-path-to-node=\"14\">\n<li>\n<p data-path-to-node=\"14,0,0\"><b data-path-to-node=\"14,0,0\" data-index-in-node=\"0\">Materiale:<\/b> Forsterket ABS-hus og f\u00f8rsteklasses silikonrem<\/p>\n<\/li>\n<li>\n<p data-path-to-node=\"14,1,0\"><b data-path-to-node=\"14,1,0\" data-index-in-node=\"0\">Vekt:<\/b> 30 g<\/p>\n<\/li>\n<li>\n<p data-path-to-node=\"14,2,0\"><b data-path-to-node=\"14,2,0\" data-index-in-node=\"0\">Enhetsst\u00f8rrelse:<\/b> 6,7 x 7,5 cm<\/p>\n<\/li>\n<li>\n<p data-path-to-node=\"14,3,0\"><b data-path-to-node=\"14,3,0\" data-index-in-node=\"0\">Kommunikasjon:<\/b> RF 433MHz \/ Fjernkontroll \/ DMX512<\/p>\n<\/li>\n<li>\n<p data-path-to-node=\"14,4,0\"><b data-path-to-node=\"14,4,0\" data-index-in-node=\"0\">Batteri:<\/b> 2x CR2032 (utskiftbar)<\/p>\n<\/li>\n<li>\n<p data-path-to-node=\"14,5,0\"><b data-path-to-node=\"14,5,0\" data-index-in-node=\"0\">Arbeidstid:<\/b> Opptil 12 timer<\/p>\n<\/li>\n<li>\n<p data-path-to-node=\"14,6,0\"><b data-path-to-node=\"14,6,0\" data-index-in-node=\"0\">LED-farger:<\/b> 15 flerfargemoduser<\/p>\n<\/li>\n<\/ul>\n<h2 data-path-to-node=\"15\">Brukstilfeller<\/h2>\n<ul data-path-to-node=\"16\">\n<li>\n<p data-path-to-node=\"16,0,0\"><b data-path-to-node=\"16,0,0\" data-index-in-node=\"0\">Bedriftsgallaarrangementer:<\/b> En profesjonell b\u00e6rbar enhet som fungerer b\u00e5de som et interaktivt tilbeh\u00f8r og en verdifull gave.<\/p>\n<\/li>\n<li>\n<p data-path-to-node=\"16,1,0\"><b data-path-to-node=\"16,1,0\" data-index-in-node=\"0\">Storskala konferanser:<\/b> \u00c5 gj\u00f8re hele publikum om til et synkronisert lerret av lys under hovedtaler og avsl\u00f8ringer.<\/p>\n<\/li>\n<li>\n<p data-path-to-node=\"16,2,0\"><b data-path-to-node=\"16,2,0\" data-index-in-node=\"0\">VIP-sponsor-merkevarebygging:<\/b> Bruk av den overdimensjonerte fronten til \u00e5 vise frem hovedarrangementets sponsorer under eksklusive kveldssamlinger.<\/p>\n<\/li>\n<li>\n<p data-path-to-node=\"16,3,0\"><b data-path-to-node=\"16,3,0\" data-index-in-node=\"0\">Produktlanseringer:<\/b> Fremhever merkeidentiteter for tusenvis av deltakere samtidig via sentral lysstyring.<\/p>\n<\/li>\n<\/ul>\n<p data-path-to-node=\"17\">","protected":false},"excerpt":{"rendered":"<ul>\n<li>\n<p data-path-to-node=\"9,0,0\"><b data-path-to-node=\"9,0,0\" data-index-in-node=\"0\">Moderne klokkedesign:<\/b> Har et fremtredende rektangul\u00e6rt hus p\u00e5 en komfortabel silikonrem, som etterligner utseendet til en profesjonell smartklokke.<\/p>\n<\/li>\n<li>\n<p data-path-to-node=\"9,1,0\"><b data-path-to-node=\"9,1,0\" data-index-in-node=\"0\">Maksimal merkevareoverflate:<\/b> Den overdimensjonerte, flate \u201curskiven\u201d gir det st\u00f8rste trykkomr\u00e5det i katalogen v\u00e5r for slagkraftige, tilpassede logoer.<\/p>\n<\/li>\n<li>\n<p data-path-to-node=\"9,2,0\"><b data-path-to-node=\"9,2,0\" data-index-in-node=\"0\">Langvarig kraft:<\/b> Utstyrt med 2x CR2032 utskiftbare batterier, som gir et p\u00e5litelig 12-timers lysshow for lengre arrangementer.<\/p>\n<\/li>\n<li>\n<p data-path-to-node=\"9,3,0\"><b data-path-to-node=\"9,3,0\" data-index-in-node=\"0\">Full synkronisert kontroll:<\/b> Reagerer umiddelbart p\u00e5 sentrale RF- og DMX512-kontrollere for \u00e5 h\u00e5ndtere 15 livlige LED-farger samtidig.<\/p>\n<\/li>\n<\/ul>","protected":false},"featured_media":6515,"comment_status":"closed","ping_status":"closed","template":"","meta":[],"product_brand":[],"product_cat":[80],"product_tag":[],"class_list":{"0":"post-6514","1":"product","2":"type-product","3":"status-publish","4":"has-post-thumbnail","6":"product_cat-led-wristbands","8":"first","9":"instock","10":"shipping-taxable","11":"purchasable","12":"product-type-simple"},"_links":{"self":[{"href":"https:\/\/displayproducts.eu\/nb\/wp-json\/wp\/v2\/product\/6514","targetHints":{"allow":["GET"]}}],"collection":[{"href":"https:\/\/displayproducts.eu\/nb\/wp-json\/wp\/v2\/product"}],"about":[{"href":"https:\/\/displayproducts.eu\/nb\/wp-json\/wp\/v2\/types\/product"}],"replies":[{"embeddable":true,"href":"https:\/\/displayproducts.eu\/nb\/wp-json\/wp\/v2\/comments?post=6514"}],"wp:featuredmedia":[{"embeddable":true,"href":"https:\/\/displayproducts.eu\/nb\/wp-json\/wp\/v2\/media\/6515"}],"wp:attachment":[{"href":"https:\/\/displayproducts.eu\/nb\/wp-json\/wp\/v2\/media?parent=6514"}],"wp:term":[{"taxonomy":"product_brand","embeddable":true,"href":"https:\/\/displayproducts.eu\/nb\/wp-json\/wp\/v2\/product_brand?post=6514"},{"taxonomy":"product_cat","embeddable":true,"href":"https:\/\/displayproducts.eu\/nb\/wp-json\/wp\/v2\/product_cat?post=6514"},{"taxonomy":"product_tag","embeddable":true,"href":"https:\/\/displayproducts.eu\/nb\/wp-json\/wp\/v2\/product_tag?post=6514"}],"curies":[{"name":"wp","href":"https:\/\/api.w.org\/{rel}","templated":true}]}}