{"id":6512,"date":"2026-01-02T23:35:13","date_gmt":"2026-01-02T20:35:13","guid":{"rendered":"https:\/\/wristbandfactory.eu\/?post_type=product&#038;p=6512"},"modified":"2026-04-01T21:52:34","modified_gmt":"2026-04-01T18:52:34","slug":"curved-ergonomic-led-wristband-with-custom-logo","status":"publish","type":"product","link":"https:\/\/displayproducts.eu\/nb\/p\/curved-ergonomic-led-wristband-with-custom-logo\/","title":{"rendered":"Ergonomiske LED-b\u00e5nd med logo"},"content":{"rendered":"<p data-path-to-node=\"9\">L\u00f8ft merkevareopplevelsen din med det \u201cbuede\u201d ergonomiske LED-armb\u00e5ndet. Denne modellen (Katalog LED 7) har en s\u00e6regen, stiv PVC-konstruksjon som gir et f\u00f8rsteklasses utseende og f\u00f8lelse sammenlignet med standard silikonalternativer. Det gjennomskinnelige materialet lar lyset diffundere elegant gjennom hele b\u00e5ndet, mens den unike sammenl\u00e5sende lukkingen sikrer at det holder seg komfortabelt og p\u00e5 plass gjennom hele arrangementet. Det er et foretrukket valg for VIP-omr\u00e5der i bedrifter og produktlanseringer med stor effekt der moderne estetikk er n\u00f8kkelen.<\/p>\n<h2 data-path-to-node=\"10\">Viktige funksjoner<\/h2>\n<ul data-path-to-node=\"11\">\n<li>\n<p data-path-to-node=\"11,0,0\"><b data-path-to-node=\"11,0,0\" data-index-in-node=\"0\">Valgbar LED-effekt:<\/b> Velg mellom 2-LED-versjonen for en diskr\u00e9 atmosf\u00e6re eller 4-LED-versjonen for maksimal lysstyrke i store lokaler.<\/p>\n<\/li>\n<li>\n<p data-path-to-node=\"11,1,0\"><b data-path-to-node=\"11,1,0\" data-index-in-node=\"0\">Slitesterkt PVC-materiale:<\/b> Laget av en kombinasjon av st\u00f8tsikker ABS og profesjonell PVC for \u00f8kt holdbarhet.<\/p>\n<\/li>\n<li>\n<p data-path-to-node=\"11,2,0\"><b data-path-to-node=\"11,2,0\" data-index-in-node=\"0\">S\u00f8ml\u00f8s RF-integrasjon:<\/b> Kobles til sentrale belysningskonsoller for \u00e5 utl\u00f8se fargeendringer og dynamiske blinksekvenser i sanntid.<\/p>\n<\/li>\n<li>\n<p data-path-to-node=\"11,3,0\"><b data-path-to-node=\"11,3,0\" data-index-in-node=\"0\">Anatomisk passform:<\/b> Den forh\u00e5ndsbuede formen sitter lavere p\u00e5 h\u00e5ndleddet, noe som reduserer volum og gir en elegant, klokkelignende profil.<\/p>\n<\/li>\n<\/ul>\n<h2 data-path-to-node=\"12\">Spesifikasjoner<\/h2>\n<ul data-path-to-node=\"13\">\n<li>\n<p data-path-to-node=\"13,0,0\"><b data-path-to-node=\"13,0,0\" data-index-in-node=\"0\">Materiale:<\/b> Slagfast ABS-hus og premium PVC-stropp.<\/p>\n<\/li>\n<li>\n<p data-path-to-node=\"13,1,0\"><b data-path-to-node=\"13,1,0\" data-index-in-node=\"0\">Enhetsst\u00f8rrelse:<\/b> Diameter 6,9 x 6,4 cm.<\/p>\n<\/li>\n<li>\n<p data-path-to-node=\"13,2,0\"><b data-path-to-node=\"13,2,0\" data-index-in-node=\"0\">Vekt:<\/b> 30 g.<\/p>\n<\/li>\n<li>\n<p data-path-to-node=\"13,3,0\"><b data-path-to-node=\"13,3,0\" data-index-in-node=\"0\">Kommunikasjon:<\/b> RF 433MHz \/ Fjernkontroll \/ DMX512.<\/p>\n<\/li>\n<li>\n<p data-path-to-node=\"13,4,0\"><b data-path-to-node=\"13,4,0\" data-index-in-node=\"0\">Batteri:<\/b> 2x CR2032 (utskiftbare).<\/p>\n<\/li>\n<li>\n<p data-path-to-node=\"13,5,0\"><b data-path-to-node=\"13,5,0\" data-index-in-node=\"0\">Batterilevetid:<\/b> Omtrent 8 timer med aktivt lysshow.<\/p>\n<\/li>\n<li>\n<p data-path-to-node=\"13,6,0\"><b data-path-to-node=\"13,6,0\" data-index-in-node=\"0\">LED-moduser:<\/b> 15+ flerfargesynkroniseringsmoduser.<\/p>\n<\/li>\n<\/ul>\n<h2 data-path-to-node=\"14\">Brukstilfeller<\/h2>\n<ul data-path-to-node=\"15\">\n<li>\n<p data-path-to-node=\"15,0,0\"><b data-path-to-node=\"15,0,0\" data-index-in-node=\"0\">Bedriftsgallaarrangementer:<\/b> Tilbyr et h\u00f8yteknologisk og stilig klesplagg som forbedrer den formelle atmosf\u00e6ren.<\/p>\n<\/li>\n<li>\n<p data-path-to-node=\"15,1,0\"><b data-path-to-node=\"15,1,0\" data-index-in-node=\"0\">Produktavsl\u00f8ringer:<\/b> Bruk synkroniserte fargem\u00f8nstre for \u00e5 skape begeistring under lanseringer av nye produkter.<\/p>\n<\/li>\n<li>\n<p data-path-to-node=\"15,2,0\"><b data-path-to-node=\"15,2,0\" data-index-in-node=\"0\">VIP-tilgangskontroll:<\/b> Differensierer premiumgjester med en stiv LED-modell med h\u00f8y synlighet.<\/p>\n<\/li>\n<li>\n<p data-path-to-node=\"15,3,0\"><b data-path-to-node=\"15,3,0\" data-index-in-node=\"0\">Temafester:<\/b> Bruk flerfargefunksjonene for \u00e5 matche arrangementets spesifikke fargepalett.<\/p>\n<\/li>\n<\/ul>\n<p data-path-to-node=\"16\">","protected":false},"excerpt":{"rendered":"<ul>\n<li>\n<p data-path-to-node=\"8,0,0\"><b data-path-to-node=\"8,0,0\" data-index-in-node=\"0\">Anatomisk stiv design:<\/b> Konturert PVC-konstruksjon f\u00f8lger den naturlige h\u00e5ndleddsformen for profesjonell ergonomisk komfort under arrangementer.<\/p>\n<\/li>\n<li>\n<p data-path-to-node=\"8,1,0\"><b data-path-to-node=\"8,1,0\" data-index-in-node=\"0\">Sikker sammenl\u00e5sende lukking:<\/b> Har et unikt, puslespilllignende sammenl\u00e5singsspor som sikrer at remmen holder seg p\u00e5 plass selv under bevegelser med h\u00f8y energi.<\/p>\n<\/li>\n<li>\n<p data-path-to-node=\"8,2,0\"><b data-path-to-node=\"8,2,0\" data-index-in-node=\"0\">Fjernstyrt synkronisering:<\/b> Fullt kompatibel med profesjonelle RF- og DMX512-kontrollere for synkroniserte lyseffekter over hele lokalet.<\/p>\n<\/li>\n<li>\n<p data-path-to-node=\"8,3,0\"><b data-path-to-node=\"8,3,0\" data-index-in-node=\"0\">Merkevarebygging med h\u00f8y synlighet:<\/b> Den stive PVC-overflaten gir et stabilt og fremtredende omr\u00e5de for h\u00f8ypresisjons, tilpasset logotrykk.<\/p>\n<\/li>\n<\/ul>","protected":false},"featured_media":6687,"comment_status":"closed","ping_status":"closed","template":"","meta":[],"product_brand":[],"product_cat":[80],"product_tag":[],"class_list":{"0":"post-6512","1":"product","2":"type-product","3":"status-publish","4":"has-post-thumbnail","6":"product_cat-led-wristbands","8":"first","9":"instock","10":"shipping-taxable","11":"product-type-simple"},"_links":{"self":[{"href":"https:\/\/displayproducts.eu\/nb\/wp-json\/wp\/v2\/product\/6512","targetHints":{"allow":["GET"]}}],"collection":[{"href":"https:\/\/displayproducts.eu\/nb\/wp-json\/wp\/v2\/product"}],"about":[{"href":"https:\/\/displayproducts.eu\/nb\/wp-json\/wp\/v2\/types\/product"}],"replies":[{"embeddable":true,"href":"https:\/\/displayproducts.eu\/nb\/wp-json\/wp\/v2\/comments?post=6512"}],"wp:featuredmedia":[{"embeddable":true,"href":"https:\/\/displayproducts.eu\/nb\/wp-json\/wp\/v2\/media\/6687"}],"wp:attachment":[{"href":"https:\/\/displayproducts.eu\/nb\/wp-json\/wp\/v2\/media?parent=6512"}],"wp:term":[{"taxonomy":"product_brand","embeddable":true,"href":"https:\/\/displayproducts.eu\/nb\/wp-json\/wp\/v2\/product_brand?post=6512"},{"taxonomy":"product_cat","embeddable":true,"href":"https:\/\/displayproducts.eu\/nb\/wp-json\/wp\/v2\/product_cat?post=6512"},{"taxonomy":"product_tag","embeddable":true,"href":"https:\/\/displayproducts.eu\/nb\/wp-json\/wp\/v2\/product_tag?post=6512"}],"curies":[{"name":"wp","href":"https:\/\/api.w.org\/{rel}","templated":true}]}}