{"id":6248,"date":"2025-12-20T19:03:55","date_gmt":"2025-12-20T16:03:55","guid":{"rendered":"https:\/\/wristbandfactory.eu\/?post_type=product&#038;p=6248"},"modified":"2026-04-01T21:52:03","modified_gmt":"2026-04-01T18:52:03","slug":"custom-printed-nail-files-made-in-europe-full-color-uv-print","status":"publish","type":"product","link":"https:\/\/displayproducts.eu\/nb\/p\/custom-printed-nail-files-made-in-europe-full-color-uv-print\/","title":{"rendered":"Neglefiler med logo"},"content":{"rendered":"<p data-path-to-node=\"10\">L\u00f8ft utvalget av skj\u00f8nnhetsmerke eller firmagaver til ditt med v\u00e5re <b data-path-to-node=\"10\" data-index-in-node=\"88\">Tilpassede trykte neglefiler<\/b>, stolt <b data-path-to-node=\"10\" data-index-in-node=\"123\">Laget i Europa<\/b>. I motsetning til generiske reklameartikler er disse h\u00f8ykvalitets smergelbrettene designet for praktisk funksjonalitet, noe som gj\u00f8r dem til et verdifullt tilbeh\u00f8r for profesjonelle salonger, spa og reisesett.<\/p>\n<p data-path-to-node=\"11\">Vi bruker banebrytende teknologi <b data-path-to-node=\"11\" data-index-in-node=\"20\">UV digitaltrykk<\/b> for \u00e5 dekke filen med ditt tilpassede design, logo eller m\u00f8nster. Denne teknologien gir fotorealistiske detaljer og livlige farger ved bruk av trygge, giftfrie blekk som t\u00e5ler daglig bruk. Enten du er en hotellkjede som ser etter f\u00f8rsteklasses romfasiliteter eller et skj\u00f8nnhetsmerke som s\u00f8ker varer, tilbyr disse filene en perfekt blanding av stil og nytteverdi.<\/p>\n<h2 data-path-to-node=\"12\">Viktige funksjoner<\/h2>\n<ul data-path-to-node=\"13\">\n<li>\n<p data-path-to-node=\"13,0,0\"><b data-path-to-node=\"13,0,0\" data-index-in-node=\"0\">Livlig tilpasning:<\/b> UV-trykket i hele overflaten forvandler et uten trykkt verkt\u00f8y til et motetilbeh\u00f8r. Perfekt for intrikate logoer eller design med store m\u00f8nstre.<\/p>\n<\/li>\n<li>\n<p data-path-to-node=\"13,1,0\"><b data-path-to-node=\"13,1,0\" data-index-in-node=\"0\">Sikkerhet f\u00f8rst:<\/b> Vi bruker kun giftfrie og trygge trykkfarger, noe som gj\u00f8r disse egnet for utbredt distribusjon og hyppig hudkontakt.<\/p>\n<\/li>\n<li>\n<p data-path-to-node=\"13,2,0\"><b data-path-to-node=\"13,2,0\" data-index-in-node=\"0\">Slitesterk konstruksjon:<\/b> Bygget for \u00e5 vare med slipepapir av h\u00f8y kvalitet som effektivt former naturlige og lengre negler uten \u00e5 flasse.<\/p>\n<\/li>\n<li>\n<p data-path-to-node=\"13,3,0\"><b data-path-to-node=\"13,3,0\" data-index-in-node=\"0\">Markedsf\u00f8ringsp\u00e5virkning:<\/b> En sv\u00e6rt funksjonell gjenstand som kan oppbevares i kundens veske eller bad, og som gir gjentatt merkevareeksponering.<\/p>\n<\/li>\n<\/ul>\n<h2 data-path-to-node=\"14\">Spesifikasjoner<\/h2>\n<ul data-path-to-node=\"15\">\n<li>\n<p data-path-to-node=\"15,0,0\"><b data-path-to-node=\"15,0,0\" data-index-in-node=\"0\">Opprinnelse:<\/b> Laget i Europa.<\/p>\n<\/li>\n<li>\n<p data-path-to-node=\"15,1,0\"><b data-path-to-node=\"15,1,0\" data-index-in-node=\"0\">Utskriftsmetode:<\/b> UV digitaltrykk i fullfarge.<\/p>\n<\/li>\n<li>\n<p data-path-to-node=\"15,2,0\"><b data-path-to-node=\"15,2,0\" data-index-in-node=\"0\">Materiale:<\/b> Kjerne av slipepapir av h\u00f8y kvalitet.<\/p>\n<\/li>\n<li>\n<p data-path-to-node=\"15,3,0\"><b data-path-to-node=\"15,3,0\" data-index-in-node=\"0\">Tilgjengelige st\u00f8rrelser:<\/b><\/p>\n<ul data-path-to-node=\"15,3,1\">\n<li>\n<p data-path-to-node=\"15,3,1,0,0\"><b data-path-to-node=\"15,3,1,0,0\" data-index-in-node=\"0\">Profesjonell (18 cm \u00d7 1,85 cm):<\/b> Standarden for salonger og manikyr hjemme. Lang overflate for myke str\u00f8k.<\/p>\n<\/li>\n<li>\n<p data-path-to-node=\"15,3,1,1,0\"><b data-path-to-node=\"15,3,1,1,0\" data-index-in-node=\"0\">Universell (12 cm \u00d7 1,6 cm):<\/b> En perfekt balanse mellom komfort og b\u00e6rbarhet.<\/p>\n<\/li>\n<li>\n<p data-path-to-node=\"15,3,1,2,0\"><b data-path-to-node=\"15,3,1,2,0\" data-index-in-node=\"0\">Vandring (8,7 cm \u00d7 1,6 cm):<\/b> Kompakt st\u00f8rrelse, ideell for kosmetikkvesker, reisesett og raske l\u00f8sninger p\u00e5 farten.<\/p>\n<\/li>\n<\/ul>\n<\/li>\n<\/ul>\n<h2 data-path-to-node=\"16\">Brukstilfeller<\/h2>\n<ul data-path-to-node=\"17\">\n<li>\n<p data-path-to-node=\"17,0,0\"><b data-path-to-node=\"17,0,0\" data-index-in-node=\"0\">Skj\u00f8nnhetssalonger og spa:<\/b> Merkevareverkt\u00f8y for teknikere eller detaljhandelsvarer som kunder kan ta med hjem.<\/p>\n<\/li>\n<li>\n<p data-path-to-node=\"17,1,0\"><b data-path-to-node=\"17,1,0\" data-index-in-node=\"0\">Hotellfasiliteter:<\/b> Et gjennomtenkt tillegg til baderomsm\u00f8belsett p\u00e5 luksushoteller og feriesteder.<\/p>\n<\/li>\n<li>\n<p data-path-to-node=\"17,2,0\"><b data-path-to-node=\"17,2,0\" data-index-in-node=\"0\">Bedriftsgaver:<\/b> En kompakt, rimelig, men likevel sv\u00e6rt nyttig gave til kvinnekonferanser, motearrangementer eller velv\u00e6rekampanjer.<\/p>\n<\/li>\n<\/ul>","protected":false},"excerpt":{"rendered":"<ul>\n<li>\n<p data-path-to-node=\"9,0,0\"><b data-path-to-node=\"9,0,0\" data-index-in-node=\"0\">Europeisk produksjon:<\/b> Stolt produsert i Europa, noe som sikrer overlegen h\u00e5ndverk, sikkerhet og holdbarhet sammenlignet med standard importvarer.<\/p>\n<\/li>\n<li>\n<p data-path-to-node=\"9,1,0\"><b data-path-to-node=\"9,1,0\" data-index-in-node=\"0\">Fullfargede merkevarebygging:<\/b> Bruker avansert UV-trykkteknologi med giftfri blekk for \u00e5 lage livlige, ripebestandige logoer og m\u00f8nstre.<\/p>\n<\/li>\n<li>\n<p data-path-to-node=\"9,2,0\"><b data-path-to-node=\"9,2,0\" data-index-in-node=\"0\">Tre allsidige st\u00f8rrelser:<\/b> Tilgjengelig i stor (profesjonell), medium (universal) og liten (reise) for \u00e5 passe enhver m\u00e5lgruppe.<\/p>\n<\/li>\n<li>\n<p data-path-to-node=\"9,3,0\"><b data-path-to-node=\"9,3,0\" data-index-in-node=\"0\">Profesjonell kvalitet:<\/b> Passer for b\u00e5de naturlige og kunstige negler, og tilbyr effektiv filing med slipematerialer av h\u00f8y kvalitet.<\/p>\n<\/li>\n<\/ul>","protected":false},"featured_media":6249,"comment_status":"closed","ping_status":"closed","template":"","meta":[],"product_brand":[],"product_cat":[132],"product_tag":[],"class_list":{"0":"post-6248","1":"product","2":"type-product","3":"status-publish","4":"has-post-thumbnail","6":"product_cat-hotel-spa-amenities","8":"first","9":"instock","10":"shipping-taxable","11":"product-type-simple"},"_links":{"self":[{"href":"https:\/\/displayproducts.eu\/nb\/wp-json\/wp\/v2\/product\/6248","targetHints":{"allow":["GET"]}}],"collection":[{"href":"https:\/\/displayproducts.eu\/nb\/wp-json\/wp\/v2\/product"}],"about":[{"href":"https:\/\/displayproducts.eu\/nb\/wp-json\/wp\/v2\/types\/product"}],"replies":[{"embeddable":true,"href":"https:\/\/displayproducts.eu\/nb\/wp-json\/wp\/v2\/comments?post=6248"}],"wp:featuredmedia":[{"embeddable":true,"href":"https:\/\/displayproducts.eu\/nb\/wp-json\/wp\/v2\/media\/6249"}],"wp:attachment":[{"href":"https:\/\/displayproducts.eu\/nb\/wp-json\/wp\/v2\/media?parent=6248"}],"wp:term":[{"taxonomy":"product_brand","embeddable":true,"href":"https:\/\/displayproducts.eu\/nb\/wp-json\/wp\/v2\/product_brand?post=6248"},{"taxonomy":"product_cat","embeddable":true,"href":"https:\/\/displayproducts.eu\/nb\/wp-json\/wp\/v2\/product_cat?post=6248"},{"taxonomy":"product_tag","embeddable":true,"href":"https:\/\/displayproducts.eu\/nb\/wp-json\/wp\/v2\/product_tag?post=6248"}],"curies":[{"name":"wp","href":"https:\/\/api.w.org\/{rel}","templated":true}]}}