{"id":6245,"date":"2025-12-20T18:56:31","date_gmt":"2025-12-20T15:56:31","guid":{"rendered":"https:\/\/wristbandfactory.eu\/?post_type=product&#038;p=6245"},"modified":"2026-04-01T21:52:03","modified_gmt":"2026-04-01T18:52:03","slug":"bio-based-reusable-coffee-cups","status":"publish","type":"product","link":"https:\/\/displayproducts.eu\/nb\/p\/bio-based-reusable-coffee-cups\/","title":{"rendered":"Gjenbrukskopper med logo (Bio)"},"content":{"rendered":"<p data-path-to-node=\"10\">Lag et b\u00e6rekraftig statement med v\u00e5r <b data-path-to-node=\"10\" data-index-in-node=\"63\">Tilpassede biobaserte gjenbrukbare kaffekopper<\/b>. Denne beholderen p\u00e5 200 ml er designet som det perfekte milj\u00f8vennlige alternativet til engangspappkopper, og kombinerer tysk ingeni\u00f8rkunst med fornybare materialer. Den er et ideelt reklameprodukt for milj\u00f8bevisste kontorer, kafeer og bedriftsarrangementer.<\/p>\n<p data-path-to-node=\"11\">Koppen er laget av h\u00f8y kvalitet <b data-path-to-node=\"11\" data-index-in-node=\"37\">biobasert plast utvunnet fra fornybare kilder<\/b>, noe som sikrer et lavere karbonavtrykk uten at det g\u00e5r p\u00e5 bekostning av holdbarheten. Den praktiske designen inkluderer et sikkert lokk som holder drikkene varme lenger samtidig som det forhindrer s\u00f8l under pendling.<\/p>\n<h2 data-path-to-node=\"12\">Viktige funksjoner<\/h2>\n<ul data-path-to-node=\"13\">\n<li>\n<p data-path-to-node=\"13,0,0\"><b data-path-to-node=\"13,0,0\" data-index-in-node=\"0\">Fornybar sammensetning:<\/b> Laget av biobaserte polymerer, og tilbyr et ansvarlig alternativ til plast basert p\u00e5 fossilt brensel.<\/p>\n<\/li>\n<li>\n<p data-path-to-node=\"13,1,0\"><b data-path-to-node=\"13,1,0\" data-index-in-node=\"0\">Kontorvennlig:<\/b> Designet for \u00e5 passe perfekt under standard kaffemaskintut, noe som gj\u00f8r den til det ultimate tilbeh\u00f8ret \u201cfra skrivebord til m\u00f8te\u201d.<\/p>\n<\/li>\n<li>\n<p data-path-to-node=\"13,2,0\"><b data-path-to-node=\"13,2,0\" data-index-in-node=\"0\">Hygiene og sikkerhet:<\/b> Helt BPA-fritt og matsikkert. Materialet er robust og fullt resirkulerbart ved slutten av livssyklusen.<\/p>\n<\/li>\n<li>\n<p data-path-to-node=\"13,3,0\"><b data-path-to-node=\"13,3,0\" data-index-in-node=\"0\">Allsidig merkevarebygging:<\/b> Tilpass med silketrykk, tampografi eller premium lasergravering for \u00e5 vise frem logoen din permanent.<\/p>\n<\/li>\n<\/ul>\n<h2 data-path-to-node=\"14\">Spesifikasjoner<\/h2>\n<ul data-path-to-node=\"15\">\n<li>\n<p data-path-to-node=\"15,0,0\"><b data-path-to-node=\"15,0,0\" data-index-in-node=\"0\">Kapasitet:<\/b> 200 ml.<\/p>\n<\/li>\n<li>\n<p data-path-to-node=\"15,1,0\"><b data-path-to-node=\"15,1,0\" data-index-in-node=\"0\">Materiale:<\/b> Biobasert plast (fornybare kilder).<\/p>\n<\/li>\n<li>\n<p data-path-to-node=\"15,2,0\"><b data-path-to-node=\"15,2,0\" data-index-in-node=\"0\">Opprinnelse:<\/b> Laget i Tyskland.<\/p>\n<\/li>\n<li>\n<p data-path-to-node=\"15,3,0\"><b data-path-to-node=\"15,3,0\" data-index-in-node=\"0\">Egenskaper:<\/b> BPA-fri, 100% resirkulerbar, t\u00e5ler oppvaskmaskin.<\/p>\n<\/li>\n<li>\n<p data-path-to-node=\"15,4,0\"><b data-path-to-node=\"15,4,0\" data-index-in-node=\"0\">Lokk:<\/b> Inkludert (biobasert, varmelagrende).<\/p>\n<\/li>\n<li>\n<p data-path-to-node=\"15,5,0\"><b data-path-to-node=\"15,5,0\" data-index-in-node=\"0\">Merkevarealternativer:<\/b> Silketrykk, tampongtrykk, lasergravering.<\/p>\n<\/li>\n<\/ul>\n<h2 data-path-to-node=\"16\">Brukstilfeller<\/h2>\n<ul data-path-to-node=\"17\">\n<li>\n<p data-path-to-node=\"17,0,0\"><b data-path-to-node=\"17,0,0\" data-index-in-node=\"0\">Kontorets b\u00e6rekraft:<\/b> Bytt ut engangskopper p\u00e5 kj\u00f8kkenet p\u00e5 kontoret for \u00e5 redusere avfall og kostnader.<\/p>\n<\/li>\n<li>\n<p data-path-to-node=\"17,1,0\"><b data-path-to-node=\"17,1,0\" data-index-in-node=\"0\">Bedriftsgaver:<\/b> En praktisk gave av h\u00f8y kvalitet til ansatte og kunder som er i samsvar med CSR-m\u00e5l.<\/p>\n<\/li>\n<li>\n<p data-path-to-node=\"17,2,0\"><b data-path-to-node=\"17,2,0\" data-index-in-node=\"0\">Kantiner og arrangementer:<\/b> Slitesterk serveringsl\u00f8sning for konferanser og kantiner som krever stabelbart og vaskbart drikkekar.<\/p>\n<\/li>\n<\/ul>","protected":false},"excerpt":{"rendered":"<ul>\n<li>\n<p data-path-to-node=\"9,0,0\"><b data-path-to-node=\"9,0,0\" data-index-in-node=\"0\">\u00d8koinnovasjon:<\/b> Produsert i Tyskland av fornybare biobaserte materialer, som st\u00f8tter en gr\u00f8nnere livsstil.<\/p>\n<\/li>\n<li>\n<p data-path-to-node=\"9,1,0\"><b data-path-to-node=\"9,1,0\" data-index-in-node=\"0\">Perfekt st\u00f8rrelse for \u00e5 ta med:<\/b> 200 ml kapasitet passer under de fleste vanlige kaffemaskiner; ideell for kontor- og hjemmebruk.<\/p>\n<\/li>\n<li>\n<p data-path-to-node=\"9,2,0\"><b data-path-to-node=\"9,2,0\" data-index-in-node=\"0\">Smart design:<\/b> Har et varmelagrende, lekkasjereduserende biolokk og en stabelbar form for uten trykk oppbevaring.<\/p>\n<\/li>\n<li>\n<p data-path-to-node=\"9,3,0\"><b data-path-to-node=\"9,3,0\" data-index-in-node=\"0\">Trygg og holdbar:<\/b> BPA-fri, 100% resirkulerbar og t\u00e5ler oppvaskmaskin (h\u00e5ndvask anbefales for trykte logoer).<\/p>\n<\/li>\n<\/ul>","protected":false},"featured_media":6246,"comment_status":"closed","ping_status":"closed","template":"","meta":[],"product_brand":[],"product_cat":[111],"product_tag":[],"class_list":{"0":"post-6245","1":"product","2":"type-product","3":"status-publish","4":"has-post-thumbnail","6":"product_cat-reusable-event-cups","8":"first","9":"instock","10":"shipping-taxable","11":"purchasable","12":"product-type-simple"},"_links":{"self":[{"href":"https:\/\/displayproducts.eu\/nb\/wp-json\/wp\/v2\/product\/6245","targetHints":{"allow":["GET"]}}],"collection":[{"href":"https:\/\/displayproducts.eu\/nb\/wp-json\/wp\/v2\/product"}],"about":[{"href":"https:\/\/displayproducts.eu\/nb\/wp-json\/wp\/v2\/types\/product"}],"replies":[{"embeddable":true,"href":"https:\/\/displayproducts.eu\/nb\/wp-json\/wp\/v2\/comments?post=6245"}],"wp:featuredmedia":[{"embeddable":true,"href":"https:\/\/displayproducts.eu\/nb\/wp-json\/wp\/v2\/media\/6246"}],"wp:attachment":[{"href":"https:\/\/displayproducts.eu\/nb\/wp-json\/wp\/v2\/media?parent=6245"}],"wp:term":[{"taxonomy":"product_brand","embeddable":true,"href":"https:\/\/displayproducts.eu\/nb\/wp-json\/wp\/v2\/product_brand?post=6245"},{"taxonomy":"product_cat","embeddable":true,"href":"https:\/\/displayproducts.eu\/nb\/wp-json\/wp\/v2\/product_cat?post=6245"},{"taxonomy":"product_tag","embeddable":true,"href":"https:\/\/displayproducts.eu\/nb\/wp-json\/wp\/v2\/product_tag?post=6245"}],"curies":[{"name":"wp","href":"https:\/\/api.w.org\/{rel}","templated":true}]}}