{"id":6242,"date":"2025-12-20T18:48:57","date_gmt":"2025-12-20T15:48:57","guid":{"rendered":"https:\/\/wristbandfactory.eu\/?post_type=product&#038;p=6242"},"modified":"2026-04-01T21:52:34","modified_gmt":"2026-04-01T18:52:34","slug":"custom-made-hooded-wearable-blankets-bespoke-design","status":"publish","type":"product","link":"https:\/\/displayproducts.eu\/nb\/p\/custom-made-hooded-wearable-blankets-bespoke-design\/","title":{"rendered":"Spesialdesignede pledd med hette (Eget design)"},"content":{"rendered":"<p data-path-to-node=\"10\">Lag en virkelig unik firmagave eller et detaljhandelsprodukt med v\u00e5re <b data-path-to-node=\"10\" data-index-in-node=\"89\">Skreddersydde hettetepper<\/b>. Denne tjenesten lar deg g\u00e5 utover begrensningene til standard lagervarer. Vi tilbyr et komplett <b data-path-to-node=\"10\" data-index-in-node=\"226\">\u201cKlipp og sy\u201d produksjonsl\u00f8sning<\/b>, noe som gir deg full kontroll over utseendet, f\u00f8lelsen og funksjonene til det endelige produktet.<\/p>\n<p data-path-to-node=\"11\">Enten du \u00f8nsker en gigantisk overdimensjonert hettegenser til en vinterkampanje, en lett poncho til sommerfestivaler eller et luksuri\u00f8st sherpaf\u00f4ret teppe til VIP-gaver, bygger vi det etter dine spesifikasjoner. Designet ditt trykkes p\u00e5 stoffrullene f\u00f8r det klippes, noe som sikrer en s\u00f8ml\u00f8s tekstil. <b data-path-to-node=\"11\" data-index-in-node=\"274\">360-graders merkevareopplevelse<\/b> uten utrykte marger.<\/p>\n<h2 data-path-to-node=\"12\">Viktige funksjoner<\/h2>\n<ul data-path-to-node=\"13\">\n<li>\n<p data-path-to-node=\"13,0,0\"><b data-path-to-node=\"13,0,0\" data-index-in-node=\"0\">Ubegrenset designfrihet:<\/b> V\u00e5rt fulloverflate-fargesublimeringstrykk betyr at kunstverket ditt dekker hver tomme av stoffet. Perfekt for komplekse m\u00f8nstre, merkevaremaskoter eller fotografiske design.<\/p>\n<\/li>\n<li>\n<p data-path-to-node=\"13,1,0\"><b data-path-to-node=\"13,1,0\" data-index-in-node=\"0\">Materialvalg:<\/b><\/p>\n<ul data-path-to-node=\"13,1,1\">\n<li>\n<p data-path-to-node=\"13,1,1,0,0\"><i data-path-to-node=\"13,1,1,0,0\" data-index-in-node=\"0\">Ytre lag:<\/i> Glatt flanellfleece (perfekt for trykk) eller velour.<\/p>\n<\/li>\n<li>\n<p data-path-to-node=\"13,1,1,1,0\"><i data-path-to-node=\"13,1,1,1,0\" data-index-in-node=\"0\">Innerf\u00f4r:<\/i> Tykk hvit sherpa (klassisk varme), gr\u00e5 sherpa eller mikrofleece (lettere vekt).<\/p>\n<\/li>\n<li>\n<p data-path-to-node=\"13,1,1,2,0\"><i data-path-to-node=\"13,1,1,2,0\" data-index-in-node=\"0\">\u00d8ko-alternativ:<\/i> Tilgjengelig i 100% GRS-sertifisert resirkulert polyester p\u00e5 foresp\u00f8rsel.<\/p>\n<\/li>\n<\/ul>\n<\/li>\n<li>\n<p data-path-to-node=\"13,2,0\"><b data-path-to-node=\"13,2,0\" data-index-in-node=\"0\">Tilpasset st\u00f8rrelse:<\/b> Vi kan produsere i dimensjoner for barn, standard voksne og store voksne (gigantiske).<\/p>\n<\/li>\n<li>\n<p data-path-to-node=\"13,3,0\"><b data-path-to-node=\"13,3,0\" data-index-in-node=\"0\">Klar for private label-produkter:<\/b> Vi kan sy inn dine egne halsetiketter, vaskeanvisningsetiketter og til og med tilpasse glidel\u00e5sdragere eller knapper.<\/p>\n<\/li>\n<\/ul>\n<h2 data-path-to-node=\"14\">Spesifikasjoner<\/h2>\n<ul data-path-to-node=\"15\">\n<li>\n<p data-path-to-node=\"15,0,0\"><b data-path-to-node=\"15,0,0\" data-index-in-node=\"0\">Produksjonstype:<\/b> Bestillingsvare (OEM\/ODM).<\/p>\n<\/li>\n<li>\n<p data-path-to-node=\"15,1,0\"><b data-path-to-node=\"15,1,0\" data-index-in-node=\"0\">Standard stoffvekt:<\/b> 200 gsm flanell + 230 gsm sherpa (kan tilpasses).<\/p>\n<\/li>\n<li>\n<p data-path-to-node=\"15,2,0\"><b data-path-to-node=\"15,2,0\" data-index-in-node=\"0\">Utskriftsmetode:<\/b> Fullfarge sublimering av fargestoff (CMYK).<\/p>\n<\/li>\n<li>\n<p data-path-to-node=\"15,3,0\"><b data-path-to-node=\"15,3,0\" data-index-in-node=\"0\">Standard st\u00f8rrelse:<\/b> 100 x 80 cm (brukbar hettegenser) \u2013 <i data-path-to-node=\"15,3,0\" data-index-in-node=\"53\">Tilpassede st\u00f8rrelser tilgjengelig.<\/i><\/p>\n<\/li>\n<li>\n<p data-path-to-node=\"15,4,0\"><b data-path-to-node=\"15,4,0\" data-index-in-node=\"0\">Funksjoner:<\/b> Hette, kengurulomme, elastiske mansjetter.<\/p>\n<\/li>\n<li>\n<p data-path-to-node=\"15,5,0\"><b data-path-to-node=\"15,5,0\" data-index-in-node=\"0\">Emballasje:<\/b> Vakuumpakket for effektiv levering eller spesialtilpassede gaveesker.<\/p>\n<\/li>\n<\/ul>","protected":false},"excerpt":{"rendered":"<ul>\n<li>\n<p data-path-to-node=\"9,0,0\"><b data-path-to-node=\"9,0,0\" data-index-in-node=\"0\">100% Fullt tilpassbar:<\/b> I motsetning til lagervarer produseres dette produktet fra bunnen av, noe som muliggj\u00f8r kant-til-kant-trykk og tilpasset Pantone-matching.<\/p>\n<\/li>\n<li>\n<p data-path-to-node=\"9,1,0\"><b data-path-to-node=\"9,1,0\" data-index-in-node=\"0\">Premium materialalternativer:<\/b> Velg mellom luftig sherpaf\u00f4r, myk mikrofleece eller milj\u00f8vennlige kombinasjoner av resirkulert GRS-polyester.<\/p>\n<\/li>\n<li>\n<p data-path-to-node=\"9,2,0\"><b data-path-to-node=\"9,2,0\" data-index-in-node=\"0\">Gjennomg\u00e5ende merkevarebygging:<\/b> Utnytt hele overflaten av teppet \u2013 forside, bakside, hette og ermer \u2013 for livlig, fotorealistisk sublimeringstrykk.<\/p>\n<\/li>\n<li>\n<p data-path-to-node=\"9,3,0\"><b data-path-to-node=\"9,3,0\" data-index-in-node=\"0\">Skreddersydde funksjoner:<\/b> Tilpass detaljer som lommeform, mansjettfarger og legg til private merkelapper eller broderte merker.<\/p>\n<\/li>\n<\/ul>","protected":false},"featured_media":6244,"comment_status":"closed","ping_status":"closed","template":"","meta":[],"product_brand":[],"product_cat":[129],"product_tag":[],"class_list":{"0":"post-6242","1":"product","2":"type-product","3":"status-publish","4":"has-post-thumbnail","6":"product_cat-leisure-lifestyle","8":"first","9":"instock","10":"shipping-taxable","11":"product-type-simple"},"_links":{"self":[{"href":"https:\/\/displayproducts.eu\/nb\/wp-json\/wp\/v2\/product\/6242","targetHints":{"allow":["GET"]}}],"collection":[{"href":"https:\/\/displayproducts.eu\/nb\/wp-json\/wp\/v2\/product"}],"about":[{"href":"https:\/\/displayproducts.eu\/nb\/wp-json\/wp\/v2\/types\/product"}],"replies":[{"embeddable":true,"href":"https:\/\/displayproducts.eu\/nb\/wp-json\/wp\/v2\/comments?post=6242"}],"wp:featuredmedia":[{"embeddable":true,"href":"https:\/\/displayproducts.eu\/nb\/wp-json\/wp\/v2\/media\/6244"}],"wp:attachment":[{"href":"https:\/\/displayproducts.eu\/nb\/wp-json\/wp\/v2\/media?parent=6242"}],"wp:term":[{"taxonomy":"product_brand","embeddable":true,"href":"https:\/\/displayproducts.eu\/nb\/wp-json\/wp\/v2\/product_brand?post=6242"},{"taxonomy":"product_cat","embeddable":true,"href":"https:\/\/displayproducts.eu\/nb\/wp-json\/wp\/v2\/product_cat?post=6242"},{"taxonomy":"product_tag","embeddable":true,"href":"https:\/\/displayproducts.eu\/nb\/wp-json\/wp\/v2\/product_tag?post=6242"}],"curies":[{"name":"wp","href":"https:\/\/api.w.org\/{rel}","templated":true}]}}