{"id":6239,"date":"2025-12-20T18:40:33","date_gmt":"2025-12-20T15:40:33","guid":{"rendered":"https:\/\/wristbandfactory.eu\/?post_type=product&#038;p=6239"},"modified":"2026-04-01T21:52:34","modified_gmt":"2026-04-01T18:52:34","slug":"custom-laser-engraved-portable-ashtrays-zinc-alloy-with-carabiner","status":"publish","type":"product","link":"https:\/\/displayproducts.eu\/nb\/p\/custom-laser-engraved-portable-ashtrays-zinc-alloy-with-carabiner\/","title":{"rendered":"Lommeaskebegre med logo (Sink)"},"content":{"rendered":"<p data-path-to-node=\"10\">Kombiner stil, funksjonalitet og milj\u00f8ansvar med v\u00e5r <b data-path-to-node=\"10\" data-index-in-node=\"97\">Tilpassede lasergraverte b\u00e6rbare askebegre<\/b>. Dette tilbeh\u00f8ret er designet for den moderne profesjonelle, og tilbyr en diskr\u00e9 og elegant m\u00e5te \u00e5 h\u00e5ndtere aske og sigarettstumper p\u00e5 mens du er p\u00e5 farten. Enten det er for en forretningsleder, en friluftsentusiast eller en omtenksom firmagave, er dette askebegeret i sinklegering et kvalitetsuttrykk.<\/p>\n<p data-path-to-node=\"11\">Den slanke <b data-path-to-node=\"11\" data-index-in-node=\"10\">Konstruksjon av sinklegering<\/b> gir ikke bare en moderne, skinnende s\u00f8lvestetikk, men sikrer ogs\u00e5 holdbarhet. Den er motstandsdyktig mot rust og slitasje, og beholder sitt polerte utseende over tid. Det kompakte, rektangul\u00e6re designet har en sikker lukkemekanisme som fanger opp lukt og aske inni, noe som gj\u00f8r den trygg \u00e5 b\u00e6re i lomme eller veske.<\/p>\n<h2 data-path-to-node=\"12\">Viktige funksjoner<\/h2>\n<ul data-path-to-node=\"13\">\n<li>\n<p data-path-to-node=\"13,0,0\"><b data-path-to-node=\"13,0,0\" data-index-in-node=\"0\">Bygget for \u00e5 vare:<\/b> Sinklegering er betydelig mer slitesterk enn alternativer i plast eller aluminium, noe som gir produktet en tilfredsstillende vekt og en premiumf\u00f8lelse.<\/p>\n<\/li>\n<li>\n<p data-path-to-node=\"13,1,0\"><b data-path-to-node=\"13,1,0\" data-index-in-node=\"0\">Laserpresisjon:<\/b> Vi bruker lasergravering for \u00e5 etse logoen din p\u00e5 metalloverflaten. Denne teknikken skaper et skarpt, permanent merke som ikke gnis av slik som trykt blekk.<\/p>\n<\/li>\n<li>\n<p data-path-to-node=\"13,2,0\"><b data-path-to-node=\"13,2,0\" data-index-in-node=\"0\">B\u00e6rbar bekvemmelighet:<\/b> Utstyrt med karabinkrok (krok), slik at brukerne kan feste den til beltel\u00f8kker, ryggsekker eller n\u00f8kkelringer for uten trykk tilgang.<\/p>\n<\/li>\n<li>\n<p data-path-to-node=\"13,3,0\"><b data-path-to-node=\"13,3,0\" data-index-in-node=\"0\">Hygiene og sikkerhet:<\/b> Det tette lokket hindrer aske i \u00e5 s\u00f8les og holder lukt tilbake, slik at lommer og vesker holdes rene.<\/p>\n<\/li>\n<\/ul>\n<h2 data-path-to-node=\"14\">Spesifikasjoner<\/h2>\n<ul data-path-to-node=\"15\">\n<li>\n<p data-path-to-node=\"15,0,0\"><b data-path-to-node=\"15,0,0\" data-index-in-node=\"0\">Materiale:<\/b> H\u00f8ykvalitets sinklegering.<\/p>\n<\/li>\n<li>\n<p data-path-to-node=\"15,1,0\"><b data-path-to-node=\"15,1,0\" data-index-in-node=\"0\">Fullf\u00f8r:<\/b> Skinnende s\u00f8lv \/ polert.<\/p>\n<\/li>\n<li>\n<p data-path-to-node=\"15,2,0\"><b data-path-to-node=\"15,2,0\" data-index-in-node=\"0\">Dimensjoner:<\/b> 85 \u00d7 32 \u00d7 17 mm.<\/p>\n<\/li>\n<li>\n<p data-path-to-node=\"15,3,0\"><b data-path-to-node=\"15,3,0\" data-index-in-node=\"0\">Merkevaremetode:<\/b> Lasergravering (\u00e9n side).<\/p>\n<\/li>\n<li>\n<p data-path-to-node=\"15,4,0\"><b data-path-to-node=\"15,4,0\" data-index-in-node=\"0\">Emballasje:<\/b> Leveres i en beskyttende pose\/pose, klar til gave.<\/p>\n<\/li>\n<li>\n<p data-path-to-node=\"15,5,0\"><b data-path-to-node=\"15,5,0\" data-index-in-node=\"0\">Funksjoner:<\/b> Integrert karabinklips.<\/p>\n<\/li>\n<\/ul>\n<h2 data-path-to-node=\"16\">Brukstilfeller<\/h2>\n<ul data-path-to-node=\"17\">\n<li>\n<p data-path-to-node=\"17,0,0\"><b data-path-to-node=\"17,0,0\" data-index-in-node=\"0\">Bedriftsgaver:<\/b> En sofistikert gave til kunder og partnere som setter pris p\u00e5 praktisk og eksklusivt tilbeh\u00f8r.<\/p>\n<\/li>\n<li>\n<p data-path-to-node=\"17,1,0\"><b data-path-to-node=\"17,1,0\" data-index-in-node=\"0\">Utend\u00f8rsarrangementer:<\/b> Viktig for festivaler, golfturneringer og utend\u00f8rsarenaer for \u00e5 holde omr\u00e5det s\u00f8ppelfritt.<\/p>\n<\/li>\n<li>\n<p data-path-to-node=\"17,2,0\"><b data-path-to-node=\"17,2,0\" data-index-in-node=\"0\">Gjestfrihet:<\/b> Tilby b\u00e6rbare askebegre med merkenavn til hotellgjester eller restaurantgjester i r\u00f8ykeomr\u00e5der.<\/p>\n<\/li>\n<\/ul>\n<p data-path-to-node=\"18\">","protected":false},"excerpt":{"rendered":"<ul>\n<li>\n<p data-path-to-node=\"9,0,0\"><b data-path-to-node=\"9,0,0\" data-index-in-node=\"0\">Premiummateriale:<\/b> Laget av h\u00f8ykvalitets sinklegering med en skinnende s\u00f8lvfinish, som gir rust- og slitestyrke.<\/p>\n<\/li>\n<li>\n<p data-path-to-node=\"9,1,0\"><b data-path-to-node=\"9,1,0\" data-index-in-node=\"0\">Kompakt og b\u00e6rbar:<\/b> Med en st\u00f8rrelse p\u00e5 85 \u00d7 32 \u00d7 17 mm f\u00e5r den uten trykkt plass i lommer eller vesker, eller den festes til utstyret med karabinkroken.<\/p>\n<\/li>\n<li>\n<p data-path-to-node=\"9,2,0\"><b data-path-to-node=\"9,2,0\" data-index-in-node=\"0\">Sofistikert merkevarebygging:<\/b> Logoen din lasergravers p\u00e5 siden for et permanent, diskr\u00e9 og profesjonelt utseende.<\/p>\n<\/li>\n<li>\n<p data-path-to-node=\"9,3,0\"><b data-path-to-node=\"9,3,0\" data-index-in-node=\"0\">Milj\u00f8vennlig l\u00f8sning:<\/b> Oppfordrer til ansvarlig avhending av sigarettavfall, perfekt for utend\u00f8rsarrangementer og gr\u00f8nne initiativer.<\/p>\n<\/li>\n<\/ul>","protected":false},"featured_media":6240,"comment_status":"closed","ping_status":"closed","template":"","meta":[],"product_brand":[],"product_cat":[68,121],"product_tag":[],"class_list":{"0":"post-6239","1":"product","2":"type-product","3":"status-publish","4":"has-post-thumbnail","6":"product_cat-event-supplies","7":"product_cat-promotional-merchandise","9":"first","10":"instock","11":"shipping-taxable","12":"purchasable","13":"product-type-simple"},"_links":{"self":[{"href":"https:\/\/displayproducts.eu\/nb\/wp-json\/wp\/v2\/product\/6239","targetHints":{"allow":["GET"]}}],"collection":[{"href":"https:\/\/displayproducts.eu\/nb\/wp-json\/wp\/v2\/product"}],"about":[{"href":"https:\/\/displayproducts.eu\/nb\/wp-json\/wp\/v2\/types\/product"}],"replies":[{"embeddable":true,"href":"https:\/\/displayproducts.eu\/nb\/wp-json\/wp\/v2\/comments?post=6239"}],"wp:featuredmedia":[{"embeddable":true,"href":"https:\/\/displayproducts.eu\/nb\/wp-json\/wp\/v2\/media\/6240"}],"wp:attachment":[{"href":"https:\/\/displayproducts.eu\/nb\/wp-json\/wp\/v2\/media?parent=6239"}],"wp:term":[{"taxonomy":"product_brand","embeddable":true,"href":"https:\/\/displayproducts.eu\/nb\/wp-json\/wp\/v2\/product_brand?post=6239"},{"taxonomy":"product_cat","embeddable":true,"href":"https:\/\/displayproducts.eu\/nb\/wp-json\/wp\/v2\/product_cat?post=6239"},{"taxonomy":"product_tag","embeddable":true,"href":"https:\/\/displayproducts.eu\/nb\/wp-json\/wp\/v2\/product_tag?post=6239"}],"curies":[{"name":"wp","href":"https:\/\/api.w.org\/{rel}","templated":true}]}}