{"id":6237,"date":"2025-12-20T18:34:37","date_gmt":"2025-12-20T15:34:37","guid":{"rendered":"https:\/\/wristbandfactory.eu\/?post_type=product&#038;p=6237"},"modified":"2026-04-01T21:52:03","modified_gmt":"2026-04-01T18:52:03","slug":"velvet-presentation-boxes-for-badges-jewelry-custom-printable","status":"publish","type":"product","link":"https:\/\/displayproducts.eu\/nb\/p\/velvet-presentation-boxes-for-badges-jewelry-custom-printable\/","title":{"rendered":"Fl\u00f8yelsesker til pins og smykker"},"content":{"rendered":"<p data-path-to-node=\"10\">Forvandle et uten trykkt reklameprodukt til et verdifullt minne med v\u00e5r <b data-path-to-node=\"10\" data-index-in-node=\"96\">Presentasjonsbokser i fl\u00f8yel<\/b>. Disse eskene er designet for forhandlere, smykkebutikker og arrang\u00f8rer av bedriftsarrangementer, og gir den ultimate beskyttelsen og presentasjonen for merker, n\u00e5ler og sm\u00e5 tilbeh\u00f8r.<\/p>\n<p data-path-to-node=\"11\">I motsetning til standard plast- eller papiremballasje, formidler den rike teksturen til fl\u00f8yel luksus og prestisje umiddelbart. Enten du deler ut en servicepris, selger eksklusive mansjettknapper eller deler ut minnen\u00e5ler, sikrer v\u00e5rt utvalg av st\u00f8rrelser og farger en perfekt passform for ditt spesifikke produkt.<\/p>\n<h2 data-path-to-node=\"12\">Viktige funksjoner<\/h2>\n<ul data-path-to-node=\"13\">\n<li>\n<p data-path-to-node=\"13,0,0\"><b data-path-to-node=\"13,0,0\" data-index-in-node=\"0\">Luksuri\u00f8s estetikk:<\/b> Det klassiske fl\u00f8yelsutsiden (tilgjengelig i r\u00f8d, bl\u00e5, gr\u00f8nn, svart og burgunder) erstatter engangsemballasje med et gjenbrukbart, utstillingsverdig etui.<\/p>\n<\/li>\n<li>\n<p data-path-to-node=\"13,1,0\"><b data-path-to-node=\"13,1,0\" data-index-in-node=\"0\">Skreddersydd beskyttelse:<\/b> Hver esketype har en innsats designet for spesifikke gjenstander \u2013 fra <b data-path-to-node=\"13,1,0\" data-index-in-node=\"87\">piercingputer<\/b> for \u00f8redobber og n\u00e5ler til <b data-path-to-node=\"13,1,0\" data-index-in-node=\"131\">gyldne kroker<\/b> for \u00e5 henge opp medaljer.<\/p>\n<\/li>\n<li>\n<p data-path-to-node=\"13,2,0\"><b data-path-to-node=\"13,2,0\" data-index-in-node=\"0\">Klar for detaljhandel og arrangementer:<\/b> Ideell for merchandising i smykkeutstillinger eller for utdeling av formelle priser under seremonier.<\/p>\n<\/li>\n<li>\n<p data-path-to-node=\"13,3,0\"><b data-path-to-node=\"13,3,0\" data-index-in-node=\"0\">Tilpasning:<\/b> Vi kan bruke spesialtrykk p\u00e5 lokket til utvalgte modeller, og dermed gj\u00f8re emballasjen om til et markedsf\u00f8ringsverkt\u00f8y for merkevarer.<\/p>\n<\/li>\n<\/ul>\n<h2 data-path-to-node=\"14\">Spesifikasjoner<\/h2>\n<table data-path-to-node=\"15\">\n<thead>\n<tr>\n<td><strong>Modelltype<\/strong><\/td>\n<td><strong>Dimensjoner<\/strong><\/td>\n<td><strong>Tilgjengelige farger<\/strong><\/td>\n<td><strong>Innvendig f\u00f4r<\/strong><\/td>\n<\/tr>\n<\/thead>\n<tbody>\n<tr>\n<td><span data-path-to-node=\"15,1,0,0\"><b data-path-to-node=\"15,1,0,0\" data-index-in-node=\"0\">Standard merkeboks<\/b><\/span><\/td>\n<td><span data-path-to-node=\"15,1,1,0\">54 \u00d7 57 \u00d7 34 mm<\/span><\/td>\n<td><span data-path-to-node=\"15,1,2,0\">R\u00f8d, marinebl\u00e5, gr\u00f8nn, svart<\/span><\/td>\n<td><span data-path-to-node=\"15,1,3,0\">Fl\u00f8yelspute + Gyllen krok<\/span><\/td>\n<\/tr>\n<tr>\n<td><span data-path-to-node=\"15,2,0,0\"><b data-path-to-node=\"15,2,0,0\" data-index-in-node=\"0\">Liten merkeboks<\/b><\/span><\/td>\n<td><span data-path-to-node=\"15,2,1,0\">45 \u00d7 51 \u00d7 24 mm<\/span><\/td>\n<td><span data-path-to-node=\"15,2,2,0\">R\u00f8d, Marinebl\u00e5<\/span><\/td>\n<td><span data-path-to-node=\"15,2,3,0\">Papppiercingpute<\/span><\/td>\n<\/tr>\n<tr>\n<td><span data-path-to-node=\"15,3,0,0\"><b data-path-to-node=\"15,3,0,0\" data-index-in-node=\"0\">Medium merkeboks<\/b><\/span><\/td>\n<td><span data-path-to-node=\"15,3,1,0\">60 \u00d7 75 \u00d7 31 mm<\/span><\/td>\n<td><span data-path-to-node=\"15,3,2,0\">R\u00f8d, Gr\u00f8nn, Marinebl\u00e5, Burgunder<\/span><\/td>\n<td><span data-path-to-node=\"15,3,3,0\">Fl\u00f8yels piercingpute<\/span><\/td>\n<\/tr>\n<tr>\n<td><span data-path-to-node=\"15,4,0,0\"><b data-path-to-node=\"15,4,0,0\" data-index-in-node=\"0\">Rund smykkeskrin<\/b><\/span><\/td>\n<td><span data-path-to-node=\"15,4,1,0\">57 \u00d7 51 \u00d7 39 mm<\/span><\/td>\n<td><span data-path-to-node=\"15,4,2,0\">R\u00f8d, marinebl\u00e5, gr\u00f8nn, svart<\/span><\/td>\n<td><span data-path-to-node=\"15,4,3,0\">Fl\u00f8yelspute med splitt<\/span><\/td>\n<\/tr>\n<tr>\n<td><span data-path-to-node=\"15,5,0,0\"><b data-path-to-node=\"15,5,0,0\" data-index-in-node=\"0\">Slipsn\u00e5lboks<\/b><\/span><\/td>\n<td><span data-path-to-node=\"15,5,1,0\">89 \u00d7 41 \u00d7 29 mm<\/span><\/td>\n<td><span data-path-to-node=\"15,5,2,0\">R\u00f8d, gr\u00f8nn, marinebl\u00e5<\/span><\/td>\n<td><span data-path-to-node=\"15,5,3,0\">Fl\u00f8yelspute med splitt<\/span><\/td>\n<\/tr>\n<tr>\n<td><span data-path-to-node=\"15,6,0,0\"><b data-path-to-node=\"15,6,0,0\" data-index-in-node=\"0\">Gjennomsiktig lokkboks<\/b><\/span><\/td>\n<td><span data-path-to-node=\"15,6,1,0\">74 \u00d7 50 \u00d7 38 mm<\/span><\/td>\n<td><span data-path-to-node=\"15,6,2,0\">R\u00f8d<\/span><\/td>\n<td><span data-path-to-node=\"15,6,3,0\">Fl\u00f8yelspute med splitt<\/span><\/td>\n<\/tr>\n<\/tbody>\n<\/table>\n<h2 data-path-to-node=\"16\">Brukstilfeller<\/h2>\n<ul data-path-to-node=\"17\">\n<li>\n<p data-path-to-node=\"17,0,0\"><b data-path-to-node=\"17,0,0\" data-index-in-node=\"0\">Bedriftspriser:<\/b> Standarden for \u00e5 overrekke n\u00e5ler eller fortjenestemerker med \u201c\u00c5r i tjeneste\u201d til ansatte.<\/p>\n<\/li>\n<li>\n<p data-path-to-node=\"17,1,0\"><b data-path-to-node=\"17,1,0\" data-index-in-node=\"0\">Smykkehandel:<\/b> Forbedre utpakkingsopplevelsen for ringer, \u00f8redobber og slipsn\u00e5ler.<\/p>\n<\/li>\n<li>\n<p data-path-to-node=\"17,2,0\"><b data-path-to-node=\"17,2,0\" data-index-in-node=\"0\">Milit\u00e6r og myndigheter:<\/b> Formelle presentasjonsetuier for offisielle insignier og medaljer.<\/p>\n<\/li>\n<\/ul>","protected":false},"excerpt":{"rendered":"<ul>\n<li>\n<p data-path-to-node=\"9,0,0\"><b data-path-to-node=\"9,0,0\" data-index-in-node=\"0\">Premium fl\u00f8yelsfinish:<\/b> Mykt ytre som \u00f8ker den oppfattede verdien av enhver pris, n\u00e5l eller smykke.<\/p>\n<\/li>\n<li>\n<p data-path-to-node=\"9,1,0\"><b data-path-to-node=\"9,1,0\" data-index-in-node=\"0\">Sikre innlegg:<\/b> Har spesialf\u00f4r, inkludert hullputer for n\u00e5ler og gullkroker til medaljer.<\/p>\n<\/li>\n<li>\n<p data-path-to-node=\"9,2,0\"><b data-path-to-node=\"9,2,0\" data-index-in-node=\"0\">Allsidig utvalg:<\/b> Spesifikke modeller tilgjengelig for jakkeslagn\u00e5ler, slipsn\u00e5ler, mansjettknapper og ringer.<\/p>\n<\/li>\n<li>\n<p data-path-to-node=\"9,3,0\"><b data-path-to-node=\"9,3,0\" data-index-in-node=\"0\">Tilpasset merkevarebygging:<\/b> Utvalgte modeller tilbyr muligheten til \u00e5 trykke logoen din direkte p\u00e5 lokket for en komplett bedriftsidentitet.<\/p>\n<\/li>\n<\/ul>","protected":false},"featured_media":6238,"comment_status":"closed","ping_status":"closed","template":"","meta":[],"product_brand":[],"product_cat":[79,121],"product_tag":[],"class_list":{"0":"post-6237","1":"product","2":"type-product","3":"status-publish","4":"has-post-thumbnail","6":"product_cat-awards","7":"product_cat-promotional-merchandise","9":"first","10":"instock","11":"shipping-taxable","12":"purchasable","13":"product-type-simple"},"_links":{"self":[{"href":"https:\/\/displayproducts.eu\/nb\/wp-json\/wp\/v2\/product\/6237","targetHints":{"allow":["GET"]}}],"collection":[{"href":"https:\/\/displayproducts.eu\/nb\/wp-json\/wp\/v2\/product"}],"about":[{"href":"https:\/\/displayproducts.eu\/nb\/wp-json\/wp\/v2\/types\/product"}],"replies":[{"embeddable":true,"href":"https:\/\/displayproducts.eu\/nb\/wp-json\/wp\/v2\/comments?post=6237"}],"wp:featuredmedia":[{"embeddable":true,"href":"https:\/\/displayproducts.eu\/nb\/wp-json\/wp\/v2\/media\/6238"}],"wp:attachment":[{"href":"https:\/\/displayproducts.eu\/nb\/wp-json\/wp\/v2\/media?parent=6237"}],"wp:term":[{"taxonomy":"product_brand","embeddable":true,"href":"https:\/\/displayproducts.eu\/nb\/wp-json\/wp\/v2\/product_brand?post=6237"},{"taxonomy":"product_cat","embeddable":true,"href":"https:\/\/displayproducts.eu\/nb\/wp-json\/wp\/v2\/product_cat?post=6237"},{"taxonomy":"product_tag","embeddable":true,"href":"https:\/\/displayproducts.eu\/nb\/wp-json\/wp\/v2\/product_tag?post=6237"}],"curies":[{"name":"wp","href":"https:\/\/api.w.org\/{rel}","templated":true}]}}