{"id":6234,"date":"2025-12-20T18:28:29","date_gmt":"2025-12-20T15:28:29","guid":{"rendered":"https:\/\/wristbandfactory.eu\/?post_type=product&#038;p=6234"},"modified":"2026-04-01T21:52:34","modified_gmt":"2026-04-01T18:52:34","slug":"custom-3d-printed-cookie-cutters-gingerbread-molds-logo-shape","status":"publish","type":"product","link":"https:\/\/displayproducts.eu\/nb\/p\/custom-3d-printed-cookie-cutters-gingerbread-molds-logo-shape\/","title":{"rendered":"Pepperkakeformer med logo (3D-printet)"},"content":{"rendered":"<p data-path-to-node=\"10\">F\u00e5 en smak av merkevaren din inn i hver kundes kj\u00f8kken med v\u00e5re <b data-path-to-node=\"10\" data-index-in-node=\"88\">Tilpassede 3D-trykte kakeutstikkere<\/b>. Enten det er til julepepperkaker, shortbread eller sukkerkjeks, gj\u00f8r disse spesiallagde formene en bake\u00f8kt til en merkevareopplevelse. I motsetning til vanlige metallskj\u00e6rere lar 3D-printteknologien v\u00e5r oss lage <b data-path-to-node=\"10\" data-index-in-node=\"332\">enhver tuten trykkig form<\/b>\u2013 fra din eksakte firmalogo til en spesifikk produktsilhuett.<\/p>\n<p data-path-to-node=\"11\">Disse kutterne er produsert med HD 3D-printteknologi, og er robuste og presise. Vi legger spesiell vekt p\u00e5 skj\u00e6rekanten, slik at den er skarp nok til \u00e5 skj\u00e6re rent gjennom deig samtidig som den opprettholder et trygt og komfortabelt grep p\u00e5 den \u00f8vre kanten. Tilgjengelig i festlige farger som r\u00f8d, gr\u00f8nn og bl\u00e5 for \u00e5 matche julestemningen eller din bedriftsidentitet.<\/p>\n<h2 data-path-to-node=\"12\">Viktige funksjoner<\/h2>\n<ul data-path-to-node=\"13\">\n<li>\n<p data-path-to-node=\"13,0,0\"><b data-path-to-node=\"13,0,0\" data-index-in-node=\"0\">Merkevarebasert design:<\/b> Det finnes ingen \u201cstandardformer\u201d her. Hver kutter er modellert spesielt for deg, slik at den matcher logoen eller kampanjetemaet ditt.<\/p>\n<\/li>\n<li>\n<p data-path-to-node=\"13,1,0\"><b data-path-to-node=\"13,1,0\" data-index-in-node=\"0\">Biobasert materiale:<\/b> Laget av <b data-path-to-node=\"13,1,0\" data-index-in-node=\"30\">Matsikker PLA<\/b> (Polymelkesyre), en bioplast utvunnet fra maisstivelse eller sukkerr\u00f8r, noe som gj\u00f8r den til et milj\u00f8ansvarlig valg.<\/p>\n<\/li>\n<li>\n<p data-path-to-node=\"13,2,0\"><b data-path-to-node=\"13,2,0\" data-index-in-node=\"0\">Optimalisert geometri:<\/b> Har en forsterket kant for holdbarhet og en avsmalnet skj\u00e6rekant for uten trykk deigl\u00f8sning.<\/p>\n<\/li>\n<li>\n<p data-path-to-node=\"13,3,0\"><b data-path-to-node=\"13,3,0\" data-index-in-node=\"0\">Livlige farger:<\/b> Tilgjengelig i en rekke farger for \u00e5 gj\u00f8re selve verkt\u00f8yet visuelt tiltalende som gave.<\/p>\n<\/li>\n<\/ul>\n<h2 data-path-to-node=\"14\">Spesifikasjoner<\/h2>\n<ul data-path-to-node=\"15\">\n<li>\n<p data-path-to-node=\"15,0,0\"><b data-path-to-node=\"15,0,0\" data-index-in-node=\"0\">Materiale:<\/b> Matsikker PLA-plast (biologisk nedbrytbar).<\/p>\n<\/li>\n<li>\n<p data-path-to-node=\"15,1,0\"><b data-path-to-node=\"15,1,0\" data-index-in-node=\"0\">Produksjonsmetode:<\/b> H\u00f8yoppl\u00f8selig FDM 3D-utskrift (70\u2013200 mikron).<\/p>\n<\/li>\n<li>\n<p data-path-to-node=\"15,2,0\"><b data-path-to-node=\"15,2,0\" data-index-in-node=\"0\">Standard dybde:<\/b> 1,27 cm (0,5 tommer) \u2013 Ideell for standard utrullet deig. <i data-path-to-node=\"15,2,0\" data-index-in-node=\"72\">Tilpassede dybder tilgjengelig.<\/i><\/p>\n<\/li>\n<li>\n<p data-path-to-node=\"15,3,0\"><b data-path-to-node=\"15,3,0\" data-index-in-node=\"0\">St\u00f8rrelse:<\/b> Tilpasset (Skalert til design). <i data-path-to-node=\"15,3,0\" data-index-in-node=\"33\">Referansebilder bruker et rutenett p\u00e5 2,54 cm.<\/i><\/p>\n<\/li>\n<li>\n<p data-path-to-node=\"15,4,0\"><b data-path-to-node=\"15,4,0\" data-index-in-node=\"0\">Stellinstruksjoner:<\/b> <b data-path-to-node=\"15,4,0\" data-index-in-node=\"19\">Kun h\u00e5ndvask<\/b> med lunkent vann. Ikke oppvaskmaskinsikker (h\u00f8y varme kan deformere PLA). Unng\u00e5 langvarig eksponering for direkte sollys.<\/p>\n<\/li>\n<\/ul>\n<h2 data-path-to-node=\"16\">Brukstilfeller<\/h2>\n<ul data-path-to-node=\"17\">\n<li>\n<p data-path-to-node=\"17,0,0\"><b data-path-to-node=\"17,0,0\" data-index-in-node=\"0\">Firmajulegaver:<\/b> Inkluder en merkevarebasert kakeutstikker i gavekurver til partnere og ansatte i h\u00f8ytiden.<\/p>\n<\/li>\n<li>\n<p data-path-to-node=\"17,1,0\"><b data-path-to-node=\"17,1,0\" data-index-in-node=\"0\">Catering til arrangementer:<\/b> Server kaker formet som ditt nye produkt p\u00e5 lanseringsfester eller messer.<\/p>\n<\/li>\n<li>\n<p data-path-to-node=\"17,2,0\"><b data-path-to-node=\"17,2,0\" data-index-in-node=\"0\">Varehandel:<\/b> En unik og rimelig vare for kokkeskoler, bakerier eller familievennlige merkevarer \u00e5 selge eller gi bort.<\/p>\n<\/li>\n<\/ul>","protected":false},"excerpt":{"rendered":"<ul>\n<li>\n<p data-path-to-node=\"9,0,0\"><b data-path-to-node=\"9,0,0\" data-index-in-node=\"0\">Tilpasset formmodellering:<\/b> Vi forvandler din 2D-logo eller maskot til en fullt funksjonell 3D-kakeutstikker.<\/p>\n<\/li>\n<li>\n<p data-path-to-node=\"9,1,0\"><b data-path-to-node=\"9,1,0\" data-index-in-node=\"0\">Matsikker og milj\u00f8vennlig:<\/b> Produsert av PLA-plast, et biologisk nedbrytbart materiale utvunnet fra fornybare ressurser.<\/p>\n<\/li>\n<li>\n<p data-path-to-node=\"9,2,0\"><b data-path-to-node=\"9,2,0\" data-index-in-node=\"0\">Presisjonsskj\u00e6ring:<\/b> H\u00f8yoppl\u00f8selig 3D-printing (70\u2013200 mikron) skaper skarpe kanter for rene kutt, selv med intrikate design.<\/p>\n<\/li>\n<li>\n<p data-path-to-node=\"9,3,0\"><b data-path-to-node=\"9,3,0\" data-index-in-node=\"0\">Sesongbasert merkevarebygging:<\/b> Den ultimate interaktive firmagaven som bringer merkevaren din til middagsbordet i julen.<\/p>\n<\/li>\n<\/ul>","protected":false},"featured_media":6235,"comment_status":"closed","ping_status":"closed","template":"","meta":[],"product_brand":[],"product_cat":[122],"product_tag":[],"class_list":{"0":"post-6234","1":"product","2":"type-product","3":"status-publish","4":"has-post-thumbnail","6":"product_cat-promotional-accessories","8":"first","9":"instock","10":"shipping-taxable","11":"purchasable","12":"product-type-simple"},"_links":{"self":[{"href":"https:\/\/displayproducts.eu\/nb\/wp-json\/wp\/v2\/product\/6234","targetHints":{"allow":["GET"]}}],"collection":[{"href":"https:\/\/displayproducts.eu\/nb\/wp-json\/wp\/v2\/product"}],"about":[{"href":"https:\/\/displayproducts.eu\/nb\/wp-json\/wp\/v2\/types\/product"}],"replies":[{"embeddable":true,"href":"https:\/\/displayproducts.eu\/nb\/wp-json\/wp\/v2\/comments?post=6234"}],"wp:featuredmedia":[{"embeddable":true,"href":"https:\/\/displayproducts.eu\/nb\/wp-json\/wp\/v2\/media\/6235"}],"wp:attachment":[{"href":"https:\/\/displayproducts.eu\/nb\/wp-json\/wp\/v2\/media?parent=6234"}],"wp:term":[{"taxonomy":"product_brand","embeddable":true,"href":"https:\/\/displayproducts.eu\/nb\/wp-json\/wp\/v2\/product_brand?post=6234"},{"taxonomy":"product_cat","embeddable":true,"href":"https:\/\/displayproducts.eu\/nb\/wp-json\/wp\/v2\/product_cat?post=6234"},{"taxonomy":"product_tag","embeddable":true,"href":"https:\/\/displayproducts.eu\/nb\/wp-json\/wp\/v2\/product_tag?post=6234"}],"curies":[{"name":"wp","href":"https:\/\/api.w.org\/{rel}","templated":true}]}}