{"id":6232,"date":"2025-12-20T18:21:12","date_gmt":"2025-12-20T15:21:12","guid":{"rendered":"https:\/\/wristbandfactory.eu\/?post_type=product&#038;p=6232"},"modified":"2026-04-01T21:52:03","modified_gmt":"2026-04-01T18:52:03","slug":"custom-printed-beer-coasters-drink-mats-absorbent-pulpboard","status":"publish","type":"product","link":"https:\/\/displayproducts.eu\/nb\/p\/custom-printed-beer-coasters-drink-mats-absorbent-pulpboard\/","title":{"rendered":"\u00d8lbrikker med logo"},"content":{"rendered":"<p data-path-to-node=\"10\">Gj\u00f8r hvert bord om til et reklameplakat med v\u00e5rt <b data-path-to-node=\"10\" data-index-in-node=\"68\">\u00d8lbrikker med spesialtrykk<\/b>. Disse drikkebrikkene er mer enn bare et praktisk verkt\u00f8y for \u00e5 beskytte m\u00f8bler mot s\u00f8l og kondens, og er et kraftig og hyppig markedsf\u00f8ringsmedium. Enten du driver et bryggeri, en bar eller arrangerer et stort bedriftsarrangement, legger spesialtilpassede brikker bokstavelig talt merkevaren din i hendene p\u00e5 publikum.<\/p>\n<p data-path-to-node=\"11\">Vi oppfordrer deg til \u00e5 <b data-path-to-node=\"11\" data-index-in-node=\"20\">bruk fantasien din<\/b>. Fordi disse brikkene er trykket i fullfarge, er du ikke begrenset til en uten trykk logo. Bruk dobbeltsidig utskrift til \u00e5 kj\u00f8re konkurranser, dele cocktailoppskrifter eller vise QR-koder som driver digitalt engasjement.<\/p>\n<h2 data-path-to-node=\"12\">Viktige funksjoner<\/h2>\n<ul data-path-to-node=\"13\">\n<li>\n<p data-path-to-node=\"13,0,0\"><b data-path-to-node=\"13,0,0\" data-index-in-node=\"0\">Overlegen absorberingsevne:<\/b> Laget av spesialisert underlagspapp (pulpboard) som er designet for \u00e5 holde p\u00e5 fuktighet uten \u00e5 g\u00e5 i oppl\u00f8sning, og holder overflatene t\u00f8rre.<\/p>\n<\/li>\n<li>\n<p data-path-to-node=\"13,1,0\"><b data-path-to-node=\"13,1,0\" data-index-in-node=\"0\">Dobbeltsidig merkevarebygging:<\/b> Maksimer budskapet ditt ved \u00e5 trykke forskjellige design p\u00e5 forsiden og baksiden \u2013 ideelt for krysspromotering eller \u201coverraskelses\u201d-meldinger.<\/p>\n<\/li>\n<li>\n<p data-path-to-node=\"13,2,0\"><b data-path-to-node=\"13,2,0\" data-index-in-node=\"0\">Formvariasjon:<\/b> Tilgjengelig i klassisk <b data-path-to-node=\"13,2,0\" data-index-in-node=\"36\">Rund<\/b> eller <b data-path-to-node=\"13,2,0\" data-index-in-node=\"45\">Kvadrat<\/b> formater med avrundede hj\u00f8rner som passer din estetikk.<\/p>\n<\/li>\n<li>\n<p data-path-to-node=\"13,3,0\"><b data-path-to-node=\"13,3,0\" data-index-in-node=\"0\">Utskrift i fotokvalitet:<\/b> V\u00e5r offsettrykkprosess sikrer livlige farger og skarpe detaljer, noe som f\u00e5r designet ditt til \u00e5 skille seg ut.<\/p>\n<\/li>\n<\/ul>\n<h2 data-path-to-node=\"14\">Spesifikasjoner<\/h2>\n<ul data-path-to-node=\"15\">\n<li>\n<p data-path-to-node=\"15,0,0\"><b data-path-to-node=\"15,0,0\" data-index-in-node=\"0\">Materiale:<\/b> H\u00f8ydensitetsabsorberende massepapp (\u00f8lbrett).<\/p>\n<\/li>\n<li>\n<p data-path-to-node=\"15,1,0\"><b data-path-to-node=\"15,1,0\" data-index-in-node=\"0\">Standardformer:<\/b><\/p>\n<ul data-path-to-node=\"15,1,1\">\n<li>\n<p data-path-to-node=\"15,1,1,0,0\">Rund (\u00d8 107 mm eller \u00d8 93 mm).<\/p>\n<\/li>\n<li>\n<p data-path-to-node=\"15,1,1,1,0\">Firkantet (93 \u00d7 93 mm eller 107 \u00d7 107 mm) med avrundede hj\u00f8rner.<\/p>\n<\/li>\n<\/ul>\n<\/li>\n<li>\n<p data-path-to-node=\"15,2,0\"><b data-path-to-node=\"15,2,0\" data-index-in-node=\"0\">Tykkelsesalternativer:<\/b> Standard 1,2 mm, premium 1,6 mm eller kraftig 2,0 mm.<\/p>\n<\/li>\n<li>\n<p data-path-to-node=\"15,3,0\"><b data-path-to-node=\"15,3,0\" data-index-in-node=\"0\">Printing:<\/b> Fullfargeoffset (CMYK) p\u00e5 begge sider.<\/p>\n<\/li>\n<\/ul>\n<h2 data-path-to-node=\"16\">Brukstilfeller<\/h2>\n<ul data-path-to-node=\"17\">\n<li>\n<p data-path-to-node=\"17,0,0\"><b data-path-to-node=\"17,0,0\" data-index-in-node=\"0\">Bryggerier og barer:<\/b> Viktig for servering av fat\u00f8l samtidig som den forsterker merkeidentiteten.<\/p>\n<\/li>\n<li>\n<p data-path-to-node=\"17,1,0\"><b data-path-to-node=\"17,1,0\" data-index-in-node=\"0\">Bryllup og fester:<\/b> Personlige brikker gir borddekkingen et unikt preg og fungerer som minneverdige gaver.<\/p>\n<\/li>\n<li>\n<p data-path-to-node=\"17,2,0\"><b data-path-to-node=\"17,2,0\" data-index-in-node=\"0\">Geriljamarkedsf\u00f8ring:<\/b> Distribuer dem p\u00e5 partnersteder for \u00e5 promotere en applansering, festival eller taxitjeneste.<\/p>\n<\/li>\n<\/ul>","protected":false},"excerpt":{"rendered":"<ul>\n<li>\n<p data-path-to-node=\"9,0,0\"><b data-path-to-node=\"9,0,0\" data-index-in-node=\"0\">Sv\u00e6rt absorberende:<\/b> Laget av f\u00f8rsteklasses massepapp som effektivt absorberer kondens og beskytter bord og m\u00f8bler.<\/p>\n<\/li>\n<li>\n<p data-path-to-node=\"9,1,0\"><b data-path-to-node=\"9,1,0\" data-index-in-node=\"0\">Maksimal eksponering:<\/b> Plassert rett foran kunden, slik at merkevaren din blir synlig med hver slurk.<\/p>\n<\/li>\n<li>\n<p data-path-to-node=\"9,2,0\"><b data-path-to-node=\"9,2,0\" data-index-in-node=\"0\">Kreativ markedsf\u00f8ring:<\/b> Perfekt for QR-koder, quiz-spill eller samlerobjekter for \u00e5 engasjere kunder interaktivt.<\/p>\n<\/li>\n<li>\n<p data-path-to-node=\"9,3,0\"><b data-path-to-node=\"9,3,0\" data-index-in-node=\"0\">Kostnadseffektiv:<\/b> Et rimelig markedsf\u00f8ringsverkt\u00f8y for store volumer som gir h\u00f8y avkastning p\u00e5 investeringen.<\/p>\n<\/li>\n<\/ul>","protected":false},"featured_media":6233,"comment_status":"closed","ping_status":"closed","template":"","meta":[],"product_brand":[],"product_cat":[119],"product_tag":[],"class_list":{"0":"post-6232","1":"product","2":"type-product","3":"status-publish","4":"has-post-thumbnail","6":"product_cat-drinkware-accessories","8":"first","9":"instock","10":"shipping-taxable","11":"purchasable","12":"product-type-simple"},"_links":{"self":[{"href":"https:\/\/displayproducts.eu\/nb\/wp-json\/wp\/v2\/product\/6232","targetHints":{"allow":["GET"]}}],"collection":[{"href":"https:\/\/displayproducts.eu\/nb\/wp-json\/wp\/v2\/product"}],"about":[{"href":"https:\/\/displayproducts.eu\/nb\/wp-json\/wp\/v2\/types\/product"}],"replies":[{"embeddable":true,"href":"https:\/\/displayproducts.eu\/nb\/wp-json\/wp\/v2\/comments?post=6232"}],"wp:featuredmedia":[{"embeddable":true,"href":"https:\/\/displayproducts.eu\/nb\/wp-json\/wp\/v2\/media\/6233"}],"wp:attachment":[{"href":"https:\/\/displayproducts.eu\/nb\/wp-json\/wp\/v2\/media?parent=6232"}],"wp:term":[{"taxonomy":"product_brand","embeddable":true,"href":"https:\/\/displayproducts.eu\/nb\/wp-json\/wp\/v2\/product_brand?post=6232"},{"taxonomy":"product_cat","embeddable":true,"href":"https:\/\/displayproducts.eu\/nb\/wp-json\/wp\/v2\/product_cat?post=6232"},{"taxonomy":"product_tag","embeddable":true,"href":"https:\/\/displayproducts.eu\/nb\/wp-json\/wp\/v2\/product_tag?post=6232"}],"curies":[{"name":"wp","href":"https:\/\/api.w.org\/{rel}","templated":true}]}}