{"id":6230,"date":"2025-12-20T18:14:23","date_gmt":"2025-12-20T15:14:23","guid":{"rendered":"https:\/\/wristbandfactory.eu\/?post_type=product&#038;p=6230"},"modified":"2026-04-01T21:52:34","modified_gmt":"2026-04-01T18:52:34","slug":"custom-printed-door-hangers-do-not-disturb-signs-pvc-pp-cardboard","status":"publish","type":"product","link":"https:\/\/displayproducts.eu\/nb\/p\/custom-printed-door-hangers-do-not-disturb-signs-pvc-pp-cardboard\/","title":{"rendered":"D\u00f8rhengere med logo"},"content":{"rendered":"<p data-path-to-node=\"10\">Effektiviser kommunikasjonen og forbedre merkevarebyggingen med v\u00e5r <b data-path-to-node=\"10\" data-index-in-node=\"80\">D\u00f8rhengere med spesialtrykk<\/b>. Enten du trenger funksjonelle \u201cIkke forstyrr\u201d-skilt til en hotellkjede eller i\u00f8ynefallende markedsf\u00f8ringsverkt\u00f8y til en geriljakampanje, er d\u00f8rhengerne v\u00e5re designet for \u00e5 formidle budskapet ditt tydelig og profesjonelt.<\/p>\n<p data-path-to-node=\"11\">Vi tilbyr en rekke materialer som passer dine spesifikke behov for holdbarhet. <b data-path-to-node=\"11\" data-index-in-node=\"74\">PVC og polypropylen (PP)<\/b> Alternativene er slitesterke og vanntette, noe som gj\u00f8r dem ideelle for daglig gjentatt bruk i serveringssteder. For kortsiktige kampanjer eller direktepostkampanjer er v\u00e5re h\u00f8ykvalitets <b data-path-to-node=\"11\" data-index-in-node=\"283\">Papp<\/b> Alternativene tilbyr et f\u00f8rsteklasses utseende til en kostnadseffektiv pris.<\/p>\n<h2 data-path-to-node=\"12\">Viktige funksjoner<\/h2>\n<ul data-path-to-node=\"13\">\n<li>\n<p data-path-to-node=\"13,0,0\"><b data-path-to-node=\"13,0,0\" data-index-in-node=\"0\">Materialfleksibilitet:<\/b><\/p>\n<ul data-path-to-node=\"13,0,1\">\n<li>\n<p data-path-to-node=\"13,0,1,0,0\"><b data-path-to-node=\"13,0,1,0,0\" data-index-in-node=\"0\">PVC\/PP:<\/b> Vanntett, stiv og uten trykk \u00e5 rengj\u00f8re. Perfekt for langvarig innend\u00f8rs og utend\u00f8rs bruk.<\/p>\n<\/li>\n<li>\n<p data-path-to-node=\"13,0,1,1,0\"><b data-path-to-node=\"13,0,1,1,0\" data-index-in-node=\"0\">Papp:<\/b> B\u00e6rekraftig og lett. Ideell for engangsarrangementer eller massedistribusjon.<\/p>\n<\/li>\n<\/ul>\n<\/li>\n<li>\n<p data-path-to-node=\"13,1,0\"><b data-path-to-node=\"13,1,0\" data-index-in-node=\"0\">Visuell fortreffelighet:<\/b> Vi bruker HD <b data-path-to-node=\"13,1,0\" data-index-in-node=\"42\">Forskyvning<\/b> eller <b data-path-to-node=\"13,1,0\" data-index-in-node=\"52\">Silketrykk<\/b> for \u00e5 sikre at logoen og teksten din er skarp, fargerik og falmebestandig.<\/p>\n<\/li>\n<li>\n<p data-path-to-node=\"13,2,0\"><b data-path-to-node=\"13,2,0\" data-index-in-node=\"0\">Tilpassede former:<\/b> Selv om vi tilbyr standard rektangul\u00e6re former med krok, kan vi ogs\u00e5 stanse kleshengerne i spesialtilpassede former som matcher merkevaren din.<\/p>\n<\/li>\n<li>\n<p data-path-to-node=\"13,3,0\"><b data-path-to-node=\"13,3,0\" data-index-in-node=\"0\">Dobbel meldingsfunksjon:<\/b> Bruk begge sider av taggen for \u00e5 formidle mer informasjon eller tilby dobbel funksjonalitet.<\/p>\n<\/li>\n<\/ul>\n<h2 data-path-to-node=\"14\">Spesifikasjoner<\/h2>\n<ul data-path-to-node=\"15\">\n<li>\n<p data-path-to-node=\"15,0,0\"><b data-path-to-node=\"15,0,0\" data-index-in-node=\"0\">Materialer:<\/b> Stiv PVC, fleksibel PP (polypropylen) eller belagt papp.<\/p>\n<\/li>\n<li>\n<p data-path-to-node=\"15,1,0\"><b data-path-to-node=\"15,1,0\" data-index-in-node=\"0\">Trykkteknikk:<\/b> Fullfargeoffset (CMYK) eller silketrykk (spotfarger).<\/p>\n<\/li>\n<li>\n<p data-path-to-node=\"15,2,0\"><b data-path-to-node=\"15,2,0\" data-index-in-node=\"0\">Utskriftsdekning:<\/b> Ensidig eller tosidig.<\/p>\n<\/li>\n<li>\n<p data-path-to-node=\"15,3,0\"><b data-path-to-node=\"15,3,0\" data-index-in-node=\"0\">Tykkelse:<\/b> Kan tilpasses basert p\u00e5 materialvalg (f.eks. 300 g papp, 500 mikron PVC).<\/p>\n<\/li>\n<li>\n<p data-path-to-node=\"15,4,0\"><b data-path-to-node=\"15,4,0\" data-index-in-node=\"0\">Vedlegg:<\/b> Standard utstanset krok for d\u00f8rh\u00e5ndtak.<\/p>\n<\/li>\n<\/ul>\n<h2 data-path-to-node=\"16\">Brukstilfeller<\/h2>\n<ul data-path-to-node=\"17\">\n<li>\n<p data-path-to-node=\"17,0,0\"><b data-path-to-node=\"17,0,0\" data-index-in-node=\"0\">Gjestfrihetsbransjen:<\/b> Viktig for hoteller, feriesteder og cruiseskip (\u201cIkke forstyrr\u201d, \u201cFrokostmeny\u201d, \u201cRomservice\u201d).<\/p>\n<\/li>\n<li>\n<p data-path-to-node=\"17,1,0\"><b data-path-to-node=\"17,1,0\" data-index-in-node=\"0\">Bedriftskontorer:<\/b> Nyttig for m\u00f8terom (\u201cM\u00f8te p\u00e5g\u00e5r\u201d) eller rengj\u00f8ringsplaner.<\/p>\n<\/li>\n<li>\n<p data-path-to-node=\"17,2,0\"><b data-path-to-node=\"17,2,0\" data-index-in-node=\"0\">Eiendom og markedsf\u00f8ring:<\/b> \u201cNylig solgt\u201d- eller \u201c\u00c5pent hus\u201d-skilt p\u00e5 d\u00f8rh\u00e5ndtakene i nabolaget.<\/p>\n<\/li>\n<\/ul>\n<p data-path-to-node=\"18\">","protected":false},"excerpt":{"rendered":"<ul>\n<li>\n<p data-path-to-node=\"9,0,0\"><b data-path-to-node=\"9,0,0\" data-index-in-node=\"0\">Allsidig materialvalg:<\/b> Velg robust PVC eller polypropylen (PP) for langvarig gjenbruk p\u00e5 hoteller, eller kostnadseffektiv papp til markedsf\u00f8ringskampanjer.<\/p>\n<\/li>\n<li>\n<p data-path-to-node=\"9,1,0\"><b data-path-to-node=\"9,1,0\" data-index-in-node=\"0\">H\u00f8ytrykkstrykk:<\/b> Tilgjengelig med livlig fullfargeoffsettrykk eller silketrykk for \u00e5 sikre at budskapet ditt er synlig p\u00e5 avstand.<\/p>\n<\/li>\n<li>\n<p data-path-to-node=\"9,2,0\"><b data-path-to-node=\"9,2,0\" data-index-in-node=\"0\">Tosidig kommunikasjon:<\/b> Maksimer nytten ved \u00e5 skrive ut forskjellige meldinger p\u00e5 hver side (f.eks. \u201cIkke forstyrr\u201d \/ \u201cVennligst rengj\u00f8r rommet\u201d).<\/p>\n<\/li>\n<li>\n<p data-path-to-node=\"9,3,0\"><b data-path-to-node=\"9,3,0\" data-index-in-node=\"0\">Universell passform:<\/b> Designet for \u00e5 passe til standard d\u00f8rh\u00e5ndtak p\u00e5 hoteller, konferansesentre og bedriftskontorer.<\/p>\n<\/li>\n<\/ul>","protected":false},"featured_media":6280,"comment_status":"closed","ping_status":"closed","template":"","meta":[],"product_brand":[],"product_cat":[132],"product_tag":[],"class_list":{"0":"post-6230","1":"product","2":"type-product","3":"status-publish","4":"has-post-thumbnail","6":"product_cat-hotel-spa-amenities","8":"first","9":"instock","10":"shipping-taxable","11":"product-type-simple"},"_links":{"self":[{"href":"https:\/\/displayproducts.eu\/nb\/wp-json\/wp\/v2\/product\/6230","targetHints":{"allow":["GET"]}}],"collection":[{"href":"https:\/\/displayproducts.eu\/nb\/wp-json\/wp\/v2\/product"}],"about":[{"href":"https:\/\/displayproducts.eu\/nb\/wp-json\/wp\/v2\/types\/product"}],"replies":[{"embeddable":true,"href":"https:\/\/displayproducts.eu\/nb\/wp-json\/wp\/v2\/comments?post=6230"}],"wp:featuredmedia":[{"embeddable":true,"href":"https:\/\/displayproducts.eu\/nb\/wp-json\/wp\/v2\/media\/6280"}],"wp:attachment":[{"href":"https:\/\/displayproducts.eu\/nb\/wp-json\/wp\/v2\/media?parent=6230"}],"wp:term":[{"taxonomy":"product_brand","embeddable":true,"href":"https:\/\/displayproducts.eu\/nb\/wp-json\/wp\/v2\/product_brand?post=6230"},{"taxonomy":"product_cat","embeddable":true,"href":"https:\/\/displayproducts.eu\/nb\/wp-json\/wp\/v2\/product_cat?post=6230"},{"taxonomy":"product_tag","embeddable":true,"href":"https:\/\/displayproducts.eu\/nb\/wp-json\/wp\/v2\/product_tag?post=6230"}],"curies":[{"name":"wp","href":"https:\/\/api.w.org\/{rel}","templated":true}]}}