{"id":6228,"date":"2025-12-20T18:09:00","date_gmt":"2025-12-20T15:09:00","guid":{"rendered":"https:\/\/wristbandfactory.eu\/?post_type=product&#038;p=6228"},"modified":"2026-04-01T21:52:34","modified_gmt":"2026-04-01T18:52:34","slug":"custom-printed-rulers-3d-lenticular-rulers-pvc-pp-pet","status":"publish","type":"product","link":"https:\/\/displayproducts.eu\/nb\/p\/custom-printed-rulers-3d-lenticular-rulers-pvc-pp-pet\/","title":{"rendered":"Linjaler med logo (PVC &amp; 3D)"},"content":{"rendered":"<p data-path-to-node=\"10\">Sikre deg en permanent plass p\u00e5 kundens skrivebord med v\u00e5r <b data-path-to-node=\"10\" data-index-in-node=\"80\">Tilpassede trykte linjaler<\/b>. I motsetning til engangsflyers er en linjal med logo et praktisk verkt\u00f8y som gir langsiktig verdi og daglig synlighet p\u00e5 kontorer, skoler og i industrimilj\u00f8er.<\/p>\n<p data-path-to-node=\"11\">Vi tilbyr et bredt utvalg av materialer som passer dine kampanjem\u00e5l. Velg v\u00e5rt <b data-path-to-node=\"11\" data-index-in-node=\"75\">Standard PVC<\/b> for et klassisk utseende, <b data-path-to-node=\"11\" data-index-in-node=\"108\">Milj\u00f8vennlig polypropylen (PP)<\/b> for b\u00e6rekraftig merkevarebygging, eller v\u00e5r banebrytende <b data-path-to-node=\"11\" data-index-in-node=\"186\">3D-linseformede linjaler<\/b> for maksimal effekt. Den linseformede teknologien skaper engasjerende visuelle effekter som animasjon, dybde eller bildevipping, noe som gj\u00f8r den ideell for kampanjer innen farmas\u00f8ytisk og n\u00e6ringsmiddelindustri.<\/p>\n<h2 data-path-to-node=\"12\">Viktige funksjoner<\/h2>\n<ul data-path-to-node=\"13\">\n<li>\n<p data-path-to-node=\"13,0,0\"><b data-path-to-node=\"13,0,0\" data-index-in-node=\"0\">H\u00f8yoppl\u00f8selig merkevarebygging:<\/b> Enten du velger digitaltrykk for komplekse bilder eller silketrykk for heldekkende spotfarger, sikrer vi skarpe og livlige resultater.<\/p>\n<\/li>\n<li>\n<p data-path-to-node=\"13,1,0\"><b data-path-to-node=\"13,1,0\" data-index-in-node=\"0\">Tilpassede dimensjoner:<\/b> Vi tilbyr ikke bare standardst\u00f8rrelser; vi kan produsere linjaler fra kompakte 15 cm-versjoner opp til store 68 cm-formater.<\/p>\n<\/li>\n<li>\n<p data-path-to-node=\"13,2,0\"><b data-path-to-node=\"13,2,0\" data-index-in-node=\"0\">Milj\u00f8vennlige alternativer:<\/b> For gr\u00f8nne kampanjer tilbyr vi biologisk nedbrytbare og resirkulerbare polypropylen (PP)-materialer.<\/p>\n<\/li>\n<li>\n<p data-path-to-node=\"13,3,0\"><b data-path-to-node=\"13,3,0\" data-index-in-node=\"0\">Avanserte 3D-effekter:<\/b> Linseformet utskrift muliggj\u00f8r \u201cFlip\u201d (endring av bilder), \u201cMovement\u201d (videolignende bevegelse) eller \u201c3D-dybde\u201d-effekter, og gj\u00f8r en uten trykk linjal om til en interaktiv opplevelse.<\/p>\n<\/li>\n<\/ul>\n<h2 data-path-to-node=\"14\">Spesifikasjoner<\/h2>\n<table data-path-to-node=\"15\">\n<thead>\n<tr>\n<td><strong>Trekk<\/strong><\/td>\n<td><strong>PVC-linjaler<\/strong><\/td>\n<td><strong>PP (polypropylen) linjaler<\/strong><\/td>\n<td><strong>3D-linseformede linjaler<\/strong><\/td>\n<\/tr>\n<\/thead>\n<tbody>\n<tr>\n<td><span data-path-to-node=\"15,1,0,0\"><b data-path-to-node=\"15,1,0,0\" data-index-in-node=\"0\">Materiale<\/b><\/span><\/td>\n<td><span data-path-to-node=\"15,1,1,0\">Halvstiv hvit PVC<\/span><\/td>\n<td><span data-path-to-node=\"15,1,2,0\">Fleksibel milj\u00f8vennlig PP<\/span><\/td>\n<td><span data-path-to-node=\"15,1,3,0\">Linseformet PET<\/span><\/td>\n<\/tr>\n<tr>\n<td><span data-path-to-node=\"15,2,0,0\"><b data-path-to-node=\"15,2,0,0\" data-index-in-node=\"0\">Tykkelse<\/b><\/span><\/td>\n<td><span data-path-to-node=\"15,2,1,0\">300, 500 eller 700 mikron<\/span><\/td>\n<td><span data-path-to-node=\"15,2,2,0\">500 eller 800 mikron<\/span><\/td>\n<td><span data-path-to-node=\"15,2,3,0\">500 mikron<\/span><\/td>\n<\/tr>\n<tr>\n<td><span data-path-to-node=\"15,3,0,0\"><b data-path-to-node=\"15,3,0,0\" data-index-in-node=\"0\">Utskriftsmetode<\/b><\/span><\/td>\n<td><span data-path-to-node=\"15,3,1,0\">Digitalt eller silketrykk<\/span><\/td>\n<td><span data-path-to-node=\"15,3,2,0\">Digitalt eller silketrykk<\/span><\/td>\n<td><span data-path-to-node=\"15,3,3,0\">Forskyvning\/skjerm (3D-effekter)<\/span><\/td>\n<\/tr>\n<tr>\n<td><span data-path-to-node=\"15,4,0,0\"><b data-path-to-node=\"15,4,0,0\" data-index-in-node=\"0\">Sider<\/b><\/span><\/td>\n<td><span data-path-to-node=\"15,4,1,0\">1- eller 2-sidig<\/span><\/td>\n<td><span data-path-to-node=\"15,4,2,0\">1- eller 2-sidig<\/span><\/td>\n<td><span data-path-to-node=\"15,4,3,0\">Foran (3D) + Bak (statisk)<\/span><\/td>\n<\/tr>\n<tr>\n<td><span data-path-to-node=\"15,5,0,0\"><b data-path-to-node=\"15,5,0,0\" data-index-in-node=\"0\">Lengdeomr\u00e5de<\/b><\/span><\/td>\n<td><span data-path-to-node=\"15,5,1,0\">15 cm \u2013 68 cm<\/span><\/td>\n<td><span data-path-to-node=\"15,5,2,0\">15 cm \u2013 68 cm<\/span><\/td>\n<td><span data-path-to-node=\"15,5,3,0\">Standardst\u00f8rrelser<\/span><\/td>\n<\/tr>\n<\/tbody>\n<\/table>\n<h2 data-path-to-node=\"16\">Brukstilfeller<\/h2>\n<ul data-path-to-node=\"17\">\n<li>\n<p data-path-to-node=\"17,0,0\"><b data-path-to-node=\"17,0,0\" data-index-in-node=\"0\">Oppl\u00e6ringskampanjer:<\/b> Viktige utdelingsmateriell for skoler, universiteter og oppl\u00e6ringssentre.<\/p>\n<\/li>\n<li>\n<p data-path-to-node=\"17,1,0\"><b data-path-to-node=\"17,1,0\" data-index-in-node=\"0\">Farmas\u00f8ytisk markedsf\u00f8ring:<\/b> Bruk 3D-linseformede effekter for \u00e5 vise \u201cf\u00f8r og etter\u201d-resultater eller animasjoner av virkningsmekanismer.<\/p>\n<\/li>\n<li>\n<p data-path-to-node=\"17,2,0\"><b data-path-to-node=\"17,2,0\" data-index-in-node=\"0\">Bygg og anlegg:<\/b> Et n\u00f8dvendig verkt\u00f8y for arkitekter og ingeni\u00f8rer som ogs\u00e5 fungerer som et premium visittkort.<\/p>\n<\/li>\n<\/ul>","protected":false},"excerpt":{"rendered":"<ul>\n<li>\n<p data-path-to-node=\"9,0,0\"><b data-path-to-node=\"9,0,0\" data-index-in-node=\"0\">Allsidige materialalternativer:<\/b> Velg mellom halvstiv PVC, milj\u00f8vennlig polypropylen (PP) eller spesialisert linseformet PET.<\/p>\n<\/li>\n<li>\n<p data-path-to-node=\"9,1,0\"><b data-path-to-node=\"9,1,0\" data-index-in-node=\"0\">3D visuelle effekter:<\/b> V\u00e5re linseformede PET-linjaler tilbyr fantastiske bevegelses-, zoom- og morphing-effekter for \u00e5 fange oppmerksomheten.<\/p>\n<\/li>\n<li>\n<p data-path-to-node=\"9,2,0\"><b data-path-to-node=\"9,2,0\" data-index-in-node=\"0\">Full tilpasning:<\/b> Tilgjengelig med HD digitaltrykk eller silketrykk p\u00e5 hele overflaten (1 eller 2 sider).<\/p>\n<\/li>\n<li>\n<p data-path-to-node=\"9,3,0\"><b data-path-to-node=\"9,3,0\" data-index-in-node=\"0\">Praktisk merkevaresynlighet:<\/b> Et funksjonelt skrivebordsverkt\u00f8y som s\u00f8rger for at merkevaren din forblir synlig for kunden daglig.<\/p>\n<\/li>\n<\/ul>","protected":false},"featured_media":6229,"comment_status":"closed","ping_status":"closed","template":"","meta":[],"product_brand":[],"product_cat":[122],"product_tag":[],"class_list":{"0":"post-6228","1":"product","2":"type-product","3":"status-publish","4":"has-post-thumbnail","6":"product_cat-promotional-accessories","8":"first","9":"instock","10":"shipping-taxable","11":"product-type-simple"},"_links":{"self":[{"href":"https:\/\/displayproducts.eu\/nb\/wp-json\/wp\/v2\/product\/6228","targetHints":{"allow":["GET"]}}],"collection":[{"href":"https:\/\/displayproducts.eu\/nb\/wp-json\/wp\/v2\/product"}],"about":[{"href":"https:\/\/displayproducts.eu\/nb\/wp-json\/wp\/v2\/types\/product"}],"replies":[{"embeddable":true,"href":"https:\/\/displayproducts.eu\/nb\/wp-json\/wp\/v2\/comments?post=6228"}],"wp:featuredmedia":[{"embeddable":true,"href":"https:\/\/displayproducts.eu\/nb\/wp-json\/wp\/v2\/media\/6229"}],"wp:attachment":[{"href":"https:\/\/displayproducts.eu\/nb\/wp-json\/wp\/v2\/media?parent=6228"}],"wp:term":[{"taxonomy":"product_brand","embeddable":true,"href":"https:\/\/displayproducts.eu\/nb\/wp-json\/wp\/v2\/product_brand?post=6228"},{"taxonomy":"product_cat","embeddable":true,"href":"https:\/\/displayproducts.eu\/nb\/wp-json\/wp\/v2\/product_cat?post=6228"},{"taxonomy":"product_tag","embeddable":true,"href":"https:\/\/displayproducts.eu\/nb\/wp-json\/wp\/v2\/product_tag?post=6228"}],"curies":[{"name":"wp","href":"https:\/\/api.w.org\/{rel}","templated":true}]}}