{"id":6226,"date":"2025-12-20T18:04:19","date_gmt":"2025-12-20T15:04:19","guid":{"rendered":"https:\/\/wristbandfactory.eu\/?post_type=product&#038;p=6226"},"modified":"2026-04-01T21:52:03","modified_gmt":"2026-04-01T18:52:03","slug":"custom-fsc-certified-pencils-with-eraser-360-full-color-print","status":"publish","type":"product","link":"https:\/\/displayproducts.eu\/nb\/p\/custom-fsc-certified-pencils-with-eraser-360-full-color-print\/","title":{"rendered":"Blyanter med logo (FSC\u00ae-sertifisert)"},"content":{"rendered":"<p data-path-to-node=\"10\">Vis frem ditt engasjement for milj\u00f8et uten \u00e5 g\u00e5 p\u00e5 kompromiss med design med v\u00e5re <b data-path-to-node=\"10\" data-index-in-node=\"109\">Tilpassede FSC\u00ae-sertifiserte blyanter<\/b>. Dette er ikke bare skriveredskaper; de er en uttalelse om b\u00e6rekraftige merkeverdier. Ved \u00e5 velge FSC\u00ae-sertifisert trevirke st\u00f8tter du ansvarlig skogforvaltning over hele verden.<\/p>\n<p data-path-to-node=\"11\">Det som skiller denne blyanten fra andre er <b data-path-to-node=\"11\" data-index-in-node=\"35\">360\u00b0 fullfargetilpasning<\/b>. Vi trykker ikke bare en liten logo p\u00e5 siden; vi pakker hele blyanthylsen inn i ditt unike design. Enten det er et komplekst m\u00f8nster, et fotografi eller bedriftens farger, er resultatet et s\u00f8ml\u00f8st og i\u00f8ynefallende markedsf\u00f8ringsverkt\u00f8y.<\/p>\n<h2 data-path-to-node=\"12\">Viktige funksjoner<\/h2>\n<ul data-path-to-node=\"13\">\n<li>\n<p data-path-to-node=\"13,0,0\"><b data-path-to-node=\"13,0,0\" data-index-in-node=\"0\">Milj\u00f8vennlig valg:<\/b> Produsert av naturlig treverk fra sertifiserte b\u00e6rekraftige kilder, noe som gj\u00f8r det til et reklameprodukt uten skyldf\u00f8lelse.<\/p>\n<\/li>\n<li>\n<p data-path-to-node=\"13,1,0\"><b data-path-to-node=\"13,1,0\" data-index-in-node=\"0\">Grensel\u00f8s design:<\/b> 360\u00b0-trykkteknikken muliggj\u00f8r kant-til-kant-merkevarebygging i CMYK, perfekt for intrikat grafikk og dristige budskap.<\/p>\n<\/li>\n<li>\n<p data-path-to-node=\"13,2,0\"><b data-path-to-node=\"13,2,0\" data-index-in-node=\"0\">Funksjonell og stilig:<\/b> Utstyrt med et praktisk viskel\u00e6r som holdes p\u00e5 plass av et elegant <b data-path-to-node=\"13,2,0\" data-index-in-node=\"80\">metallhylse<\/b>, som kombinerer nytteverdi med et polert utseende.<\/p>\n<\/li>\n<li>\n<p data-path-to-node=\"13,3,0\"><b data-path-to-node=\"13,3,0\" data-index-in-node=\"0\">H\u00f8y nytteverdi:<\/b> Blyanter er et av de mest beholdte reklameartiklene, og s\u00f8rger for at merkevaren din forblir i kundens h\u00e5nd i flere m\u00e5neder.<\/p>\n<\/li>\n<\/ul>\n<h2 data-path-to-node=\"14\">Spesifikasjoner<\/h2>\n<ul data-path-to-node=\"15\">\n<li>\n<p data-path-to-node=\"15,0,0\"><b data-path-to-node=\"15,0,0\" data-index-in-node=\"0\">Materiale:<\/b> Naturtre (FSC\u00ae-sertifisert).<\/p>\n<\/li>\n<li>\n<p data-path-to-node=\"15,1,0\"><b data-path-to-node=\"15,1,0\" data-index-in-node=\"0\">Utskriftsmetode:<\/b> 360\u00b0 digital innpakning i fullfarge.<\/p>\n<\/li>\n<li>\n<p data-path-to-node=\"15,2,0\"><b data-path-to-node=\"15,2,0\" data-index-in-node=\"0\">Komponenter:<\/b> Grafittbly, viskel\u00e6r, metallhylse.<\/p>\n<\/li>\n<li>\n<p data-path-to-node=\"15,3,0\"><b data-path-to-node=\"15,3,0\" data-index-in-node=\"0\">Form:<\/b> Standard rund eller sekskantet (avhengig av lagerbeholdning).<\/p>\n<\/li>\n<li>\n<p data-path-to-node=\"15,4,0\"><b data-path-to-node=\"15,4,0\" data-index-in-node=\"0\">Sertifiseringer:<\/b> FSC\u00ae (Forest Stewardship Council).<\/p>\n<\/li>\n<\/ul>\n<h2 data-path-to-node=\"16\">Brukstilfeller<\/h2>\n<ul data-path-to-node=\"17\">\n<li>\n<p data-path-to-node=\"17,0,0\"><b data-path-to-node=\"17,0,0\" data-index-in-node=\"0\">Pedagogiske arrangementer:<\/b> Perfekt for skoler, universiteter og oppl\u00e6ringssentre.<\/p>\n<\/li>\n<li>\n<p data-path-to-node=\"17,1,0\"><b data-path-to-node=\"17,1,0\" data-index-in-node=\"0\">Messer:<\/b> En lett og milj\u00f8bevisst giveaway som deltakerne faktisk bruker.<\/p>\n<\/li>\n<li>\n<p data-path-to-node=\"17,2,0\"><b data-path-to-node=\"17,2,0\" data-index-in-node=\"0\">Kontorrekvisita:<\/b> Merk ditt eget kontormateriell for \u00e5 forsterke bedriftens identitet internt og i kundem\u00f8ter.<\/p>\n<\/li>\n<\/ul>","protected":false},"excerpt":{"rendered":"<ul>\n<li>\n<p data-path-to-node=\"9,0,0\"><b data-path-to-node=\"9,0,0\" data-index-in-node=\"0\">Sertifisert b\u00e6rekraftig:<\/b> Laget av 100% naturlig trevirke hentet fra ansvarlig forvaltede skoger (FSC\u00ae-sertifisert).<\/p>\n<\/li>\n<li>\n<p data-path-to-node=\"9,1,0\"><b data-path-to-node=\"9,1,0\" data-index-in-node=\"0\">360\u00b0 full merkevarebygging:<\/b> I motsetning til vanlig tampotrykk dekker designet ditt hele fatet med et levende digitalt trykk i fullfarge.<\/p>\n<\/li>\n<li>\n<p data-path-to-node=\"9,2,0\"><b data-path-to-node=\"9,2,0\" data-index-in-node=\"0\">Premium finish:<\/b> Har et viskel\u00e6r av h\u00f8y kvalitet festet med en slitesterk metallring (detalj).<\/p>\n<\/li>\n<li>\n<p data-path-to-node=\"9,3,0\"><b data-path-to-node=\"9,3,0\" data-index-in-node=\"0\">Allsidig markedsf\u00f8ring:<\/b> Den ideelle rimelige og synlige giveawayen for messer, skoler og kontorer.<\/p>\n<\/li>\n<\/ul>","protected":false},"featured_media":6227,"comment_status":"closed","ping_status":"closed","template":"","meta":[],"product_brand":[],"product_cat":[122],"product_tag":[],"class_list":{"0":"post-6226","1":"product","2":"type-product","3":"status-publish","4":"has-post-thumbnail","6":"product_cat-promotional-accessories","8":"first","9":"instock","10":"shipping-taxable","11":"product-type-simple"},"_links":{"self":[{"href":"https:\/\/displayproducts.eu\/nb\/wp-json\/wp\/v2\/product\/6226","targetHints":{"allow":["GET"]}}],"collection":[{"href":"https:\/\/displayproducts.eu\/nb\/wp-json\/wp\/v2\/product"}],"about":[{"href":"https:\/\/displayproducts.eu\/nb\/wp-json\/wp\/v2\/types\/product"}],"replies":[{"embeddable":true,"href":"https:\/\/displayproducts.eu\/nb\/wp-json\/wp\/v2\/comments?post=6226"}],"wp:featuredmedia":[{"embeddable":true,"href":"https:\/\/displayproducts.eu\/nb\/wp-json\/wp\/v2\/media\/6227"}],"wp:attachment":[{"href":"https:\/\/displayproducts.eu\/nb\/wp-json\/wp\/v2\/media?parent=6226"}],"wp:term":[{"taxonomy":"product_brand","embeddable":true,"href":"https:\/\/displayproducts.eu\/nb\/wp-json\/wp\/v2\/product_brand?post=6226"},{"taxonomy":"product_cat","embeddable":true,"href":"https:\/\/displayproducts.eu\/nb\/wp-json\/wp\/v2\/product_cat?post=6226"},{"taxonomy":"product_tag","embeddable":true,"href":"https:\/\/displayproducts.eu\/nb\/wp-json\/wp\/v2\/product_tag?post=6226"}],"curies":[{"name":"wp","href":"https:\/\/api.w.org\/{rel}","templated":true}]}}