{"id":6222,"date":"2025-12-20T17:56:31","date_gmt":"2025-12-20T14:56:31","guid":{"rendered":"https:\/\/wristbandfactory.eu\/?post_type=product&#038;p=6222"},"modified":"2026-04-01T21:52:03","modified_gmt":"2026-04-01T18:52:03","slug":"custom-3d-snow-globes-with-bespoke-interior-logo","status":"publish","type":"product","link":"https:\/\/displayproducts.eu\/nb\/p\/custom-3d-snow-globes-with-bespoke-interior-logo\/","title":{"rendered":"Sn\u00f8kuler med logo (3D design)"},"content":{"rendered":"<p data-path-to-node=\"10\">Fang julemagien eller frys et \u00f8yeblikk i tid med v\u00e5re <b data-path-to-node=\"10\" data-index-in-node=\"95\">Tilpassede 3D-sn\u00f8kuler<\/b>. I motsetning til vanlige reklameartikler har disse globusene en fullstendig tilpasset 3D-skulptur inni \u2013 enten det er en miniatyrkopi av produktet ditt, bedriftens maskot eller en spesifikk arkitektonisk scene.<\/p>\n<p data-path-to-node=\"11\">Disse globusene er laget av slitesterk, l\u00f8semiddelfri polyesterharpiks og er samleobjekter av h\u00f8y kvalitet. Det flytende glitteret gir en fascinerende effekt som trekker oppmerksomhet til merkevaren din. Med alternativer for b\u00e5de innvendig skulptur og utvendig basisbranding er dette den ultimate premiumgaven for bedriftspartnere og sesongbaserte kampanjer.<\/p>\n<h2 data-path-to-node=\"12\">Viktige funksjoner<\/h2>\n<ul data-path-to-node=\"13\">\n<li>\n<p data-path-to-node=\"13,0,0\"><b data-path-to-node=\"13,0,0\" data-index-in-node=\"0\">Fullstendig tilpasset 3D-modellering:<\/b> Interi\u00f8ret er ikke en flat innsats, men en st\u00f8pt harpiksfigur laget spesielt for prosjektet ditt.<\/p>\n<\/li>\n<li>\n<p data-path-to-node=\"13,1,0\"><b data-path-to-node=\"13,1,0\" data-index-in-node=\"0\">Kunstnerisk finish:<\/b> 3D-elementene kan enten f\u00e5s i en elegant, ensfarget hvit farge eller males omhyggelig for h\u00e5nd for \u00e5 matche merkevarens farger.<\/p>\n<\/li>\n<li>\n<p data-path-to-node=\"13,2,0\"><b data-path-to-node=\"13,2,0\" data-index-in-node=\"0\">Merkevarebase:<\/b> Basen (tilgjengelig i hvitt eller svart) har funksjoner <b data-path-to-node=\"13,2,0\" data-index-in-node=\"62\">reliefftrykk<\/b>, og legger til en 3D-tekstur p\u00e5 logoen eller teksten din p\u00e5 utsiden.<\/p>\n<\/li>\n<li>\n<p data-path-to-node=\"13,3,0\"><b data-path-to-node=\"13,3,0\" data-index-in-node=\"0\">Detaljhandelsklar emballasje:<\/b> Ingen behov for ekstra innpakning. Hver globus kommer i en fargetrykt pappeske med sikker polstring, klar til distribusjon.<\/p>\n<\/li>\n<\/ul>\n<h2 data-path-to-node=\"14\">Spesifikasjoner<\/h2>\n<ul data-path-to-node=\"15\">\n<li>\n<p data-path-to-node=\"15,0,0\"><b data-path-to-node=\"15,0,0\" data-index-in-node=\"0\">Globemateriale:<\/b> Glass\/klar plast med polyesterharpiksfigurer (l\u00f8semiddelfri).<\/p>\n<\/li>\n<li>\n<p data-path-to-node=\"15,1,0\"><b data-path-to-node=\"15,1,0\" data-index-in-node=\"0\">Basismateriale:<\/b> Slitesterk kompositt.<\/p>\n<\/li>\n<li>\n<p data-path-to-node=\"15,2,0\"><b data-path-to-node=\"15,2,0\" data-index-in-node=\"0\">Fyll:<\/b> Flytende med glitrende glitter\/paljetter.<\/p>\n<\/li>\n<li>\n<p data-path-to-node=\"15,3,0\"><b data-path-to-node=\"15,3,0\" data-index-in-node=\"0\">Tilgjengelige st\u00f8rrelser:<\/b><\/p>\n<ul data-path-to-node=\"15,3,1\">\n<li>\n<p data-path-to-node=\"15,3,1,0,0\"><b data-path-to-node=\"15,3,1,0,0\" data-index-in-node=\"0\">\u00d8 8 cm Globe:<\/b> Bunn 7,5 \u00d7 7,5 \u00d7 2,5 cm | Eske 11 \u00d7 13 \u00d7 11 cm.<\/p>\n<\/li>\n<li>\n<p data-path-to-node=\"15,3,1,1,0\"><b data-path-to-node=\"15,3,1,1,0\" data-index-in-node=\"0\">\u00d8 10 cm Globe:<\/b> Bunn 9 \u00d7 9 \u00d7 3 cm | Eske 13,7 \u00d7 15,7 \u00d7 13,7 cm.<\/p>\n<\/li>\n<\/ul>\n<\/li>\n<li>\n<p data-path-to-node=\"15,4,0\"><b data-path-to-node=\"15,4,0\" data-index-in-node=\"0\">Tilpasning:<\/b> 3D-st\u00f8pt interi\u00f8r + basereliefftrykk + spesialtilpasset boks.<\/p>\n<\/li>\n<\/ul>\n<h2 data-path-to-node=\"16\">Brukstilfeller<\/h2>\n<ul data-path-to-node=\"17\">\n<li>\n<p data-path-to-node=\"17,0,0\"><b data-path-to-node=\"17,0,0\" data-index-in-node=\"0\">Julegaver:<\/b> Den ultimate julegave til kunder og ansatte.<\/p>\n<\/li>\n<li>\n<p data-path-to-node=\"17,1,0\"><b data-path-to-node=\"17,1,0\" data-index-in-node=\"0\">Turisme og suvenirer:<\/b> Tilpassede scener av landemerker for museer, hoteller og byr\u00e5d.<\/p>\n<\/li>\n<li>\n<p data-path-to-node=\"17,2,0\"><b data-path-to-node=\"17,2,0\" data-index-in-node=\"0\">Produktlanseringer:<\/b> Lag en miniatyrversjon av en ny bil, bygning eller produkt som flyter i \u201csn\u00f8\u201d.\u201d<\/p>\n<\/li>\n<\/ul>","protected":false},"excerpt":{"rendered":"<ul>\n<li>\n<p data-path-to-node=\"9,0,0\"><b data-path-to-node=\"9,0,0\" data-index-in-node=\"0\">Skreddersydd 3D-interi\u00f8r:<\/b> Vi modellerer logoen, produktet eller maskoten din til en detaljert 3D-skulptur inne i globusen.<\/p>\n<\/li>\n<li>\n<p data-path-to-node=\"9,1,0\"><b data-path-to-node=\"9,1,0\" data-index-in-node=\"0\">H\u00e5ndmalt eller monokrom:<\/b> Velg mellom en klassisk helhvit skulptur eller livlige h\u00e5ndmalte detaljer.<\/p>\n<\/li>\n<li>\n<p data-path-to-node=\"9,2,0\"><b data-path-to-node=\"9,2,0\" data-index-in-node=\"0\">Premium-base:<\/b> Solid base tilgjengelig i svart eller hvit, tilpassbar med taktil reliefftrykk.<\/p>\n<\/li>\n<li>\n<p data-path-to-node=\"9,3,0\"><b data-path-to-node=\"9,3,0\" data-index-in-node=\"0\">Komplett gavel\u00f8sning:<\/b> Leveres i en spesialtrykt fullfargeeske med beskyttende polystyreninnlegg.<\/p>\n<\/li>\n<\/ul>","protected":false},"featured_media":6223,"comment_status":"closed","ping_status":"closed","template":"","meta":[],"product_brand":[],"product_cat":[121],"product_tag":[],"class_list":{"0":"post-6222","1":"product","2":"type-product","3":"status-publish","4":"has-post-thumbnail","6":"product_cat-promotional-merchandise","8":"first","9":"instock","10":"shipping-taxable","11":"product-type-simple"},"_links":{"self":[{"href":"https:\/\/displayproducts.eu\/nb\/wp-json\/wp\/v2\/product\/6222","targetHints":{"allow":["GET"]}}],"collection":[{"href":"https:\/\/displayproducts.eu\/nb\/wp-json\/wp\/v2\/product"}],"about":[{"href":"https:\/\/displayproducts.eu\/nb\/wp-json\/wp\/v2\/types\/product"}],"replies":[{"embeddable":true,"href":"https:\/\/displayproducts.eu\/nb\/wp-json\/wp\/v2\/comments?post=6222"}],"wp:featuredmedia":[{"embeddable":true,"href":"https:\/\/displayproducts.eu\/nb\/wp-json\/wp\/v2\/media\/6223"}],"wp:attachment":[{"href":"https:\/\/displayproducts.eu\/nb\/wp-json\/wp\/v2\/media?parent=6222"}],"wp:term":[{"taxonomy":"product_brand","embeddable":true,"href":"https:\/\/displayproducts.eu\/nb\/wp-json\/wp\/v2\/product_brand?post=6222"},{"taxonomy":"product_cat","embeddable":true,"href":"https:\/\/displayproducts.eu\/nb\/wp-json\/wp\/v2\/product_cat?post=6222"},{"taxonomy":"product_tag","embeddable":true,"href":"https:\/\/displayproducts.eu\/nb\/wp-json\/wp\/v2\/product_tag?post=6222"}],"curies":[{"name":"wp","href":"https:\/\/api.w.org\/{rel}","templated":true}]}}