{"id":6217,"date":"2025-12-20T17:51:24","date_gmt":"2025-12-20T14:51:24","guid":{"rendered":"https:\/\/wristbandfactory.eu\/?post_type=product&#038;p=6217"},"modified":"2026-04-01T21:52:03","modified_gmt":"2026-04-01T18:52:03","slug":"custom-printed-bottle-openers-with-3d-domed-logo","status":"publish","type":"product","link":"https:\/\/displayproducts.eu\/nb\/p\/custom-printed-bottle-openers-with-3d-domed-logo\/","title":{"rendered":"Flaske\u00e5pnere med logo (doming)"},"content":{"rendered":"<p data-path-to-node=\"10\">S\u00f8rg for at merkevaren din er en del av feiringen med v\u00e5r <b data-path-to-node=\"10\" data-index-in-node=\"79\">Tilpassede trykte flaske\u00e5pnere<\/b>. Disse \u00e5pnerne er praktiske, slitesterke og i\u00f8ynefallende, og er designet for gjentatt bruk, noe som gir logoen din langvarig synlighet. I motsetning til vanlige flate trykk har \u00e5pnerne v\u00e5re en <b data-path-to-node=\"10\" data-index-in-node=\"288\">3D-kuppelklistremerke (epoksy)<\/b>, som gir designet ditt en h\u00f8yglansende, forst\u00f8rrelseseffekt samtidig som det beskytter det mot riper og falming.<\/p>\n<p data-path-to-node=\"11\">Vi tilbyr tre spesifikke modeller som passer til ulike markedsf\u00f8ringsbehov, fra lommevennlige n\u00f8kkelringer til profesjonelle barverkt\u00f8y.<\/p>\n<h2 data-path-to-node=\"12\">Viktige funksjoner<\/h2>\n<ul data-path-to-node=\"13\">\n<li>\n<p data-path-to-node=\"13,0,0\"><b data-path-to-node=\"13,0,0\" data-index-in-node=\"0\">Livlig tilpasning:<\/b> Vi bruker digital CMYK-trykk for \u00e5 reprodusere logoen, bildene eller gradientene dine med perfekt n\u00f8yaktighet f\u00f8r vi forsegler dem under en beskyttende harpikskuppel.<\/p>\n<\/li>\n<li>\n<p data-path-to-node=\"13,1,0\"><b data-path-to-node=\"13,1,0\" data-index-in-node=\"0\">Premium finish:<\/b> Epoxybelegget gir produktet en \u201csmykkelignende\u201d kvalitet som f\u00f8les myk \u00e5 ta p\u00e5 og hever den opplevde verdien.<\/p>\n<\/li>\n<li>\n<p data-path-to-node=\"13,2,0\"><b data-path-to-node=\"13,2,0\" data-index-in-node=\"0\">Kraftige materialer:<\/b> Laget av forniklet st\u00e5l og robuste metalllegeringer for \u00e5 sikre at de \u00e5pner flasker uanstrengt uten \u00e5 b\u00f8ye seg.<\/p>\n<\/li>\n<li>\n<p data-path-to-node=\"13,3,0\"><b data-path-to-node=\"13,3,0\" data-index-in-node=\"0\">Allsidig nytte:<\/b> Perfekt til bryggerivarer, festivalgiveaways eller som et praktisk verkt\u00f8y festet til et sett med n\u00f8kkelb\u00e5nd.<\/p>\n<\/li>\n<\/ul>\n<h2 data-path-to-node=\"14\">Spesifikasjoner<\/h2>\n<table data-path-to-node=\"15\">\n<thead>\n<tr>\n<td><strong>Modelltype<\/strong><\/td>\n<td><strong>Dimensjoner<\/strong><\/td>\n<td><strong>Materiale<\/strong><\/td>\n<td><strong>Merkevareomr\u00e5de<\/strong><\/td>\n<\/tr>\n<\/thead>\n<tbody>\n<tr>\n<td><span data-path-to-node=\"15,1,0,0\"><b data-path-to-node=\"15,1,0,0\" data-index-in-node=\"0\">Merke\u00e5pner<\/b><\/span><\/td>\n<td><span data-path-to-node=\"15,1,1,0\">\u00d8 56 mm<\/span><\/td>\n<td><span data-path-to-node=\"15,1,2,0\">Metall + plastbakside<\/span><\/td>\n<td><span data-path-to-node=\"15,1,3,0\">Helmaske (rund)<\/span><\/td>\n<\/tr>\n<tr>\n<td><span data-path-to-node=\"15,2,0,0\"><b data-path-to-node=\"15,2,0,0\" data-index-in-node=\"0\">Flaskeform<\/b><\/span><\/td>\n<td><span data-path-to-node=\"15,2,1,0\">35 \u00d7 137 mm<\/span><\/td>\n<td><span data-path-to-node=\"15,2,2,0\">Nikkelbelagt st\u00e5l<\/span><\/td>\n<td><span data-path-to-node=\"15,2,3,0\">Tilpasset kuppelform<\/span><\/td>\n<\/tr>\n<tr>\n<td><span data-path-to-node=\"15,3,0,0\"><b data-path-to-node=\"15,3,0,0\" data-index-in-node=\"0\">P\u00e6ren\u00f8kkelring<\/b><\/span><\/td>\n<td><span data-path-to-node=\"15,3,1,0\">Standard n\u00f8kkelringst\u00f8rrelse<\/span><\/td>\n<td><span data-path-to-node=\"15,3,2,0\">Metall (nikkelfinish)<\/span><\/td>\n<td><span data-path-to-node=\"15,3,3,0\">\u00d8 20 mm kuppel<\/span><\/td>\n<\/tr>\n<\/tbody>\n<\/table>\n<h2 data-path-to-node=\"16\">Brukstilfeller<\/h2>\n<ul data-path-to-node=\"17\">\n<li>\n<p data-path-to-node=\"17,0,0\"><b data-path-to-node=\"17,0,0\" data-index-in-node=\"0\">Drikkevareindustrien:<\/b> Viktige varer for h\u00e5ndverksbryggerier, ciderhus og drikkevaredistribut\u00f8rer.<\/p>\n<\/li>\n<li>\n<p data-path-to-node=\"17,1,0\"><b data-path-to-node=\"17,1,0\" data-index-in-node=\"0\">Festivaler og arrangementer:<\/b> En popul\u00e6r suvenir til musikkfestivaler og matmesser som deltakerne vil beholde.<\/p>\n<\/li>\n<li>\n<p data-path-to-node=\"17,2,0\"><b data-path-to-node=\"17,2,0\" data-index-in-node=\"0\">Gjestfrihet:<\/b> Merkevareverkt\u00f8y for bartendere og servit\u00f8rer p\u00e5 puber, klubber og restauranter.<\/p>\n<\/li>\n<\/ul>","protected":false},"excerpt":{"rendered":"<ul>\n<li>\n<p data-path-to-node=\"9,0,0\"><b data-path-to-node=\"9,0,0\" data-index-in-node=\"0\">Tre forskjellige stiler:<\/b> Velg mellom den klassiske knappemerkestilen, den kraftige flaskeformen eller den b\u00e6rbare p\u00e6reformede n\u00f8kkelringen.<\/p>\n<\/li>\n<li>\n<p data-path-to-node=\"9,1,0\"><b data-path-to-node=\"9,1,0\" data-index-in-node=\"0\">3D-harpiksfinish:<\/b> Logoen din trykkes i fullfarge CMYK og beskyttes av en krystallklar epoksykuppel for et f\u00f8rsteklasses, blankt utseende.<\/p>\n<\/li>\n<li>\n<p data-path-to-node=\"9,2,0\"><b data-path-to-node=\"9,2,0\" data-index-in-node=\"0\">Slitesterk konstruksjon:<\/b> Laget av forniklet st\u00e5l eller massivt metall for langvarig ytelse.<\/p>\n<\/li>\n<li>\n<p data-path-to-node=\"9,3,0\"><b data-path-to-node=\"9,3,0\" data-index-in-node=\"0\">Praktisk markedsf\u00f8ring:<\/b> Et sv\u00e6rt nyttig produkt som sikrer at merkevaren din er til stede p\u00e5 fester, arrangementer og i hjemmene.<\/p>\n<\/li>\n<\/ul>","protected":false},"featured_media":6218,"comment_status":"closed","ping_status":"closed","template":"","meta":[],"product_brand":[],"product_cat":[119,121],"product_tag":[],"class_list":{"0":"post-6217","1":"product","2":"type-product","3":"status-publish","4":"has-post-thumbnail","6":"product_cat-drinkware-accessories","7":"product_cat-promotional-merchandise","9":"first","10":"instock","11":"shipping-taxable","12":"product-type-simple"},"_links":{"self":[{"href":"https:\/\/displayproducts.eu\/nb\/wp-json\/wp\/v2\/product\/6217","targetHints":{"allow":["GET"]}}],"collection":[{"href":"https:\/\/displayproducts.eu\/nb\/wp-json\/wp\/v2\/product"}],"about":[{"href":"https:\/\/displayproducts.eu\/nb\/wp-json\/wp\/v2\/types\/product"}],"replies":[{"embeddable":true,"href":"https:\/\/displayproducts.eu\/nb\/wp-json\/wp\/v2\/comments?post=6217"}],"wp:featuredmedia":[{"embeddable":true,"href":"https:\/\/displayproducts.eu\/nb\/wp-json\/wp\/v2\/media\/6218"}],"wp:attachment":[{"href":"https:\/\/displayproducts.eu\/nb\/wp-json\/wp\/v2\/media?parent=6217"}],"wp:term":[{"taxonomy":"product_brand","embeddable":true,"href":"https:\/\/displayproducts.eu\/nb\/wp-json\/wp\/v2\/product_brand?post=6217"},{"taxonomy":"product_cat","embeddable":true,"href":"https:\/\/displayproducts.eu\/nb\/wp-json\/wp\/v2\/product_cat?post=6217"},{"taxonomy":"product_tag","embeddable":true,"href":"https:\/\/displayproducts.eu\/nb\/wp-json\/wp\/v2\/product_tag?post=6217"}],"curies":[{"name":"wp","href":"https:\/\/api.w.org\/{rel}","templated":true}]}}