{"id":6212,"date":"2025-12-20T17:41:19","date_gmt":"2025-12-20T14:41:19","guid":{"rendered":"https:\/\/wristbandfactory.eu\/?post_type=product&#038;p=6212"},"modified":"2026-04-01T21:52:03","modified_gmt":"2026-04-01T18:52:03","slug":"custom-metal-lapel-pins-with-3d-domed-logo-epoxy","status":"publish","type":"product","link":"https:\/\/displayproducts.eu\/nb\/p\/custom-metal-lapel-pins-with-3d-domed-logo-epoxy\/","title":{"rendered":"Metallpins med 3D-logo (doming)"},"content":{"rendered":"<p data-path-to-node=\"10\">Skap et varig inntrykk med v\u00e5re <b data-path-to-node=\"10\" data-index-in-node=\"62\">Tilpassede metalln\u00e5ler med 3D-kuppelklistremerker<\/b>. Disse n\u00e5lene tilbyr den perfekte balansen mellom den premium vekten til en metallbase og den moderne allsidigheten til digitaltrykk. De er den ideelle l\u00f8sningen for merker med komplekse logoer, gradienter eller fotografiske elementer som standard emaljen\u00e5ler ikke kan gjenskape.<\/p>\n<p data-path-to-node=\"11\">Hver n\u00e5l best\u00e5r av en spesialformet metallbase med et h\u00f8yoppl\u00f8selig selvklebende trykk. Dette er deretter innkapslet i en klar, slitesterk polyuretanharpiks (doming), noe som skaper en sofistikert 3D-linseeffekt som fremhever fargene og beskytter designet mot slitasje og falming.<\/p>\n<h2 data-path-to-node=\"12\">Viktige funksjoner<\/h2>\n<ul data-path-to-node=\"13\">\n<li>\n<p data-path-to-node=\"13,0,0\"><b data-path-to-node=\"13,0,0\" data-index-in-node=\"0\">Ubegrenset designpotensial:<\/b> I motsetning til utstansede n\u00e5ler st\u00f8tter v\u00e5r domeprosess CMYK-trykk i fullfarge, noe som betyr ingen begrensninger p\u00e5 gradienter eller fine detaljer.<\/p>\n<\/li>\n<li>\n<p data-path-to-node=\"13,1,0\"><b data-path-to-node=\"13,1,0\" data-index-in-node=\"0\">Beskyttende finish:<\/b> Harpikskuppelen gj\u00f8r n\u00e5len ripebestandig, UV-stabil og slitesterk nok til daglig bruk.<\/p>\n<\/li>\n<li>\n<p data-path-to-node=\"13,2,0\"><b data-path-to-node=\"13,2,0\" data-index-in-node=\"0\">Profesjonell presentasjon:<\/b> Kombinasjonen av polert metall og blank harpiks skaper en h\u00f8y oppfattet verdi, egnet for bedriftsantrekk.<\/p>\n<\/li>\n<li>\n<p data-path-to-node=\"13,3,0\"><b data-path-to-node=\"13,3,0\" data-index-in-node=\"0\">Sikker festing:<\/b> Leveres som standard med en brukervennlig sommerfuglclutch for \u00e5 forhindre rotasjon og utilsiktet tap.<\/p>\n<\/li>\n<\/ul>\n<h2 data-path-to-node=\"14\">Spesifikasjoner<\/h2>\n<ul data-path-to-node=\"15\">\n<li>\n<p data-path-to-node=\"15,0,0\"><b data-path-to-node=\"15,0,0\" data-index-in-node=\"0\">Materiale:<\/b> Metalllegeringsbase + polyuretanharpikskuppel.<\/p>\n<\/li>\n<li>\n<p data-path-to-node=\"15,1,0\"><b data-path-to-node=\"15,1,0\" data-index-in-node=\"0\">Printing:<\/b> Digital fullfarge (CMYK).<\/p>\n<\/li>\n<li>\n<p data-path-to-node=\"15,2,0\"><b data-path-to-node=\"15,2,0\" data-index-in-node=\"0\">Form:<\/b> Fullstendig tilpassbar (formsk\u00e5ret).<\/p>\n<\/li>\n<li>\n<p data-path-to-node=\"15,3,0\"><b data-path-to-node=\"15,3,0\" data-index-in-node=\"0\">Standard vedlegg:<\/b> Sommerfuglclutch (sommerfugln\u00e5l).<\/p>\n<\/li>\n<li>\n<p data-path-to-node=\"15,4,0\"><b data-path-to-node=\"15,4,0\" data-index-in-node=\"0\">Valgfritt vedlegg:<\/b> Neodymmagnet (kl\u00e6rsikker, ikke-piercing).<\/p>\n<\/li>\n<li>\n<p data-path-to-node=\"15,5,0\"><b data-path-to-node=\"15,5,0\" data-index-in-node=\"0\">Emballasjealternativer:<\/b><\/p>\n<ul data-path-to-node=\"15,5,1\">\n<li>\n<p data-path-to-node=\"15,5,1,0,0\">Bulk (Standard).<\/p>\n<\/li>\n<li>\n<p data-path-to-node=\"15,5,1,1,0\">Individuell polypose med trykt baksidekort.<\/p>\n<\/li>\n<li>\n<p data-path-to-node=\"15,5,1,2,0\">Premium smykkeskrin (for premier\/gaver).<\/p>\n<\/li>\n<\/ul>\n<\/li>\n<\/ul>\n<h2 data-path-to-node=\"16\">Brukstilfeller<\/h2>\n<ul data-path-to-node=\"17\">\n<li>\n<p data-path-to-node=\"17,0,0\"><b data-path-to-node=\"17,0,0\" data-index-in-node=\"0\">Bedriftsidentitet:<\/b> En del av den daglige uniformen for bankbe om tilbudrere, hotellansatte og flybesetningsmedlemmer.<\/p>\n<\/li>\n<li>\n<p data-path-to-node=\"17,1,0\"><b data-path-to-node=\"17,1,0\" data-index-in-node=\"0\">Kampanjer:<\/b> H\u00f8ykvalitets giveaways til produktlanseringer og messer.<\/p>\n<\/li>\n<li>\n<p data-path-to-node=\"17,2,0\"><b data-path-to-node=\"17,2,0\" data-index-in-node=\"0\">Anerkjennelse og priser:<\/b> N\u00e5ler eller prestasjonsmerker for ansatte og frivillige med \u00e5rs tjeneste.<\/p>\n<\/li>\n<\/ul>","protected":false},"excerpt":{"rendered":"<ul>\n<li>\n<p data-path-to-node=\"9,0,0\"><b data-path-to-node=\"9,0,0\" data-index-in-node=\"0\">Tilpasset form:<\/b> Metallbasen er laget for \u00e5 matche den spesifikke konturen til logoen eller designet ditt.<\/p>\n<\/li>\n<li>\n<p data-path-to-node=\"9,1,0\"><b data-path-to-node=\"9,1,0\" data-index-in-node=\"0\">Utskrift i fotokvalitet:<\/b> CMYK digitaltrykk muliggj\u00f8r gradienter, bilder og komplekse detaljer som er umulige med emaljepinner.<\/p>\n<\/li>\n<li>\n<p data-path-to-node=\"9,2,0\"><b data-path-to-node=\"9,2,0\" data-index-in-node=\"0\">3D-harpikskuppel:<\/b> Et krystallklart epoksybelegg gir en f\u00f8rsteklasses \u201cbobleeffekt\u201d og beskytter mot riper.<\/p>\n<\/li>\n<li>\n<p data-path-to-node=\"9,3,0\"><b data-path-to-node=\"9,3,0\" data-index-in-node=\"0\">Allsidige tilbeh\u00f8r:<\/b> Tilgjengelig med standard sommerfuglclutch eller en klesvennlig magnetisk bakside.<\/p>\n<\/li>\n<\/ul>","protected":false},"featured_media":6216,"comment_status":"closed","ping_status":"closed","template":"","meta":[],"product_brand":[],"product_cat":[121],"product_tag":[],"class_list":{"0":"post-6212","1":"product","2":"type-product","3":"status-publish","4":"has-post-thumbnail","6":"product_cat-promotional-merchandise","8":"first","9":"instock","10":"shipping-taxable","11":"product-type-simple"},"_links":{"self":[{"href":"https:\/\/displayproducts.eu\/nb\/wp-json\/wp\/v2\/product\/6212","targetHints":{"allow":["GET"]}}],"collection":[{"href":"https:\/\/displayproducts.eu\/nb\/wp-json\/wp\/v2\/product"}],"about":[{"href":"https:\/\/displayproducts.eu\/nb\/wp-json\/wp\/v2\/types\/product"}],"replies":[{"embeddable":true,"href":"https:\/\/displayproducts.eu\/nb\/wp-json\/wp\/v2\/comments?post=6212"}],"wp:featuredmedia":[{"embeddable":true,"href":"https:\/\/displayproducts.eu\/nb\/wp-json\/wp\/v2\/media\/6216"}],"wp:attachment":[{"href":"https:\/\/displayproducts.eu\/nb\/wp-json\/wp\/v2\/media?parent=6212"}],"wp:term":[{"taxonomy":"product_brand","embeddable":true,"href":"https:\/\/displayproducts.eu\/nb\/wp-json\/wp\/v2\/product_brand?post=6212"},{"taxonomy":"product_cat","embeddable":true,"href":"https:\/\/displayproducts.eu\/nb\/wp-json\/wp\/v2\/product_cat?post=6212"},{"taxonomy":"product_tag","embeddable":true,"href":"https:\/\/displayproducts.eu\/nb\/wp-json\/wp\/v2\/product_tag?post=6212"}],"curies":[{"name":"wp","href":"https:\/\/api.w.org\/{rel}","templated":true}]}}