{"id":6207,"date":"2025-12-20T17:34:30","date_gmt":"2025-12-20T14:34:30","guid":{"rendered":"https:\/\/wristbandfactory.eu\/?post_type=product&#038;p=6207"},"modified":"2026-04-01T21:52:03","modified_gmt":"2026-04-01T18:52:03","slug":"custom-faux-leather-keychains-with-3d-domed-logo","status":"publish","type":"product","link":"https:\/\/displayproducts.eu\/nb\/p\/custom-faux-leather-keychains-with-3d-domed-logo\/","title":{"rendered":"N\u00f8kkelringer i kunstskinn med 3D-logo"},"content":{"rendered":"<p data-path-to-node=\"10\">L\u00f8ft merkevaren din med v\u00e5r <b data-path-to-node=\"10\" data-index-in-node=\"53\">Tilpassede n\u00f8kkelringer i kunstskinn<\/b>, med en f\u00f8rsteklasses 3D-kuppelfinish. Disse n\u00f8kkelringene tilbyr det elegante utseendet til l\u00e6r kombinert med moderne digitaltrykkteknologi, noe som gj\u00f8r dem til et ideelt valg for bedrifter som \u00f8nsker en sofistikert reklamegave uten den h\u00f8ye kostnaden ved gravering i ekte l\u00e6r.<\/p>\n<p data-path-to-node=\"11\">Midtpunktet i denne n\u00f8kkelringen er <b data-path-to-node=\"11\" data-index-in-node=\"40\">3D-kuppelklistremerke<\/b> (ogs\u00e5 kjent som en harpiksetikett). Vi trykker logoen din i livlige CMYK-farger og dekker den med et krystallklart lag med polyuretanharpiks. Dette gir ikke bare en forst\u00f8rrende \u201c3D\u201d-effekt til designet ditt, men gir ogs\u00e5 et slitesterkt skjold mot riper og UV-falming.<\/p>\n<h2 data-path-to-node=\"12\">Viktige funksjoner<\/h2>\n<ul data-path-to-node=\"13\">\n<li>\n<p data-path-to-node=\"13,0,0\"><b data-path-to-node=\"13,0,0\" data-index-in-node=\"0\">Uten trykkt- eller dobbeltsidig:<\/b> Velg v\u00e5rt ensidige alternativ for et elegant og uten trykkt utseende, eller maksimer eksponeringen med den tosidige modellen med logo b\u00e5de foran og bak.<\/p>\n<\/li>\n<li>\n<p data-path-to-node=\"13,1,0\"><b data-path-to-node=\"13,1,0\" data-index-in-node=\"0\">Fullfargepresisjon:<\/b> I motsetning til preging, fanger v\u00e5r digitale trykkprosess opp gradienter og komplekse logofarger perfekt.<\/p>\n<\/li>\n<li>\n<p data-path-to-node=\"13,2,0\"><b data-path-to-node=\"13,2,0\" data-index-in-node=\"0\">Taktil erfaring:<\/b> Kombinasjonen av mykt kunstskinn og den glatte, hevede harpikskuppelen skaper en f\u00f8lelse av h\u00f8y kvalitet i h\u00e5nden.<\/p>\n<\/li>\n<li>\n<p data-path-to-node=\"13,3,0\"><b data-path-to-node=\"13,3,0\" data-index-in-node=\"0\">Langvarig:<\/b> Harpiksbelegget s\u00f8rger for at merkevarens budskap forblir klart og intakt, selv ved daglig bruk p\u00e5 en n\u00f8kkelring.<\/p>\n<\/li>\n<\/ul>\n<h2 data-path-to-node=\"14\">Spesifikasjoner<\/h2>\n<ul data-path-to-node=\"15\">\n<li>\n<p data-path-to-node=\"15,0,0\"><b data-path-to-node=\"15,0,0\" data-index-in-node=\"0\">Materiale:<\/b> Kropp i kunstskinn (PU) med polyuretanharpiksetikett<\/p>\n<\/li>\n<li>\n<p data-path-to-node=\"15,1,0\"><b data-path-to-node=\"15,1,0\" data-index-in-node=\"0\">Utskriftsmetode:<\/b> CMYK digitaltrykk under resindom<\/p>\n<\/li>\n<li>\n<p data-path-to-node=\"15,2,0\"><b data-path-to-node=\"15,2,0\" data-index-in-node=\"0\">M\u00e5l p\u00e5 dobbeltsidig modell:<\/b><\/p>\n<ul data-path-to-node=\"15,2,1\">\n<li>\n<p data-path-to-node=\"15,2,1,0,0\">Klistremerkest\u00f8rrelse: 19 \u00d7 21 mm<\/p>\n<\/li>\n<\/ul>\n<\/li>\n<li>\n<p data-path-to-node=\"15,3,0\"><b data-path-to-node=\"15,3,0\" data-index-in-node=\"0\">Standardformer for ensidig modell:<\/b><\/p>\n<ul data-path-to-node=\"15,3,1\">\n<li>\n<p data-path-to-node=\"15,3,1,0,0\">Rund (diameter): 20 mm, 27 mm<\/p>\n<\/li>\n<li>\n<p data-path-to-node=\"15,3,1,1,0\">Kvadratisk\/rektangul\u00e6r: 27 \u00d7 27 mm, 16 \u00d7 45 mm<\/p>\n<\/li>\n<\/ul>\n<\/li>\n<\/ul>\n<h2 data-path-to-node=\"16\">Brukstilfeller<\/h2>\n<ul data-path-to-node=\"17\">\n<li>\n<p data-path-to-node=\"17,0,0\"><b data-path-to-node=\"17,0,0\" data-index-in-node=\"0\">Bilindustrien:<\/b> Ideelle gaver for bilforhandlere, bilvaskerier og utleiebyr\u00e5er.<\/p>\n<\/li>\n<li>\n<p data-path-to-node=\"17,1,0\"><b data-path-to-node=\"17,1,0\" data-index-in-node=\"0\">Fast eiendom:<\/b> En klassisk og slitesterk gave til nye huseiere ved overlevering av n\u00f8klene.<\/p>\n<\/li>\n<li>\n<p data-path-to-node=\"17,2,0\"><b data-path-to-node=\"17,2,0\" data-index-in-node=\"0\">Bedriftsmerkevarebygging:<\/b> Profesjonelle varer for forsikringsselskaper, banker og kontorrekvisitafirmaer.<\/p>\n<\/li>\n<\/ul>\n<p data-path-to-node=\"18\">","protected":false},"excerpt":{"rendered":"<ul data-path-to-node=\"9\">\n<li>\n<p data-path-to-node=\"9,0,0\"><b data-path-to-node=\"9,0,0\" data-index-in-node=\"0\">Premium-utseende:<\/b> H\u00f8ykvalitets kunstskinn kombinert med en blank 3D-harpiksetikett skaper et sofistikert utseende.<\/p>\n<\/li>\n<li>\n<p data-path-to-node=\"9,1,0\"><b data-path-to-node=\"9,1,0\" data-index-in-node=\"0\">Livlig merkevarebygging:<\/b> Digital CMYK-trykk muliggj\u00f8r logoer i fullfarge, beskyttet av en ripebestandig harpikskuppel.<\/p>\n<\/li>\n<li>\n<p data-path-to-node=\"9,2,0\"><b data-path-to-node=\"9,2,0\" data-index-in-node=\"0\">Allsidige alternativer:<\/b> Velg mellom ensidig eller tosidig personalisering som passer dine markedsf\u00f8ringsbehov.<\/p>\n<\/li>\n<li>\n<p data-path-to-node=\"9,3,0\"><b data-path-to-node=\"9,3,0\" data-index-in-node=\"0\">Slitesterk finish:<\/b> Epoksyharpikslaget beskytter logoen mot slitasje, falming og vannskader.<\/p>\n<\/li>\n<\/ul>","protected":false},"featured_media":6209,"comment_status":"closed","ping_status":"closed","template":"","meta":[],"product_brand":[],"product_cat":[94],"product_tag":[],"class_list":{"0":"post-6207","1":"product","2":"type-product","3":"status-publish","4":"has-post-thumbnail","6":"product_cat-keychains","8":"first","9":"instock","10":"shipping-taxable","11":"product-type-simple"},"_links":{"self":[{"href":"https:\/\/displayproducts.eu\/nb\/wp-json\/wp\/v2\/product\/6207","targetHints":{"allow":["GET"]}}],"collection":[{"href":"https:\/\/displayproducts.eu\/nb\/wp-json\/wp\/v2\/product"}],"about":[{"href":"https:\/\/displayproducts.eu\/nb\/wp-json\/wp\/v2\/types\/product"}],"replies":[{"embeddable":true,"href":"https:\/\/displayproducts.eu\/nb\/wp-json\/wp\/v2\/comments?post=6207"}],"wp:featuredmedia":[{"embeddable":true,"href":"https:\/\/displayproducts.eu\/nb\/wp-json\/wp\/v2\/media\/6209"}],"wp:attachment":[{"href":"https:\/\/displayproducts.eu\/nb\/wp-json\/wp\/v2\/media?parent=6207"}],"wp:term":[{"taxonomy":"product_brand","embeddable":true,"href":"https:\/\/displayproducts.eu\/nb\/wp-json\/wp\/v2\/product_brand?post=6207"},{"taxonomy":"product_cat","embeddable":true,"href":"https:\/\/displayproducts.eu\/nb\/wp-json\/wp\/v2\/product_cat?post=6207"},{"taxonomy":"product_tag","embeddable":true,"href":"https:\/\/displayproducts.eu\/nb\/wp-json\/wp\/v2\/product_tag?post=6207"}],"curies":[{"name":"wp","href":"https:\/\/api.w.org\/{rel}","templated":true}]}}