{"id":6204,"date":"2025-12-20T17:26:54","date_gmt":"2025-12-20T14:26:54","guid":{"rendered":"https:\/\/wristbandfactory.eu\/?post_type=product&#038;p=6204"},"modified":"2026-04-01T21:52:34","modified_gmt":"2026-04-01T18:52:34","slug":"custom-printed-decorative-pillows-microfiber","status":"publish","type":"product","link":"https:\/\/displayproducts.eu\/nb\/p\/custom-printed-decorative-pillows-microfiber\/","title":{"rendered":"Puter med logo"},"content":{"rendered":"<p data-path-to-node=\"10\">Forvandle ethvert rom til en merkevarebyggingsmulighet med v\u00e5re <b data-path-to-node=\"10\" data-index-in-node=\"82\">Tilpassede trykte dekorative puter<\/b>. Enten de er rettet mot reiseentusiaster, forbedrer komforten ved utend\u00f8rsarrangementer eller gir et merkevarepreg til hotellobbyer og restauranter, s\u00f8rger disse putene for at budskapet ditt blir sett og f\u00f8lt.<\/p>\n<p data-path-to-node=\"11\">Disse putene er laget av myk mikrofiber av h\u00f8y kvalitet og gir en luksuri\u00f8s f\u00f8lelse som kundene setter pris p\u00e5. Den glatte overflaten er perfekt for <b data-path-to-node=\"11\" data-index-in-node=\"142\">fotorealistisk sublimeringstrykk<\/b>, noe som gir mulighet for intrikate design, produktbilder og livlige logoer som strekker seg over hele puten.<\/p>\n<h2 data-path-to-node=\"12\">Viktige funksjoner<\/h2>\n<ul data-path-to-node=\"13\">\n<li>\n<p data-path-to-node=\"13,0,0\"><b data-path-to-node=\"13,0,0\" data-index-in-node=\"0\">Maksimal merkevaresynlighet:<\/b> I motsetning til sm\u00e5 gjenstander, tilbyr puter et stort lerret. \u00c5 bruke begge sider gir mulighet for kreativ markedsf\u00f8ring \u2013 for eksempel et livsstilsbilde p\u00e5 forsiden og bedriftslogoen din p\u00e5 baksiden.<\/p>\n<\/li>\n<li>\n<p data-path-to-node=\"13,1,0\"><b data-path-to-node=\"13,1,0\" data-index-in-node=\"0\">Overlegen komfort:<\/b> Mikrofiberstoffet p\u00e5 200 g\/m\u00b2 er mykt \u00e5 ta p\u00e5, noe som gj\u00f8r det til et funksjonelt element som mottakerne faktisk \u00f8nsker \u00e5 bruke i hjemmet eller p\u00e5 kontoret.<\/p>\n<\/li>\n<li>\n<p data-path-to-node=\"13,2,0\"><b data-path-to-node=\"13,2,0\" data-index-in-node=\"0\">Holdbar og livlig:<\/b> 100% polyesterkonstruksjon s\u00f8rger for at puten beholder formen og at trykket forblir livlig selv etter bruk.<\/p>\n<\/li>\n<li>\n<p data-path-to-node=\"13,3,0\"><b data-path-to-node=\"13,3,0\" data-index-in-node=\"0\">Klar for arrangement:<\/b> En utmerket m\u00e5te \u00e5 merkevarebygge loungeomr\u00e5der p\u00e5 messer, festivaler eller VIP-hj\u00f8rner i barer og klubber.<\/p>\n<\/li>\n<\/ul>\n<h2 data-path-to-node=\"14\">Spesifikasjoner<\/h2>\n<ul data-path-to-node=\"15\">\n<li>\n<p data-path-to-node=\"15,0,0\"><b data-path-to-node=\"15,0,0\" data-index-in-node=\"0\">Materiale:<\/b> 100% Polyestermikrofiber<\/p>\n<\/li>\n<li>\n<p data-path-to-node=\"15,1,0\"><b data-path-to-node=\"15,1,0\" data-index-in-node=\"0\">Stoffvekt:<\/b> 200 g\/m\u00b2<\/p>\n<\/li>\n<li>\n<p data-path-to-node=\"15,2,0\"><b data-path-to-node=\"15,2,0\" data-index-in-node=\"0\">Trykkteknikk:<\/b> Sublimering i fullfarge (fotorealistisk)<\/p>\n<\/li>\n<li>\n<p data-path-to-node=\"15,3,0\"><b data-path-to-node=\"15,3,0\" data-index-in-node=\"0\">Tilgjengelige st\u00f8rrelser:<\/b><\/p>\n<ul data-path-to-node=\"15,3,1\">\n<li>\n<p data-path-to-node=\"15,3,1,0,0\"><b data-path-to-node=\"15,3,1,0,0\" data-index-in-node=\"0\">30 \u00d7 30 cm<\/b><\/p>\n<\/li>\n<li>\n<p data-path-to-node=\"15,3,1,1,0\"><b data-path-to-node=\"15,3,1,1,0\" data-index-in-node=\"0\">40 \u00d7 40 cm<\/b><\/p>\n<\/li>\n<\/ul>\n<\/li>\n<\/ul>\n<h2 data-path-to-node=\"16\">Brukstilfeller<\/h2>\n<ul>\n<li>\n<p data-path-to-node=\"6,0,0\"><b data-path-to-node=\"6,0,0\" data-index-in-node=\"0\">Arrangementer og kampanjer:<\/b> Perfekt for merkevarebygging av utend\u00f8rs sitteomr\u00e5der, VIP-lounger p\u00e5 festivaler og chill-out-soner p\u00e5 messer.<\/p>\n<\/li>\n<li>\n<p data-path-to-node=\"6,1,0\"><b data-path-to-node=\"6,1,0\" data-index-in-node=\"0\">Gjestfrihet og innredning:<\/b> Gir et personlig preg til hotellobbyer, spa-venterom, restauranter og barer.<\/p>\n<\/li>\n<li>\n<p data-path-to-node=\"6,2,0\"><b data-path-to-node=\"6,2,0\" data-index-in-node=\"0\">Bedriftsgaver:<\/b> En eksklusiv, myk gave til partnere og ansatte som passer perfekt inn i et hjemmekontormilj\u00f8.<\/p>\n<\/li>\n<\/ul>","protected":false},"excerpt":{"rendered":"<ul>\n<li>\n<p data-path-to-node=\"9,0,0\"><b data-path-to-node=\"9,0,0\" data-index-in-node=\"0\">Fotorealistisk merkevarebygging:<\/b> HD-utskrift over hele overflaten for skarpe logoer og livlige bilder.<\/p>\n<\/li>\n<li>\n<p data-path-to-node=\"9,1,0\"><b data-path-to-node=\"9,1,0\" data-index-in-node=\"0\">Premiummateriale:<\/b> Laget av 100% polyestermikrofiber (200 g\/m\u00b2) med en luksuri\u00f8s, myk tekstur.<\/p>\n<\/li>\n<li>\n<p data-path-to-node=\"9,2,0\"><b data-path-to-node=\"9,2,0\" data-index-in-node=\"0\">Dobbeltsidig design:<\/b> Skriv ut et produktbilde p\u00e5 den ene siden og logoen din p\u00e5 den andre for maksimal effekt.<\/p>\n<\/li>\n<li>\n<p data-path-to-node=\"9,3,0\"><b data-path-to-node=\"9,3,0\" data-index-in-node=\"0\">Allsidig bruk:<\/b> Ideell for reisekampanjer, hoteller, restauranter og utend\u00f8rs arrangementer.<\/p>\n<\/li>\n<\/ul>","protected":false},"featured_media":6206,"comment_status":"closed","ping_status":"closed","template":"","meta":[],"product_brand":[],"product_cat":[129,68],"product_tag":[],"class_list":{"0":"post-6204","1":"product","2":"type-product","3":"status-publish","4":"has-post-thumbnail","6":"product_cat-leisure-lifestyle","7":"product_cat-event-supplies","9":"first","10":"instock","11":"shipping-taxable","12":"product-type-simple"},"_links":{"self":[{"href":"https:\/\/displayproducts.eu\/nb\/wp-json\/wp\/v2\/product\/6204","targetHints":{"allow":["GET"]}}],"collection":[{"href":"https:\/\/displayproducts.eu\/nb\/wp-json\/wp\/v2\/product"}],"about":[{"href":"https:\/\/displayproducts.eu\/nb\/wp-json\/wp\/v2\/types\/product"}],"replies":[{"embeddable":true,"href":"https:\/\/displayproducts.eu\/nb\/wp-json\/wp\/v2\/comments?post=6204"}],"wp:featuredmedia":[{"embeddable":true,"href":"https:\/\/displayproducts.eu\/nb\/wp-json\/wp\/v2\/media\/6206"}],"wp:attachment":[{"href":"https:\/\/displayproducts.eu\/nb\/wp-json\/wp\/v2\/media?parent=6204"}],"wp:term":[{"taxonomy":"product_brand","embeddable":true,"href":"https:\/\/displayproducts.eu\/nb\/wp-json\/wp\/v2\/product_brand?post=6204"},{"taxonomy":"product_cat","embeddable":true,"href":"https:\/\/displayproducts.eu\/nb\/wp-json\/wp\/v2\/product_cat?post=6204"},{"taxonomy":"product_tag","embeddable":true,"href":"https:\/\/displayproducts.eu\/nb\/wp-json\/wp\/v2\/product_tag?post=6204"}],"curies":[{"name":"wp","href":"https:\/\/api.w.org\/{rel}","templated":true}]}}