{"id":6201,"date":"2025-12-20T17:18:10","date_gmt":"2025-12-20T14:18:10","guid":{"rendered":"https:\/\/wristbandfactory.eu\/?post_type=product&#038;p=6201"},"modified":"2026-04-01T21:52:03","modified_gmt":"2026-04-01T18:52:03","slug":"custom-fan-scarves-sports-supporters-scarves-knitted-or-printed","status":"publish","type":"product","link":"https:\/\/displayproducts.eu\/nb\/p\/custom-fan-scarves-sports-supporters-scarves-knitted-or-printed\/","title":{"rendered":"Supporterskjerf med logo"},"content":{"rendered":"<p data-path-to-node=\"10\">Styrk teamets samhold og maksimer merkevaresynligheten med v\u00e5re <b data-path-to-node=\"10\" data-index-in-node=\"86\">Tilpassede vifteskjerf<\/b>. Enten det er for en profesjonell fotballklubb, et lokalt idrettslag eller et bedriftsreklamearrangement, er disse skjerfene det ultimate heiagjengstilbeh\u00f8ret. Vi tilbyr allsidige produksjonsalternativer som matcher dine spesifikke designbehov, fra tradisjonell varme til HD-grafikk.<\/p>\n<p data-path-to-node=\"11\">V\u00e5rt sortiment inkluderer tre spesialiserte modeller for \u00e5 sikre at logoen din ser best mulig ut, enten den er vevd direkte inn i stoffet eller trykket med fotorealistisk presisjon.<\/p>\n<h2 data-path-to-node=\"12\">Viktige funksjoner<\/h2>\n<ul data-path-to-node=\"13\">\n<li>\n<p data-path-to-node=\"13,0,0\"><b data-path-to-node=\"13,0,0\" data-index-in-node=\"0\">Klassisk strikket skjerf:<\/b> Det tradisjonelle valget. Har et dobbeltsidig design som tillater forskjellige logoer p\u00e5 hver side. Laget av myk 100% akryl for varme og holdbarhet.<\/p>\n<\/li>\n<li>\n<p data-path-to-node=\"13,1,0\"><b data-path-to-node=\"13,1,0\" data-index-in-node=\"0\">Unikt bildeskjerf (trykt):<\/b> Utviklet for kompleks grafikk. Bruker en speilvendt effekt p\u00e5 \u00e9n side for \u00e5 oppn\u00e5 skarpe, detaljerte utskrifter som strikking ikke kan matche.<\/p>\n<\/li>\n<li>\n<p data-path-to-node=\"13,2,0\"><b data-path-to-node=\"13,2,0\" data-index-in-node=\"0\">Strikket skjerf med emblem:<\/b> Et eksklusivt, premium alternativ. Kombinerer den klassiske strikkede basen med et detaljert, p\u00e5satt emblem for et eksklusivt utseende.<\/p>\n<\/li>\n<\/ul>\n<h2 data-path-to-node=\"14\">Spesifikasjoner<\/h2>\n<table data-path-to-node=\"15\">\n<thead>\n<tr>\n<td><strong>Modelltype<\/strong><\/td>\n<td><strong>Dimensjoner<\/strong><\/td>\n<td><strong>Materialsammensetning<\/strong><\/td>\n<td><strong>N\u00f8kkelkarakteristikk<\/strong><\/td>\n<\/tr>\n<\/thead>\n<tbody>\n<tr>\n<td><span data-path-to-node=\"15,1,0,0\"><b data-path-to-node=\"15,1,0,0\" data-index-in-node=\"0\">Strikket skjerf<\/b><\/span><\/td>\n<td><span data-path-to-node=\"15,1,1,0\">18 \u00d7 140 cm<\/span><\/td>\n<td><span data-path-to-node=\"15,1,2,0\">100% Akryl<\/span><\/td>\n<td><span data-path-to-node=\"15,1,3,0\">Dobbeltsidig, klassisk varme<\/span><\/td>\n<\/tr>\n<tr>\n<td><span data-path-to-node=\"15,2,0,0\"><b data-path-to-node=\"15,2,0,0\" data-index-in-node=\"0\">Bilde skjerf<\/b><\/span><\/td>\n<td><span data-path-to-node=\"15,2,1,0\">20 \u00d7 130 cm<\/span><\/td>\n<td><span data-path-to-node=\"15,2,2,0\">80% akryl, 20% polyester<\/span><\/td>\n<td><span data-path-to-node=\"15,2,3,0\">H\u00f8ydetaljtrykk, speileffekt<\/span><\/td>\n<\/tr>\n<tr>\n<td><span data-path-to-node=\"15,3,0,0\"><b data-path-to-node=\"15,3,0,0\" data-index-in-node=\"0\">Emblem-skjerf<\/b><\/span><\/td>\n<td><span data-path-to-node=\"15,3,1,0\">19 \u00d7 130 cm<\/span><\/td>\n<td><span data-path-to-node=\"15,3,2,0\">100% Akryl<\/span><\/td>\n<td><span data-path-to-node=\"15,3,3,0\">Premium brodert lapp<\/span><\/td>\n<\/tr>\n<\/tbody>\n<\/table>\n<h2 data-path-to-node=\"16\">Brukstilfeller<\/h2>\n<ul data-path-to-node=\"17\">\n<li>\n<p data-path-to-node=\"17,0,0\"><b data-path-to-node=\"17,0,0\" data-index-in-node=\"0\">Sportsmerchandising:<\/b> Viktig inntektsgenerator for fanbutikker for fotball-, hockey- og basketballklubber.<\/p>\n<\/li>\n<li>\n<p data-path-to-node=\"17,1,0\"><b data-path-to-node=\"17,1,0\" data-index-in-node=\"0\">Sponsing av arrangement:<\/b> Merkevarebygging med h\u00f8y synlighet for stadionpublikum og store sportsarrangementer.<\/p>\n<\/li>\n<li>\n<p data-path-to-node=\"17,2,0\"><b data-path-to-node=\"17,2,0\" data-index-in-node=\"0\">Firmagaver:<\/b> Varme og praktiske gaver til vinterarrangementer eller utend\u00f8rs teambuilding-aktiviteter.<\/p>\n<\/li>\n<\/ul>","protected":false},"excerpt":{"rendered":"<ul>\n<li>\n<p data-path-to-node=\"9,0,0\"><b data-path-to-node=\"9,0,0\" data-index-in-node=\"0\">Tre forskjellige stiler:<\/b> Velg mellom klassisk strikket (jacquard), HD-bildetrykt eller eksklusive emblemmodeller.<\/p>\n<\/li>\n<li>\n<p data-path-to-node=\"9,1,0\"><b data-path-to-node=\"9,1,0\" data-index-in-node=\"0\">Materialer av h\u00f8y kvalitet:<\/b> Laget av varm 100% akryl eller en detaljert polyakrylblanding for skarpere utskrifter.<\/p>\n<\/li>\n<li>\n<p data-path-to-node=\"9,2,0\"><b data-path-to-node=\"9,2,0\" data-index-in-node=\"0\">Dobbeltsidig merkevarebygging:<\/b> Strikkede modeller gir mulighet for forskjellige tilpassede design p\u00e5 forsiden og baksiden.<\/p>\n<\/li>\n<li>\n<p data-path-to-node=\"9,3,0\"><b data-path-to-node=\"9,3,0\" data-index-in-node=\"0\">Ultimat fan-merchandise:<\/b> Standardtilbeh\u00f8ret for fotballklubber, idrettslag og reklamearrangementer.<\/p>\n<\/li>\n<\/ul>","protected":false},"featured_media":6202,"comment_status":"closed","ping_status":"closed","template":"","meta":[],"product_brand":[],"product_cat":[123],"product_tag":[],"class_list":{"0":"post-6201","1":"product","2":"type-product","3":"status-publish","4":"has-post-thumbnail","6":"product_cat-fan-cheering-items","8":"first","9":"instock","10":"shipping-taxable","11":"product-type-simple"},"_links":{"self":[{"href":"https:\/\/displayproducts.eu\/nb\/wp-json\/wp\/v2\/product\/6201","targetHints":{"allow":["GET"]}}],"collection":[{"href":"https:\/\/displayproducts.eu\/nb\/wp-json\/wp\/v2\/product"}],"about":[{"href":"https:\/\/displayproducts.eu\/nb\/wp-json\/wp\/v2\/types\/product"}],"replies":[{"embeddable":true,"href":"https:\/\/displayproducts.eu\/nb\/wp-json\/wp\/v2\/comments?post=6201"}],"wp:featuredmedia":[{"embeddable":true,"href":"https:\/\/displayproducts.eu\/nb\/wp-json\/wp\/v2\/media\/6202"}],"wp:attachment":[{"href":"https:\/\/displayproducts.eu\/nb\/wp-json\/wp\/v2\/media?parent=6201"}],"wp:term":[{"taxonomy":"product_brand","embeddable":true,"href":"https:\/\/displayproducts.eu\/nb\/wp-json\/wp\/v2\/product_brand?post=6201"},{"taxonomy":"product_cat","embeddable":true,"href":"https:\/\/displayproducts.eu\/nb\/wp-json\/wp\/v2\/product_cat?post=6201"},{"taxonomy":"product_tag","embeddable":true,"href":"https:\/\/displayproducts.eu\/nb\/wp-json\/wp\/v2\/product_tag?post=6201"}],"curies":[{"name":"wp","href":"https:\/\/api.w.org\/{rel}","templated":true}]}}