{"id":6196,"date":"2025-12-20T17:11:39","date_gmt":"2025-12-20T14:11:39","guid":{"rendered":"https:\/\/wristbandfactory.eu\/?post_type=product&#038;p=6196"},"modified":"2026-04-01T21:52:03","modified_gmt":"2026-04-01T18:52:03","slug":"custom-printed-beeswax-food-wraps-bags-gots-certified-cotton","status":"publish","type":"product","link":"https:\/\/displayproducts.eu\/nb\/p\/custom-printed-beeswax-food-wraps-bags-gots-certified-cotton\/","title":{"rendered":"Bievoksark med logo"},"content":{"rendered":"<p data-path-to-node=\"12\">Styrk ditt samfunnsansvar med v\u00e5re <b data-path-to-node=\"12\" data-index-in-node=\"79\">Tilpassede trykte bivoksmatinnpakninger<\/b>. Som et b\u00e6rekraftig alternativ til engangsplast tilbyr disse innpakningene en innovativ og milj\u00f8vennlig m\u00e5te \u00e5 holde maten fersk p\u00e5. Perfekt for milj\u00f8bevisste merkevarer, forvandler disse innpakningene hverdagslige kj\u00f8kkenartikler til kraftige reklamebudskap.<\/p>\n<p data-path-to-node=\"13\">Laget av h\u00f8ykvalitets 100% naturlige materialer, bruker wrapsene v\u00e5re varmen fra hendene dine til \u00e5 forme seg rundt frukt, gr\u00f8nnsaker, sm\u00f8rbr\u00f8d eller boller, og skaper en pustende forsegling som holder maten fersk lenger.<\/p>\n<h2 data-path-to-node=\"14\">Viktige funksjoner<\/h2>\n<ul data-path-to-node=\"15\">\n<li>\n<p data-path-to-node=\"15,0,0\"><b data-path-to-node=\"15,0,0\" data-index-in-node=\"0\">Nullavfallsl\u00f8sning:<\/b> Fullstendig biologisk nedbrytbar og komposterbar, og erstatter engangsplastfolie og -folie.<\/p>\n<\/li>\n<li>\n<p data-path-to-node=\"15,1,0\"><b data-path-to-node=\"15,1,0\" data-index-in-node=\"0\">Sertifisert kvalitet:<\/b> Vi bruker kun GOTS-sertifisert, trykkbar bomull, noe som sikrer at stoffet er \u00f8kologisk og etisk produsert.<\/p>\n<\/li>\n<li>\n<p data-path-to-node=\"15,2,0\"><b data-path-to-node=\"15,2,0\" data-index-in-node=\"0\">Naturlig bevaring:<\/b> Den unike blandingen av bivoks, jojobaolje og furuharpiks gir naturlige antibakterielle egenskaper.<\/p>\n<\/li>\n<li>\n<p data-path-to-node=\"15,3,0\"><b data-path-to-node=\"15,3,0\" data-index-in-node=\"0\">Allsidig merkevarebygging:<\/b> Logoen eller det tilpassede m\u00f8nsteret ditt kan trykkes direkte p\u00e5 stoffet, noe som gir daglig merkevaresynlighet i hjem og kontorer.<\/p>\n<\/li>\n<li>\n<p data-path-to-node=\"15,4,0\"><b data-path-to-node=\"15,4,0\" data-index-in-node=\"0\">Langvarig:<\/b> Med uten trykk rengj\u00f8ring (vask i lunkent vann) er disse innpakningene designet for gjentatt bruk, noe som gir h\u00f8y avkastning p\u00e5 markedsf\u00f8ringsbudsjettet.<\/p>\n<\/li>\n<\/ul>\n<h2 data-path-to-node=\"16\">Spesifikasjoner<\/h2>\n<ul data-path-to-node=\"17\">\n<li>\n<p data-path-to-node=\"17,0,0\"><b data-path-to-node=\"17,0,0\" data-index-in-node=\"0\">Materialsammensetning:<\/b> GOTS bomull, bivoks (matkvalitet), jojobaolje, furuharpiks.<\/p>\n<\/li>\n<li>\n<p data-path-to-node=\"17,1,0\"><b data-path-to-node=\"17,1,0\" data-index-in-node=\"0\">Standard arkst\u00f8rrelser:<\/b><\/p>\n<ul data-path-to-node=\"17,1,1\">\n<li>\n<p data-path-to-node=\"17,1,1,0,0\"><b data-path-to-node=\"17,1,1,0,0\" data-index-in-node=\"0\">Liten (18\u00d718 cm):<\/b> Til snacks, kutt frukt eller dekk til sm\u00e5 glass.<\/p>\n<\/li>\n<li>\n<p data-path-to-node=\"17,1,1,1,0\"><b data-path-to-node=\"17,1,1,1,0\" data-index-in-node=\"0\">Medium (25\u00d725 cm):<\/b> Ideell til ost, sm\u00f8rbr\u00f8d eller mellomstore boller.<\/p>\n<\/li>\n<li>\n<p data-path-to-node=\"17,1,1,2,0\"><b data-path-to-node=\"17,1,1,2,0\" data-index-in-node=\"0\">Stor (36\u00d736 cm):<\/b> Dekker store boller, br\u00f8d eller meloner.<\/p>\n<\/li>\n<\/ul>\n<\/li>\n<li>\n<p data-path-to-node=\"17,2,0\"><b data-path-to-node=\"17,2,0\" data-index-in-node=\"0\">Veskest\u00f8rrelser:<\/b><\/p>\n<ul data-path-to-node=\"17,2,1\">\n<li>\n<p data-path-to-node=\"17,2,1,0,0\"><b data-path-to-node=\"17,2,1,0,0\" data-index-in-node=\"0\">Medium veske (16\u00d723 cm):<\/b> Perfekt for snackbarer og sm\u00f8rbr\u00f8d p\u00e5 farten.<\/p>\n<\/li>\n<li>\n<p data-path-to-node=\"17,2,1,1,0\"><b data-path-to-node=\"17,2,1,1,0\" data-index-in-node=\"0\">Stor veske (23\u00d732 cm):<\/b> Passer til bakevarer, ferske gr\u00f8nnsaker eller st\u00f8rre frukt og gr\u00f8nt.<\/p>\n<\/li>\n<\/ul>\n<\/li>\n<li>\n<p data-path-to-node=\"17,3,0\"><b data-path-to-node=\"17,3,0\" data-index-in-node=\"0\">Tilpasning:<\/b> Heldekkende trykk eller logoplassering er tilgjengelig.<\/p>\n<\/li>\n<\/ul>\n<h2 data-path-to-node=\"18\">Brukstilfeller<\/h2>\n<ul data-path-to-node=\"19\">\n<li>\n<p data-path-to-node=\"19,0,0\"><b data-path-to-node=\"19,0,0\" data-index-in-node=\"0\">Bedriftsgaver:<\/b> En gjennomtenkt og b\u00e6rekraftig gave til ansatte og kunder som er i tr\u00e5d med gr\u00f8nne initiativer.<\/p>\n<\/li>\n<li>\n<p data-path-to-node=\"19,1,0\"><b data-path-to-node=\"19,1,0\" data-index-in-node=\"0\">Arrangementsvarer:<\/b> Verdifulle gaver til matfestivaler, b\u00e6rekraftskonferanser og messer.<\/p>\n<\/li>\n<li>\n<p data-path-to-node=\"19,2,0\"><b data-path-to-node=\"19,2,0\" data-index-in-node=\"0\">Detaljhandel og videresalg:<\/b> Perfekt for \u00f8kologiske matbutikker, nullavfallsbutikker og museumsgavebutikker.<\/p>\n<\/li>\n<\/ul>","protected":false},"excerpt":{"rendered":"<ul>\n<li>\n<p data-path-to-node=\"11,0,0\"><b data-path-to-node=\"11,0,0\" data-index-in-node=\"0\">100% Naturmaterialer:<\/b> Laget av GOTS-sertifisert bomull, ren bivoks, jojobaolje og furuharpiks.<\/p>\n<\/li>\n<li>\n<p data-path-to-node=\"11,1,0\"><b data-path-to-node=\"11,1,0\" data-index-in-node=\"0\">Milj\u00f8vennlig merkevarebygging:<\/b> Et b\u00e6rekraftig, biologisk nedbrytbart alternativ til plastfolie og aluminiumsfolie.<\/p>\n<\/li>\n<li>\n<p data-path-to-node=\"11,2,0\"><b data-path-to-node=\"11,2,0\" data-index-in-node=\"0\">Tilpassbar:<\/b> Tilgjengelig i forskjellige arkst\u00f8rrelser og poseformater med alternativer for logotrykk i fullfarge.<\/p>\n<\/li>\n<li>\n<p data-path-to-node=\"11,3,0\"><b data-path-to-node=\"11,3,0\" data-index-in-node=\"0\">Gjenbrukbar og vaskbar:<\/b> Slitesterk design som former seg med h\u00e5ndvarme og varer ved gjentatt bruk.<\/p>\n<\/li>\n<\/ul>","protected":false},"featured_media":6198,"comment_status":"closed","ping_status":"closed","template":"","meta":[],"product_brand":[],"product_cat":[121],"product_tag":[],"class_list":{"0":"post-6196","1":"product","2":"type-product","3":"status-publish","4":"has-post-thumbnail","6":"product_cat-promotional-merchandise","8":"first","9":"instock","10":"shipping-taxable","11":"purchasable","12":"product-type-simple"},"_links":{"self":[{"href":"https:\/\/displayproducts.eu\/nb\/wp-json\/wp\/v2\/product\/6196","targetHints":{"allow":["GET"]}}],"collection":[{"href":"https:\/\/displayproducts.eu\/nb\/wp-json\/wp\/v2\/product"}],"about":[{"href":"https:\/\/displayproducts.eu\/nb\/wp-json\/wp\/v2\/types\/product"}],"replies":[{"embeddable":true,"href":"https:\/\/displayproducts.eu\/nb\/wp-json\/wp\/v2\/comments?post=6196"}],"wp:featuredmedia":[{"embeddable":true,"href":"https:\/\/displayproducts.eu\/nb\/wp-json\/wp\/v2\/media\/6198"}],"wp:attachment":[{"href":"https:\/\/displayproducts.eu\/nb\/wp-json\/wp\/v2\/media?parent=6196"}],"wp:term":[{"taxonomy":"product_brand","embeddable":true,"href":"https:\/\/displayproducts.eu\/nb\/wp-json\/wp\/v2\/product_brand?post=6196"},{"taxonomy":"product_cat","embeddable":true,"href":"https:\/\/displayproducts.eu\/nb\/wp-json\/wp\/v2\/product_cat?post=6196"},{"taxonomy":"product_tag","embeddable":true,"href":"https:\/\/displayproducts.eu\/nb\/wp-json\/wp\/v2\/product_tag?post=6196"}],"curies":[{"name":"wp","href":"https:\/\/api.w.org\/{rel}","templated":true}]}}