{"id":6193,"date":"2025-12-20T16:56:00","date_gmt":"2025-12-20T13:56:00","guid":{"rendered":"https:\/\/wristbandfactory.eu\/?post_type=product&#038;p=6193"},"modified":"2026-04-01T21:52:34","modified_gmt":"2026-04-01T18:52:34","slug":"plantable-id-cards-with-linden-seeds-personalized","status":"publish","type":"product","link":"https:\/\/displayproducts.eu\/nb\/p\/plantable-id-cards-with-linden-seeds-personalized\/","title":{"rendered":"Plantbare navneskilt"},"content":{"rendered":"<p data-path-to-node=\"12\">Forvandle arrangementsakkrediteringen din til et gr\u00f8nt statement med v\u00e5r <b data-path-to-node=\"12\" data-index-in-node=\"92\">Plantbare ID-kort med lindefr\u00f8<\/b>. I motsetning til vanlige plast- eller papirkort har disse innovative kortene en unik \u00f8ko-vri: en liten, biologisk nedbrytbar MDF-beholder festet p\u00e5 forsiden, som inneholder et ekte lindetre (<i data-path-to-node=\"12\" data-index-in-node=\"310\">Tilia<\/i>) fr\u00f8.<\/p>\n<p data-path-to-node=\"13\">Disse kortene er produsert av impregnert papir av h\u00f8y kvalitet, og er utformet for \u00e5 t\u00e5le slitasje fra flerdagers konferanser eller festivaler, samtidig som de forblir fullstendig biologisk nedbrytbare. Etter arrangementet kan deltakerne plante hele kortet i en hage eller park, hvor fr\u00f8ene vil spire og vokse til tr\u00e6r \u2013 og etterlate en varig, positiv \u00f8kologisk arv lenge etter at arrangementet er over.<\/p>\n<h2 data-path-to-node=\"14\">Viktige funksjoner<\/h2>\n<ul data-path-to-node=\"15\">\n<li>\n<p data-path-to-node=\"15,0,0\"><b data-path-to-node=\"15,0,0\" data-index-in-node=\"0\">Variabel datautskrift (VDP):<\/b> Vi kan trykke individuelle deltakernavn, QR-koder eller setenumre direkte p\u00e5 hvert kort, noe som gj\u00f8r hvert kort unikt og klart for distribusjon.<\/p>\n<\/li>\n<li>\n<p data-path-to-node=\"15,1,0\"><b data-path-to-node=\"15,1,0\" data-index-in-node=\"0\">Innovativ fr\u00f8beholder:<\/b> Fr\u00f8ene oppbevares i en dekorativ MDF-kapsel p\u00e5 kortets forside, noe som skaper et umiddelbart visuelt samtaleemne om b\u00e6rekraft.<\/p>\n<\/li>\n<li>\n<p data-path-to-node=\"15,2,0\"><b data-path-to-node=\"15,2,0\" data-index-in-node=\"0\">Fullfarge-merkevarebygging:<\/b> H\u00f8yoppl\u00f8selig CMYK-trykk er tilgjengelig p\u00e5 b\u00e5de forsiden (4+0) og baksiden (4+4) for \u00e5 fremheve merkevarebyggingen til arrangementet ditt p\u00e5 en levende m\u00e5te.<\/p>\n<\/li>\n<li>\n<p data-path-to-node=\"15,3,0\"><b data-path-to-node=\"15,3,0\" data-index-in-node=\"0\">Utdanningsverdi:<\/b> Tydelige planteinstruksjoner er trykt p\u00e5 baksiden, og veileder brukeren i hvordan de kan gj\u00f8re ID-kortet sitt om til et tre.<\/p>\n<\/li>\n<\/ul>\n<h2 data-path-to-node=\"16\">Spesifikasjoner<\/h2>\n<ul data-path-to-node=\"17\">\n<li>\n<p data-path-to-node=\"17,0,0\"><b data-path-to-node=\"17,0,0\" data-index-in-node=\"0\">Dimensjoner:<\/b> 60 mm x 90 mm.<\/p>\n<\/li>\n<li>\n<p data-path-to-node=\"17,1,0\"><b data-path-to-node=\"17,1,0\" data-index-in-node=\"0\">Materiale:<\/b> Impregnert papir (biologisk nedbrytbart) + MDF-fr\u00f8beholder.<\/p>\n<\/li>\n<li>\n<p data-path-to-node=\"17,2,0\"><b data-path-to-node=\"17,2,0\" data-index-in-node=\"0\">Fr\u00f8type:<\/b> Lindetre (<i data-path-to-node=\"17,2,0\" data-index-in-node=\"24\">Tilia<\/i>).<\/p>\n<\/li>\n<li>\n<p data-path-to-node=\"17,3,0\"><b data-path-to-node=\"17,3,0\" data-index-in-node=\"0\">Orientering:<\/b> Vertikale eller horisontale alternativer tilgjengelig.<\/p>\n<\/li>\n<li>\n<p data-path-to-node=\"17,4,0\"><b data-path-to-node=\"17,4,0\" data-index-in-node=\"0\">Printing:<\/b> Digital CMYK (kompatibel med variable data).<\/p>\n<\/li>\n<li>\n<p data-path-to-node=\"17,5,0\"><b data-path-to-node=\"17,5,0\" data-index-in-node=\"0\">Produksjonstid:<\/b> Ca. 2 uker etter godkjenning.<\/p>\n<\/li>\n<li>\n<p data-path-to-node=\"17,6,0\"><b data-path-to-node=\"17,6,0\" data-index-in-node=\"0\">Minimum bestillingsmengde:<\/b> 100 enheter.<\/p>\n<\/li>\n<\/ul>\n<h2 data-path-to-node=\"18\">Brukstilfeller<\/h2>\n<ul data-path-to-node=\"19\">\n<li>\n<p data-path-to-node=\"19,0,0\"><b data-path-to-node=\"19,0,0\" data-index-in-node=\"0\">B\u00e6rekraftige konferanser:<\/b> Det ultimate \u201cgr\u00f8nne\u201d merket for milj\u00f8toppm\u00f8ter og klimafora.<\/p>\n<\/li>\n<li>\n<p data-path-to-node=\"19,1,0\"><b data-path-to-node=\"19,1,0\" data-index-in-node=\"0\">Bedriftens CSR-arrangementer:<\/b> Vis bedriftens engasjement for milj\u00f8et med merker som gir tilbake til naturen.<\/p>\n<\/li>\n<li>\n<p data-path-to-node=\"19,2,0\"><b data-path-to-node=\"19,2,0\" data-index-in-node=\"0\">Naturfestivaler:<\/b> Perfekt for utend\u00f8rsarrangementer der plastavfall er strengt minimert.<\/p>\n<\/li>\n<li>\n<p data-path-to-node=\"19,3,0\"><b data-path-to-node=\"19,3,0\" data-index-in-node=\"0\">VIP-invitasjoner:<\/b> Kan ogs\u00e5 brukes som eksklusive, plantbare invitasjoner til eksklusive gallafester.<\/p>\n<\/li>\n<\/ul>","protected":false},"excerpt":{"rendered":"<ul data-path-to-node=\"11\">\n<li>\n<p data-path-to-node=\"11,0,0\"><b data-path-to-node=\"11,0,0\" data-index-in-node=\"0\">\u00d8ko-funksjon:<\/b> Impregnert papirkartong med en synlig MDF-beholder som inneholder ekte lindefr\u00f8.<\/p>\n<\/li>\n<li>\n<p data-path-to-node=\"11,1,0\"><b data-path-to-node=\"11,1,0\" data-index-in-node=\"0\">Personalisering:<\/b> St\u00f8tter variabel datautskrift (VDP) \u2013 skriv ut individuelle deltakernavn, koder eller titler p\u00e5 hvert kort.<\/p>\n<\/li>\n<li>\n<p data-path-to-node=\"11,2,0\"><b data-path-to-node=\"11,2,0\" data-index-in-node=\"0\">Design:<\/b> CMYK-trykk i fullfarge (uten trykkt- eller tosidig) med planteinstruksjoner p\u00e5 baksiden.<\/p>\n<\/li>\n<li>\n<p data-path-to-node=\"11,3,0\"><b data-path-to-node=\"11,3,0\" data-index-in-node=\"0\">Format:<\/b> Standardst\u00f8rrelse 60 x 90 mm, tilgjengelig i vertikal eller horisontal retning.<\/p>\n<\/li>\n<\/ul>","protected":false},"featured_media":6293,"comment_status":"closed","ping_status":"closed","template":"","meta":[],"product_brand":[],"product_cat":[90,91],"product_tag":[],"class_list":{"0":"post-6193","1":"product","2":"type-product","3":"status-publish","4":"has-post-thumbnail","6":"product_cat-laminated-cards","7":"product_cat-badge-holders","9":"first","10":"instock","11":"shipping-taxable","12":"purchasable","13":"product-type-simple"},"_links":{"self":[{"href":"https:\/\/displayproducts.eu\/nb\/wp-json\/wp\/v2\/product\/6193","targetHints":{"allow":["GET"]}}],"collection":[{"href":"https:\/\/displayproducts.eu\/nb\/wp-json\/wp\/v2\/product"}],"about":[{"href":"https:\/\/displayproducts.eu\/nb\/wp-json\/wp\/v2\/types\/product"}],"replies":[{"embeddable":true,"href":"https:\/\/displayproducts.eu\/nb\/wp-json\/wp\/v2\/comments?post=6193"}],"wp:featuredmedia":[{"embeddable":true,"href":"https:\/\/displayproducts.eu\/nb\/wp-json\/wp\/v2\/media\/6293"}],"wp:attachment":[{"href":"https:\/\/displayproducts.eu\/nb\/wp-json\/wp\/v2\/media?parent=6193"}],"wp:term":[{"taxonomy":"product_brand","embeddable":true,"href":"https:\/\/displayproducts.eu\/nb\/wp-json\/wp\/v2\/product_brand?post=6193"},{"taxonomy":"product_cat","embeddable":true,"href":"https:\/\/displayproducts.eu\/nb\/wp-json\/wp\/v2\/product_cat?post=6193"},{"taxonomy":"product_tag","embeddable":true,"href":"https:\/\/displayproducts.eu\/nb\/wp-json\/wp\/v2\/product_tag?post=6193"}],"curies":[{"name":"wp","href":"https:\/\/api.w.org\/{rel}","templated":true}]}}