{"id":6191,"date":"2025-12-20T16:49:13","date_gmt":"2025-12-20T13:49:13","guid":{"rendered":"https:\/\/wristbandfactory.eu\/?post_type=product&#038;p=6191"},"modified":"2026-04-01T21:52:34","modified_gmt":"2026-04-01T18:52:34","slug":"custom-wooden-id-cards-event-badges-eco-plywood","status":"publish","type":"product","link":"https:\/\/displayproducts.eu\/nb\/p\/custom-wooden-id-cards-event-badges-eco-plywood\/","title":{"rendered":"Navneskilt i tre"},"content":{"rendered":"<p data-path-to-node=\"12\">Skill deg ut med v\u00e5r <b data-path-to-node=\"12\" data-index-in-node=\"44\">Tilpassede ID-kort i tre<\/b>, et sofistikert og b\u00e6rekraftig alternativ til tradisjonelle PVC-merker i plast. Laget av 3 mm kryssfiner av h\u00f8y kvalitet, tilbyr disse kortene en naturlig, profesjonell estetikk som passer perfekt til milj\u00f8bevisste merkeverdier.<\/p>\n<p data-path-to-node=\"13\">Ideelt for konferanser, VIP-arrangementer og bedriftsidentifikasjon, har hvert kort en distinkt trestruktur som gj\u00f8r hvert stykke unikt. Kortene er lette, men likevel slitesterke nok til flerdagsarrangementer.<\/p>\n<p data-path-to-node=\"14\"><b data-path-to-node=\"14\" data-index-in-node=\"0\">Utskrift og etterbehandling:<\/b> Vi tilbyr fargerikt trykk for \u00e5 vise frem logoen din, deltakernavnene eller QR-kodene dine.<\/p>\n<ul data-path-to-node=\"15\">\n<li>\n<p data-path-to-node=\"15,0,0\"><b data-path-to-node=\"15,0,0\" data-index-in-node=\"0\">Standard finish:<\/b> Kortene leveres standardlakkert p\u00e5 \u00e9n side for \u00e5 beskytte overflaten og trykket.<\/p>\n<\/li>\n<li>\n<p data-path-to-node=\"15,1,0\"><b data-path-to-node=\"15,1,0\" data-index-in-node=\"0\">Dobbeltsidig alternativ:<\/b> For dobbeltsidig utskrift anbefaler vi p\u00e5 det sterkeste \u00e5 legge lakk p\u00e5 den andre siden for \u00e5 forhindre falming og slitasje (tilgjengelig som en oppgradering).<\/p>\n<\/li>\n<\/ul>\n<h2 data-path-to-node=\"16\">Viktige funksjoner<\/h2>\n<ul data-path-to-node=\"17\">\n<li>\n<p data-path-to-node=\"17,0,0\"><b data-path-to-node=\"17,0,0\" data-index-in-node=\"0\">Naturlig estetikk:<\/b> Den varme trestrukturen gir et f\u00f8rsteklasses utseende og en f\u00f8rsteklasses f\u00f8lelse som plast ikke kan matche.<\/p>\n<\/li>\n<li>\n<p data-path-to-node=\"17,1,0\"><b data-path-to-node=\"17,1,0\" data-index-in-node=\"0\">Full tilpasning:<\/b> St\u00f8tter digitaltrykk i fullfarge p\u00e5 \u00e9n eller begge sider.<\/p>\n<\/li>\n<li>\n<p data-path-to-node=\"17,2,0\"><b data-path-to-node=\"17,2,0\" data-index-in-node=\"0\">Varighet:<\/b> Behandlet med en beskyttende lakk for \u00e5 motst\u00e5 fuktighet og daglig slitasje.<\/p>\n<\/li>\n<li>\n<p data-path-to-node=\"17,3,0\"><b data-path-to-node=\"17,3,0\" data-index-in-node=\"0\">Universell passform:<\/b> Inkluderer et forh\u00e5ndsboret hull (standard st\u00f8rrelse) for uten trykk festing til enhver lanyard eller klips.<\/p>\n<\/li>\n<li>\n<p data-path-to-node=\"17,4,0\"><b data-path-to-node=\"17,4,0\" data-index-in-node=\"0\">B\u00e6rekraftig valg:<\/b> Laget av fornybare trekilder, noe som reduserer arrangementets plastavtrykk.<\/p>\n<\/li>\n<\/ul>\n<h2 data-path-to-node=\"18\">Spesifikasjoner<\/h2>\n<ul data-path-to-node=\"19\">\n<li>\n<p data-path-to-node=\"19,0,0\"><b data-path-to-node=\"19,0,0\" data-index-in-node=\"0\">Dimensjoner:<\/b> 100 mm x 50 mm x 3 mm.<\/p>\n<\/li>\n<li>\n<p data-path-to-node=\"19,1,0\"><b data-path-to-node=\"19,1,0\" data-index-in-node=\"0\">Materiale:<\/b> Naturlig kryssfiner.<\/p>\n<\/li>\n<li>\n<p data-path-to-node=\"19,2,0\"><b data-path-to-node=\"19,2,0\" data-index-in-node=\"0\">Vekt:<\/b> Ultralett for komfortabel bruk.<\/p>\n<\/li>\n<li>\n<p data-path-to-node=\"19,3,0\"><b data-path-to-node=\"19,3,0\" data-index-in-node=\"0\">Hullstanser:<\/b> Sentrert topphull (rundt eller avlangt vanligvis standard).<\/p>\n<\/li>\n<li>\n<p data-path-to-node=\"19,4,0\"><b data-path-to-node=\"19,4,0\" data-index-in-node=\"0\">Minimum bestillingsmengde:<\/b> 100 enheter.<\/p>\n<\/li>\n<\/ul>\n<h2 data-path-to-node=\"20\">Brukstilfeller<\/h2>\n<ul data-path-to-node=\"21\">\n<li>\n<p data-path-to-node=\"21,0,0\"><b data-path-to-node=\"21,0,0\" data-index-in-node=\"0\">Gr\u00f8nne konferanser:<\/b> Det ultimate tilbeh\u00f8ret for b\u00e6rekraftsfokuserte toppm\u00f8ter.<\/p>\n<\/li>\n<li>\n<p data-path-to-node=\"21,1,0\"><b data-path-to-node=\"21,1,0\" data-index-in-node=\"0\">VIP-pass:<\/b> Eksklusive backstage- eller spesialgjestpass med en f\u00f8lelse av verdi.<\/p>\n<\/li>\n<li>\n<p data-path-to-node=\"21,2,0\"><b data-path-to-node=\"21,2,0\" data-index-in-node=\"0\">Ansatt-ID:<\/b> Slitesterk og stilig daglig identifikasjon for milj\u00f8vennlige bedrifter.<\/p>\n<\/li>\n<li>\n<p data-path-to-node=\"21,3,0\"><b data-path-to-node=\"21,3,0\" data-index-in-node=\"0\">Firmagaver:<\/b> Kan brukes som bagasjelapper eller minnepoletter.<\/p>\n<\/li>\n<\/ul>","protected":false},"excerpt":{"rendered":"<ul>\n<li>\n<p data-path-to-node=\"11,0,0\"><b data-path-to-node=\"11,0,0\" data-index-in-node=\"0\">Materiale:<\/b> 3 mm kryssfiner av h\u00f8y kvalitet (naturlig overflate).<\/p>\n<\/li>\n<li>\n<p data-path-to-node=\"11,1,0\"><b data-path-to-node=\"11,1,0\" data-index-in-node=\"0\">Dimensjoner:<\/b> 10 cm x 5 cm (lett og slitesterk).<\/p>\n<\/li>\n<li>\n<p data-path-to-node=\"11,2,0\"><b data-path-to-node=\"11,2,0\" data-index-in-node=\"0\">Beskyttelse:<\/b> Standardlakkering p\u00e5 \u00e9n side for holdbarhet (dobbeltsidig valgfritt).<\/p>\n<\/li>\n<li>\n<p data-path-to-node=\"11,3,0\"><b data-path-to-node=\"11,3,0\" data-index-in-node=\"0\">Vedlegg:<\/b> Forboret hull kompatibelt med alle standard lanyards.<\/p>\n<\/li>\n<li>\n<p data-path-to-node=\"11,4,0\"><b data-path-to-node=\"11,4,0\" data-index-in-node=\"0\">Milj\u00f8vennlig:<\/b> Et biologisk nedbrytbart, plastfritt alternativ for gr\u00f8nne arrangementer.<\/p>\n<\/li>\n<\/ul>","protected":false},"featured_media":6192,"comment_status":"closed","ping_status":"closed","template":"","meta":[],"product_brand":[],"product_cat":[91],"product_tag":[],"class_list":{"0":"post-6191","1":"product","2":"type-product","3":"status-publish","4":"has-post-thumbnail","6":"product_cat-badge-holders","8":"first","9":"instock","10":"shipping-taxable","11":"purchasable","12":"product-type-simple"},"_links":{"self":[{"href":"https:\/\/displayproducts.eu\/nb\/wp-json\/wp\/v2\/product\/6191","targetHints":{"allow":["GET"]}}],"collection":[{"href":"https:\/\/displayproducts.eu\/nb\/wp-json\/wp\/v2\/product"}],"about":[{"href":"https:\/\/displayproducts.eu\/nb\/wp-json\/wp\/v2\/types\/product"}],"replies":[{"embeddable":true,"href":"https:\/\/displayproducts.eu\/nb\/wp-json\/wp\/v2\/comments?post=6191"}],"wp:featuredmedia":[{"embeddable":true,"href":"https:\/\/displayproducts.eu\/nb\/wp-json\/wp\/v2\/media\/6192"}],"wp:attachment":[{"href":"https:\/\/displayproducts.eu\/nb\/wp-json\/wp\/v2\/media?parent=6191"}],"wp:term":[{"taxonomy":"product_brand","embeddable":true,"href":"https:\/\/displayproducts.eu\/nb\/wp-json\/wp\/v2\/product_brand?post=6191"},{"taxonomy":"product_cat","embeddable":true,"href":"https:\/\/displayproducts.eu\/nb\/wp-json\/wp\/v2\/product_cat?post=6191"},{"taxonomy":"product_tag","embeddable":true,"href":"https:\/\/displayproducts.eu\/nb\/wp-json\/wp\/v2\/product_tag?post=6191"}],"curies":[{"name":"wp","href":"https:\/\/api.w.org\/{rel}","templated":true}]}}