{"id":6179,"date":"2025-12-20T16:26:50","date_gmt":"2025-12-20T13:26:50","guid":{"rendered":"https:\/\/wristbandfactory.eu\/?post_type=product&#038;p=6179"},"modified":"2026-04-01T21:52:03","modified_gmt":"2026-04-01T18:52:03","slug":"custom-branded-plant-growing-kits-green-gifts","status":"publish","type":"product","link":"https:\/\/displayproducts.eu\/nb\/p\/custom-branded-plant-growing-kits-green-gifts\/","title":{"rendered":"Plantesett med logo"},"content":{"rendered":"<p data-path-to-node=\"12\">Ta naturen inn p\u00e5 kontoret eller hjemmet med v\u00e5rt allsidige utvalg av <b data-path-to-node=\"12\" data-index-in-node=\"90\">Tilpassede plantedyrkingssett med merkevarebygging<\/b>. Disse \u201cgr\u00f8nne gavene\u201d er de perfekte reklamevarene for bedrifter som \u00f8nsker \u00e5 legge vekt p\u00e5 b\u00e6rekraft, velv\u00e6re og vekst. Enten det er for Jordens dag-kampanjer, gaver til ansatte eller milj\u00f8bevisste arrangementer, gir en levende plante et varig inntrykk.<\/p>\n<p data-path-to-node=\"13\">Vi tilbyr et bredt utvalg av formater som passer ethvert budsjett og enhver stil. Fra f\u00f8rsteklasses keramiske sett som ser flotte ut i vinduskarmen til kompakte Bio-PET-sett for massedistribusjon, leveres hvert sett klart til dyrking med jord og fr\u00f8 inkludert.<\/p>\n<h2 data-path-to-node=\"14\">Tilgjengelige konfigurasjoner<\/h2>\n<p data-path-to-node=\"15\">Du kan mikse og matche eller velge spesifikke stiler fra kolleksjonen v\u00e5r:<\/p>\n<ul data-path-to-node=\"16\">\n<li>\n<p data-path-to-node=\"16,0,0\"><b data-path-to-node=\"16,0,0\" data-index-in-node=\"0\">Keramiske pottesett:<\/b> Tilgjengelig som et standard \u201csett med 3\u201d eller et imponerende \u201cXXL-sett\u201d. Premium utseende, ideelt for ledergaver.<\/p>\n<\/li>\n<li>\n<p data-path-to-node=\"16,1,0\"><b data-path-to-node=\"16,1,0\" data-index-in-node=\"0\">EcoCup- og Bio-PET-sett:<\/b> Lette, b\u00e6rekraftige beholdere laget av resirkulerte materialer eller bioplast. Perfekt for postforsendelser og arrangementer.<\/p>\n<\/li>\n<li>\n<p data-path-to-node=\"16,2,0\"><b data-path-to-node=\"16,2,0\" data-index-in-node=\"0\">Anti-smog fr\u00f8blanding:<\/b> Spesielle fr\u00f8blandinger utviklet for \u00e5 rense luft, pakket i milj\u00f8vennlige beholdere.<\/p>\n<\/li>\n<li>\n<p data-path-to-node=\"16,3,0\"><b data-path-to-node=\"16,3,0\" data-index-in-node=\"0\">Buketter av hetteglass:<\/b> Et unikt \u201cBlomst i et glass\u201d-konsept (uten trykktpakning eller 3-pakning) \u2013 en minimalistisk, moderne vri p\u00e5 blomstergaver.<\/p>\n<\/li>\n<li>\n<p data-path-to-node=\"16,4,0\"><b data-path-to-node=\"16,4,0\" data-index-in-node=\"0\">Mini- og doble sett:<\/b> Kompakte uten trykktsett eller \u201cto-i-ett\u201d-esker for variasjon.<\/p>\n<\/li>\n<\/ul>\n<h2 data-path-to-node=\"17\">Viktige funksjoner<\/h2>\n<ul data-path-to-node=\"18\">\n<li>\n<p data-path-to-node=\"18,0,0\"><b data-path-to-node=\"18,0,0\" data-index-in-node=\"0\">Klar til dyrking:<\/b> Alle settene inneholder komprimerte jordtabletter og fr\u00f8 av h\u00f8y kvalitet (urter, blomster eller tr\u00e6r).<\/p>\n<\/li>\n<li>\n<p data-path-to-node=\"18,1,0\"><b data-path-to-node=\"18,1,0\" data-index-in-node=\"0\">Merkevareomr\u00e5de:<\/b> Stor overflate p\u00e5 beger, kopper eller emballasje for logo og budskap.<\/p>\n<\/li>\n<li>\n<p data-path-to-node=\"18,2,0\"><b data-path-to-node=\"18,2,0\" data-index-in-node=\"0\">B\u00e6rekraftig budskap:<\/b> Knytter merkevaren din til milj\u00f8hensyn og positiv vekst.<\/p>\n<\/li>\n<li>\n<p data-path-to-node=\"18,3,0\"><b data-path-to-node=\"18,3,0\" data-index-in-node=\"0\">Langvarig eksponering:<\/b> I motsetning til en flygeblad, st\u00e5r en plante p\u00e5 et skrivebord i m\u00e5neder eller \u00e5r, og holder merkevaren din synlig.<\/p>\n<\/li>\n<\/ul>\n<h2 data-path-to-node=\"19\">Spesifikasjoner<\/h2>\n<ul data-path-to-node=\"20\">\n<li>\n<p data-path-to-node=\"20,0,0\"><b data-path-to-node=\"20,0,0\" data-index-in-node=\"0\">Materialalternativer:<\/b> Keramikk, Bio-PET-plast, resirkulert papir\/papp, glass (hetteglass).<\/p>\n<\/li>\n<li>\n<p data-path-to-node=\"20,1,0\"><b data-path-to-node=\"20,1,0\" data-index-in-node=\"0\">Fr\u00f8alternativer:<\/b> Basilikum, mynte, persille, solsikke, forglemmegei, anti-smog-blanding og mer.<\/p>\n<\/li>\n<li>\n<p data-path-to-node=\"20,2,0\"><b data-path-to-node=\"20,2,0\" data-index-in-node=\"0\">Printing:<\/b> Tampontrykk (p\u00e5 harde overflater) eller digital etikett\/omslag (p\u00e5 emballasjen).<\/p>\n<\/li>\n<li>\n<p data-path-to-node=\"20,3,0\"><b data-path-to-node=\"20,3,0\" data-index-in-node=\"0\">Minimum bestillingsmengde:<\/b> 50 enheter (varierer etter modell).<\/p>\n<\/li>\n<\/ul>","protected":false},"excerpt":{"rendered":"<ul data-path-to-node=\"11\">\n<li>\n<p data-path-to-node=\"11,0,0\"><b data-path-to-node=\"11,0,0\" data-index-in-node=\"0\">Variasjon:<\/b> Tilgjengelig i formatene keramikk (sett med 3\/XXL), Bio-PET, EcoCup eller glassampuller.<\/p>\n<\/li>\n<li>\n<p data-path-to-node=\"11,1,0\"><b data-path-to-node=\"11,1,0\" data-index-in-node=\"0\">Komplett sett:<\/b> Inkluderer alt som trengs for dyrking: potte\/beholder, jordpellets og fr\u00f8.<\/p>\n<\/li>\n<li>\n<p data-path-to-node=\"11,2,0\"><b data-path-to-node=\"11,2,0\" data-index-in-node=\"0\">Milj\u00f8vennlig:<\/b> B\u00e6rekraftige materialer som resirkulert plast, keramikk og anti-smog planteblandinger.<\/p>\n<\/li>\n<li>\n<p data-path-to-node=\"11,3,0\"><b data-path-to-node=\"11,3,0\" data-index-in-node=\"0\">Tilpasning:<\/b> Tampontrykk eller fullfargemerking p\u00e5 beholderen eller emballasjen.<\/p>\n<\/li>\n<\/ul>","protected":false},"featured_media":6295,"comment_status":"closed","ping_status":"closed","template":"","meta":[],"product_brand":[],"product_cat":[121],"product_tag":[],"class_list":{"0":"post-6179","1":"product","2":"type-product","3":"status-publish","4":"has-post-thumbnail","6":"product_cat-promotional-merchandise","8":"first","9":"instock","10":"shipping-taxable","11":"purchasable","12":"product-type-simple"},"_links":{"self":[{"href":"https:\/\/displayproducts.eu\/nb\/wp-json\/wp\/v2\/product\/6179","targetHints":{"allow":["GET"]}}],"collection":[{"href":"https:\/\/displayproducts.eu\/nb\/wp-json\/wp\/v2\/product"}],"about":[{"href":"https:\/\/displayproducts.eu\/nb\/wp-json\/wp\/v2\/types\/product"}],"replies":[{"embeddable":true,"href":"https:\/\/displayproducts.eu\/nb\/wp-json\/wp\/v2\/comments?post=6179"}],"wp:featuredmedia":[{"embeddable":true,"href":"https:\/\/displayproducts.eu\/nb\/wp-json\/wp\/v2\/media\/6295"}],"wp:attachment":[{"href":"https:\/\/displayproducts.eu\/nb\/wp-json\/wp\/v2\/media?parent=6179"}],"wp:term":[{"taxonomy":"product_brand","embeddable":true,"href":"https:\/\/displayproducts.eu\/nb\/wp-json\/wp\/v2\/product_brand?post=6179"},{"taxonomy":"product_cat","embeddable":true,"href":"https:\/\/displayproducts.eu\/nb\/wp-json\/wp\/v2\/product_cat?post=6179"},{"taxonomy":"product_tag","embeddable":true,"href":"https:\/\/displayproducts.eu\/nb\/wp-json\/wp\/v2\/product_tag?post=6179"}],"curies":[{"name":"wp","href":"https:\/\/api.w.org\/{rel}","templated":true}]}}