{"id":6171,"date":"2025-12-19T22:38:05","date_gmt":"2025-12-19T19:38:05","guid":{"rendered":"https:\/\/wristbandfactory.eu\/?post_type=product&#038;p=6171"},"modified":"2026-04-01T21:52:34","modified_gmt":"2026-04-01T18:52:34","slug":"custom-handheld-led-mini-fans-battery-operated","status":"publish","type":"product","link":"https:\/\/displayproducts.eu\/nb\/p\/custom-handheld-led-mini-fans-battery-operated\/","title":{"rendered":"H\u00e5ndholdte LED-vifter (elektriske)"},"content":{"rendered":"<div style=\"width: 480px;\" class=\"wp-video\"><video class=\"wp-video-shortcode\" id=\"video-6171-1\" width=\"480\" height=\"834\" preload=\"metadata\" controls=\"controls\"><source type=\"video\/mp4\" src=\"https:\/\/displayproducts.eu\/wp-content\/uploads\/2025\/12\/wedding-fan.mp4?_=1\" \/><a href=\"https:\/\/displayproducts.eu\/wp-content\/uploads\/2025\/12\/wedding-fan.mp4\">https:\/\/displayproducts.eu\/wp-content\/uploads\/2025\/12\/wedding-fan.mp4<\/a><\/video><\/div>\n<p data-path-to-node=\"10\">Forvandle ethvert dansegulv eller kveldsarrangement til et str\u00e5lende skue med v\u00e5re spesialtilpassede h\u00e5ndholdte LED-vifter. Dette er ikke bare kj\u00f8lende tilbeh\u00f8r; de er visuelle rekvisitter med h\u00f8y effekt som gjestene elsker \u00e5 bruke til bilder og sosiale medier. Disse viftene er spesielt popul\u00e6re for bryllupsfester og musikkfestivaler, og kombinerer den tradisjonelle elegansen til en sammenleggbar vifte med moderne LED-teknologi.<\/p>\n<p data-path-to-node=\"11\">De er tilgjengelige i forskjellige stofffarger (inkludert klassisk hvitt for bryllup) og LED-farger, og kan merkes slik at de s\u00f8ml\u00f8st matcher arrangementstemaet ditt. Enten de brukes til et massivt rave eller en intim bryllupsmottakelse, s\u00f8rger disse viftene for at merkevaren eller budskapet ditt skinner sterkt i m\u00f8rket.<\/p>\n<h2 data-path-to-node=\"12\">Viktige funksjoner<\/h2>\n<ul data-path-to-node=\"13\">\n<li>\n<p data-path-to-node=\"13,0,0\"><b data-path-to-node=\"13,0,0\" data-index-in-node=\"0\">Atmosf\u00e6reskaper:<\/b> Skaper en umiddelbar \u201cwow\u201d-effekt n\u00e5r lyset slukkes.<\/p>\n<\/li>\n<li>\n<p data-path-to-node=\"13,1,0\"><b data-path-to-node=\"13,1,0\" data-index-in-node=\"0\">Stort merkevareomr\u00e5de:<\/b> Stoffoverflaten gir god plass til \u00e5 trykke logoer, emneknagger eller bryllupsdatoer.<\/p>\n<\/li>\n<li>\n<p data-path-to-node=\"13,2,0\"><b data-path-to-node=\"13,2,0\" data-index-in-node=\"0\">Brukervennlig:<\/b> Uten trykk betjening med \u00e9n knapp for \u00e5 veksle mellom blinkende moduser.<\/p>\n<\/li>\n<li>\n<p data-path-to-node=\"13,3,0\"><b data-path-to-node=\"13,3,0\" data-index-in-node=\"0\">Slitesterk konstruksjon:<\/b> Laget med solide plastribber og lysdiffuserende stoff for \u00e5 t\u00e5le energisk bruk.<\/p>\n<\/li>\n<\/ul>\n<h2 data-path-to-node=\"14\">Spesifikasjoner<\/h2>\n<ul data-path-to-node=\"15\">\n<li>\n<p data-path-to-node=\"15,0,0\"><b data-path-to-node=\"15,0,0\" data-index-in-node=\"0\">Materiale:<\/b> Plastribber + Lysdiffuserende nylon\/polyesterstoff.<\/p>\n<\/li>\n<li>\n<p data-path-to-node=\"15,1,0\"><b data-path-to-node=\"15,1,0\" data-index-in-node=\"0\">St\u00f8rrelse:<\/b> Ca. 27 cm (sammensl\u00e5tt) \/ 48\u201350 cm (\u00e5pen bredde).<\/p>\n<\/li>\n<li>\n<p data-path-to-node=\"15,2,0\"><b data-path-to-node=\"15,2,0\" data-index-in-node=\"0\">LED-farger:<\/b> Hvit, bl\u00e5, r\u00f8d, gr\u00f8nn, rosa, RGB (flerfarget).<\/p>\n<\/li>\n<li>\n<p data-path-to-node=\"15,3,0\"><b data-path-to-node=\"15,3,0\" data-index-in-node=\"0\">Batterier:<\/b> Inkludert og utskiftbar (vanligvis CR2032 eller lignende).<\/p>\n<\/li>\n<li>\n<p data-path-to-node=\"15,4,0\"><b data-path-to-node=\"15,4,0\" data-index-in-node=\"0\">Utskriftsmetode:<\/b> Silketrykk p\u00e5 stoff eller h\u00e5ndtak.<\/p>\n<\/li>\n<\/ul>\n<h2 data-path-to-node=\"16\">Brukstilfeller<\/h2>\n<ul data-path-to-node=\"17\">\n<li>\n<p data-path-to-node=\"17,0,0\"><b data-path-to-node=\"17,0,0\" data-index-in-node=\"0\">Bryllup:<\/b> Den ultimate festfavoritten for dansegulvet sent p\u00e5 kvelden (spesielt hvite fans).<\/p>\n<\/li>\n<li>\n<p data-path-to-node=\"17,1,0\"><b data-path-to-node=\"17,1,0\" data-index-in-node=\"0\">Musikkfestivaler og ravefester:<\/b> H\u00f8yt etterspurt varemerke for deltakerne.<\/p>\n<\/li>\n<li>\n<p data-path-to-node=\"17,2,0\"><b data-path-to-node=\"17,2,0\" data-index-in-node=\"0\">Nattklubber:<\/b> Merkevarerekvisitter til VIP-bord eller temakvelder.<\/p>\n<\/li>\n<li>\n<p data-path-to-node=\"17,3,0\"><b data-path-to-node=\"17,3,0\" data-index-in-node=\"0\">Bedriftsfester:<\/b> Morsomme isbrytergaver som lyser opp lokalet.<\/p>\n<\/li>\n<\/ul>","protected":false},"excerpt":{"rendered":"<ul>\n<li>\n<p data-path-to-node=\"9,0,0\"><b data-path-to-node=\"9,0,0\" data-index-in-node=\"0\">Dobbel funksjon:<\/b> Holder gjestene avkj\u00f8lt samtidig som den skaper et fantastisk lysshow.<\/p>\n<\/li>\n<li>\n<p data-path-to-node=\"9,1,0\"><b data-path-to-node=\"9,1,0\" data-index-in-node=\"0\">Tilpassbar:<\/b> Trykk logoen eller arrangementsdatoen din p\u00e5 stoffet eller h\u00e5ndtaket.<\/p>\n<\/li>\n<li>\n<p data-path-to-node=\"9,2,0\"><b data-path-to-node=\"9,2,0\" data-index-in-node=\"0\">Lysmoduser:<\/b> Flere innstillinger (rask blinking, sakte blinking, fast lys).<\/p>\n<\/li>\n<li>\n<p data-path-to-node=\"9,3,0\"><b data-path-to-node=\"9,3,0\" data-index-in-node=\"0\">Batteridrevet:<\/b> Langvarige og utskiftbare batterier inkludert.<\/p>\n<\/li>\n<\/ul>","protected":false},"featured_media":6172,"comment_status":"closed","ping_status":"closed","template":"","meta":[],"product_brand":[],"product_cat":[76,123],"product_tag":[],"class_list":{"0":"post-6171","1":"product","2":"type-product","3":"status-publish","4":"has-post-thumbnail","6":"product_cat-glow-led-products","7":"product_cat-fan-cheering-items","9":"first","10":"instock","11":"shipping-taxable","12":"purchasable","13":"product-type-simple"},"_links":{"self":[{"href":"https:\/\/displayproducts.eu\/nb\/wp-json\/wp\/v2\/product\/6171","targetHints":{"allow":["GET"]}}],"collection":[{"href":"https:\/\/displayproducts.eu\/nb\/wp-json\/wp\/v2\/product"}],"about":[{"href":"https:\/\/displayproducts.eu\/nb\/wp-json\/wp\/v2\/types\/product"}],"replies":[{"embeddable":true,"href":"https:\/\/displayproducts.eu\/nb\/wp-json\/wp\/v2\/comments?post=6171"}],"wp:featuredmedia":[{"embeddable":true,"href":"https:\/\/displayproducts.eu\/nb\/wp-json\/wp\/v2\/media\/6172"}],"wp:attachment":[{"href":"https:\/\/displayproducts.eu\/nb\/wp-json\/wp\/v2\/media?parent=6171"}],"wp:term":[{"taxonomy":"product_brand","embeddable":true,"href":"https:\/\/displayproducts.eu\/nb\/wp-json\/wp\/v2\/product_brand?post=6171"},{"taxonomy":"product_cat","embeddable":true,"href":"https:\/\/displayproducts.eu\/nb\/wp-json\/wp\/v2\/product_cat?post=6171"},{"taxonomy":"product_tag","embeddable":true,"href":"https:\/\/displayproducts.eu\/nb\/wp-json\/wp\/v2\/product_tag?post=6171"}],"curies":[{"name":"wp","href":"https:\/\/api.w.org\/{rel}","templated":true}]}}