{"id":6165,"date":"2025-12-19T22:29:34","date_gmt":"2025-12-19T19:29:34","guid":{"rendered":"https:\/\/wristbandfactory.eu\/?post_type=product&#038;p=6165"},"modified":"2026-04-01T21:52:34","modified_gmt":"2026-04-01T18:52:34","slug":"custom-luggage-tags-bamboo-waterproof-paper-shaped","status":"publish","type":"product","link":"https:\/\/displayproducts.eu\/nb\/p\/custom-luggage-tags-bamboo-waterproof-paper-shaped\/","title":{"rendered":"Bagasjelapper med trykk"},"content":{"rendered":"<p data-path-to-node=\"9\">Reising skaper inntrykk, og v\u00e5rt utvalg av spesialtilpassede bagasjemerker sikrer at merkevaren din blir med uansett hvor kundene dine reiser. Denne produktlinjen er designet for holdbarhet og synlighet, og tilbyr fleksibilitet som matcher markedsf\u00f8ringsbudsjettet og stilen din \u2013 enten du trenger en kostnadseffektiv masseutdeling eller en f\u00f8rsteklasses milj\u00f8vennlig gave.<\/p>\n<p data-path-to-node=\"10\"><b data-path-to-node=\"10\" data-index-in-node=\"0\">Velg din stil:<\/b><\/p>\n<ol start=\"1\" data-path-to-node=\"11\">\n<li>\n<p data-path-to-node=\"11,0,0\"><b data-path-to-node=\"11,0,0\" data-index-in-node=\"0\">Syntetiske papiretiketter (vann- og rivefaste):<\/b> Ikke la deg lure av ordet \u201cpapir\u201d. Dette avanserte syntetiske materialet er fullstendig vanntett og slitesterkt, noe som gj\u00f8r det perfekt for r\u00f8ffe reiser.<\/p>\n<ul data-path-to-node=\"11,0,1\">\n<li>\n<p data-path-to-node=\"11,0,1,0,0\"><b data-path-to-node=\"11,0,1,0,0\" data-index-in-node=\"0\">Standardform:<\/b> Maksimalt merkeomr\u00e5de for logoer og kontaktinformasjon.<\/p>\n<\/li>\n<li>\n<p data-path-to-node=\"11,0,1,1,0\"><b data-path-to-node=\"11,0,1,1,0\" data-index-in-node=\"0\">Flyform:<\/b> Et morsomt, utsk\u00e5ret luftfartsdesign, ideelt for turistbyr\u00e5er og flyselskaper.<\/p>\n<\/li>\n<li>\n<p data-path-to-node=\"11,0,1,2,0\"><i data-path-to-node=\"11,0,1,2,0\" data-index-in-node=\"0\">Inkluderer fullfargetrykk p\u00e5 forsiden.<\/i><\/p>\n<\/li>\n<\/ul>\n<\/li>\n<li>\n<p data-path-to-node=\"11,1,0\"><b data-path-to-node=\"11,1,0\" data-index-in-node=\"0\">Bambusetiketter (\u00d8ko-Premium):<\/b> For et b\u00e6rekraftig og eksklusivt utseende, velg v\u00e5re naturlige bambusetiketter. Stive og distinkte, de skiller seg ut p\u00e5 karusellen.<\/p>\n<ul data-path-to-node=\"11,1,1\">\n<li>\n<p data-path-to-node=\"11,1,1,0,0\"><i data-path-to-node=\"11,1,1,0,0\" data-index-in-node=\"0\">Inkluderer plaststropp og spenne for sikkert feste.<\/i><\/p>\n<\/li>\n<\/ul>\n<\/li>\n<\/ol>\n<h2 data-path-to-node=\"12\">Viktige funksjoner<\/h2>\n<ul data-path-to-node=\"13\">\n<li>\n<p data-path-to-node=\"13,0,0\"><b data-path-to-node=\"13,0,0\" data-index-in-node=\"0\">Allsidighet:<\/b> \u00c9n produktliste, flere l\u00f8sninger. Miks og match for ulike kundesegmenter (f.eks. papir for \u00f8konomiklassepassasjerer, bambus for VIP-er).<\/p>\n<\/li>\n<li>\n<p data-path-to-node=\"13,1,0\"><b data-path-to-node=\"13,1,0\" data-index-in-node=\"0\">Ekstrem holdbarhet:<\/b> Det syntetiske papiret t\u00e5ler regn, fuktighet og r\u00f8ff bagasjeh\u00e5ndtering uten \u00e5 rive.<\/p>\n<\/li>\n<li>\n<p data-path-to-node=\"13,2,0\"><b data-path-to-node=\"13,2,0\" data-index-in-node=\"0\">Milj\u00f8bevisst:<\/b> Bambus tilbyr et fornybart materialalternativ for gr\u00f8nne markedsf\u00f8ringskampanjer.<\/p>\n<\/li>\n<li>\n<p data-path-to-node=\"13,3,0\"><b data-path-to-node=\"13,3,0\" data-index-in-node=\"0\">H\u00f8y synlighet:<\/b> Store trykkflater sikrer at logoen din er synlig p\u00e5 flyplasser over hele verden.<\/p>\n<\/li>\n<\/ul>\n<h2 data-path-to-node=\"14\">Spesifikasjoner<\/h2>\n<ul data-path-to-node=\"15\">\n<li>\n<p data-path-to-node=\"15,0,0\"><b data-path-to-node=\"15,0,0\" data-index-in-node=\"0\">Materialer:<\/b> Syntetisk papir (polypropylenblanding) ELLER naturlig bambus.<\/p>\n<\/li>\n<li>\n<p data-path-to-node=\"15,1,0\"><b data-path-to-node=\"15,1,0\" data-index-in-node=\"0\">Egenskaper for papirmerkelapp:<\/b> Vannavst\u00f8tende, rivesikker, fleksibel.<\/p>\n<\/li>\n<li>\n<p data-path-to-node=\"15,2,0\"><b data-path-to-node=\"15,2,0\" data-index-in-node=\"0\">Egenskaper for bambusmerke:<\/b> Stiv, naturlig kornfinish.<\/p>\n<\/li>\n<li>\n<p data-path-to-node=\"15,3,0\"><b data-path-to-node=\"15,3,0\" data-index-in-node=\"0\">Former:<\/b> Rektangul\u00e6r (ca. 85 x 54 mm) eller utstanset fly.<\/p>\n<\/li>\n<li>\n<p data-path-to-node=\"15,4,0\"><b data-path-to-node=\"15,4,0\" data-index-in-node=\"0\">Vedlegg:<\/b> Plastrem med spenne (bambus) eller l\u00f8kkemekanisme.<\/p>\n<\/li>\n<li>\n<p data-path-to-node=\"15,5,0\"><b data-path-to-node=\"15,5,0\" data-index-in-node=\"0\">MOQ:<\/b> 250 stk (for papirmodeller).<\/p>\n<\/li>\n<\/ul>\n<h2 data-path-to-node=\"16\">Brukstilfeller<\/h2>\n<ul data-path-to-node=\"17\">\n<li>\n<p data-path-to-node=\"17,0,0\"><b data-path-to-node=\"17,0,0\" data-index-in-node=\"0\">Turoperat\u00f8rer:<\/b> Bruk en merkelapp med logo p\u00e5 reisedokumentlommene.<\/p>\n<\/li>\n<li>\n<p data-path-to-node=\"17,1,0\"><b data-path-to-node=\"17,1,0\" data-index-in-node=\"0\">Bedriftsretreater:<\/b> Identifiser uten trykkt teambagasje under gruppereiser.<\/p>\n<\/li>\n<li>\n<p data-path-to-node=\"17,2,0\"><b data-path-to-node=\"17,2,0\" data-index-in-node=\"0\">Hoteller:<\/b> En minneverdig gave til gjester ved be om tilbudn.<\/p>\n<\/li>\n<li>\n<p data-path-to-node=\"17,3,0\"><b data-path-to-node=\"17,3,0\" data-index-in-node=\"0\">Logistikk:<\/b> Holdbar merking for gods og ikke-standard gods.<\/p>\n<\/li>\n<\/ul>","protected":false},"excerpt":{"rendered":"<ul>\n<li>\n<p data-path-to-node=\"8,0,0\"><b data-path-to-node=\"8,0,0\" data-index-in-node=\"0\">Materialvalg:<\/b> Velg mellom stivt bambuspapir eller fleksibelt, rivesikkert papir.<\/p>\n<\/li>\n<li>\n<p data-path-to-node=\"8,1,0\"><b data-path-to-node=\"8,1,0\" data-index-in-node=\"0\">Former:<\/b> Tilgjengelig i standard rektangul\u00e6re eller tematiske flyformer.<\/p>\n<\/li>\n<li>\n<p data-path-to-node=\"8,2,0\"><b data-path-to-node=\"8,2,0\" data-index-in-node=\"0\">Varighet:<\/b> Vannbestandig og bygget for \u00e5 t\u00e5le verdensreiser.<\/p>\n<\/li>\n<li>\n<p data-path-to-node=\"8,3,0\"><b data-path-to-node=\"8,3,0\" data-index-in-node=\"0\">Merkevarebygging:<\/b> Fullfargetrykk (papir) eller lasergravering\/-trykk (bambus).<\/p>\n<\/li>\n<\/ul>","protected":false},"featured_media":6304,"comment_status":"closed","ping_status":"closed","template":"","meta":[],"product_brand":[],"product_cat":[129,122],"product_tag":[],"class_list":{"0":"post-6165","1":"product","2":"type-product","3":"status-publish","4":"has-post-thumbnail","6":"product_cat-leisure-lifestyle","7":"product_cat-promotional-accessories","9":"first","10":"instock","11":"shipping-taxable","12":"purchasable","13":"product-type-simple"},"_links":{"self":[{"href":"https:\/\/displayproducts.eu\/nb\/wp-json\/wp\/v2\/product\/6165","targetHints":{"allow":["GET"]}}],"collection":[{"href":"https:\/\/displayproducts.eu\/nb\/wp-json\/wp\/v2\/product"}],"about":[{"href":"https:\/\/displayproducts.eu\/nb\/wp-json\/wp\/v2\/types\/product"}],"replies":[{"embeddable":true,"href":"https:\/\/displayproducts.eu\/nb\/wp-json\/wp\/v2\/comments?post=6165"}],"wp:featuredmedia":[{"embeddable":true,"href":"https:\/\/displayproducts.eu\/nb\/wp-json\/wp\/v2\/media\/6304"}],"wp:attachment":[{"href":"https:\/\/displayproducts.eu\/nb\/wp-json\/wp\/v2\/media?parent=6165"}],"wp:term":[{"taxonomy":"product_brand","embeddable":true,"href":"https:\/\/displayproducts.eu\/nb\/wp-json\/wp\/v2\/product_brand?post=6165"},{"taxonomy":"product_cat","embeddable":true,"href":"https:\/\/displayproducts.eu\/nb\/wp-json\/wp\/v2\/product_cat?post=6165"},{"taxonomy":"product_tag","embeddable":true,"href":"https:\/\/displayproducts.eu\/nb\/wp-json\/wp\/v2\/product_tag?post=6165"}],"curies":[{"name":"wp","href":"https:\/\/api.w.org\/{rel}","templated":true}]}}