{"id":6162,"date":"2025-12-19T22:20:32","date_gmt":"2025-12-19T19:20:32","guid":{"rendered":"https:\/\/wristbandfactory.eu\/?post_type=product&#038;p=6162"},"modified":"2026-04-01T21:52:34","modified_gmt":"2026-04-01T18:52:34","slug":"colored-eva-earplugs-in-transparent-case-with-carrying-chain","status":"publish","type":"product","link":"https:\/\/displayproducts.eu\/nb\/p\/colored-eva-earplugs-in-transparent-case-with-carrying-chain\/","title":{"rendered":"Fargede EVA \u00f8repropper i etui med kjede"},"content":{"rendered":"<p data-path-to-node=\"10\">Beskytt deltakernes h\u00f8rsel med stil med v\u00e5re fargerike EVA-\u00f8reproppene. Disse \u00f8reproppene er designet for langvarig bruk og er laget av mykt etylenvinylacetat (EVA) som former seg komfortabelt til \u00f8regangen. Hvert par leveres i et slitesterkt, gjennomsiktig etui utstyrt med en praktisk b\u00e6relenke, som gj\u00f8r det uten trykkt \u00e5 feste dem til n\u00f8kkelringer, armbind eller glidel\u00e5ser. Et viktig element for festivaler, byggeplasser og reiser.<\/p>\n<h2 data-path-to-node=\"11\">Viktige funksjoner<\/h2>\n<ul data-path-to-node=\"12\">\n<li>\n<p data-path-to-node=\"12,0,0\"><b data-path-to-node=\"12,0,0\" data-index-in-node=\"0\">B\u00e6rbar design:<\/b> Den medf\u00f8lgende kjeden s\u00f8rger for at \u00f8reproppene alltid er innen rekkevidde og beskyttet mot smuss n\u00e5r de ikke er i bruk.<\/p>\n<\/li>\n<li>\n<p data-path-to-node=\"12,1,0\"><b data-path-to-node=\"12,1,0\" data-index-in-node=\"0\">Komfortpassform:<\/b> Mykt EVA-skummateriale utvider seg forsiktig for en sikker passform uten \u00e5 for\u00e5rsake trykk.<\/p>\n<\/li>\n<li>\n<p data-path-to-node=\"12,2,0\"><b data-path-to-node=\"12,2,0\" data-index-in-node=\"0\">H\u00f8y synlighet:<\/b> Tilgjengelig i lyse, livlige farger som skiller seg ut.<\/p>\n<\/li>\n<li>\n<p data-path-to-node=\"12,3,0\"><b data-path-to-node=\"12,3,0\" data-index-in-node=\"0\">Slitesterkt etui:<\/b> Den klare plastboksen gir utmerket merkevarebyggingspotensial og beskyttelse.<\/p>\n<\/li>\n<\/ul>\n<h2 data-path-to-node=\"13\">Spesifikasjoner<\/h2>\n<ul data-path-to-node=\"14\">\n<li>\n<p data-path-to-node=\"14,0,0\"><b data-path-to-node=\"14,0,0\" data-index-in-node=\"0\">Materiale:<\/b> Mykt EVA-skum (etylenvinylacetat).<\/p>\n<\/li>\n<li>\n<p data-path-to-node=\"14,1,0\"><b data-path-to-node=\"14,1,0\" data-index-in-node=\"0\">Etuimateriale:<\/b> Gjennomsiktig plast.<\/p>\n<\/li>\n<li>\n<p data-path-to-node=\"14,2,0\"><b data-path-to-node=\"14,2,0\" data-index-in-node=\"0\">Vedlegg:<\/b> Metallperlekjede \/ b\u00e6rekjede.<\/p>\n<\/li>\n<li>\n<p data-path-to-node=\"14,3,0\"><b data-path-to-node=\"14,3,0\" data-index-in-node=\"0\">Farger:<\/b> Assorterte lyse farger.<\/p>\n<\/li>\n<li>\n<p data-path-to-node=\"14,4,0\"><b data-path-to-node=\"14,4,0\" data-index-in-node=\"0\">Gjenbrukbarhet:<\/b> Gjenbrukbar og vaskbar.<\/p>\n<\/li>\n<\/ul>\n<h2 data-path-to-node=\"15\">Brukstilfeller<\/h2>\n<ul data-path-to-node=\"16\">\n<li>\n<p data-path-to-node=\"16,0,0\"><b data-path-to-node=\"16,0,0\" data-index-in-node=\"0\">Musikkfestivaler og konserter:<\/b> Viktig h\u00f8rselsvern for st\u00f8yende milj\u00f8er.<\/p>\n<\/li>\n<li>\n<p data-path-to-node=\"16,1,0\"><b data-path-to-node=\"16,1,0\" data-index-in-node=\"0\">Reise og luftfart:<\/b> Reduserer kup\u00e9st\u00f8y for en fredelig reise.<\/p>\n<\/li>\n<li>\n<p data-path-to-node=\"16,2,0\"><b data-path-to-node=\"16,2,0\" data-index-in-node=\"0\">Bygg og industri:<\/b> Grunnleggende sikkerhetsutstyr for bes\u00f8kende eller lette soner.<\/p>\n<\/li>\n<li>\n<p data-path-to-node=\"16,3,0\"><b data-path-to-node=\"16,3,0\" data-index-in-node=\"0\">Kampanjer:<\/b> Utmerket merkevaregiveaway for helse- og sikkerhetsbevissthetsarrangementer.<\/p>\n<\/li>\n<\/ul>","protected":false},"excerpt":{"rendered":"<ul>\n<li>\n<p data-path-to-node=\"9,0,0\">Laget av mykt og komfortabelt EVA-materiale.<\/p>\n<\/li>\n<li>\n<p data-path-to-node=\"9,1,0\">Inkluderer gjennomsiktig etui med b\u00e6rekjede.<\/p>\n<\/li>\n<li>\n<p data-path-to-node=\"9,2,0\">Lyse farger med h\u00f8y synlighet.<\/p>\n<\/li>\n<li>\n<p data-path-to-node=\"9,3,0\">Gjenbrukbar og uten trykk \u00e5 rengj\u00f8re.<\/p>\n<\/li>\n<\/ul>","protected":false},"featured_media":6163,"comment_status":"closed","ping_status":"closed","template":"","meta":[],"product_brand":[],"product_cat":[68,121],"product_tag":[],"class_list":{"0":"post-6162","1":"product","2":"type-product","3":"status-publish","4":"has-post-thumbnail","6":"product_cat-event-supplies","7":"product_cat-promotional-merchandise","9":"first","10":"instock","11":"shipping-taxable","12":"purchasable","13":"product-type-simple"},"_links":{"self":[{"href":"https:\/\/displayproducts.eu\/nb\/wp-json\/wp\/v2\/product\/6162","targetHints":{"allow":["GET"]}}],"collection":[{"href":"https:\/\/displayproducts.eu\/nb\/wp-json\/wp\/v2\/product"}],"about":[{"href":"https:\/\/displayproducts.eu\/nb\/wp-json\/wp\/v2\/types\/product"}],"replies":[{"embeddable":true,"href":"https:\/\/displayproducts.eu\/nb\/wp-json\/wp\/v2\/comments?post=6162"}],"wp:featuredmedia":[{"embeddable":true,"href":"https:\/\/displayproducts.eu\/nb\/wp-json\/wp\/v2\/media\/6163"}],"wp:attachment":[{"href":"https:\/\/displayproducts.eu\/nb\/wp-json\/wp\/v2\/media?parent=6162"}],"wp:term":[{"taxonomy":"product_brand","embeddable":true,"href":"https:\/\/displayproducts.eu\/nb\/wp-json\/wp\/v2\/product_brand?post=6162"},{"taxonomy":"product_cat","embeddable":true,"href":"https:\/\/displayproducts.eu\/nb\/wp-json\/wp\/v2\/product_cat?post=6162"},{"taxonomy":"product_tag","embeddable":true,"href":"https:\/\/displayproducts.eu\/nb\/wp-json\/wp\/v2\/product_tag?post=6162"}],"curies":[{"name":"wp","href":"https:\/\/api.w.org\/{rel}","templated":true}]}}