{"id":6159,"date":"2025-12-19T16:35:18","date_gmt":"2025-12-19T13:35:18","guid":{"rendered":"https:\/\/wristbandfactory.eu\/?post_type=product&#038;p=6159"},"modified":"2026-04-01T21:52:34","modified_gmt":"2026-04-01T18:52:34","slug":"custom-printed-seamless-arm-sleeves-uv-protection","status":"publish","type":"product","link":"https:\/\/displayproducts.eu\/nb\/p\/custom-printed-seamless-arm-sleeves-uv-protection\/","title":{"rendered":"Armvarmere med trykk (Arm sleeves)"},"content":{"rendered":"<p data-path-to-node=\"11\">Maksimer synligheten til merkevaren din p\u00e5 utend\u00f8rsarrangementer og sportskonkurranser med v\u00e5re spesialtrykte s\u00f8ml\u00f8se armhylser. Dette allsidige tilbeh\u00f8ret er essensielt for l\u00f8pere, syklister og utend\u00f8rspersonell, og tilbyr et stort, bevegelig lerret for logoen eller kunstverket ditt.<\/p>\n<p data-path-to-node=\"12\">I motsetning til vanlige silketrykkede ermer bruker ermene v\u00e5re fargesublimeringsteknologi. Dette betyr at designet er integrert i stofffibrene, noe som sikrer at trykket aldri sprekker, skaller av eller falmer, samtidig som stoffets pusteevne og elastisitet opprettholdes.<\/p>\n<h2 data-path-to-node=\"13\">Viktige funksjoner<\/h2>\n<ul data-path-to-node=\"14\">\n<li>\n<p data-path-to-node=\"14,0,0\"><b data-path-to-node=\"14,0,0\" data-index-in-node=\"0\">S\u00f8ml\u00f8s konstruksjon:<\/b> Det r\u00f8rformede strikkedesignet eliminerer sides\u00f8mmer, noe som forhindrer gnags\u00e5r og irritasjon ved langvarig bruk.<\/p>\n<\/li>\n<li>\n<p data-path-to-node=\"14,1,0\"><b data-path-to-node=\"14,1,0\" data-index-in-node=\"0\"><span class=\"citation-32\">Sol- og hudbeskyttelse:<\/span><\/b><span class=\"citation-32 citation-end-32\"> Gir en effektiv barriere mot skadelige UV-str\u00e5ler og beskytter huden mot brannskader eller riper p\u00e5 gresset.<\/span><\/p>\n<div class=\"source-inline-chip-container ng-star-inserted\"><\/div>\n<\/li>\n<li>\n<p data-path-to-node=\"14,2,0\"><b data-path-to-node=\"14,2,0\" data-index-in-node=\"0\">Elastisk passform:<\/b> Blandingen av polyester og elastan s\u00f8rger for at ermene holder seg sikkert p\u00e5 plass uten \u00e5 begrense bevegelsen.<\/p>\n<\/li>\n<li>\n<p data-path-to-node=\"14,3,0\"><b data-path-to-node=\"14,3,0\" data-index-in-node=\"0\">Livlig tilpasning:<\/b> Full overflatetrykk gj\u00f8r det mulig \u00e5 reprodusere komplekse gradienter, bilder og merkefarger perfekt.<\/p>\n<\/li>\n<\/ul>\n<h2 data-path-to-node=\"15\">Spesifikasjoner<\/h2>\n<ul data-path-to-node=\"16\">\n<li>\n<p data-path-to-node=\"16,0,0\"><b data-path-to-node=\"16,0,0\" data-index-in-node=\"0\">Materiale:<\/b> 160 g\/m\u00b2 teknisk stoff (95% polyester \/ 5% elastan).<\/p>\n<\/li>\n<li>\n<p data-path-to-node=\"16,1,0\"><b data-path-to-node=\"16,1,0\" data-index-in-node=\"0\">Trykkteknikk:<\/b> Fullfarge fargesublimering.<\/p>\n<\/li>\n<li>\n<p data-path-to-node=\"16,2,0\"><b data-path-to-node=\"16,2,0\" data-index-in-node=\"0\">Emballasje:<\/b> Selges som et par (1 stk = 2 ermer).<\/p>\n<\/li>\n<li>\n<p data-path-to-node=\"16,3,0\"><b data-path-to-node=\"16,3,0\" data-index-in-node=\"0\">Dimensjoner (middels):<\/b> 7 cm (h\u00e5ndledd) x 8 cm (overarm) x 37 cm (lengde).<\/p>\n<\/li>\n<li>\n<p data-path-to-node=\"16,4,0\"><b data-path-to-node=\"16,4,0\" data-index-in-node=\"0\">Dimensjoner (stor):<\/b> 9 cm (h\u00e5ndledd) x 11 cm (overarm) x 44 cm (lengde).<\/p>\n<\/li>\n<\/ul>\n<h2 data-path-to-node=\"17\">Brukstilfeller<\/h2>\n<ul data-path-to-node=\"18\">\n<li>\n<p data-path-to-node=\"18,0,0\"><b data-path-to-node=\"18,0,0\" data-index-in-node=\"0\">Maratonl\u00f8p og sykkelarrangementer:<\/b> N\u00f8dvendig utstyr for deltakerne i goodiebags.<\/p>\n<\/li>\n<li>\n<p data-path-to-node=\"18,1,0\"><b data-path-to-node=\"18,1,0\" data-index-in-node=\"0\">Laguniformer:<\/b> Enhetlig utseende for basketball-, volleyball- eller e-sportslag.<\/p>\n<\/li>\n<li>\n<p data-path-to-node=\"18,2,0\"><b data-path-to-node=\"18,2,0\" data-index-in-node=\"0\">Utend\u00f8rs arbeidsstyrke:<\/b> Beskyttelse for ansatte som arbeider i direkte sollys (landskapsarbeid, arrangementssikkerhet).<\/p>\n<\/li>\n<li>\n<p data-path-to-node=\"18,3,0\"><b data-path-to-node=\"18,3,0\" data-index-in-node=\"0\">Varesalg:<\/b> H\u00f8ymarginvare for treningssenter- eller klubbbutikker.<\/p>\n<\/li>\n<\/ul>","protected":false},"excerpt":{"rendered":"<ul>\n<li>\n<p data-path-to-node=\"10,0,0\"><b data-path-to-node=\"10,0,0\" data-index-in-node=\"0\">S\u00f8ml\u00f8s komfort:<\/b> Ingen irriterende s\u00f8mmer, noe som sikrer maksimal komfort under fysisk aktivitet.<\/p>\n<\/li>\n<li>\n<p data-path-to-node=\"10,1,0\"><b data-path-to-node=\"10,1,0\" data-index-in-node=\"0\">Fullfarge-merkevarebygging:<\/b> Kant-til-kant sublimeringstrykk gir ubegrensede designmuligheter.<\/p>\n<\/li>\n<li>\n<p data-path-to-node=\"10,2,0\"><b data-path-to-node=\"10,2,0\" data-index-in-node=\"0\"><span class=\"citation-33\">UV- og ripebeskyttelse:<\/span><\/b><span class=\"citation-33 citation-end-33\"> Beskytter armene mot soleksponering og mindre skrubbs\u00e5r.<\/span><\/p>\n<\/li>\n<li>\n<p data-path-to-node=\"10,3,0\"><b data-path-to-node=\"10,3,0\" data-index-in-node=\"0\">Selges som et par:<\/b> \u00c9n enhet inkluderer b\u00e5de venstre og h\u00f8yre erme.<\/p>\n<\/li>\n<\/ul>","protected":false},"featured_media":6160,"comment_status":"closed","ping_status":"closed","template":"","meta":[],"product_brand":[],"product_cat":[118],"product_tag":[],"class_list":{"0":"post-6159","1":"product","2":"type-product","3":"status-publish","4":"has-post-thumbnail","6":"product_cat-sports-fitness","8":"first","9":"instock","10":"shipping-taxable","11":"purchasable","12":"product-type-simple"},"_links":{"self":[{"href":"https:\/\/displayproducts.eu\/nb\/wp-json\/wp\/v2\/product\/6159","targetHints":{"allow":["GET"]}}],"collection":[{"href":"https:\/\/displayproducts.eu\/nb\/wp-json\/wp\/v2\/product"}],"about":[{"href":"https:\/\/displayproducts.eu\/nb\/wp-json\/wp\/v2\/types\/product"}],"replies":[{"embeddable":true,"href":"https:\/\/displayproducts.eu\/nb\/wp-json\/wp\/v2\/comments?post=6159"}],"wp:featuredmedia":[{"embeddable":true,"href":"https:\/\/displayproducts.eu\/nb\/wp-json\/wp\/v2\/media\/6160"}],"wp:attachment":[{"href":"https:\/\/displayproducts.eu\/nb\/wp-json\/wp\/v2\/media?parent=6159"}],"wp:term":[{"taxonomy":"product_brand","embeddable":true,"href":"https:\/\/displayproducts.eu\/nb\/wp-json\/wp\/v2\/product_brand?post=6159"},{"taxonomy":"product_cat","embeddable":true,"href":"https:\/\/displayproducts.eu\/nb\/wp-json\/wp\/v2\/product_cat?post=6159"},{"taxonomy":"product_tag","embeddable":true,"href":"https:\/\/displayproducts.eu\/nb\/wp-json\/wp\/v2\/product_tag?post=6159"}],"curies":[{"name":"wp","href":"https:\/\/api.w.org\/{rel}","templated":true}]}}