{"id":6155,"date":"2025-12-19T16:20:46","date_gmt":"2025-12-19T13:20:46","guid":{"rendered":"https:\/\/wristbandfactory.eu\/?post_type=product&#038;p=6155"},"modified":"2026-04-01T21:52:03","modified_gmt":"2026-04-01T18:52:03","slug":"custom-beach-slippers-with-logo-sand-imprint-sole","status":"publish","type":"product","link":"https:\/\/displayproducts.eu\/nb\/p\/custom-beach-slippers-with-logo-sand-imprint-sole\/","title":{"rendered":"Strandsandaler med logo og sandavtrykk"},"content":{"rendered":"<p data-path-to-node=\"12\">L\u00f8ft sommerens markedsf\u00f8ringskampanjer eller hotellfasiliteter opp med v\u00e5re fullt tilpassbare strandt\u00f8fler. Disse flip-flopsene er designet for maksimal synlighet av merkevaren, og tilbyr en unik vandrende reklameplakateffekt. Enten det er for et bedriftsarrangement, en spa-gave eller en sommerfestival, tilbyr vi fullstendig fargematching for \u00e5 samsvare n\u00f8yaktig med merkeidentiteten din.<\/p>\n<p data-path-to-node=\"13\">I motsetning til vanlige reklamesko tilbyr t\u00f8flene v\u00e5re innovative merkevarebyggingsteknikker p\u00e5 unders\u00e5len som gj\u00f8r hvert skritt til et inntrykk.<\/p>\n<h2 data-path-to-node=\"14\">Viktige funksjoner<\/h2>\n<ul data-path-to-node=\"15\">\n<li>\n<p data-path-to-node=\"15,0,0\"><b data-path-to-node=\"15,0,0\" data-index-in-node=\"0\">Pantone-fargematching:<\/b> Vi kan matche s\u00e5le- og reimfargene til dine spesifikke PMS-koder uten ekstra oppstartskostnader.<\/p>\n<\/li>\n<li>\n<p data-path-to-node=\"15,1,0\"><b data-path-to-node=\"15,1,0\" data-index-in-node=\"0\">Utstanset \u201csandtrykk\u201d:<\/b> S\u00e5len er utsk\u00e5ret ca. 5 mm dypt. N\u00e5r man g\u00e5r p\u00e5 myk sand, etterlater t\u00f8ffelen et tydelig avtrykk av logoen eller budskapet ditt.<\/p>\n<\/li>\n<li>\n<p data-path-to-node=\"15,2,0\"><b data-path-to-node=\"15,2,0\" data-index-in-node=\"0\">Preging av bunns\u00e5le:<\/b> For finere detaljer kan vi stemple logoen din ca. 2 mm inn i unders\u00e5len (flott for intrikate design).<\/p>\n<\/li>\n<li>\n<p data-path-to-node=\"15,3,0\"><b data-path-to-node=\"15,3,0\" data-index-in-node=\"0\">Full overflate-merkevarebygging:<\/b> Tradisjonell silketrykk er tilgjengelig b\u00e5de p\u00e5 h\u00e6len p\u00e5 s\u00e5len og stroppene for plassering av logoen med h\u00f8y synlighet.<\/p>\n<\/li>\n<\/ul>\n<h2 data-path-to-node=\"16\">Spesifikasjoner<\/h2>\n<ul data-path-to-node=\"17\">\n<li>\n<p data-path-to-node=\"17,0,0\"><b data-path-to-node=\"17,0,0\" data-index-in-node=\"0\">Materiale:<\/b> Slitesterk og komfortabel PE\/PVC-gummiblanding (tilpassede materialer tilgjengelig p\u00e5 foresp\u00f8rsel).<\/p>\n<\/li>\n<li>\n<p data-path-to-node=\"17,1,0\"><b data-path-to-node=\"17,1,0\" data-index-in-node=\"0\">S\u00e5letykkelse:<\/b> Standardtykkelse optimalisert for komfort og effektiv utstansing.<\/p>\n<\/li>\n<li>\n<p data-path-to-node=\"17,2,0\"><b data-path-to-node=\"17,2,0\" data-index-in-node=\"0\">St\u00f8rrelser:<\/b> Tilgjengelig i en rekke standard EU-st\u00f8rrelser (unisex, herre, dame, barn).<\/p>\n<\/li>\n<li>\n<p data-path-to-node=\"17,3,0\"><b data-path-to-node=\"17,3,0\" data-index-in-node=\"0\">Tilpasningsmetoder:<\/b> Silketrykk, preging (nederst), utstansing (nederst).<\/p>\n<\/li>\n<li>\n<p data-path-to-node=\"17,4,0\"><b data-path-to-node=\"17,4,0\" data-index-in-node=\"0\">Minimumsbestilling:<\/b> Vennligst bekreft gjeldende MOQ med salgsteamet v\u00e5rt.<\/p>\n<\/li>\n<\/ul>\n<h2 data-path-to-node=\"18\">Brukstilfeller<\/h2>\n<ul data-path-to-node=\"19\">\n<li>\n<p data-path-to-node=\"19,0,0\"><b data-path-to-node=\"19,0,0\" data-index-in-node=\"0\">Sommerfestivaler og arrangementer:<\/b> H\u00f8yverdige varer som deltakerne vil bruke hele sesongen.<\/p>\n<\/li>\n<li>\n<p data-path-to-node=\"19,1,0\"><b data-path-to-node=\"19,1,0\" data-index-in-node=\"0\">Hoteller og spa:<\/b> Premium merkevarer for gjester for bassenger og velv\u00e6resentre.<\/p>\n<\/li>\n<li>\n<p data-path-to-node=\"19,2,0\"><b data-path-to-node=\"19,2,0\" data-index-in-node=\"0\">Firmagaver:<\/b> Perfekt for teambuilding-retreater eller \u201csommerstarter\u201d-pakker.<\/p>\n<\/li>\n<li>\n<p data-path-to-node=\"19,3,0\"><b data-path-to-node=\"19,3,0\" data-index-in-node=\"0\">Reisebyr\u00e5er:<\/b> Flott reklamegave for strandferiepakker.<\/p>\n<\/li>\n<\/ul>","protected":false},"excerpt":{"rendered":"<ul>\n<li>\n<p data-path-to-node=\"11,0,0\"><b data-path-to-node=\"11,0,0\" data-index-in-node=\"0\">Pantone-matchet:<\/b> Tilpassede farger for b\u00e5de s\u00e5le og reim uten ekstra kostnader.<\/p>\n<\/li>\n<li>\n<p data-path-to-node=\"11,1,0\"><b data-path-to-node=\"11,1,0\" data-index-in-node=\"0\">Flere merkevareplasser:<\/b> Trykk p\u00e5 stroppen, overs\u00e5len eller unders\u00e5len.<\/p>\n<\/li>\n<li>\n<p data-path-to-node=\"11,2,0\"><b data-path-to-node=\"11,2,0\" data-index-in-node=\"0\">Sandavtrykkseffekt:<\/b> Valgfri utsk\u00e5ret s\u00e5le etterlater logoavtrykket ditt i sanden.<\/p>\n<\/li>\n<li>\n<p data-path-to-node=\"11,3,0\"><b data-path-to-node=\"11,3,0\" data-index-in-node=\"0\">Premium-tilpasning:<\/b> Velg mellom detaljert preging eller slagfaste, utsk\u00e5rne s\u00e5ler.<\/p>\n<\/li>\n<\/ul>","protected":false},"featured_media":6158,"comment_status":"closed","ping_status":"closed","template":"","meta":[],"product_brand":[],"product_cat":[129],"product_tag":[],"class_list":{"0":"post-6155","1":"product","2":"type-product","3":"status-publish","4":"has-post-thumbnail","6":"product_cat-leisure-lifestyle","8":"first","9":"instock","10":"shipping-taxable","11":"purchasable","12":"product-type-simple"},"_links":{"self":[{"href":"https:\/\/displayproducts.eu\/nb\/wp-json\/wp\/v2\/product\/6155","targetHints":{"allow":["GET"]}}],"collection":[{"href":"https:\/\/displayproducts.eu\/nb\/wp-json\/wp\/v2\/product"}],"about":[{"href":"https:\/\/displayproducts.eu\/nb\/wp-json\/wp\/v2\/types\/product"}],"replies":[{"embeddable":true,"href":"https:\/\/displayproducts.eu\/nb\/wp-json\/wp\/v2\/comments?post=6155"}],"wp:featuredmedia":[{"embeddable":true,"href":"https:\/\/displayproducts.eu\/nb\/wp-json\/wp\/v2\/media\/6158"}],"wp:attachment":[{"href":"https:\/\/displayproducts.eu\/nb\/wp-json\/wp\/v2\/media?parent=6155"}],"wp:term":[{"taxonomy":"product_brand","embeddable":true,"href":"https:\/\/displayproducts.eu\/nb\/wp-json\/wp\/v2\/product_brand?post=6155"},{"taxonomy":"product_cat","embeddable":true,"href":"https:\/\/displayproducts.eu\/nb\/wp-json\/wp\/v2\/product_cat?post=6155"},{"taxonomy":"product_tag","embeddable":true,"href":"https:\/\/displayproducts.eu\/nb\/wp-json\/wp\/v2\/product_tag?post=6155"}],"curies":[{"name":"wp","href":"https:\/\/api.w.org\/{rel}","templated":true}]}}