{"id":6150,"date":"2025-12-19T16:10:08","date_gmt":"2025-12-19T13:10:08","guid":{"rendered":"https:\/\/wristbandfactory.eu\/?post_type=product&#038;p=6150"},"modified":"2026-04-01T21:52:34","modified_gmt":"2026-04-01T18:52:34","slug":"custom-printed-hand-fans-bamboo-wood-plastic","status":"publish","type":"product","link":"https:\/\/displayproducts.eu\/nb\/p\/custom-printed-hand-fans-bamboo-wood-plastic\/","title":{"rendered":"Vifter med eget trykk (Bambus, Tre og Plast)"},"content":{"rendered":"<p data-path-to-node=\"10\">Bekjemp varmen og vis frem merkevaren din med v\u00e5rt allsidige utvalg av <b data-path-to-node=\"10\" data-index-in-node=\"90\">H\u00e5ndvifter med spesialtrykk<\/b>. En \u201ckj\u00f8lig bris\u201d er den beste gaven du kan gi m\u00e5lgruppen din under sommerfestivaler, utend\u00f8rskonferanser eller bryllup. I motsetning til en flyer som kastes, er en h\u00e5ndvifte et funksjonelt tilbeh\u00f8r som deltakerne vil holde fast i og bruke gjentatte ganger, slik at logoen din holdes i \u00f8yeh\u00f8yde.<\/p>\n<p data-path-to-node=\"11\">Vi tilbyr fire forskjellige stiler som matcher merkevarens estetikk \u2013 fra milj\u00f8vennlig bambus og tre for et f\u00f8rsteklasses naturlig utseende, til fargerike plastalternativer for kampanjer i store mengder.<\/p>\n<h3 data-path-to-node=\"12\">Tilgjengelige modeller<\/h3>\n<p><strong>1. Klassikeren (plast og stoff)<\/strong><\/p>\n<p>Holdbar og fargerik.<\/p>\n<ul data-path-to-node=\"14\">\n<li>\n<p data-path-to-node=\"14,0,0\"><b data-path-to-node=\"14,0,0\" data-index-in-node=\"0\">Ribbein:<\/b> Plast (12 ribber + 2 endestykker). Endestykker er tilgjengelige i flere farger og kan trykkes.<\/p>\n<\/li>\n<li>\n<p data-path-to-node=\"14,1,0\"><b data-path-to-node=\"14,1,0\" data-index-in-node=\"0\">Ark:<\/b> Hvitt 210T polyesterstoff.<\/p>\n<\/li>\n<li>\n<p data-path-to-node=\"14,2,0\"><b data-path-to-node=\"14,2,0\" data-index-in-node=\"0\">Trykk:<\/b> Fullfarget p\u00e5 den ene siden.<\/p>\n<\/li>\n<\/ul>\n<p><strong>2. Den naturlige premiumkvaliteten (tre og stoff)<\/strong><\/p>\n<p>Elegant og robust.<\/p>\n<ul data-path-to-node=\"16\">\n<li>\n<p data-path-to-node=\"16,0,0\"><b data-path-to-node=\"16,0,0\" data-index-in-node=\"0\">Ribbein:<\/b> Naturtre (14 ribber + 2 endestykker). Endestykkene kan trykkes med din logo.<\/p>\n<\/li>\n<li>\n<p data-path-to-node=\"16,1,0\"><b data-path-to-node=\"16,1,0\" data-index-in-node=\"0\">Ark:<\/b> Hvitt 210T polyesterstoff.<\/p>\n<\/li>\n<li>\n<p data-path-to-node=\"16,2,0\"><b data-path-to-node=\"16,2,0\" data-index-in-node=\"0\">Trykk:<\/b> Fullfarget p\u00e5 den ene siden.<\/p>\n<\/li>\n<\/ul>\n<p><strong>3. Den \u00f8kologiske tradisjonelle (bambus og papir)<\/strong><\/p>\n<p>Lett med en klassisk papirf\u00f8lelse.<\/p>\n<ul data-path-to-node=\"18\">\n<li>\n<p data-path-to-node=\"18,0,0\"><b data-path-to-node=\"18,0,0\" data-index-in-node=\"0\">Ribbein:<\/b> Bambus (18 ribber + 2 endestykker). Endestykkene kan trykkes.<\/p>\n<\/li>\n<li>\n<p data-path-to-node=\"18,1,0\"><b data-path-to-node=\"18,1,0\" data-index-in-node=\"0\">Ark:<\/b> Hvitt 80gsm papir.<\/p>\n<\/li>\n<li>\n<p data-path-to-node=\"18,2,0\"><b data-path-to-node=\"18,2,0\" data-index-in-node=\"0\">Trykk:<\/b> Fullfarge p\u00e5 \u00e9n eller to sider.<\/p>\n<\/li>\n<\/ul>\n<p><strong>4. Kampanjebudsjettet (plast og papir)<\/strong><\/p>\n<p>Kostnadseffektivt for store folkemengder.<\/p>\n<ul data-path-to-node=\"20\">\n<li>\n<p data-path-to-node=\"20,0,0\"><b data-path-to-node=\"20,0,0\" data-index-in-node=\"0\">Ribbein:<\/b> Hvit plast. (Endestykker kan ikke trykkes; tilpasset fargematching er tilgjengelig for h\u00f8ye MOQ-bel\u00f8p).<\/p>\n<\/li>\n<li>\n<p data-path-to-node=\"20,1,0\"><b data-path-to-node=\"20,1,0\" data-index-in-node=\"0\">Ark:<\/b> Hvitt 80gsm papir.<\/p>\n<\/li>\n<li>\n<p data-path-to-node=\"20,2,0\"><b data-path-to-node=\"20,2,0\" data-index-in-node=\"0\">Trykk:<\/b> Fullfarget p\u00e5 den ene siden.<\/p>\n<\/li>\n<\/ul>\n<h2 data-path-to-node=\"21\">Viktige funksjoner<\/h2>\n<ul data-path-to-node=\"22\">\n<li>\n<p data-path-to-node=\"22,0,0\"><b data-path-to-node=\"22,0,0\" data-index-in-node=\"0\">Stor merkevareoverflate:<\/b> Viftearket gir et bredt, buet lerret for kunstverk, slagord eller kampanjegrafikk.<\/p>\n<\/li>\n<li>\n<p data-path-to-node=\"22,1,0\"><b data-path-to-node=\"22,1,0\" data-index-in-node=\"0\">Tilpassbare ribbein:<\/b> Avhengig av modellen, legg til ekstra logoer p\u00e5 de stive endestykkene (ribbene) for diskr\u00e9 detaljert merkevarebygging.<\/p>\n<\/li>\n<li>\n<p data-path-to-node=\"22,2,0\"><b data-path-to-node=\"22,2,0\" data-index-in-node=\"0\">Kompakt og b\u00e6rbar:<\/b> Bretter seg raskt ned for \u00e5 f\u00e5 plass i vesker eller lommer.<\/p>\n<\/li>\n<\/ul>\n<h2 data-path-to-node=\"23\">Spesifikasjoner<\/h2>\n<table data-path-to-node=\"24\">\n<thead>\n<tr>\n<td><strong>Trekk<\/strong><\/td>\n<td><strong>Plast + Stoff<\/strong><\/td>\n<td><strong>Tre + Stoff<\/strong><\/td>\n<td><strong>Bambus + Papir<\/strong><\/td>\n<td><strong>Plast + Papir<\/strong><\/td>\n<\/tr>\n<\/thead>\n<tbody>\n<tr>\n<td><span data-path-to-node=\"24,1,0,0\"><b data-path-to-node=\"24,1,0,0\" data-index-in-node=\"0\">Ribbemateriale<\/b><\/span><\/td>\n<td><span data-path-to-node=\"24,1,1,0\">Plast<\/span><\/td>\n<td><span data-path-to-node=\"24,1,2,0\">Tre<\/span><\/td>\n<td><span data-path-to-node=\"24,1,3,0\">Bambus<\/span><\/td>\n<td><span data-path-to-node=\"24,1,4,0\">Plast (hvit)<\/span><\/td>\n<\/tr>\n<tr>\n<td><span data-path-to-node=\"24,2,0,0\"><b data-path-to-node=\"24,2,0,0\" data-index-in-node=\"0\">Arkmateriale<\/b><\/span><\/td>\n<td><span data-path-to-node=\"24,2,1,0\">210T polyester<\/span><\/td>\n<td><span data-path-to-node=\"24,2,2,0\">210T polyester<\/span><\/td>\n<td><span data-path-to-node=\"24,2,3,0\">80 gsm papir<\/span><\/td>\n<td><span data-path-to-node=\"24,2,4,0\">80 gsm papir<\/span><\/td>\n<\/tr>\n<tr>\n<td><span data-path-to-node=\"24,3,0,0\"><b data-path-to-node=\"24,3,0,0\" data-index-in-node=\"0\">Ribbeantall<\/b><\/span><\/td>\n<td><span data-path-to-node=\"24,3,1,0\">12 + 2 endestykker<\/span><\/td>\n<td><span data-path-to-node=\"24,3,2,0\">14 + 2 endestykker<\/span><\/td>\n<td><span data-path-to-node=\"24,3,3,0\">18 + 2 endestykker<\/span><\/td>\n<td><span data-path-to-node=\"24,3,4,0\">Standard<\/span><\/td>\n<\/tr>\n<tr>\n<td><span data-path-to-node=\"24,4,0,0\"><b data-path-to-node=\"24,4,0,0\" data-index-in-node=\"0\">Dimensjoner (\u00e5pen)<\/b><\/span><\/td>\n<td><span data-path-to-node=\"24,4,1,0\">23 x 42 cm<\/span><\/td>\n<td><span data-path-to-node=\"24,4,2,0\">23 x 42 cm<\/span><\/td>\n<td><span data-path-to-node=\"24,4,3,0\">21 x 38 cm<\/span><\/td>\n<td><span data-path-to-node=\"24,4,4,0\">23 x 42 cm<\/span><\/td>\n<\/tr>\n<tr>\n<td><span data-path-to-node=\"24,5,0,0\"><b data-path-to-node=\"24,5,0,0\" data-index-in-node=\"0\">Utskriftsomr\u00e5de<\/b><\/span><\/td>\n<td><span data-path-to-node=\"24,5,1,0\">1 side<\/span><\/td>\n<td><span data-path-to-node=\"24,5,2,0\">1 side<\/span><\/td>\n<td><span data-path-to-node=\"24,5,3,0\">1 eller 2 sider<\/span><\/td>\n<td><span data-path-to-node=\"24,5,4,0\">1 side<\/span><\/td>\n<\/tr>\n<tr>\n<td><span data-path-to-node=\"24,6,0,0\"><b data-path-to-node=\"24,6,0,0\" data-index-in-node=\"0\">Endestykkeutskrift<\/b><\/span><\/td>\n<td><span data-path-to-node=\"24,6,1,0\">Ja<\/span><\/td>\n<td><span data-path-to-node=\"24,6,2,0\">Ja<\/span><\/td>\n<td><span data-path-to-node=\"24,6,3,0\">Ja<\/span><\/td>\n<td><span data-path-to-node=\"24,6,4,0\">Ingen<\/span><\/td>\n<\/tr>\n<\/tbody>\n<\/table>\n<h2 data-path-to-node=\"25\">Brukstilfeller<\/h2>\n<ul data-path-to-node=\"26\">\n<li>\n<p data-path-to-node=\"26,0,0\"><b data-path-to-node=\"26,0,0\" data-index-in-node=\"0\">Sommerbryllup:<\/b> En vakker tjeneste for gjester under utend\u00f8rs seremonier.<\/p>\n<\/li>\n<li>\n<p data-path-to-node=\"26,1,0\"><b data-path-to-node=\"26,1,0\" data-index-in-node=\"0\">Musikkfestivaler:<\/b> N\u00f8dvendig overlevelsesutstyr for dansende folkemengder i varmen.<\/p>\n<\/li>\n<li>\n<p data-path-to-node=\"26,2,0\"><b data-path-to-node=\"26,2,0\" data-index-in-node=\"0\">Politiske kampanjer:<\/b> Synlige gjenstander som supportere vifter med i luften.<\/p>\n<\/li>\n<li>\n<p data-path-to-node=\"26,3,0\"><b data-path-to-node=\"26,3,0\" data-index-in-node=\"0\">Turisme og feriesteder:<\/b> Flotte velkomstgaver til hoteller i varme klimaer.<\/p>\n<\/li>\n<\/ul>","protected":false},"excerpt":{"rendered":"<ul>\n<li>\n<p data-path-to-node=\"9,0,0\"><b data-path-to-node=\"9,0,0\" data-index-in-node=\"0\">4 materialkombinasjoner:<\/b> Velg mellom plast\/stoff, tre\/stoff, bambus\/papir eller plast\/papir.<\/p>\n<\/li>\n<li>\n<p data-path-to-node=\"9,1,0\"><b data-path-to-node=\"9,1,0\" data-index-in-node=\"0\">Full merkevarebygging:<\/b> H\u00f8ykvalitets fargetrykk p\u00e5 viftearket (papir eller polyester).<\/p>\n<\/li>\n<li>\n<p data-path-to-node=\"9,2,0\"><b data-path-to-node=\"9,2,0\" data-index-in-node=\"0\">Ribbealternativer:<\/b> Robuste ribber fra 12 til 18 teller, avhengig av modell.<\/p>\n<\/li>\n<li>\n<p data-path-to-node=\"9,3,0\"><b data-path-to-node=\"9,3,0\" data-index-in-node=\"0\">Sommerens viktigste:<\/b> Den perfekte gaveideen for utend\u00f8rsbryllup, festivaler og sportsarrangementer.<\/p>\n<\/li>\n<\/ul>","protected":false},"featured_media":6311,"comment_status":"closed","ping_status":"closed","template":"","meta":[],"product_brand":[],"product_cat":[45],"product_tag":[],"class_list":{"0":"post-6150","1":"product","2":"type-product","3":"status-publish","4":"has-post-thumbnail","6":"product_cat-other","8":"first","9":"instock","10":"shipping-taxable","11":"purchasable","12":"product-type-simple"},"_links":{"self":[{"href":"https:\/\/displayproducts.eu\/nb\/wp-json\/wp\/v2\/product\/6150","targetHints":{"allow":["GET"]}}],"collection":[{"href":"https:\/\/displayproducts.eu\/nb\/wp-json\/wp\/v2\/product"}],"about":[{"href":"https:\/\/displayproducts.eu\/nb\/wp-json\/wp\/v2\/types\/product"}],"replies":[{"embeddable":true,"href":"https:\/\/displayproducts.eu\/nb\/wp-json\/wp\/v2\/comments?post=6150"}],"wp:featuredmedia":[{"embeddable":true,"href":"https:\/\/displayproducts.eu\/nb\/wp-json\/wp\/v2\/media\/6311"}],"wp:attachment":[{"href":"https:\/\/displayproducts.eu\/nb\/wp-json\/wp\/v2\/media?parent=6150"}],"wp:term":[{"taxonomy":"product_brand","embeddable":true,"href":"https:\/\/displayproducts.eu\/nb\/wp-json\/wp\/v2\/product_brand?post=6150"},{"taxonomy":"product_cat","embeddable":true,"href":"https:\/\/displayproducts.eu\/nb\/wp-json\/wp\/v2\/product_cat?post=6150"},{"taxonomy":"product_tag","embeddable":true,"href":"https:\/\/displayproducts.eu\/nb\/wp-json\/wp\/v2\/product_tag?post=6150"}],"curies":[{"name":"wp","href":"https:\/\/api.w.org\/{rel}","templated":true}]}}