{"id":6144,"date":"2025-12-19T16:02:37","date_gmt":"2025-12-19T13:02:37","guid":{"rendered":"https:\/\/wristbandfactory.eu\/?post_type=product&#038;p=6144"},"modified":"2026-04-01T21:52:34","modified_gmt":"2026-04-01T18:52:34","slug":"custom-printed-picnic-blankets-fleece-waterproof-models","status":"publish","type":"product","link":"https:\/\/displayproducts.eu\/nb\/p\/custom-printed-picnic-blankets-fleece-waterproof-models\/","title":{"rendered":"Piknikpledd med eget trykk"},"content":{"rendered":"<p data-path-to-node=\"10\">Gj\u00f8r ethvert utend\u00f8rsarrangement om til en merkevarebyggingsmulighet med v\u00e5re <b data-path-to-node=\"10\" data-index-in-node=\"89\">Tilpassede pikniktepper<\/b>. Enten du trenger en koselig gave til en sommerkonsert eller en eksklusiv firmagave til ansatte, tilbyr vi to forskjellige materialkonstruksjoner som matcher budsjettet og de funksjonelle behovene dine.<\/p>\n<p data-path-to-node=\"11\">Begge modellene har digital utskrift fra kant til kant, noe som gir mulighet for livlige bilder, intrikate m\u00f8nstre eller dristige logoer over hele overflaten.<\/p>\n<h3 data-path-to-node=\"12\">Velg din modell<\/h3>\n<p>1. Mykt fleeceteppe (standard)<\/p>\n<p>Et klassisk valg for varme og komfort.<\/p>\n<ul data-path-to-node=\"14\">\n<li>\n<p data-path-to-node=\"14,0,0\"><b data-path-to-node=\"14,0,0\" data-index-in-node=\"0\">Topp:<\/b> Myk 100% polyesterfleece (220 gsm) for en koselig f\u00f8lelse.<\/p>\n<\/li>\n<li>\n<p data-path-to-node=\"14,1,0\"><b data-path-to-node=\"14,1,0\" data-index-in-node=\"0\">Bunn:<\/b> Svart 80gr ikke-vevd bakside.<\/p>\n<\/li>\n<li>\n<p data-path-to-node=\"14,2,0\"><b data-path-to-node=\"14,2,0\" data-index-in-node=\"0\">Emballasje:<\/b> Individuelt pakket i polyposer (tilpasset papiromslag tilgjengelig p\u00e5 foresp\u00f8rsel).<\/p>\n<\/li>\n<\/ul>\n<p>2. Premium vanntett teppe (polstret)<\/p>\n<p>Designet for holdbarhet og fuktige underlagsforhold.<\/p>\n<ul data-path-to-node=\"16\">\n<li>\n<p data-path-to-node=\"16,0,0\"><b data-path-to-node=\"16,0,0\" data-index-in-node=\"0\">Konstruksjon:<\/b> 3-lags sandwich-design \u2013 300D polyester-topp, 2 mm skumkjerne for sittekomfort og 210D polyester-bunn.<\/p>\n<\/li>\n<li>\n<p data-path-to-node=\"16,1,0\"><b data-path-to-node=\"16,1,0\" data-index-in-node=\"0\">Vanntett:<\/b> Har PU-bakside for \u00e5 holde fuktighet ute.<\/p>\n<\/li>\n<li>\n<p data-path-to-node=\"16,2,0\"><b data-path-to-node=\"16,2,0\" data-index-in-node=\"0\">B\u00e6rbarhet:<\/b> Inkluderer et innsydd PP-vevh\u00e5ndtak (ca. 2,5 x 50 cm) med borrel\u00e5slukking for uten trykk rulling og b\u00e6ring.<\/p>\n<\/li>\n<\/ul>\n<h2 data-path-to-node=\"17\">Viktige funksjoner<\/h2>\n<ul data-path-to-node=\"18\">\n<li>\n<p data-path-to-node=\"18,0,0\"><b data-path-to-node=\"18,0,0\" data-index-in-node=\"0\">Livlig digitaltrykk:<\/b> Vi trykker designet ditt digitalt. <i data-path-to-node=\"18,0,0\" data-index-in-node=\"55\">Merk: P\u00e5 grunn av stoffets tekstur kan fargene p\u00e5 det endelige trykket variere med opptil 15% i nyanse sammenlignet med det originale kunstverket.<\/i><\/p>\n<\/li>\n<li>\n<p data-path-to-node=\"18,1,0\"><b data-path-to-node=\"18,1,0\" data-index-in-node=\"0\">Praktisk merkevarebygging:<\/b> En massiv overflate sikrer at merkevaren din er synlig p\u00e5 avstand p\u00e5 strender, i parker og p\u00e5 festivaler.<\/p>\n<\/li>\n<li>\n<p data-path-to-node=\"18,2,0\"><b data-path-to-node=\"18,2,0\" data-index-in-node=\"0\">Produksjonstoleranse:<\/b> I henhold til bransjestandarder forbeholder vi oss retten til \u00e5 levere og fakturere +\/- 10% av den bestilte mengden.<\/p>\n<\/li>\n<\/ul>\n<h2 data-path-to-node=\"19\">Spesifikasjoner<\/h2>\n<table data-path-to-node=\"20\">\n<thead>\n<tr>\n<td><strong>Trekk<\/strong><\/td>\n<td><strong>Fleecemodell<\/strong><\/td>\n<td><strong>Vanntett polstret modell<\/strong><\/td>\n<\/tr>\n<\/thead>\n<tbody>\n<tr>\n<td><span data-path-to-node=\"20,1,0,0\"><b data-path-to-node=\"20,1,0,0\" data-index-in-node=\"0\">Toppmateriale<\/b><\/span><\/td>\n<td><span data-path-to-node=\"20,1,1,0\">220 gsm polyesterfleece<\/span><\/td>\n<td><span data-path-to-node=\"20,1,2,0\">300D polyester<\/span><\/td>\n<\/tr>\n<tr>\n<td><span data-path-to-node=\"20,2,0,0\"><b data-path-to-node=\"20,2,0,0\" data-index-in-node=\"0\">St\u00f8tte<\/b><\/span><\/td>\n<td><span data-path-to-node=\"20,2,1,0\">Svart 80gr ikke-vevd<\/span><\/td>\n<td><span data-path-to-node=\"20,2,2,0\">Vanntett PU + 210D Poly<\/span><\/td>\n<\/tr>\n<tr>\n<td><span data-path-to-node=\"20,3,0,0\"><b data-path-to-node=\"20,3,0,0\" data-index-in-node=\"0\">Polstring<\/b><\/span><\/td>\n<td><span data-path-to-node=\"20,3,1,0\">Ingen<\/span><\/td>\n<td><span data-path-to-node=\"20,3,2,0\">2 mm skum<\/span><\/td>\n<\/tr>\n<tr>\n<td><span data-path-to-node=\"20,4,0,0\"><b data-path-to-node=\"20,4,0,0\" data-index-in-node=\"0\">Dimensjoner<\/b><\/span><\/td>\n<td><span data-path-to-node=\"20,4,1,0\">120x150cm ELLER 130x170cm<\/span><\/td>\n<td><span data-path-to-node=\"20,4,2,0\">120x150 cm<\/span><\/td>\n<\/tr>\n<tr>\n<td><span data-path-to-node=\"20,5,0,0\"><b data-path-to-node=\"20,5,0,0\" data-index-in-node=\"0\">B\u00e6resystem<\/b><\/span><\/td>\n<td><span data-path-to-node=\"20,5,1,0\">Polypose (erme valgfritt)<\/span><\/td>\n<td><span data-path-to-node=\"20,5,2,0\">Integrert PP-vevh\u00e5ndtak<\/span><\/td>\n<\/tr>\n<tr>\n<td><span data-path-to-node=\"20,6,0,0\"><b data-path-to-node=\"20,6,0,0\" data-index-in-node=\"0\">Trykkteknikk<\/b><\/span><\/td>\n<td><span data-path-to-node=\"20,6,1,0\">Fullfarge digital<\/span><\/td>\n<td><span data-path-to-node=\"20,6,2,0\">Fullfarge digital<\/span><\/td>\n<\/tr>\n<\/tbody>\n<\/table>\n<p>&nbsp;<\/p>\n<h2 data-path-to-node=\"21\">Brukstilfeller<\/h2>\n<ul data-path-to-node=\"22\">\n<li>\n<p data-path-to-node=\"22,0,0\"><b data-path-to-node=\"22,0,0\" data-index-in-node=\"0\">Sommerfestivaler:<\/b> Merkede sitteomr\u00e5der for musikkarrangementer.<\/p>\n<\/li>\n<li>\n<p data-path-to-node=\"22,1,0\"><b data-path-to-node=\"22,1,0\" data-index-in-node=\"0\">Bedriftspiknik:<\/b> En praktisk gave som ansatte vil bruke gjentatte ganger.<\/p>\n<\/li>\n<li>\n<p data-path-to-node=\"22,2,0\"><b data-path-to-node=\"22,2,0\" data-index-in-node=\"0\">Varebutikker:<\/b> En verdifull vare for band eller idrettslag.<\/p>\n<\/li>\n<li>\n<p data-path-to-node=\"22,3,0\"><b data-path-to-node=\"22,3,0\" data-index-in-node=\"0\">Utend\u00f8rskampanjer:<\/b> Ideell for drikkevare- eller livsstilsmerker.<\/p>\n<\/li>\n<\/ul>","protected":false},"excerpt":{"rendered":"<ul>\n<li>\n<p data-path-to-node=\"9,0,0\"><b data-path-to-node=\"9,0,0\" data-index-in-node=\"0\">To varianter:<\/b> Velg mellom myk fleece (lett) eller premium vanntett (polstret med h\u00e5ndtak).<\/p>\n<\/li>\n<li>\n<p data-path-to-node=\"9,1,0\"><b data-path-to-node=\"9,1,0\" data-index-in-node=\"0\">Full tilpasning:<\/b> H\u00f8yoppl\u00f8selig digitaltrykk dekker hele toppflaten.<\/p>\n<\/li>\n<li>\n<p data-path-to-node=\"9,2,0\"><b data-path-to-node=\"9,2,0\" data-index-in-node=\"0\">Allsidige st\u00f8rrelser:<\/b> Standard 120 x 150 cm eller st\u00f8rre 130 x 170 cm (kun fleece).<\/p>\n<\/li>\n<li>\n<p data-path-to-node=\"9,3,0\"><b data-path-to-node=\"9,3,0\" data-index-in-node=\"0\">Klar for arrangement:<\/b> Perfekt for utend\u00f8rsfestivaler, firmapiknik og sommerkampanjer.<\/p>\n<\/li>\n<\/ul>","protected":false},"featured_media":6315,"comment_status":"closed","ping_status":"closed","template":"","meta":[],"product_brand":[],"product_cat":[68,121],"product_tag":[],"class_list":{"0":"post-6144","1":"product","2":"type-product","3":"status-publish","4":"has-post-thumbnail","6":"product_cat-event-supplies","7":"product_cat-promotional-merchandise","9":"first","10":"instock","11":"shipping-taxable","12":"purchasable","13":"product-type-simple"},"_links":{"self":[{"href":"https:\/\/displayproducts.eu\/nb\/wp-json\/wp\/v2\/product\/6144","targetHints":{"allow":["GET"]}}],"collection":[{"href":"https:\/\/displayproducts.eu\/nb\/wp-json\/wp\/v2\/product"}],"about":[{"href":"https:\/\/displayproducts.eu\/nb\/wp-json\/wp\/v2\/types\/product"}],"replies":[{"embeddable":true,"href":"https:\/\/displayproducts.eu\/nb\/wp-json\/wp\/v2\/comments?post=6144"}],"wp:featuredmedia":[{"embeddable":true,"href":"https:\/\/displayproducts.eu\/nb\/wp-json\/wp\/v2\/media\/6315"}],"wp:attachment":[{"href":"https:\/\/displayproducts.eu\/nb\/wp-json\/wp\/v2\/media?parent=6144"}],"wp:term":[{"taxonomy":"product_brand","embeddable":true,"href":"https:\/\/displayproducts.eu\/nb\/wp-json\/wp\/v2\/product_brand?post=6144"},{"taxonomy":"product_cat","embeddable":true,"href":"https:\/\/displayproducts.eu\/nb\/wp-json\/wp\/v2\/product_cat?post=6144"},{"taxonomy":"product_tag","embeddable":true,"href":"https:\/\/displayproducts.eu\/nb\/wp-json\/wp\/v2\/product_tag?post=6144"}],"curies":[{"name":"wp","href":"https:\/\/api.w.org\/{rel}","templated":true}]}}