{"id":6135,"date":"2025-12-19T15:54:46","date_gmt":"2025-12-19T12:54:46","guid":{"rendered":"https:\/\/wristbandfactory.eu\/?post_type=product&#038;p=6135"},"modified":"2026-04-01T21:52:34","modified_gmt":"2026-04-01T18:52:34","slug":"custom-printed-wooden-deck-chairs-patio-stools-made-in-eu","status":"publish","type":"product","link":"https:\/\/displayproducts.eu\/nb\/p\/custom-printed-wooden-deck-chairs-patio-stools-made-in-eu\/","title":{"rendered":"Fluktstoler i tre med eget trykk"},"content":{"rendered":"<p data-path-to-node=\"10\">Skap en avslappende merkeopplevelse med v\u00e5rt premiumutvalg av <b data-path-to-node=\"10\" data-index-in-node=\"86\">Spesialtrykte trestoler og krakker<\/b>. Enten det er til en strandklubb, en musikkfestival, en bedrifts sommerterrasse eller et vinterskianlegg, tilbyr disse stolene den perfekte blandingen av komfort og synlighet.<\/p>\n<p data-path-to-node=\"11\">Rammene v\u00e5re er produsert direkte i EU og er laget av solid b\u00f8ketre (naturlig overflate), noe som sikrer holdbarhet og en eksklusiv f\u00f8lelse sammenlignet med lett importert tre. Setestoffet er trykt digitalt i fullfarge, noe som gir fotorealistiske design som dekker hele overflaten.<\/p>\n<h3 data-path-to-node=\"12\">Tilgjengelige modeller<\/h3>\n<p data-path-to-node=\"13\">Vi tilbyr fire forskjellige konfigurasjoner som passer dine arrangementsbehov:<\/p>\n<ol start=\"1\" data-path-to-node=\"14\">\n<li>\n<p data-path-to-node=\"14,0,0\"><b data-path-to-node=\"14,0,0\" data-index-in-node=\"0\">Klassisk solstol:<\/b> Tidl\u00f8s design uten armlener. Minimalistisk og b\u00e6rbar.<\/p>\n<\/li>\n<li>\n<p data-path-to-node=\"14,1,0\"><b data-path-to-node=\"14,1,0\" data-index-in-node=\"0\">Komfort liggestol:<\/b> Har ergonomiske armlener for ekstra avslapning.<\/p>\n<\/li>\n<li>\n<p data-path-to-node=\"14,2,0\"><b data-path-to-node=\"14,2,0\" data-index-in-node=\"0\">Premium solstol:<\/b> Inkluderer armlener og innebygd koppholder \u2013 det ultimate festivalvalget.<\/p>\n<\/li>\n<li>\n<p data-path-to-node=\"14,3,0\"><b data-path-to-node=\"14,3,0\" data-index-in-node=\"0\">Terrassekrakk:<\/b> En kompakt, sammenleggbar fotst\u00f8tte eller ekstra sete som komplementerer stolene perfekt.<\/p>\n<\/li>\n<\/ol>\n<h2 data-path-to-node=\"15\">Viktige funksjoner<\/h2>\n<ul data-path-to-node=\"16\">\n<li>\n<p data-path-to-node=\"16,0,0\"><b data-path-to-node=\"16,0,0\" data-index-in-node=\"0\">Justerbar komfort:<\/b> Alle stolmodeller har 3-trinns justering av ryggh\u00f8yden for personlig avslapning (Standard: 28\/60 mm omr\u00e5de; Armlenmodeller: 28\/57 mm eller 32\/61 mm omr\u00e5de).<\/p>\n<\/li>\n<li>\n<p data-path-to-node=\"16,1,0\"><b data-path-to-node=\"16,1,0\" data-index-in-node=\"0\">Livlig merkevarebygging:<\/b> 215 gsm polyesterstoff st\u00f8tter CMYK-utskrift med h\u00f8y oppl\u00f8sning. <i data-path-to-node=\"16,1,0\" data-index-in-node=\"83\">Merk: P\u00e5 grunn av tekstilabsorpsjon kan de endelige fargene variere opptil 15% fra den digitale filen.<\/i><\/p>\n<\/li>\n<li>\n<p data-path-to-node=\"16,2,0\"><b data-path-to-node=\"16,2,0\" data-index-in-node=\"0\">Smart design:<\/b> Stoltrekkene er avtakbare og kan byttes ut, slik at du kan oppdatere kampanjer uten \u00e5 kj\u00f8pe nye rammer. (Merk: Stoffet p\u00e5 krakken er fast\/ikke avtakbart).<\/p>\n<\/li>\n<li>\n<p data-path-to-node=\"16,3,0\"><b data-path-to-node=\"16,3,0\" data-index-in-node=\"0\">Sikkerhet og last:<\/b> Robust konstruksjon st\u00f8tter opptil 110 kg per sete.<\/p>\n<\/li>\n<\/ul>\n<h2 data-path-to-node=\"17\">Spesifikasjoner<\/h2>\n<table data-path-to-node=\"18\">\n<thead>\n<tr>\n<td><strong>Trekk<\/strong><\/td>\n<td><strong>Klassisk stol<\/strong><\/td>\n<td><strong>Armlener<\/strong><\/td>\n<td><strong>Koppholderstol<\/strong><\/td>\n<td><strong>Patio krakk<\/strong><\/td>\n<\/tr>\n<\/thead>\n<tbody>\n<tr>\n<td><span data-path-to-node=\"18,1,0,0\"><b data-path-to-node=\"18,1,0,0\" data-index-in-node=\"0\">Rammemateriale<\/b><\/span><\/td>\n<td><span data-path-to-node=\"18,1,1,0\">B\u00f8keved<\/span><\/td>\n<td><span data-path-to-node=\"18,1,2,0\">B\u00f8keved<\/span><\/td>\n<td><span data-path-to-node=\"18,1,3,0\">B\u00f8keved<\/span><\/td>\n<td><span data-path-to-node=\"18,1,4,0\">B\u00f8keved<\/span><\/td>\n<\/tr>\n<tr>\n<td><span data-path-to-node=\"18,2,0,0\"><b data-path-to-node=\"18,2,0,0\" data-index-in-node=\"0\">M\u00e5l (brettet)<\/b><\/span><\/td>\n<td><span data-path-to-node=\"18,2,1,0\">1250 x 560 mm<\/span><\/td>\n<td><span data-path-to-node=\"18,2,2,0\">1510 x 580 mm<\/span><\/td>\n<td><span data-path-to-node=\"18,2,3,0\">1510 x 580 mm<\/span><\/td>\n<td><span data-path-to-node=\"18,2,4,0\">500 x 320 mm<\/span><\/td>\n<\/tr>\n<tr>\n<td><span data-path-to-node=\"18,3,0,0\"><b data-path-to-node=\"18,3,0,0\" data-index-in-node=\"0\">H\u00f8ydeniv\u00e5er<\/b><\/span><\/td>\n<td><span data-path-to-node=\"18,3,1,0\">3-trinns<\/span><\/td>\n<td><span data-path-to-node=\"18,3,2,0\">3-trinns<\/span><\/td>\n<td><span data-path-to-node=\"18,3,3,0\">3-trinns<\/span><\/td>\n<td><span data-path-to-node=\"18,3,4,0\">Fast (70 mm)<\/span><\/td>\n<\/tr>\n<tr>\n<td><span data-path-to-node=\"18,4,0,0\"><b data-path-to-node=\"18,4,0,0\" data-index-in-node=\"0\">Vekt<\/b><\/span><\/td>\n<td><span data-path-to-node=\"18,4,1,0\">3,9 kg (7,8 kg\/eske)<\/span><\/td>\n<td><span data-path-to-node=\"18,4,2,0\">4,4 kg (8,8 kg\/eske)<\/span><\/td>\n<td><span data-path-to-node=\"18,4,3,0\">4,7 kg (9,4 kg\/eske)<\/span><\/td>\n<td><span data-path-to-node=\"18,4,4,0\">1,6 kg (3,2 kg\/eske)<\/span><\/td>\n<\/tr>\n<tr>\n<td><span data-path-to-node=\"18,5,0,0\"><b data-path-to-node=\"18,5,0,0\" data-index-in-node=\"0\">Stoff<\/b><\/span><\/td>\n<td><span data-path-to-node=\"18,5,1,0\">215 gsm polyester<\/span><\/td>\n<td><span data-path-to-node=\"18,5,2,0\">215 gsm polyester<\/span><\/td>\n<td><span data-path-to-node=\"18,5,3,0\">215 gsm polyester<\/span><\/td>\n<td><span data-path-to-node=\"18,5,4,0\">215 gsm polyester<\/span><\/td>\n<\/tr>\n<tr>\n<td><span data-path-to-node=\"18,6,0,0\"><b data-path-to-node=\"18,6,0,0\" data-index-in-node=\"0\">Emballasje<\/b><\/span><\/td>\n<td><span data-path-to-node=\"18,6,1,0\">2 stk \/ kartong<\/span><\/td>\n<td><span data-path-to-node=\"18,6,2,0\">2 stk \/ kartong<\/span><\/td>\n<td><span data-path-to-node=\"18,6,3,0\">2 stk \/ kartong<\/span><\/td>\n<td><span data-path-to-node=\"18,6,4,0\">2 stk \/ kartong<\/span><\/td>\n<\/tr>\n<\/tbody>\n<\/table>\n<h2 data-path-to-node=\"19\">Brukstilfeller<\/h2>\n<ul data-path-to-node=\"20\">\n<li>\n<p data-path-to-node=\"20,0,0\"><b data-path-to-node=\"20,0,0\" data-index-in-node=\"0\">Sommerfestivaler og strandbarer:<\/b> lage en merkevarebasert chill-out-sone.<\/p>\n<\/li>\n<li>\n<p data-path-to-node=\"20,1,0\"><b data-path-to-node=\"20,1,0\" data-index-in-node=\"0\">Skianlegg:<\/b> Slitesterkt treverk og polyester fungerer ogs\u00e5 bra p\u00e5 solterrasser om vinteren.<\/p>\n<\/li>\n<li>\n<p data-path-to-node=\"20,2,0\"><b data-path-to-node=\"20,2,0\" data-index-in-node=\"0\">Firmagaver:<\/b> En verdifull gave for partnere \u00e5 bruke i hagen eller p\u00e5 balkongen.<\/p>\n<\/li>\n<li>\n<p data-path-to-node=\"20,3,0\"><b data-path-to-node=\"20,3,0\" data-index-in-node=\"0\">Utend\u00f8rsarrangementer:<\/b> B\u00e6rbare sitteplasser som ogs\u00e5 fungerer som et reklameplakat.<\/p>\n<\/li>\n<\/ul>","protected":false},"excerpt":{"rendered":"<ul>\n<li>\n<p data-path-to-node=\"9,0,0\"><b data-path-to-node=\"9,0,0\" data-index-in-node=\"0\">Laget i EU:<\/b> H\u00e5ndlaget av naturlig b\u00f8ketre av h\u00f8y kvalitet.<\/p>\n<\/li>\n<li>\n<p data-path-to-node=\"9,1,0\"><b data-path-to-node=\"9,1,0\" data-index-in-node=\"0\">Full tilpasning:<\/b> Kant-til-kant CMYK-trykk p\u00e5 slitesterk 215 gsm polyester.<\/p>\n<\/li>\n<li>\n<p data-path-to-node=\"9,2,0\"><b data-path-to-node=\"9,2,0\" data-index-in-node=\"0\">4 tilgjengelige modeller:<\/b> Standard, armlener, armlener + koppholder og sammenleggbar krakk.<\/p>\n<\/li>\n<li>\n<p data-path-to-node=\"9,3,0\"><b data-path-to-node=\"9,3,0\" data-index-in-node=\"0\">Utskiftbart stoff:<\/b> Endre designet uten trykkt p\u00e5 alle stolmodeller (stoffet p\u00e5 krakken er fast).<\/p>\n<\/li>\n<\/ul>","protected":false},"featured_media":6320,"comment_status":"closed","ping_status":"closed","template":"","meta":[],"product_brand":[],"product_cat":[68],"product_tag":[],"class_list":{"0":"post-6135","1":"product","2":"type-product","3":"status-publish","4":"has-post-thumbnail","6":"product_cat-event-supplies","8":"first","9":"instock","10":"shipping-taxable","11":"purchasable","12":"product-type-simple"},"_links":{"self":[{"href":"https:\/\/displayproducts.eu\/nb\/wp-json\/wp\/v2\/product\/6135","targetHints":{"allow":["GET"]}}],"collection":[{"href":"https:\/\/displayproducts.eu\/nb\/wp-json\/wp\/v2\/product"}],"about":[{"href":"https:\/\/displayproducts.eu\/nb\/wp-json\/wp\/v2\/types\/product"}],"replies":[{"embeddable":true,"href":"https:\/\/displayproducts.eu\/nb\/wp-json\/wp\/v2\/comments?post=6135"}],"wp:featuredmedia":[{"embeddable":true,"href":"https:\/\/displayproducts.eu\/nb\/wp-json\/wp\/v2\/media\/6320"}],"wp:attachment":[{"href":"https:\/\/displayproducts.eu\/nb\/wp-json\/wp\/v2\/media?parent=6135"}],"wp:term":[{"taxonomy":"product_brand","embeddable":true,"href":"https:\/\/displayproducts.eu\/nb\/wp-json\/wp\/v2\/product_brand?post=6135"},{"taxonomy":"product_cat","embeddable":true,"href":"https:\/\/displayproducts.eu\/nb\/wp-json\/wp\/v2\/product_cat?post=6135"},{"taxonomy":"product_tag","embeddable":true,"href":"https:\/\/displayproducts.eu\/nb\/wp-json\/wp\/v2\/product_tag?post=6135"}],"curies":[{"name":"wp","href":"https:\/\/api.w.org\/{rel}","templated":true}]}}