{"id":6133,"date":"2025-12-19T15:34:23","date_gmt":"2025-12-19T12:34:23","guid":{"rendered":"https:\/\/wristbandfactory.eu\/?post_type=product&#038;p=6133"},"modified":"2026-04-01T21:52:34","modified_gmt":"2026-04-01T18:52:34","slug":"custom-led-acrylic-invitations-business-cards","status":"publish","type":"product","link":"https:\/\/displayproducts.eu\/nb\/p\/custom-led-acrylic-invitations-business-cards\/","title":{"rendered":"Lysende visittkort og invitasjoner med LED"},"content":{"rendered":"<p data-path-to-node=\"9\">L\u00f8ft merkevaren eller arrangementet ditt med v\u00e5re <b data-path-to-node=\"9\" data-index-in-node=\"65\">Tilpassede LED-akrylinvitasjoner og visittkort<\/b>. I motsetning til standard papiralternativer er disse futuristiske kortene laget av stiv, krystallklar akryl og har innebygd LED-teknologi. N\u00e5r de aktiveres via en diskret ber\u00f8ringsknapp, lyser de lasersk\u00e5rne detaljene i designet ditt opp, noe som skaper en fantastisk visuell effekt som garanterer at budskapet ditt blir husket.<\/p>\n<p data-path-to-node=\"10\">Dette er ikke bare kort; de er minneverdige ting. Enten det brukes som et eksklusivt visittkort som skaper en umiddelbar forbindelse, et gl\u00f8dende VIP-pass til et kveldsarrangement eller en romantisk bryllupsinvitasjon, skaper LED-akrylkortet en unik brukeropplevelse.<\/p>\n<h2 data-path-to-node=\"11\">Viktige funksjoner<\/h2>\n<ul data-path-to-node=\"12\">\n<li>\n<p data-path-to-node=\"12,0,0\"><b data-path-to-node=\"12,0,0\" data-index-in-node=\"0\">Lasergraveringsteknologi:<\/b> Vi graverer teksten, logoen eller kunstverket ditt direkte inn i akryloverflaten. LED-lyset beveger seg gjennom materialet og fanger opp graveringen, slik at den skinner sterkt mot den klare bakgrunnen.<\/p>\n<\/li>\n<li>\n<p data-path-to-node=\"12,1,0\"><b data-path-to-node=\"12,1,0\" data-index-in-node=\"0\">Ber\u00f8ringsaktivering:<\/b> Moderne kapasitive ber\u00f8ringssensorer lar mottakerne sl\u00e5 lyset av og p\u00e5 s\u00f8ml\u00f8st.<\/p>\n<\/li>\n<li>\n<p data-path-to-node=\"12,2,0\"><b data-path-to-node=\"12,2,0\" data-index-in-node=\"0\">Full tilpasning:<\/b> Tilgjengelig i forskjellige former (rektangul\u00e6re, firkantede eller spesialutsk\u00e5rne) og st\u00f8rrelser som passer til standard lommeb\u00f8ker eller st\u00f8rre konvoluttformater.<\/p>\n<\/li>\n<li>\n<p data-path-to-node=\"12,3,0\"><b data-path-to-node=\"12,3,0\" data-index-in-node=\"0\">Varighet:<\/b> Laget av robust akryl (PMMA) som motst\u00e5r b\u00f8ying og riper bedre enn tradisjonelle plastkort.<\/p>\n<\/li>\n<\/ul>\n<h2 data-path-to-node=\"13\">Spesifikasjoner<\/h2>\n<ul data-path-to-node=\"14\">\n<li>\n<p data-path-to-node=\"14,0,0\"><b data-path-to-node=\"14,0,0\" data-index-in-node=\"0\">Materiale:<\/b> Gjennomsiktig akryl (PMMA).<\/p>\n<\/li>\n<li>\n<p data-path-to-node=\"14,1,0\"><b data-path-to-node=\"14,1,0\" data-index-in-node=\"0\">Tykkelse:<\/b> 2 mm\u20133 mm alternativer.<\/p>\n<\/li>\n<li>\n<p data-path-to-node=\"14,2,0\"><b data-path-to-node=\"14,2,0\" data-index-in-node=\"0\">Lyskilde:<\/b> Integrerte LED-lys (hvite eller flerfargede).<\/p>\n<\/li>\n<li>\n<p data-path-to-node=\"14,3,0\"><b data-path-to-node=\"14,3,0\" data-index-in-node=\"0\">Makt:<\/b> Knappcellebatterier (utskiftbare\/ikke-oppladbare alternativer) eller oppladbare via USB (utvalgte modeller).<\/p>\n<\/li>\n<li>\n<p data-path-to-node=\"14,4,0\"><b data-path-to-node=\"14,4,0\" data-index-in-node=\"0\">Brytertype:<\/b> Ber\u00f8ringsplate eller knappbryter.<\/p>\n<\/li>\n<li>\n<p data-path-to-node=\"14,5,0\"><b data-path-to-node=\"14,5,0\" data-index-in-node=\"0\">Produksjonstid:<\/b> 5\u201310 virkedager.<\/p>\n<\/li>\n<li>\n<p data-path-to-node=\"14,6,0\"><b data-path-to-node=\"14,6,0\" data-index-in-node=\"0\">Printing:<\/b> Laserskj\u00e6ring (standard) + silketrykk eller boktrykk som alternativer.<\/p>\n<\/li>\n<\/ul>\n<h2 data-path-to-node=\"15\">Brukstilfeller<\/h2>\n<ul data-path-to-node=\"16\">\n<li>\n<p data-path-to-node=\"16,0,0\"><b data-path-to-node=\"16,0,0\" data-index-in-node=\"0\">VIP-visittkort:<\/b> Skill deg ut p\u00e5 nettverksarrangementer med et kort som bokstavelig talt lyser opp rommet.<\/p>\n<\/li>\n<li>\n<p data-path-to-node=\"16,1,0\"><b data-path-to-node=\"16,1,0\" data-index-in-node=\"0\">Luksuri\u00f8se bryllupsinvitasjoner:<\/b> Sett tonen for et eksklusivt kveldsbryllup med str\u00e5lende invitasjoner.<\/p>\n<\/li>\n<li>\n<p data-path-to-node=\"16,2,0\"><b data-path-to-node=\"16,2,0\" data-index-in-node=\"0\">Suvenirer fra arrangementet:<\/b> Perfekt til fanmerchandise, minnebilletter eller \u201cSave the Date\u201d-magneter.<\/p>\n<\/li>\n<li>\n<p data-path-to-node=\"16,3,0\"><b data-path-to-node=\"16,3,0\" data-index-in-node=\"0\">Natteliv og gallaer:<\/b> Bruk som synlige drikkepoletter eller VIP-pass i omgivelser med lite lys.<\/p>\n<\/li>\n<\/ul>","protected":false},"excerpt":{"rendered":"<ul>\n<li>\n<p data-path-to-node=\"8,0,0\"><b data-path-to-node=\"8,0,0\" data-index-in-node=\"0\">Opplyst effekt:<\/b> Innebygde LED-lys f\u00e5r det lasergraverte designet ditt til \u00e5 gl\u00f8de str\u00e5lende.<\/p>\n<\/li>\n<li>\n<p data-path-to-node=\"8,1,0\"><b data-path-to-node=\"8,1,0\" data-index-in-node=\"0\">Premiummateriale:<\/b> H\u00f8ykvalitets 2 mm eller 3 mm krystallklar akryl.<\/p>\n<\/li>\n<li>\n<p data-path-to-node=\"8,2,0\"><b data-path-to-node=\"8,2,0\" data-index-in-node=\"0\">Tilpasset teknologi:<\/b> Tilgjengelig med ber\u00f8ringsplatebrytere og oppladbare eller engangsbatterier.<\/p>\n<\/li>\n<li>\n<p data-path-to-node=\"8,3,0\"><b data-path-to-node=\"8,3,0\" data-index-in-node=\"0\">Allsidig bruk:<\/b> Ideell for luksuri\u00f8se bryllupsinvitasjoner, eksklusive visittkort eller suvenirbilletter.<\/p>\n<\/li>\n<\/ul>","protected":false},"featured_media":6134,"comment_status":"closed","ping_status":"closed","template":"","meta":[],"product_brand":[],"product_cat":[76],"product_tag":[],"class_list":{"0":"post-6133","1":"product","2":"type-product","3":"status-publish","4":"has-post-thumbnail","6":"product_cat-glow-led-products","8":"first","9":"instock","10":"shipping-taxable","11":"product-type-simple"},"_links":{"self":[{"href":"https:\/\/displayproducts.eu\/nb\/wp-json\/wp\/v2\/product\/6133","targetHints":{"allow":["GET"]}}],"collection":[{"href":"https:\/\/displayproducts.eu\/nb\/wp-json\/wp\/v2\/product"}],"about":[{"href":"https:\/\/displayproducts.eu\/nb\/wp-json\/wp\/v2\/types\/product"}],"replies":[{"embeddable":true,"href":"https:\/\/displayproducts.eu\/nb\/wp-json\/wp\/v2\/comments?post=6133"}],"wp:featuredmedia":[{"embeddable":true,"href":"https:\/\/displayproducts.eu\/nb\/wp-json\/wp\/v2\/media\/6134"}],"wp:attachment":[{"href":"https:\/\/displayproducts.eu\/nb\/wp-json\/wp\/v2\/media?parent=6133"}],"wp:term":[{"taxonomy":"product_brand","embeddable":true,"href":"https:\/\/displayproducts.eu\/nb\/wp-json\/wp\/v2\/product_brand?post=6133"},{"taxonomy":"product_cat","embeddable":true,"href":"https:\/\/displayproducts.eu\/nb\/wp-json\/wp\/v2\/product_cat?post=6133"},{"taxonomy":"product_tag","embeddable":true,"href":"https:\/\/displayproducts.eu\/nb\/wp-json\/wp\/v2\/product_tag?post=6133"}],"curies":[{"name":"wp","href":"https:\/\/api.w.org\/{rel}","templated":true}]}}