{"id":6109,"date":"2025-12-18T12:35:53","date_gmt":"2025-12-18T09:35:53","guid":{"rendered":"https:\/\/wristbandfactory.eu\/?post_type=product&#038;p=6109"},"modified":"2026-04-01T21:52:34","modified_gmt":"2026-04-01T18:52:34","slug":"full-color-tyvek-wristbands-cmyk-photo-print","status":"publish","type":"product","link":"https:\/\/displayproducts.eu\/nb\/p\/full-color-tyvek-wristbands-cmyk-photo-print\/","title":{"rendered":"Tyvek-b\u00e5nd med fullfargetrykk"},"content":{"rendered":"<p data-path-to-node=\"12\">Styrk merkevaren for arrangementet ditt med v\u00e5re <b data-path-to-node=\"12\" data-index-in-node=\"62\">Tyvek-armb\u00e5nd i fullfarge<\/b>. I motsetning til standard 1-fargealternativer fjerner denne premiumtrykkmetoden alle designbegrensninger, slik at du kan gj\u00f8re et uten trykkt sikkerhetspassord om til et kraftig markedsf\u00f8ringsverkt\u00f8y.<\/p>\n<p data-path-to-node=\"13\">Ved hjelp av avansert digital CMYK-trykkteknologi kan vi reprodusere <b data-path-to-node=\"13\" data-index-in-node=\"66\">h\u00f8yoppl\u00f8selige bilder, jevne fargeoverganger og flerfargede sponsorlogoer<\/b> med eksepsjonell klarhet. Trykket p\u00e5f\u00f8res kant til kant, noe som gir deg et fullstendig tilpasset lerret for \u00e5 vise frem merkeidentiteten eller festivaltemaet ditt.<\/p>\n<h2 data-path-to-node=\"14\">Viktige funksjoner<\/h2>\n<ul data-path-to-node=\"15\">\n<li>\n<p data-path-to-node=\"15,0,0\"><b data-path-to-node=\"15,0,0\" data-index-in-node=\"0\">CMYK-fotokvalitet:<\/b> Skriv ut millioner av farger med presisjon. Perfekt for komplekse kunstverk som krever skyggelegging eller fine detaljer.<\/p>\n<\/li>\n<li>\n<p data-path-to-node=\"15,1,0\"><b data-path-to-node=\"15,1,0\" data-index-in-node=\"0\">Maksimal merkevareeksponering:<\/b> Ideell for festivaler og bedriftsarrangementer der sponsorlogoer m\u00e5 vises i originalfargene.<\/p>\n<\/li>\n<li>\n<p data-path-to-node=\"15,2,0\"><b data-path-to-node=\"15,2,0\" data-index-in-node=\"0\">Sikkerhetssikring:<\/b> Utstyrt med en sikker, utsk\u00e5ret, selvklebende lukking som makuleres ved fjerning for \u00e5 forhindre at billetten flyttes.<\/p>\n<\/li>\n<li>\n<p data-path-to-node=\"15,3,0\"><b data-path-to-node=\"15,3,0\" data-index-in-node=\"0\">Sekvensiell nummerering:<\/b> Hvert b\u00e5nd har et unikt serienummer for kapasitetssporing og sikkerhetsrevisjon.<\/p>\n<\/li>\n<li>\n<p data-path-to-node=\"15,4,0\"><b data-path-to-node=\"15,4,0\" data-index-in-node=\"0\">Ekte DuPont\u2122 Tyvek\u00ae:<\/b> Vi bruker autentisk Tyvek\u00ae-materiale som er vanntett, slitesterkt og komfortabelt for arrangementer over flere dager.<\/p>\n<\/li>\n<li>\n<p data-path-to-node=\"15,5,0\"><b data-path-to-node=\"15,5,0\" data-index-in-node=\"0\">Valgfri avrivbar stub:<\/b> Kan produseres med perforert stubb, perfekt for drikkekuponger, garderobelapper eller loddtrekninger.<\/p>\n<\/li>\n<\/ul>\n<h2 data-path-to-node=\"16\">Spesifikasjoner<\/h2>\n<ul data-path-to-node=\"17\">\n<li>\n<p data-path-to-node=\"17,0,0\"><b data-path-to-node=\"17,0,0\" data-index-in-node=\"0\">Materiale:<\/b> DuPont\u2122 Tyvek\u00ae (resirkulerbar h\u00f8ydensitetspolyetylen).<\/p>\n<\/li>\n<li>\n<p data-path-to-node=\"17,1,0\"><b data-path-to-node=\"17,1,0\" data-index-in-node=\"0\">Utskriftstype:<\/b> Digitaltrykk i fullfarge (CMYK).<\/p>\n<\/li>\n<li>\n<p data-path-to-node=\"17,2,0\"><b data-path-to-node=\"17,2,0\" data-index-in-node=\"0\">Utskriftsomr\u00e5de:<\/b> Kant-til-kant (utfallende tillatt).<\/p>\n<\/li>\n<li>\n<p data-path-to-node=\"17,3,0\"><b data-path-to-node=\"17,3,0\" data-index-in-node=\"0\">St\u00f8rrelse:<\/b> Standard bredde 19 mm eller 25 mm.<\/p>\n<\/li>\n<li>\n<p data-path-to-node=\"17,4,0\"><b data-path-to-node=\"17,4,0\" data-index-in-node=\"0\">Lukking:<\/b> Engangs forseglet lim.<\/p>\n<\/li>\n<li>\n<p data-path-to-node=\"17,5,0\"><b data-path-to-node=\"17,5,0\" data-index-in-node=\"0\">Varighet:<\/b> Vannavst\u00f8tende, rivesikker, egnet i 1\u20135 dager.<\/p>\n<\/li>\n<\/ul>\n<h2 data-path-to-node=\"18\">Brukstilfeller<\/h2>\n<ul data-path-to-node=\"19\">\n<li>\n<p data-path-to-node=\"19,0,0\"><b data-path-to-node=\"19,0,0\" data-index-in-node=\"0\">Musikkfestivaler:<\/b> Livlige design som matcher festivalens visuelle identitet.<\/p>\n<\/li>\n<li>\n<p data-path-to-node=\"19,1,0\"><b data-path-to-node=\"19,1,0\" data-index-in-node=\"0\">VIP-tilgang:<\/b> Skill VIP-gjester med et f\u00f8rsteklasses, fargerikt utseende sammenlignet med standardb\u00e5nd.<\/p>\n<\/li>\n<li>\n<p data-path-to-node=\"19,2,0\"><b data-path-to-node=\"19,2,0\" data-index-in-node=\"0\">Sponsoravtaler:<\/b> Vis flere sponsorlogoer tydelig i deres offisielle bedriftsfarger.<\/p>\n<\/li>\n<li>\n<p data-path-to-node=\"19,3,0\"><b data-path-to-node=\"19,3,0\" data-index-in-node=\"0\">Markedsf\u00f8ringskampanjer:<\/b> Bruk QR-koder og slagkraftige visuelle elementer for \u00e5 \u00f8ke engasjementet.<\/p>\n<\/li>\n<\/ul>","protected":false},"excerpt":{"rendered":"<ul>\n<li>\n<p data-path-to-node=\"11,0,0\"><b data-path-to-node=\"11,0,0\" data-index-in-node=\"0\">Ubegrenset kreativitet:<\/b> CMYK-trykk i fullfarge muliggj\u00f8r bilder, gradienter og komplekse sponsorlogoer.<\/p>\n<\/li>\n<li>\n<p data-path-to-node=\"11,1,0\"><b data-path-to-node=\"11,1,0\" data-index-in-node=\"0\">Kant-til-kant-design:<\/b> Maksimer merkevareinntrykket med kunstverk som dekker hele armb\u00e5ndets lengde.<\/p>\n<\/li>\n<li>\n<p data-path-to-node=\"11,2,0\"><b data-path-to-node=\"11,2,0\" data-index-in-node=\"0\">H\u00f8y oppl\u00f8sning:<\/b> Skarp, fotorealistisk utskriftskvalitet er ikke tilgjengelig med standard silketrykk.<\/p>\n<\/li>\n<li>\n<p data-path-to-node=\"11,3,0\"><b data-path-to-node=\"11,3,0\" data-index-in-node=\"0\">Sikker og holdbar:<\/b> Har sekvensiell nummerering og ekte rivebestandig DuPont\u2122 Tyvek\u00ae.<\/p>\n<\/li>\n<\/ul>","protected":false},"featured_media":6110,"comment_status":"closed","ping_status":"closed","template":"","meta":[],"product_brand":[],"product_cat":[41],"product_tag":[],"class_list":{"0":"post-6109","1":"product","2":"type-product","3":"status-publish","4":"has-post-thumbnail","6":"product_cat-tyvek","8":"first","9":"instock","10":"shipping-taxable","11":"purchasable","12":"product-type-simple"},"_links":{"self":[{"href":"https:\/\/displayproducts.eu\/nb\/wp-json\/wp\/v2\/product\/6109","targetHints":{"allow":["GET"]}}],"collection":[{"href":"https:\/\/displayproducts.eu\/nb\/wp-json\/wp\/v2\/product"}],"about":[{"href":"https:\/\/displayproducts.eu\/nb\/wp-json\/wp\/v2\/types\/product"}],"replies":[{"embeddable":true,"href":"https:\/\/displayproducts.eu\/nb\/wp-json\/wp\/v2\/comments?post=6109"}],"wp:featuredmedia":[{"embeddable":true,"href":"https:\/\/displayproducts.eu\/nb\/wp-json\/wp\/v2\/media\/6110"}],"wp:attachment":[{"href":"https:\/\/displayproducts.eu\/nb\/wp-json\/wp\/v2\/media?parent=6109"}],"wp:term":[{"taxonomy":"product_brand","embeddable":true,"href":"https:\/\/displayproducts.eu\/nb\/wp-json\/wp\/v2\/product_brand?post=6109"},{"taxonomy":"product_cat","embeddable":true,"href":"https:\/\/displayproducts.eu\/nb\/wp-json\/wp\/v2\/product_cat?post=6109"},{"taxonomy":"product_tag","embeddable":true,"href":"https:\/\/displayproducts.eu\/nb\/wp-json\/wp\/v2\/product_tag?post=6109"}],"curies":[{"name":"wp","href":"https:\/\/api.w.org\/{rel}","templated":true}]}}