{"id":6077,"date":"2025-12-17T15:18:17","date_gmt":"2025-12-17T12:18:17","guid":{"rendered":"https:\/\/wristbandfactory.eu\/?post_type=product&#038;p=6077"},"modified":"2026-04-01T21:52:03","modified_gmt":"2026-04-01T18:52:03","slug":"custom-high-visibility-reflective-shopping-bags","status":"publish","type":"product","link":"https:\/\/displayproducts.eu\/nb\/p\/custom-high-visibility-reflective-shopping-bags\/","title":{"rendered":"Reflekterende handlenett med logo"},"content":{"rendered":"<p data-path-to-node=\"11\">Kombiner praktisk nytte med viktig trafikksikkerhet ved hjelp av v\u00e5r <b>Reflekterende handlenett med logo<\/b>. I de m\u00f8rke h\u00f8st- og vinterm\u00e5nedene er synlighet avgj\u00f8rende. Denne innovative vesken forvandler et standard reklameprodukt til et livreddende tilbeh\u00f8r, og reflekterer billyktene fra alle vinkler for \u00e5 sikre at brukeren blir sett.<\/p>\n<p data-path-to-node=\"12\">Denne vesken er perfekt for skoler, trafikksikkerhetskampanjer og bedrifters \u201cV\u00e6r trygg\u201d-initiativer. Den tilbyr et stort overflateareal for logoen din samtidig som den gir betydelig verdi til mottakeren. I motsetning til sm\u00e5 reflekser som kan skjules, er en heldekkende toteveske umulig \u00e5 overse.<\/p>\n<h2 data-path-to-node=\"13\">Viktige funksjoner<\/h2>\n<ul data-path-to-node=\"14\">\n<li>\n<p data-path-to-node=\"14,0,1\"><span data-path-to-node=\"14,0,1,0\"><b><span class=\"citation-84\">360\u00b0 reflektivitet:<\/span><\/b><span class=\"citation-84\"> Vesken er laget utelukkende av \u201cHigher\/Lower Visibility Reflective\u201d-stoff, som gj\u00f8r hele gjenstanden om til en sikkerhetsvarsling.<\/span><\/span><span data-path-to-node=\"14,0,1,2\">.<\/span><\/p>\n<\/li>\n<li>\n<p data-path-to-node=\"14,1,1\"><span data-path-to-node=\"14,1,1,0\"><b><span class=\"citation-83\">Robust konstruksjon:<\/span><\/b><span class=\"citation-83\"> Laget av slitesterk polyester med en strukturert bunnkile (8 cm), slik at den kan holde dagligvarer, b\u00f8ker eller arrangementsmateriell sikkert<\/span><\/span><span data-path-to-node=\"14,1,1,2\">.<\/span><\/p>\n<\/li>\n<li>\n<p data-path-to-node=\"14,2,1\"><span data-path-to-node=\"14,2,1,0\"><b><span class=\"citation-82\">Sikkerhetsgodkjent:<\/span><\/b><span class=\"citation-82\"> Produsert etter h\u00f8ye standarder og har best\u00e5tt strenge tester for <\/span><b><span class=\"citation-82\">Ftalater<\/span><\/b><span class=\"citation-82\"> og <\/span><b><span class=\"citation-82\">Bly<\/span><\/b><span class=\"citation-82\">, slik at materialet er giftfritt og trygt for alle aldre<\/span><\/span><span data-path-to-node=\"14,2,1,2\">.<\/span><\/p>\n<\/li>\n<li>\n<p data-path-to-node=\"14,3,0\"><b>Tilpasset merkevarebygging:<\/b> Logoen din trykkes direkte p\u00e5 den reflekterende overflaten, noe som sikrer at merkevaren din forbindes med sikkerhet og omsorg.<\/p>\n<\/li>\n<\/ul>\n<h2 data-path-to-node=\"15\">Spesifikasjoner<\/h2>\n<ul data-path-to-node=\"16\">\n<li>\n<p data-path-to-node=\"16,0,1\"><span data-path-to-node=\"16,0,1,0\"><b><span class=\"citation-81\">Dimensjoner:<\/span><\/b><span class=\"citation-81\"> 38 cm (B) x 42 cm (H) x 8 cm (D)<\/span><\/span><span data-path-to-node=\"16,0,1,2\">.<\/span><\/p>\n<\/li>\n<li>\n<p data-path-to-node=\"16,1,1\"><span data-path-to-node=\"16,1,1,0\"><b><span class=\"citation-80\">Materiale:<\/span><\/b><span class=\"citation-80\"> Polyester med reflekterende belegg<\/span><\/span><span data-path-to-node=\"16,1,1,2\">.<\/span><\/p>\n<\/li>\n<li>\n<p data-path-to-node=\"16,2,1\"><span data-path-to-node=\"16,2,1,0\"><b><span class=\"citation-79\">Stil:<\/span><\/b><span class=\"citation-79\"> H\u00e5ndtakshandleveske \/ handleveske<\/span><\/span><span data-path-to-node=\"16,2,1,2\">.<\/span><\/p>\n<\/li>\n<li>\n<p data-path-to-node=\"16,3,0\"><span data-path-to-node=\"16,3,0,0\"><b>Vekt:<\/b> Ca. <\/span><span data-path-to-node=\"16,3,0,2\"><span class=\"citation-78\">0,250 kg per enhet<\/span><\/span><span data-path-to-node=\"16,3,0,4\">.<\/span><\/p>\n<\/li>\n<li>\n<p data-path-to-node=\"16,4,1\"><span data-path-to-node=\"16,4,1,0\"><b><span class=\"citation-77\">Emballasje:<\/span><\/b><span class=\"citation-77\"> Bulk (100 stk\/kartong)<\/span><\/span><span data-path-to-node=\"16,4,1,2\">.<\/span><\/p>\n<\/li>\n<li>\n<p data-path-to-node=\"16,4,1\"><span data-path-to-node=\"16,5,1,0\"><b><span class=\"citation-76\">Samsvar:<\/span><\/b><span class=\"citation-76\"> Best\u00e5tt ftalattest, blytest og A20-test for ikke-vevd\/PP-standarder<\/span><\/span><\/p>\n<\/li>\n<\/ul>\n<h2 data-path-to-node=\"17\">Brukstilfeller<\/h2>\n<ul data-path-to-node=\"18\">\n<li>\n<p data-path-to-node=\"18,0,0\"><b>Trafikksikkerhetskampanjer:<\/b> Ideelt distribusjonsobjekt for fotgjengere og syklister i de m\u00f8rke m\u00e5nedene.<\/p>\n<\/li>\n<li>\n<p data-path-to-node=\"18,1,0\"><b>Skole- og ungdomsgrupper:<\/b> Trygge bokvesker for elever som g\u00e5r hjem om ettermiddagen.<\/p>\n<\/li>\n<li>\n<p data-path-to-node=\"18,2,0\"><b>Arrangementsgave:<\/b> En verdifull konferanseveske som deltakerne vil gjenbruke p\u00e5 grunn av sikkerhetsfunksjonene.<\/p>\n<\/li>\n<\/ul>","protected":false},"excerpt":{"rendered":"<ul>\n<li data-path-to-node=\"10,0,0\"><b>H\u00f8y synlighet:<\/b> Hele veskens overflate er laget av reflekterende materiale, noe som sikrer maksimal sikkerhet i svakt lys.<\/li>\n<li>\n<p data-path-to-node=\"10,0,0\"><span style=\"font-family: -apple-system, BlinkMacSystemFont, 'Segoe UI', Roboto, 'Helvetica Neue', Arial, 'Noto Sans', sans-serif, 'Apple Color Emoji', 'Segoe UI Emoji', 'Segoe UI Symbol', 'Noto Color Emoji';\" data-path-to-node=\"10,1,1,0\"><b><span class=\"citation-87\">Slitesterkt materiale:<\/span><\/b><span class=\"citation-87\"> Laget av sterk polyester med reflekterende belegg<\/span><\/span><span style=\"font-family: -apple-system, BlinkMacSystemFont, 'Segoe UI', Roboto, 'Helvetica Neue', Arial, 'Noto Sans', sans-serif, 'Apple Color Emoji', 'Segoe UI Emoji', 'Segoe UI Symbol', 'Noto Color Emoji';\" data-path-to-node=\"10,1,1,2\">.<\/span><\/p>\n<\/li>\n<li>\n<p data-path-to-node=\"10,2,1\"><span data-path-to-node=\"10,2,1,0\"><b><span class=\"citation-86\">Sertifisert sikkerhet:<\/span><\/b><span class=\"citation-86\"> Testet for samsvar med ftalater og bly, noe som gj\u00f8r den trygg for daglig bruk<\/span><\/span><span data-path-to-node=\"10,2,1,2\">.<\/span><\/p>\n<\/li>\n<li>\n<p data-path-to-node=\"10,3,1\"><span data-path-to-node=\"10,3,1,0\"><b><span class=\"citation-85\">Praktisk st\u00f8rrelse:<\/span><\/b><span class=\"citation-85\"> Medium foresp\u00f8rselslistest\u00f8rrelse (38 x 42 x 8 cm) med komfortable h\u00e5ndtak<\/span><\/span><span data-path-to-node=\"10,3,1,2\">.<\/span><\/p>\n<\/li>\n<\/ul>","protected":false},"featured_media":6329,"comment_status":"closed","ping_status":"closed","template":"","meta":[],"product_brand":[],"product_cat":[131],"product_tag":[],"class_list":{"0":"post-6077","1":"product","2":"type-product","3":"status-publish","4":"has-post-thumbnail","6":"product_cat-custom-bags-totes","8":"first","9":"instock","10":"shipping-taxable","11":"purchasable","12":"product-type-simple"},"_links":{"self":[{"href":"https:\/\/displayproducts.eu\/nb\/wp-json\/wp\/v2\/product\/6077","targetHints":{"allow":["GET"]}}],"collection":[{"href":"https:\/\/displayproducts.eu\/nb\/wp-json\/wp\/v2\/product"}],"about":[{"href":"https:\/\/displayproducts.eu\/nb\/wp-json\/wp\/v2\/types\/product"}],"replies":[{"embeddable":true,"href":"https:\/\/displayproducts.eu\/nb\/wp-json\/wp\/v2\/comments?post=6077"}],"wp:featuredmedia":[{"embeddable":true,"href":"https:\/\/displayproducts.eu\/nb\/wp-json\/wp\/v2\/media\/6329"}],"wp:attachment":[{"href":"https:\/\/displayproducts.eu\/nb\/wp-json\/wp\/v2\/media?parent=6077"}],"wp:term":[{"taxonomy":"product_brand","embeddable":true,"href":"https:\/\/displayproducts.eu\/nb\/wp-json\/wp\/v2\/product_brand?post=6077"},{"taxonomy":"product_cat","embeddable":true,"href":"https:\/\/displayproducts.eu\/nb\/wp-json\/wp\/v2\/product_cat?post=6077"},{"taxonomy":"product_tag","embeddable":true,"href":"https:\/\/displayproducts.eu\/nb\/wp-json\/wp\/v2\/product_tag?post=6077"}],"curies":[{"name":"wp","href":"https:\/\/api.w.org\/{rel}","templated":true}]}}