{"id":6073,"date":"2025-12-17T15:08:59","date_gmt":"2025-12-17T12:08:59","guid":{"rendered":"https:\/\/wristbandfactory.eu\/?post_type=product&#038;p=6073"},"modified":"2026-04-01T21:52:03","modified_gmt":"2026-04-01T18:52:03","slug":"custom-charity-bracelets-with-printed-backing-cards","status":"publish","type":"product","link":"https:\/\/displayproducts.eu\/nb\/p\/custom-charity-bracelets-with-printed-backing-cards\/","title":{"rendered":"Veldedighetsarmb\u00e5nd med logo"},"content":{"rendered":"<p data-path-to-node=\"8\">Gj\u00f8r et uten trykkt tilbeh\u00f8r om til en kraftfull bevegelse med v\u00e5re spesialtilpassede veldedighetsarmb\u00e5nd. Disse armb\u00e5ndene er spesielt designet for frivillige organisasjoner og sosiale kampanjer, og g\u00e5r utover vanlige reklameartikler til \u00e5 bli en b\u00e6rbar \u201ctakk\u201d for givere og frivillige. Kombinasjonen av en komfortabel h\u00e5ndleddssnor og et spesialformet fokuspunkt gj\u00f8r dette til et produkt med h\u00f8y oppfattet verdi for enhver nobel sak.<\/p>\n<p data-path-to-node=\"9\">Settet inkluderer et profesjonelt trykt bakkort som forvandler armb\u00e5ndet til et komplett kommunikasjonsverkt\u00f8y. Denne \u201cforhandlerklare\u201d tiln\u00e6rmingen sikrer at budskapet ditt leveres tydelig, enten det distribueres p\u00e5 arrangementer, via direktepost eller p\u00e5 salgssteder.<\/p>\n<h2 data-path-to-node=\"10\">Viktige funksjoner<\/h2>\n<ul data-path-to-node=\"11\">\n<li>\n<p data-path-to-node=\"11,0,0\"><b data-path-to-node=\"11,0,0\" data-index-in-node=\"0\">Premium estetikk:<\/b> I motsetning til midlertidige festivalb\u00e5nd, bruker disse armb\u00e5ndene myke materialer og metalliske detaljer for en smykkelignende f\u00f8lelse.<\/p>\n<\/li>\n<li>\n<p data-path-to-node=\"11,1,1\"><span data-path-to-node=\"11,1,1,0\"><b data-path-to-node=\"11,1,1,0\" data-index-in-node=\"0\"><span class=\"citation-11394\">Skreddersydde akrylanheng:<\/span><\/b><span class=\"citation-11394\"> Vi bruker presisjonslaserskj\u00e6ring for \u00e5 lage anheng som matcher kampanjeidentiteten din, fra bloddr\u00e5per til firmalogoer.<\/span><\/span><span data-path-to-node=\"11,1,1,2\">.<\/span><\/p>\n<\/li>\n<li>\n<p data-path-to-node=\"11,2,0\"><b data-path-to-node=\"11,2,0\" data-index-in-node=\"0\">Allsidig meldingslerret:<\/b> Bakgrunnskortet i stort format (75 \u00d7 160 mm) er trykt p\u00e5 begge sider i full CMYK-farger, perfekt for pedagogisk innhold.<\/p>\n<\/li>\n<li>\n<p data-path-to-node=\"11,3,0\"><b data-path-to-node=\"11,3,0\" data-index-in-node=\"0\">Universell justerbarhet:<\/b> Et glidende knutesystem sikrer perfekt passform for alle supportere, fra barn til voksne.<\/p>\n<\/li>\n<\/ul>\n<h2 data-path-to-node=\"12\">Spesifikasjoner<\/h2>\n<ul data-path-to-node=\"13\">\n<li>\n<p data-path-to-node=\"13,0,1\"><span data-path-to-node=\"13,0,1,0\"><b data-path-to-node=\"13,0,1,0\" data-index-in-node=\"0\"><span class=\"citation-11393\">Armb\u00e5ndsmateriale:<\/span><\/b><span class=\"citation-11393\"> Myk nylon-\/bomullssnor med s\u00f8lvfargede perler<\/span><\/span><span data-path-to-node=\"13,0,1,2\">.<\/span><\/p>\n<\/li>\n<li>\n<p data-path-to-node=\"13,1,0\"><b data-path-to-node=\"13,1,0\" data-index-in-node=\"0\">Materiale for anheng:<\/b> Farget akryl i spesialtilpassede former.<\/p>\n<\/li>\n<li>\n<p data-path-to-node=\"13,2,0\"><b data-path-to-node=\"13,2,0\" data-index-in-node=\"0\">Kortm\u00e5l:<\/b> 75 mm \u00d7 160 mm (fullstendig tilpassbar).<\/p>\n<\/li>\n<li>\n<p data-path-to-node=\"13,3,0\"><b data-path-to-node=\"13,3,0\" data-index-in-node=\"0\">Kortutskrift:<\/b> Fullfarge (CMYK) p\u00e5 begge sider.<\/p>\n<\/li>\n<li>\n<p data-path-to-node=\"13,4,0\"><b data-path-to-node=\"13,4,0\" data-index-in-node=\"0\">Minimumsbestillingsmengde (MOQ):<\/b> 500 enheter.<\/p>\n<\/li>\n<\/ul>\n<h2 data-path-to-node=\"14\">Brukstilfeller<\/h2>\n<ul data-path-to-node=\"15\">\n<li>\n<p data-path-to-node=\"15,0,0\"><b data-path-to-node=\"15,0,0\" data-index-in-node=\"0\">Helsebevissthet:<\/b> Ideell for bloddonasjonssentre, kreftforskningsstiftelser og initiativer for mental helse.<\/p>\n<\/li>\n<li>\n<p data-path-to-node=\"15,1,0\"><b data-path-to-node=\"15,1,0\" data-index-in-node=\"0\">Innsamlingsvarer:<\/b> En slitesterk og attraktiv vare for veldedige organisasjoner \u00e5 selge som et innsamlingsverkt\u00f8y med h\u00f8y fortjenestemargin.<\/p>\n<\/li>\n<li>\n<p data-path-to-node=\"15,2,0\"><b data-path-to-node=\"15,2,0\" data-index-in-node=\"0\">Bedriftens samfunnsansvar:<\/b> Meningsfulle gaver til ansatte som deltar i samfunnstjeneste eller prosjekter med sosial innvirkning.<\/p>\n<\/li>\n<li>\n<p data-path-to-node=\"15,3,1\"><span data-path-to-node=\"15,3,1,0\"><b data-path-to-node=\"15,3,1,0\" data-index-in-node=\"0\"><span class=\"citation-11392\">Minneverdige minner fra begivenhetene:<\/span><\/b><span class=\"citation-11392\"> B\u00e6rekraftige suvenirer til gallamiddager, veldedighetsl\u00f8p eller toppm\u00f8ter for interessearbeid<\/span><\/span><span data-path-to-node=\"15,3,1,2\">.<\/span><\/p>\n<\/li>\n<\/ul>","protected":false},"excerpt":{"rendered":"<ul>\n<li>\n<p data-path-to-node=\"7,0,0\"><b data-path-to-node=\"7,0,0\" data-index-in-node=\"0\">Presentasjon klar for detaljhandel:<\/b> Hvert armb\u00e5nd er forh\u00e5ndsmontert p\u00e5 et 75 \u00d7 160 mm fullfarget bakkartong, som gir god plass til historiefortelling fra kampanjen eller QR-koder.<\/p>\n<\/li>\n<li>\n<p data-path-to-node=\"7,1,1\"><span data-path-to-node=\"7,1,1,0\"><b data-path-to-node=\"7,1,1,0\" data-index-in-node=\"0\"><span class=\"citation-11395\">Fullt tilpassbare sjarmer:<\/span><\/b><span class=\"citation-11395\"> Har et lasersk\u00e5ret akrylanheng tilgjengelig i alle former eller farger, for eksempel bevissthetsb\u00e5nd eller logoer<\/span><\/span><span data-path-to-node=\"7,1,1,2\">.<\/span><\/p>\n<\/li>\n<li>\n<p data-path-to-node=\"7,2,0\"><b data-path-to-node=\"7,2,0\" data-index-in-node=\"0\">Smykkekvalitetsfinish:<\/b> Laget med myk nylon- eller bomullssnor og raffinerte s\u00f8lvtonede perler, designet for langvarig daglig bruk.<\/p>\n<\/li>\n<li>\n<p data-path-to-node=\"7,3,0\"><b data-path-to-node=\"7,3,0\" data-index-in-node=\"0\">Effektivt B2B-verkt\u00f8y:<\/b> Ideell for helseorganisasjoner, frivillige organisasjoner og bedrifters CSR-initiativer med en minimumsbestilling p\u00e5 500 enheter.<\/p>\n<\/li>\n<\/ul>","protected":false},"featured_media":6074,"comment_status":"closed","ping_status":"closed","template":"","meta":[],"product_brand":[],"product_cat":[122,45],"product_tag":[],"class_list":{"0":"post-6073","1":"product","2":"type-product","3":"status-publish","4":"has-post-thumbnail","6":"product_cat-promotional-accessories","7":"product_cat-other","9":"first","10":"instock","11":"shipping-taxable","12":"purchasable","13":"product-type-simple"},"_links":{"self":[{"href":"https:\/\/displayproducts.eu\/nb\/wp-json\/wp\/v2\/product\/6073","targetHints":{"allow":["GET"]}}],"collection":[{"href":"https:\/\/displayproducts.eu\/nb\/wp-json\/wp\/v2\/product"}],"about":[{"href":"https:\/\/displayproducts.eu\/nb\/wp-json\/wp\/v2\/types\/product"}],"replies":[{"embeddable":true,"href":"https:\/\/displayproducts.eu\/nb\/wp-json\/wp\/v2\/comments?post=6073"}],"wp:featuredmedia":[{"embeddable":true,"href":"https:\/\/displayproducts.eu\/nb\/wp-json\/wp\/v2\/media\/6074"}],"wp:attachment":[{"href":"https:\/\/displayproducts.eu\/nb\/wp-json\/wp\/v2\/media?parent=6073"}],"wp:term":[{"taxonomy":"product_brand","embeddable":true,"href":"https:\/\/displayproducts.eu\/nb\/wp-json\/wp\/v2\/product_brand?post=6073"},{"taxonomy":"product_cat","embeddable":true,"href":"https:\/\/displayproducts.eu\/nb\/wp-json\/wp\/v2\/product_cat?post=6073"},{"taxonomy":"product_tag","embeddable":true,"href":"https:\/\/displayproducts.eu\/nb\/wp-json\/wp\/v2\/product_tag?post=6073"}],"curies":[{"name":"wp","href":"https:\/\/api.w.org\/{rel}","templated":true}]}}