{"id":5985,"date":"2025-12-16T16:19:40","date_gmt":"2025-12-16T13:19:40","guid":{"rendered":"https:\/\/wristbandfactory.eu\/?post_type=product&#038;p=5985"},"modified":"2026-04-01T21:52:35","modified_gmt":"2026-04-01T18:52:35","slug":"custom-knitted-socks-with-logo-cotton-bamboo-merino-sports","status":"publish","type":"product","link":"https:\/\/displayproducts.eu\/nb\/p\/custom-knitted-socks-with-logo-cotton-bamboo-merino-sports\/","title":{"rendered":"Strikkede sokker med logo"},"content":{"rendered":"<p data-path-to-node=\"10\">Gj\u00f8r et hverdagsprodukt om til merkevarens mest popul\u00e6re varer. <b>Tilpassede strikkede sokker<\/b> er ikke bare trykt; de er laget fra bunnen av med jacquard-veveteknologi. Dette betyr at logoen og designet ditt strikkes direkte inn i stoffet med opptil 5 forskjellige garnfarger, noe som sikrer at designet aldri flasser eller falmer.<\/p>\n<p data-path-to-node=\"11\">Enten du trenger profesjonelle firmagaver, sportsutstyr med h\u00f8y ytelse eller milj\u00f8bevisste varer, dekker produksjonskapasiteten v\u00e5r alle behov med lave minimumsmengder.<\/p>\n<h2 data-path-to-node=\"12\">Materialalternativer<\/h2>\n<p data-path-to-node=\"13\">Vi tilbyr forskjellige materialblandinger som passer ditt spesifikke form\u00e5l:<\/p>\n<ul data-path-to-node=\"14\">\n<li>\n<p data-path-to-node=\"14,0,0\"><b>Klassisk bomullsblanding:<\/b> Bransjestandarden for komfort og holdbarhet. Ideell for daglig bruk og giveaways.<\/p>\n<ul data-path-to-node=\"14,0,1\">\n<li>\n<p data-path-to-node=\"14,0,1,0,0\"><i>Sammensetning:<\/i> 68% bomull, 29% polyester, 3% spandex (standard) eller 80% bomullsblandinger for EU-produksjon.<\/p>\n<\/li>\n<\/ul>\n<\/li>\n<li>\n<p data-path-to-node=\"14,1,0\"><b>Premium bambus:<\/b> Et b\u00e6rekraftig, mykere valg som er naturlig hypoallergenisk.<\/p>\n<ul data-path-to-node=\"14,1,1\">\n<li>\n<p data-path-to-node=\"14,1,1,0,0\"><i>Sammensetning:<\/i> 65% bambus, 25% bomull, 8% polyester, 2% elastan.<\/p>\n<\/li>\n<\/ul>\n<\/li>\n<li>\n<p data-path-to-node=\"14,2,0\"><b>Merinoull (vinter og fotturer):<\/b> Myk, pustende og luktabsorberende. Perfekt for utend\u00f8rsmerker og vintergaver.<\/p>\n<ul data-path-to-node=\"14,2,1\">\n<li>\n<p data-path-to-node=\"14,2,1,0,0\"><i>Sammensetning:<\/i> 43% merinoull, 25% polyamid, 29% akryl, 3% elastan.<\/p>\n<\/li>\n<\/ul>\n<\/li>\n<li>\n<p data-path-to-node=\"14,3,0\"><b>Blanding av ytelsessport:<\/b> Slitesterke blandinger designet for l\u00f8ping og fotball.<\/p>\n<ul data-path-to-node=\"14,3,1\">\n<li>\n<p data-path-to-node=\"14,3,1,0,0\"><i>Sammensetning:<\/i> Polyamid\/bomull\/elastan-blanding med nettingventilasjon.<\/p>\n<\/li>\n<\/ul>\n<\/li>\n<\/ul>\n<h2 data-path-to-node=\"15\">Tilgjengelige stiler og snitt<\/h2>\n<p data-path-to-node=\"16\">Du kan bruke designet ditt p\u00e5 hvilket som helst av f\u00f8lgende kutt:<\/p>\n<ul data-path-to-node=\"17\">\n<li>\n<p data-path-to-node=\"17,0,0\"><b>Crew-sokker:<\/b> Den klassiske lengden til midt p\u00e5 leggen. Tilgjengelig i alle materialer.<\/p>\n<\/li>\n<li>\n<p data-path-to-node=\"17,1,0\"><b>Ankelsokker og sokker uten synlig synlig overflate:<\/b> Diskr\u00e9 og moderne snitt, perfekt for sommer eller sneakers.<\/p>\n<\/li>\n<li>\n<p data-path-to-node=\"17,2,0\"><b>Sports- og tennissokker:<\/b> Funksjoner <b>360\u00b0 st\u00f8tte for fotbuen<\/b> og valgfrie polstrede (halvfrott\u00e9) s\u00e5ler for st\u00f8tdemping.<\/p>\n<\/li>\n<li>\n<p data-path-to-node=\"17,3,0\"><b>L\u00f8pesokker:<\/b> Avansert strikking med pustende netting p\u00e5 overfoten og pik\u00e9strikking p\u00e5 beinet.<\/p>\n<\/li>\n<li>\n<p data-path-to-node=\"17,4,0\"><b>Fotballsokker:<\/b> Lengde til over leggen med nettingpaneler p\u00e5 leggen og overs\u00e5len.<\/p>\n<\/li>\n<li>\n<p data-path-to-node=\"17,5,0\"><b>Yoga og sklisikring:<\/b> Har silikon antiskligrep p\u00e5 s\u00e5len i ditt spesialtilpassede m\u00f8nster. Tilgjengelig i heldekkende eller t\u00e5l\u00f8se design.<\/p>\n<\/li>\n<\/ul>\n<h2 data-path-to-node=\"18\">Spesifikasjoner<\/h2>\n<ul data-path-to-node=\"19\">\n<li>\n<p data-path-to-node=\"19,0,0\"><b>Strikketeknologi:<\/b> Jacquard (design vevd inn i stoffet).<\/p>\n<\/li>\n<li>\n<p data-path-to-node=\"19,1,0\"><b>Farger:<\/b> Opptil 5 farger per design.<\/p>\n<\/li>\n<li>\n<p data-path-to-node=\"19,2,0\"><b>Minimumsbestillingsmengde (MOQ):<\/b> Starter fra <b>25 par<\/b> for utvalgte sportsmodeller og <b>50 par<\/b> for standarddesign.<\/p>\n<\/li>\n<li>\n<p data-path-to-node=\"19,3,0\"><b>St\u00f8rrelser:<\/b> \u00c9n st\u00f8rrelse passer de fleste eller spesifikke st\u00f8rrelsesomr\u00e5der tilgjengelig.<\/p>\n<\/li>\n<li>\n<p data-path-to-node=\"19,4,0\"><b>Emballasje:<\/b> Valgfrie spesialtilpassede papiretiketter i fullfarge. <i>Merk: For flere st\u00f8rrelser med samme merkedesign brukes st\u00f8rrelsesklistremerker for \u00e5 redusere kostnadene.<\/i><\/p>\n<\/li>\n<li>\n<p data-path-to-node=\"19,5,0\"><b>Designmerknad:<\/b> Venstre og h\u00f8yre sokker kan ha forskjellige design (ekstra kostnad p\u00e5l\u00f8per). Logoer p\u00e5 utsiden av begge bena anses som separate design p\u00e5 grunn av retning.<\/p>\n<\/li>\n<\/ul>\n<h2 data-path-to-node=\"20\">Brukstilfeller<\/h2>\n<ul data-path-to-node=\"21\">\n<li>\n<p data-path-to-node=\"21,0,0\"><b>Bedriftsswag:<\/b> Morsomme og praktiske kontorgaver som ansatte faktisk bruker.<\/p>\n<\/li>\n<li>\n<p data-path-to-node=\"21,1,0\"><b>Idrettslag:<\/b> Tilpassede fotball-, basketball- og l\u00f8pet\u00f8kker med lagets farger.<\/p>\n<\/li>\n<li>\n<p data-path-to-node=\"21,2,0\"><b>Detaljhandel og varer:<\/b> H\u00f8ykvalitets videresalgsvarer for band, influencere og klesmerker.<\/p>\n<\/li>\n<li>\n<p data-path-to-node=\"21,3,0\"><b>Velv\u00e6restudioer:<\/b> Merkevaresklisikre sokker for yoga- og pilatestimer.<\/p>\n<\/li>\n<\/ul>\n<p data-path-to-node=\"22\">","protected":false},"excerpt":{"rendered":"<ul>\n<li>\n<p data-path-to-node=\"9,0,0\"><b>Jacquard-strikking:<\/b> Designet ditt veves direkte inn i stoffet (opptil 5 farger) for holdbarhet og et f\u00f8rsteklasses utseende.<\/p>\n<\/li>\n<li>\n<p data-path-to-node=\"9,1,0\"><b>Materialvalg:<\/b> Tilgjengelig i standard bomull, milj\u00f8vennlig bambus eller varm merinoull.<\/p>\n<\/li>\n<li>\n<p data-path-to-node=\"9,2,0\"><b>Allsidige stiler:<\/b> Alternativer for yoga med rund hals, ankel, no-show, sport (buest\u00f8tte) og antiskli.<\/p>\n<\/li>\n<li>\n<p data-path-to-node=\"9,3,0\"><b>Tilpassede tagger:<\/b> Valgfrie papiretiketter eller klistremerker i fullfarge for emballasje klar for detaljhandel.<\/p>\n<\/li>\n<\/ul>","protected":false},"featured_media":6670,"comment_status":"closed","ping_status":"closed","template":"","meta":[],"product_brand":[],"product_cat":[129],"product_tag":[],"class_list":{"0":"post-5985","1":"product","2":"type-product","3":"status-publish","4":"has-post-thumbnail","6":"product_cat-leisure-lifestyle","8":"first","9":"instock","10":"shipping-taxable","11":"product-type-simple"},"_links":{"self":[{"href":"https:\/\/displayproducts.eu\/nb\/wp-json\/wp\/v2\/product\/5985","targetHints":{"allow":["GET"]}}],"collection":[{"href":"https:\/\/displayproducts.eu\/nb\/wp-json\/wp\/v2\/product"}],"about":[{"href":"https:\/\/displayproducts.eu\/nb\/wp-json\/wp\/v2\/types\/product"}],"replies":[{"embeddable":true,"href":"https:\/\/displayproducts.eu\/nb\/wp-json\/wp\/v2\/comments?post=5985"}],"wp:featuredmedia":[{"embeddable":true,"href":"https:\/\/displayproducts.eu\/nb\/wp-json\/wp\/v2\/media\/6670"}],"wp:attachment":[{"href":"https:\/\/displayproducts.eu\/nb\/wp-json\/wp\/v2\/media?parent=5985"}],"wp:term":[{"taxonomy":"product_brand","embeddable":true,"href":"https:\/\/displayproducts.eu\/nb\/wp-json\/wp\/v2\/product_brand?post=5985"},{"taxonomy":"product_cat","embeddable":true,"href":"https:\/\/displayproducts.eu\/nb\/wp-json\/wp\/v2\/product_cat?post=5985"},{"taxonomy":"product_tag","embeddable":true,"href":"https:\/\/displayproducts.eu\/nb\/wp-json\/wp\/v2\/product_tag?post=5985"}],"curies":[{"name":"wp","href":"https:\/\/api.w.org\/{rel}","templated":true}]}}