{"id":5963,"date":"2025-12-16T15:28:54","date_gmt":"2025-12-16T12:28:54","guid":{"rendered":"https:\/\/wristbandfactory.eu\/?post_type=product&#038;p=5963"},"modified":"2026-04-01T21:52:35","modified_gmt":"2026-04-01T18:52:35","slug":"custom-printed-bucket-hats-polyester-reversible-corduroy","status":"publish","type":"product","link":"https:\/\/displayproducts.eu\/nb\/p\/custom-printed-bucket-hats-polyester-reversible-corduroy\/","title":{"rendered":"B\u00f8ttehatter med trykk"},"content":{"rendered":"<p data-path-to-node=\"11\"><b>Ikonisk hodeplagg for maksimal merkevareeksponering<\/b> V\u00e5r <b>Tilpassede b\u00f8ttehatter med trykk<\/b> er det ultimate sommertilbeh\u00f8ret for festivaler, utend\u00f8rsarrangementer og bedriftskolleksjoner. Enten du trenger en kostnadseffektiv giveaway eller et detaljhandelsprodukt av h\u00f8y kvalitet, dekker utvalget v\u00e5rt alle behov med livlig fargetrykk og f\u00f8rsteklasses stoffalternativer.<\/p>\n<p data-path-to-node=\"12\"><b>Tilgjengelige modeller og stiler<\/b><\/p>\n<ul data-path-to-node=\"13\">\n<li>\n<p data-path-to-node=\"13,0,0\"><b>Standard fullfarge (polyester)<\/b><\/p>\n<ul data-path-to-node=\"13,0,1\">\n<li>\n<p data-path-to-node=\"13,0,1,0,0\"><b>Lettvekt:<\/b> 150 gsm polyester. Perfekt for varme sommerdager og massekampanjer.<\/p>\n<\/li>\n<li>\n<p data-path-to-node=\"13,0,1,1,0\"><b>Tungvekt:<\/b>\u00a0260 g\/m\u00b2 polyester. En mer robust og strukturert f\u00f8lelse for h\u00f8yere opplevd verdi.<\/p>\n<\/li>\n<li>\n<p data-path-to-node=\"13,0,1,2,0\"><b>Detaljer:<\/b> Trykt p\u00e5 utsiden og den indre bremmen. Svart svetteb\u00e5nd inkludert.<\/p>\n<\/li>\n<\/ul>\n<\/li>\n<li>\n<p data-path-to-node=\"13,1,0\"><b>Vendbare \u201c2-i-1\u201d-hatter<\/b><\/p>\n<ul data-path-to-node=\"13,1,1\">\n<li>\n<p data-path-to-node=\"13,1,1,0,0\"><b>(150 g\/m\u00b2) og (260 g\/m\u00b2):<\/b> Dobbel merkevareeffekt! Disse hattene er fullt vendbare, noe som gir to helt forskjellige design p\u00e5 innsiden og utsiden. Bare snu hatten for \u00e5 f\u00e5 et nytt utseende.<\/p>\n<\/li>\n<\/ul>\n<\/li>\n<li>\n<p data-path-to-node=\"13,2,0\"><b>Premium tekstur (kordfl\u00f8yel)<\/b><\/p>\n<ul data-path-to-node=\"13,2,1\">\n<li>\n<p data-path-to-node=\"13,2,1,0,0\"><b>Klassisk kordfl\u00f8yel:<\/b> 210 g\/m\u00b2 stoff med en distinkt ribbet tekstur. Medium profil.<\/p>\n<\/li>\n<li>\n<p data-path-to-node=\"13,2,1,1,0\"><b>Bomullsfl\u00f8yel:<\/b> 200 gsm bomullsblanding for en mykere og naturlig f\u00f8lelse.<\/p>\n<\/li>\n<li>\n<p data-path-to-node=\"13,2,1,2,0\"><b>Stil:<\/b> Retroinspirert utseende, perfekt for motebevisste merker og streetwear.<\/p>\n<\/li>\n<\/ul>\n<\/li>\n<li>\n<p data-path-to-node=\"13,3,0\"><b>Spesialalternativer<\/b><\/p>\n<ul data-path-to-node=\"13,3,1\">\n<li>\n<p data-path-to-node=\"13,3,1,0,0\"><b>Stor kant:<\/b> 200 gsm polyester med forlenget brem for ekstra solbeskyttelse.<\/p>\n<\/li>\n<li>\n<p data-path-to-node=\"13,3,1,1,0\"><b>Brodert alternativ:<\/b> 170 gsm polyester spesielt utviklet for broderi eller punkttrykk.<\/p>\n<\/li>\n<\/ul>\n<\/li>\n<\/ul>\n<p data-path-to-node=\"14\"><b>Spesifikasjoner og st\u00f8rrelser<\/b><\/p>\n<ul data-path-to-node=\"15\">\n<li>\n<p data-path-to-node=\"15,0,0\"><b>Printing:<\/b> Full overflate CMYK-sublimering (polyestermodeller). Muliggj\u00f8r fotorealistiske design og heldekkende m\u00f8nstre.<\/p>\n<\/li>\n<li>\n<p data-path-to-node=\"15,1,0\"><b>St\u00f8rrelser:<\/b><\/p>\n<ul data-path-to-node=\"15,1,1\">\n<li>\n<p data-path-to-node=\"15,1,1,0,0\"><b>Barn:<\/b> 55 cm<\/p>\n<\/li>\n<li>\n<p data-path-to-node=\"15,1,1,1,0\"><b>Standard voksen:<\/b> 58 cm (Passer de fleste kvinner og menn)<\/p>\n<\/li>\n<li>\n<p data-path-to-node=\"15,1,1,2,0\"><b>Stor voksen:<\/b> 60 cm (Avslappet passform)<\/p>\n<\/li>\n<\/ul>\n<\/li>\n<li>\n<p data-path-to-node=\"15,2,0\"><b>Ventilasjon:<\/b> Sydd matchende maljer (p\u00e5 standard polyestermodeller) sikrer pusteevne under varme arrangementer.<\/p>\n<\/li>\n<li>\n<p data-path-to-node=\"15,3,0\"><b>Bredde p\u00e5 brem:<\/b> Standardalternativer p\u00e5 5,5 cm eller 7,5 cm (avhengig av modell).<\/p>\n<\/li>\n<\/ul>\n<p data-path-to-node=\"16\"><b>Brukstilfeller<\/b><\/p>\n<ul data-path-to-node=\"17\">\n<li>\n<p data-path-to-node=\"17,0,0\"><b>Festivaler og konserter:<\/b> Synlige varer som fansen elsker \u00e5 bruke.<\/p>\n<\/li>\n<li>\n<p data-path-to-node=\"17,1,0\"><b>Idrettslag:<\/b> Enhetlig utseende for supportere og klubbmedlemmer.<\/p>\n<\/li>\n<li>\n<p data-path-to-node=\"17,2,0\"><b>Studentarrangementer:<\/b> Orienteringsdager og universitetsvarer.<\/p>\n<\/li>\n<\/ul>","protected":false},"excerpt":{"rendered":"<ul>\n<li>\n<p data-path-to-node=\"9,0,0\"><b>Bredt utvalg:<\/b> Velg mellom lett (150 gsm) eller tung (260 gsm) polyester, vendbare modeller eller trendy kordfl\u00f8yel.<\/p>\n<\/li>\n<li>\n<p data-path-to-node=\"9,1,0\"><b>Full tilpasning:<\/b> Kant-til-kant CMYK-sublimeringstrykk for ubegrensede farger og m\u00f8nstre.<\/p>\n<\/li>\n<li>\n<p data-path-to-node=\"9,2,0\"><b>Perfekt passform:<\/b> Finnes i st\u00f8rrelser for barn (55 cm), voksen (58 cm) og stor (60 cm).<\/p>\n<\/li>\n<li>\n<p data-path-to-node=\"9,3,0\"><b>Allsidig:<\/b> Ideell for sommerfestivaler, sportsvarer og streetwear-merker.<\/p>\n<\/li>\n<\/ul>","protected":false},"featured_media":6365,"comment_status":"closed","ping_status":"closed","template":"","meta":[],"product_brand":[],"product_cat":[130],"product_tag":[],"class_list":{"0":"post-5963","1":"product","2":"type-product","3":"status-publish","4":"has-post-thumbnail","6":"product_cat-custom-headwear","8":"first","9":"instock","10":"shipping-taxable","11":"purchasable","12":"product-type-simple"},"_links":{"self":[{"href":"https:\/\/displayproducts.eu\/nb\/wp-json\/wp\/v2\/product\/5963","targetHints":{"allow":["GET"]}}],"collection":[{"href":"https:\/\/displayproducts.eu\/nb\/wp-json\/wp\/v2\/product"}],"about":[{"href":"https:\/\/displayproducts.eu\/nb\/wp-json\/wp\/v2\/types\/product"}],"replies":[{"embeddable":true,"href":"https:\/\/displayproducts.eu\/nb\/wp-json\/wp\/v2\/comments?post=5963"}],"wp:featuredmedia":[{"embeddable":true,"href":"https:\/\/displayproducts.eu\/nb\/wp-json\/wp\/v2\/media\/6365"}],"wp:attachment":[{"href":"https:\/\/displayproducts.eu\/nb\/wp-json\/wp\/v2\/media?parent=5963"}],"wp:term":[{"taxonomy":"product_brand","embeddable":true,"href":"https:\/\/displayproducts.eu\/nb\/wp-json\/wp\/v2\/product_brand?post=5963"},{"taxonomy":"product_cat","embeddable":true,"href":"https:\/\/displayproducts.eu\/nb\/wp-json\/wp\/v2\/product_cat?post=5963"},{"taxonomy":"product_tag","embeddable":true,"href":"https:\/\/displayproducts.eu\/nb\/wp-json\/wp\/v2\/product_tag?post=5963"}],"curies":[{"name":"wp","href":"https:\/\/api.w.org\/{rel}","templated":true}]}}