{"id":5938,"date":"2025-12-16T15:04:12","date_gmt":"2025-12-16T12:04:12","guid":{"rendered":"https:\/\/wristbandfactory.eu\/?post_type=product&#038;p=5938"},"modified":"2026-04-01T21:52:35","modified_gmt":"2026-04-01T18:52:35","slug":"custom-printed-multifunctional-multiscarfs-tubular-bandanas","status":"publish","type":"product","link":"https:\/\/displayproducts.eu\/nb\/p\/custom-printed-multifunctional-multiscarfs-tubular-bandanas\/","title":{"rendered":"Multifunksjonelle skjerf med trykk"},"content":{"rendered":"<p data-path-to-node=\"7\">F\u00e5 maksimal synlighet for merkevaren med v\u00e5re spesialtrykte multisjal, det ultimate multifunksjonelle tilbeh\u00f8ret for en aktiv livsstil. Disse s\u00f8ml\u00f8se tubeskjerfene er ogs\u00e5 kjent som r\u00f8rformede bandanaer eller halskjeder, og er designet for komfort og anvendelighet i all slags v\u00e6r. Enten det er for en maraton, et skianlegg eller en bedriftssommerutflukt, forblir merkevaren din i sentrum.<\/p>\n<p data-path-to-node=\"8\">V\u00e5re multiskjerf er produsert av h\u00f8ykvalitetsstoffer som er skreddersydd for ditt spesifikke milj\u00f8. Fra lette, pustende mikrofibre til spesialisert fukttransporterende teknologi, tilbyr vi det perfekte lerretet for organisasjonens identitet.<\/p>\n<h2 data-path-to-node=\"9\">Viktige funksjoner<\/h2>\n<ul data-path-to-node=\"10\">\n<li>\n<p data-path-to-node=\"10,0,0\"><b data-path-to-node=\"10,0,0\" data-index-in-node=\"0\">HD-sublimering:<\/b> Vi bruker CMYK-fargetrykk der blekket legges direkte inn i stofffibrene, noe som sikrer at designet ikke sprekker, flasses eller falmer.<\/p>\n<\/li>\n<li>\n<p data-path-to-node=\"10,1,0\"><b data-path-to-node=\"10,1,0\" data-index-in-node=\"0\">S\u00f8ml\u00f8s konstruksjon:<\/b> Det r\u00f8rformede designet er laget uten irriterende s\u00f8mmer, noe som gir maksimal komfort for daglig bruk og intens fysisk aktivitet.<\/p>\n<\/li>\n<li>\n<p data-path-to-node=\"10,2,0\"><b data-path-to-node=\"10,2,0\" data-index-in-node=\"0\">Eksepsjonell holdbarhet:<\/b> Fullt vaskbar og gjenbrukbar, og beholder form og fargeglans selv etter gjentatt bruk.<\/p>\n<\/li>\n<li>\n<p data-path-to-node=\"10,3,0\"><b data-path-to-node=\"10,3,0\" data-index-in-node=\"0\">Beskyttelse hele \u00e5ret:<\/b> Gir en barriere mot vind, st\u00f8v, kulde og UV-str\u00e5ler, avhengig av valgt materialkonfigurasjon.<\/p>\n<\/li>\n<\/ul>\n<h2 data-path-to-node=\"11\">Spesifikasjoner<\/h2>\n<ul data-path-to-node=\"12\">\n<li>\n<p data-path-to-node=\"12,0,0\"><b data-path-to-node=\"12,0,0\" data-index-in-node=\"0\">Materialer:<\/b> Standard polyester, resirkulert RPET, vinterfleece, COOLMAX\u00ae (fukttransporterende) eller lycra (UPF50+).<\/p>\n<\/li>\n<li>\n<p data-path-to-node=\"12,1,0\"><b data-path-to-node=\"12,1,0\" data-index-in-node=\"0\">St\u00f8rrelse:<\/b> Standard voksenst\u00f8rrelse (tilpassede st\u00f8rrelser tilgjengelig p\u00e5 foresp\u00f8rsel).<\/p>\n<\/li>\n<li>\n<p data-path-to-node=\"12,2,0\"><b data-path-to-node=\"12,2,0\" data-index-in-node=\"0\">Printing:<\/b> Sublimering i fullfarge fra kant til kant.<\/p>\n<\/li>\n<li>\n<p data-path-to-node=\"12,3,0\"><b data-path-to-node=\"12,3,0\" data-index-in-node=\"0\">Minimum bestillingsmengde:<\/b> 100 enheter.<\/p>\n<\/li>\n<li>\n<p data-path-to-node=\"12,4,0\"><b data-path-to-node=\"12,4,0\" data-index-in-node=\"0\">Vedlikehold:<\/b> Maskinvaskbar, hurtigt\u00f8rkende.<\/p>\n<\/li>\n<\/ul>\n<h2 data-path-to-node=\"13\">Brukstilfeller<\/h2>\n<ul data-path-to-node=\"14\">\n<li>\n<p data-path-to-node=\"14,0,0\"><b data-path-to-node=\"14,0,0\" data-index-in-node=\"0\">Sport og trening:<\/b> N\u00f8dvendig utstyr for l\u00f8peklubber, sykkellag og treningsutstyr.<\/p>\n<\/li>\n<li>\n<p data-path-to-node=\"14,1,0\"><b data-path-to-node=\"14,1,0\" data-index-in-node=\"0\">Utend\u00f8rsarrangementer og festivaler:<\/b> Praktiske og stilige gaver til konserter, turgrupper og utend\u00f8rsfestivaler.<\/p>\n<\/li>\n<li>\n<p data-path-to-node=\"14,2,0\"><b data-path-to-node=\"14,2,0\" data-index-in-node=\"0\">Bedriftens samfunnsansvar:<\/b> Velg v\u00e5rt RPET-materialalternativ for b\u00e6rekraftige firmagaver som er i tr\u00e5d med milj\u00f8vennlige verdier.<\/p>\n<\/li>\n<li>\n<p data-path-to-node=\"14,3,0\"><b data-path-to-node=\"14,3,0\" data-index-in-node=\"0\">Vinterturisme:<\/b> Perfekt for markedsf\u00f8ring av skiskoler, feriesteder og vintersport.<\/p>\n<\/li>\n<\/ul>","protected":false},"excerpt":{"rendered":"<ul>\n<li>\n<p data-path-to-node=\"6,0,0\"><b data-path-to-node=\"6,0,0\" data-index-in-node=\"0\">10+ m\u00e5ter \u00e5 bruke p\u00e5:<\/b> Ekstremt allsidig design som fungerer som halsvarmer, panneb\u00e5nd, ansiktsmaske, lue eller armb\u00e5nd.<\/p>\n<\/li>\n<li>\n<p data-path-to-node=\"6,1,0\"><b data-path-to-node=\"6,1,0\" data-index-in-node=\"0\">Premium materialvalg:<\/b> Velg mellom standard mikrofiber, milj\u00f8vennlig RPET (resirkulert plast), vinterfleece eller h\u00f8ypresterende Coolmax\u00ae.<\/p>\n<\/li>\n<li>\n<p data-path-to-node=\"6,2,0\"><b data-path-to-node=\"6,2,0\" data-index-in-node=\"0\">Tilpasning av hele overflaten:<\/b> Kant-til-kant-sublimeringsutskrift gir ubegrensede farger, gradienter og fotografiske detaljer som aldri falmer.<\/p>\n<\/li>\n<li>\n<p data-path-to-node=\"6,3,0\"><b data-path-to-node=\"6,3,0\" data-index-in-node=\"0\">Profesjonelt B2B-valg:<\/b> Ideell for idrettslag, utend\u00f8rsarrangementer og firmagaver med en minimumsbestillingsmengde p\u00e5 100 enheter.<\/p>\n<\/li>\n<\/ul>","protected":false},"featured_media":6373,"comment_status":"closed","ping_status":"closed","template":"","meta":[],"product_brand":[],"product_cat":[123,118],"product_tag":[],"class_list":{"0":"post-5938","1":"product","2":"type-product","3":"status-publish","4":"has-post-thumbnail","6":"product_cat-fan-cheering-items","7":"product_cat-sports-fitness","9":"first","10":"instock","11":"shipping-taxable","12":"purchasable","13":"product-type-simple"},"_links":{"self":[{"href":"https:\/\/displayproducts.eu\/nb\/wp-json\/wp\/v2\/product\/5938","targetHints":{"allow":["GET"]}}],"collection":[{"href":"https:\/\/displayproducts.eu\/nb\/wp-json\/wp\/v2\/product"}],"about":[{"href":"https:\/\/displayproducts.eu\/nb\/wp-json\/wp\/v2\/types\/product"}],"replies":[{"embeddable":true,"href":"https:\/\/displayproducts.eu\/nb\/wp-json\/wp\/v2\/comments?post=5938"}],"wp:featuredmedia":[{"embeddable":true,"href":"https:\/\/displayproducts.eu\/nb\/wp-json\/wp\/v2\/media\/6373"}],"wp:attachment":[{"href":"https:\/\/displayproducts.eu\/nb\/wp-json\/wp\/v2\/media?parent=5938"}],"wp:term":[{"taxonomy":"product_brand","embeddable":true,"href":"https:\/\/displayproducts.eu\/nb\/wp-json\/wp\/v2\/product_brand?post=5938"},{"taxonomy":"product_cat","embeddable":true,"href":"https:\/\/displayproducts.eu\/nb\/wp-json\/wp\/v2\/product_cat?post=5938"},{"taxonomy":"product_tag","embeddable":true,"href":"https:\/\/displayproducts.eu\/nb\/wp-json\/wp\/v2\/product_tag?post=5938"}],"curies":[{"name":"wp","href":"https:\/\/api.w.org\/{rel}","templated":true}]}}