{"id":5935,"date":"2025-12-16T13:44:25","date_gmt":"2025-12-16T10:44:25","guid":{"rendered":"https:\/\/wristbandfactory.eu\/?post_type=product&#038;p=5935"},"modified":"2026-04-01T21:52:03","modified_gmt":"2026-04-01T18:52:03","slug":"soft-pvc-nfc-keychains-custom-shape-full-color","status":"publish","type":"product","link":"https:\/\/displayproducts.eu\/nb\/p\/soft-pvc-nfc-keychains-custom-shape-full-color\/","title":{"rendered":"N\u00f8kkelringer i myk PVC (NFC) \u2013 Egen form"},"content":{"rendered":"<p data-path-to-node=\"17\">Forvandle et klassisk reklameprodukt til et kraftig digitalt markedsf\u00f8ringsverkt\u00f8y. V\u00e5re spesialtilpassede myke PVC NFC-n\u00f8kkelringer kombinerer den taktile appellen til en slitesterk, spesialformet gummin\u00f8kkelring med avansert kontaktl\u00f8s teknologi. Disse n\u00f8kkelringene er ideelle for moderne markedsf\u00f8ringskampanjer, og lar brukerne trykke p\u00e5 smarttelefonen sin for \u00e5 f\u00e5 direkte tilgang til nettstedet, appen eller lojalitetsprogrammet ditt.<\/p>\n<p data-path-to-node=\"18\"><b>Fullstendig tilpasset form og design<\/b> Ikke n\u00f8y deg med standard geometriske former. Vi st\u00f8per disse n\u00f8kkelringene til <b>din spesifikke logo eller produktform<\/b> (opptil 5\u00d75 cm). Materialet er produsert av myk PVC av h\u00f8y kvalitet, og er slitesterkt, fleksibelt og mykt \u00e5 ta p\u00e5. Designet ditt gjengis i livlige farger p\u00e5 begge sider, noe som sikrer maksimal synlighet av merkevaren fra alle vinkler.<\/p>\n<p data-path-to-node=\"19\"><b>Smart NFC-integrasjon<\/b> Inne i PVC-lagene er det en programmerbar NFC-brikke med en antenne p\u00e5 2,5 x 2,5 cm. Dette gir en \u201cTap &amp; Go\u201d-opplevelse uten batterier eller lading.<\/p>\n<ul data-path-to-node=\"20\">\n<li>\n<p data-path-to-node=\"20,0,0\"><b>Markedsf\u00f8ring:<\/b> Rett trafikk til landingssiden din eller sosiale medier.<\/p>\n<\/li>\n<li>\n<p data-path-to-node=\"20,1,0\"><b>Arrangementer:<\/b> Brukes til digitale innsjekkinger eller konkurransep\u00e5meldinger.<\/p>\n<\/li>\n<li>\n<p data-path-to-node=\"20,2,0\"><b>Lojalitet:<\/b> Aktiver umiddelbar skanning av kundebel\u00f8nninger.<\/p>\n<\/li>\n<\/ul>\n<p data-path-to-node=\"21\"><b>Emballasjealternativer<\/b><\/p>\n<ul data-path-to-node=\"22\">\n<li>\n<p data-path-to-node=\"22,0,0\"><b>Standard:<\/b> Individuelt pakket inn i beskyttende silkepapir for \u00e5 forhindre at de fester seg.<\/p>\n<\/li>\n<li>\n<p data-path-to-node=\"22,1,0\"><b>Klar for detaljhandel:<\/b> Valgfritt dobbeltsidig papirkartong i fullfarge med polypose for en f\u00f8rsteklasses utpakkingsopplevelse.<\/p>\n<\/li>\n<\/ul>\n<p data-path-to-node=\"23\"><b>Viktige funksjoner:<\/b><\/p>\n<ul data-path-to-node=\"24\">\n<li>\n<p data-path-to-node=\"24,0,0\"><b>Materiale:<\/b> Ftalatfri myk PVC.<\/p>\n<\/li>\n<li>\n<p data-path-to-node=\"24,1,0\"><b>Teknologi:<\/b> Innebygd NFC-brikke (kompatibel med de fleste moderne smarttelefoner).<\/p>\n<\/li>\n<li>\n<p data-path-to-node=\"24,2,0\"><b>Tilpasning:<\/b> 100% tilpasset ytre form.<\/p>\n<\/li>\n<li>\n<p data-path-to-node=\"24,3,0\"><b>Varighet:<\/b> Vanntett og ripebestandig overflate.<\/p>\n<\/li>\n<li>\n<p data-path-to-node=\"24,4,0\"><b>Engros:<\/b> Bulkpakket for uten trykk distribusjon.<\/p>\n<\/li>\n<\/ul>","protected":false},"excerpt":{"rendered":"<ul data-path-to-node=\"13\">\n<li>\n<p data-path-to-node=\"13,0,0\"><b>Materiale:<\/b> Myk, fleksibel PVC-gummi i din egen spesialform (maks. 5\u00d75 cm).<\/p>\n<\/li>\n<li>\n<p data-path-to-node=\"13,1,0\"><b>Teknologi:<\/b> Integrert NFC-brikke (2,5 \u00d7 2,5 cm antenne) for digitalt engasjement.<\/p>\n<\/li>\n<li>\n<p data-path-to-node=\"13,2,0\"><b>Design:<\/b> Fullfargetrykk p\u00e5 begge sider (samme design).<\/p>\n<\/li>\n<li>\n<p data-path-to-node=\"13,3,0\"><b>Brukstilfelle:<\/b> Applanseringer, lojalitetsprogrammer og lenker til sosiale medier.<\/p>\n<\/li>\n<\/ul>","protected":false},"featured_media":6380,"comment_status":"closed","ping_status":"closed","template":"","meta":[],"product_brand":[],"product_cat":[94],"product_tag":[],"class_list":{"0":"post-5935","1":"product","2":"type-product","3":"status-publish","4":"has-post-thumbnail","6":"product_cat-keychains","8":"first","9":"instock","10":"shipping-taxable","11":"purchasable","12":"product-type-simple"},"_links":{"self":[{"href":"https:\/\/displayproducts.eu\/nb\/wp-json\/wp\/v2\/product\/5935","targetHints":{"allow":["GET"]}}],"collection":[{"href":"https:\/\/displayproducts.eu\/nb\/wp-json\/wp\/v2\/product"}],"about":[{"href":"https:\/\/displayproducts.eu\/nb\/wp-json\/wp\/v2\/types\/product"}],"replies":[{"embeddable":true,"href":"https:\/\/displayproducts.eu\/nb\/wp-json\/wp\/v2\/comments?post=5935"}],"wp:featuredmedia":[{"embeddable":true,"href":"https:\/\/displayproducts.eu\/nb\/wp-json\/wp\/v2\/media\/6380"}],"wp:attachment":[{"href":"https:\/\/displayproducts.eu\/nb\/wp-json\/wp\/v2\/media?parent=5935"}],"wp:term":[{"taxonomy":"product_brand","embeddable":true,"href":"https:\/\/displayproducts.eu\/nb\/wp-json\/wp\/v2\/product_brand?post=5935"},{"taxonomy":"product_cat","embeddable":true,"href":"https:\/\/displayproducts.eu\/nb\/wp-json\/wp\/v2\/product_cat?post=5935"},{"taxonomy":"product_tag","embeddable":true,"href":"https:\/\/displayproducts.eu\/nb\/wp-json\/wp\/v2\/product_tag?post=5935"}],"curies":[{"name":"wp","href":"https:\/\/api.w.org\/{rel}","templated":true}]}}