{"id":5824,"date":"2025-12-11T12:42:06","date_gmt":"2025-12-11T09:42:06","guid":{"rendered":"https:\/\/wristbandfactory.eu\/?post_type=product&#038;p=5824"},"modified":"2026-04-01T21:52:35","modified_gmt":"2026-04-01T18:52:35","slug":"embossed-silicone-wristbands-raised-3d-effect","status":"publish","type":"product","link":"https:\/\/displayproducts.eu\/nb\/p\/embossed-silicone-wristbands-raised-3d-effect\/","title":{"rendered":"Silikonb\u00e5nd \u2013 Opph\u00f8yd tekst \/ 3D"},"content":{"rendered":"<p data-path-to-node=\"10\"><b>Skill deg ut med en 3D-finish<\/b><\/p>\n<p data-path-to-node=\"11\"><b>Pregede silikonarmb\u00e5nd<\/b> tilbyr en unik vri p\u00e5 det klassiske veldedighetsb\u00e5ndet. I stedet for \u00e5 gravere teksten innover, bruker vi en spesiallaget form for \u00e5 heve designet ditt oppover fra b\u00e5ndets overflate. Dette skaper et sl\u00e5ende <b>3D-relieffeffekt<\/b> som er b\u00e5de visuelt distinkt og taktil.<\/p>\n<p data-path-to-node=\"12\"><b>Hvordan det er laget<\/b> Vi produserer disse b\u00e5ndene ved hjelp av en spesialisert st\u00f8peprosess der silikonet presses til en form som skaper hevede bokstaver. Fordi logoen er laget av samme silikonmateriale som selve b\u00e5ndet, er det <b>fysisk permanent<\/b> og kan ikke sprekke, skrelles av eller falme.<\/p>\n<p data-path-to-node=\"13\"><b>Designstil<\/b> Pregede b\u00e5nd produseres vanligvis i \u00e9n farge (monotone), hvor den hevede teksten skaper en subtil skyggeeffekt. Dette resulterer i en <b>rent, moderne og diskret utseende<\/b> som er popul\u00e6rt for bedriftsarrangementer, treningsmedlemskap og premium merkevareaktivering.<\/p>\n<p data-path-to-node=\"14\"><b>Tilpasning<\/b><\/p>\n<ul data-path-to-node=\"15\">\n<li>\n<p data-path-to-node=\"15,0,0\"><b>Farge:<\/b> Match b\u00e5ndet med en hvilken som helst Pantone (PMS)-referanse.<\/p>\n<\/li>\n<li>\n<p data-path-to-node=\"15,1,0\"><b>Tekst:<\/b> Passer best for fet skrift og enkle logoer (sm\u00e5 detaljer er vanskeligere \u00e5 fremheve).<\/p>\n<\/li>\n<\/ul>\n<p data-path-to-node=\"16\"><b>Viktige funksjoner:<\/b><\/p>\n<ul data-path-to-node=\"17\">\n<li>\n<p data-path-to-node=\"17,0,0\"><b>Stil:<\/b> Preget (hevet 3D).<\/p>\n<\/li>\n<li>\n<p data-path-to-node=\"17,1,0\"><b>Materiale:<\/b> 100% medisinsk silikon.<\/p>\n<\/li>\n<li>\n<p data-path-to-node=\"17,2,0\"><b>Varighet:<\/b> Ekstrem (Ingen blekk \u00e5 gni av).<\/p>\n<\/li>\n<li>\n<p data-path-to-node=\"17,3,0\"><b>Effekt:<\/b> Eksklusiv, diskr\u00e9 merkevarebygging.<\/p>\n<\/li>\n<\/ul>","protected":false},"excerpt":{"rendered":"<ul>\n<li>\n<p data-path-to-node=\"8,0,0\"><b>Forh\u00f8yet 3D-effekt:<\/b> Logoen og teksten din skiller seg fysisk ut fra armb\u00e5ndets overflate.<\/p>\n<\/li>\n<li>\n<p data-path-to-node=\"8,1,0\"><b>Taktil erfaring:<\/b> Gir en unik, \u201chumpete\u201d tekstur som brukerne kan f\u00f8le.<\/p>\n<\/li>\n<li>\n<p data-path-to-node=\"8,2,0\"><b>Permanent merkevarebygging:<\/b> Designet er st\u00f8pt inn i remmen, s\u00e5 den vil aldri falme eller slites av.<\/p>\n<\/li>\n<li>\n<p data-path-to-node=\"8,3,0\"><b>Subtilt og premium:<\/b> Ideelt for merker som \u00f8nsker et sofistikert, monotont utseende uten blekk<\/p>\n<\/li>\n<\/ul>","protected":false},"featured_media":5825,"comment_status":"closed","ping_status":"closed","template":"","meta":[],"product_brand":[],"product_cat":[49],"product_tag":[],"class_list":{"0":"post-5824","1":"product","2":"type-product","3":"status-publish","4":"has-post-thumbnail","6":"product_cat-silicone","8":"first","9":"instock","10":"shipping-taxable","11":"purchasable","12":"product-type-simple"},"_links":{"self":[{"href":"https:\/\/displayproducts.eu\/nb\/wp-json\/wp\/v2\/product\/5824","targetHints":{"allow":["GET"]}}],"collection":[{"href":"https:\/\/displayproducts.eu\/nb\/wp-json\/wp\/v2\/product"}],"about":[{"href":"https:\/\/displayproducts.eu\/nb\/wp-json\/wp\/v2\/types\/product"}],"replies":[{"embeddable":true,"href":"https:\/\/displayproducts.eu\/nb\/wp-json\/wp\/v2\/comments?post=5824"}],"wp:featuredmedia":[{"embeddable":true,"href":"https:\/\/displayproducts.eu\/nb\/wp-json\/wp\/v2\/media\/5825"}],"wp:attachment":[{"href":"https:\/\/displayproducts.eu\/nb\/wp-json\/wp\/v2\/media?parent=5824"}],"wp:term":[{"taxonomy":"product_brand","embeddable":true,"href":"https:\/\/displayproducts.eu\/nb\/wp-json\/wp\/v2\/product_brand?post=5824"},{"taxonomy":"product_cat","embeddable":true,"href":"https:\/\/displayproducts.eu\/nb\/wp-json\/wp\/v2\/product_cat?post=5824"},{"taxonomy":"product_tag","embeddable":true,"href":"https:\/\/displayproducts.eu\/nb\/wp-json\/wp\/v2\/product_tag?post=5824"}],"curies":[{"name":"wp","href":"https:\/\/api.w.org\/{rel}","templated":true}]}}