{"id":5822,"date":"2025-12-11T12:39:16","date_gmt":"2025-12-11T09:39:16","guid":{"rendered":"https:\/\/wristbandfactory.eu\/?post_type=product&#038;p=5822"},"modified":"2026-04-01T21:52:35","modified_gmt":"2026-04-01T18:52:35","slug":"debossed-silicone-wristbands-colour-filled-engraved","status":"publish","type":"product","link":"https:\/\/displayproducts.eu\/nb\/p\/debossed-silicone-wristbands-colour-filled-engraved\/","title":{"rendered":"Silikonb\u00e5nd \u2013 Gravert \/ Fargefyll"},"content":{"rendered":"<p data-path-to-node=\"10\"><b>Bransjestandarden for lang levetid<\/b><\/p>\n<p data-path-to-node=\"11\"><b>Pregede fargefylte armb\u00e5nd<\/b> er premiumvalget for merkevarer og organisasjoner som krever at et armb\u00e5nd skal vare. I motsetning til vanlige trykte b\u00e5nd der blekket sitter p\u00e5 overflaten, gjennomg\u00e5r disse armb\u00e5ndene en totrinns produksjonsprosess for \u00e5 sikre at budskapet ditt varer like lenge som selve b\u00e5ndet.<\/p>\n<p data-path-to-node=\"12\"><b>Hvordan det er laget<\/b><\/p>\n<ol start=\"1\" data-path-to-node=\"13\">\n<li>\n<p data-path-to-node=\"13,0,0\"><b>Gravering (preging):<\/b> Vi lager en spesiallaget st\u00f8peform for \u00e5 gravere logoen og teksten din dypt inn i silikonb\u00e5ndet.<\/p>\n<\/li>\n<li>\n<p data-path-to-node=\"13,1,0\"><b>Fargefylling:<\/b> De fordypningene fylles deretter manuelt med en spesialisert, slitesterk silikonblekk i en kontrastfarge.<\/p>\n<\/li>\n<\/ol>\n<p data-path-to-node=\"14\"><b>Hvorfor velge preget?<\/b> Fordi designet er senket under overflaten, er det fysisk beskyttet mot friksjon og slitasje. Dette gj\u00f8r det til det eneste levedyktige alternativet for <b>langsiktige bevissthetskampanjer, skole\u00e5ndsartikler og innsamlingsaksjoner<\/b> der armb\u00e5ndet brukes daglig i m\u00e5neder eller til og med \u00e5r.<\/p>\n<p data-path-to-node=\"15\"><b>Tilpasning<\/b> Vi kan matche silikonb\u00e5ndet til alle <b>Pantone (PMS)<\/b> fargelegg og fyll den graverte teksten med en hvilken som helst kontrasterende Pantone-nyanse for \u00e5 matche merkeidentiteten din perfekt.<\/p>\n<p data-path-to-node=\"16\"><b>Viktige funksjoner:<\/b><\/p>\n<ul data-path-to-node=\"17\">\n<li>\n<p data-path-to-node=\"17,0,0\"><b>Stil:<\/b> Preget (innfelt) og blekkfylt.<\/p>\n<\/li>\n<li>\n<p data-path-to-node=\"17,1,0\"><b>Materiale:<\/b> 100% medisinsk silikon.<\/p>\n<\/li>\n<li>\n<p data-path-to-node=\"17,2,0\"><b>Varighet:<\/b> Ekstrem (slitasjesikker design).<\/p>\n<\/li>\n<li>\n<p data-path-to-node=\"17,3,0\"><b>St\u00f8rrelser:<\/b> Voksen (202 mm) og ungdom (180 mm).<\/p>\n<\/li>\n<\/ul>","protected":false},"excerpt":{"rendered":"<ul>\n<li>\n<p data-path-to-node=\"8,0,0\"><b>Maksimal holdbarhet:<\/b> Logoen din er dypt gravert (preget) inn i silikonen, noe som gj\u00f8r den umulig \u00e5 gni av.<\/p>\n<\/li>\n<li>\n<p data-path-to-node=\"8,1,0\"><b>Fargefylt:<\/b> Den graverte teksten er fylt med kontrasterende silikonblekk for et levende og slagkraftig utseende.<\/p>\n<\/li>\n<li>\n<p data-path-to-node=\"8,2,0\"><b>Premiumf\u00f8lelse:<\/b> Gir en taktil 3D-finish som ofte forbindes med eksklusive veldedighetskampanjer (f.eks. Livestrong).<\/p>\n<\/li>\n<li>\n<p data-path-to-node=\"8,3,0\"><b>Permanent merkevarebygging:<\/b> Ideell for langvarig bruk (m\u00e5neder eller \u00e5r) uten \u00e5 falme.<\/p>\n<\/li>\n<\/ul>","protected":false},"featured_media":5823,"comment_status":"closed","ping_status":"closed","template":"","meta":[],"product_brand":[],"product_cat":[49],"product_tag":[],"class_list":{"0":"post-5822","1":"product","2":"type-product","3":"status-publish","4":"has-post-thumbnail","6":"product_cat-silicone","8":"first","9":"instock","10":"shipping-taxable","11":"purchasable","12":"product-type-simple"},"_links":{"self":[{"href":"https:\/\/displayproducts.eu\/nb\/wp-json\/wp\/v2\/product\/5822","targetHints":{"allow":["GET"]}}],"collection":[{"href":"https:\/\/displayproducts.eu\/nb\/wp-json\/wp\/v2\/product"}],"about":[{"href":"https:\/\/displayproducts.eu\/nb\/wp-json\/wp\/v2\/types\/product"}],"replies":[{"embeddable":true,"href":"https:\/\/displayproducts.eu\/nb\/wp-json\/wp\/v2\/comments?post=5822"}],"wp:featuredmedia":[{"embeddable":true,"href":"https:\/\/displayproducts.eu\/nb\/wp-json\/wp\/v2\/media\/5823"}],"wp:attachment":[{"href":"https:\/\/displayproducts.eu\/nb\/wp-json\/wp\/v2\/media?parent=5822"}],"wp:term":[{"taxonomy":"product_brand","embeddable":true,"href":"https:\/\/displayproducts.eu\/nb\/wp-json\/wp\/v2\/product_brand?post=5822"},{"taxonomy":"product_cat","embeddable":true,"href":"https:\/\/displayproducts.eu\/nb\/wp-json\/wp\/v2\/product_cat?post=5822"},{"taxonomy":"product_tag","embeddable":true,"href":"https:\/\/displayproducts.eu\/nb\/wp-json\/wp\/v2\/product_tag?post=5822"}],"curies":[{"name":"wp","href":"https:\/\/api.w.org\/{rel}","templated":true}]}}