{"id":5820,"date":"2025-12-11T12:35:46","date_gmt":"2025-12-11T09:35:46","guid":{"rendered":"https:\/\/wristbandfactory.eu\/?post_type=product&#038;p=5820"},"modified":"2026-04-01T21:52:03","modified_gmt":"2026-04-01T18:52:03","slug":"printed-silicone-wristbands-custom-screen-print","status":"publish","type":"product","link":"https:\/\/displayproducts.eu\/nb\/p\/printed-silicone-wristbands-custom-screen-print\/","title":{"rendered":"Silikonb\u00e5nd \u2013 Med trykk"},"content":{"rendered":"<p data-path-to-node=\"12\"><b>Det klassiske valget for reklamemerkevarebygging<\/b><\/p>\n<p data-path-to-node=\"13\"><b>Trykte silikonarmb\u00e5nd<\/b> er det mest popul\u00e6re valget for markedsf\u00f8ringskampanjer, messer og arrangementer der synlighet og budsjett er viktige prioriteter. I motsetning til graverte b\u00e5nd, har disse designet ditt <b>skjermtrykket direkte p\u00e5 den glatte overflaten<\/b> av silikonet, noe som gir en skarp, ren finish som tiltrekker seg oppmerksomhet.<\/p>\n<p data-path-to-node=\"14\"><b>Ubegrensede fargealternativer<\/b> Vi tilbyr full fleksibilitet innen tilpasning. Du kan velge hvilken som helst <b>Pantone (PMS) farge<\/b> for selve silikonb\u00e5ndet, og velg en kontrastfarge for logoen og teksten din. Dette sikrer at bedriftens identitet overholdes.<\/p>\n<p data-path-to-node=\"15\"><b>Materiale og komfort<\/b> Laget av <b>100% h\u00f8ykvalitets, lateksfri silikon<\/b>, Disse armb\u00e5ndene er vanntette, varmebestandige og komfortable nok til \u00e5 kunne brukes hele dagen. De er slitesterke nok til arrangementer som varer flere dager, men er f\u00f8rst og fremst utformet som kostnadseffektive reklameartikler.<\/p>\n<p data-path-to-node=\"16\"><i>Merk: For langvarig daglig bruk (m\u00e5neder\/\u00e5r) anbefaler vi v\u00e5re \u201cPregede\u201d armb\u00e5nd, da overflatetrykket etter hvert kan slites ned ved kraftig friksjon.<\/i><\/p>\n<p data-path-to-node=\"17\"><b>Viktige funksjoner:<\/b><\/p>\n<ul data-path-to-node=\"18\">\n<li>\n<p data-path-to-node=\"18,0,0\"><b>Metode:<\/b> H\u00f8ypresisjons silketrykk.<\/p>\n<\/li>\n<li>\n<p data-path-to-node=\"18,1,0\"><b>Materiale:<\/b> 100% Myk silikon (ikke giftig).<\/p>\n<\/li>\n<li>\n<p data-path-to-node=\"18,2,0\"><b>St\u00f8rrelse:<\/b> Standard voksen (202 x 12 x 2 mm) og ungdom (180 x 12 x 2 mm).<\/p>\n<\/li>\n<li>\n<p data-path-to-node=\"18,3,0\"><b>Brukstilfelle:<\/b> Giveaways, bevissthetskampanjer, festivaler.<\/p>\n<\/li>\n<\/ul>","protected":false},"excerpt":{"rendered":"<ul data-path-to-node=\"10\">\n<li>\n<p data-path-to-node=\"10,0,0\"><b>H\u00f8y synlighet:<\/b> Skarpt silketrykk gj\u00f8r at logoen din fremst\u00e5r tydelig p\u00e5 overflaten.<\/p>\n<\/li>\n<li>\n<p data-path-to-node=\"10,1,0\"><b>Pantone-matching:<\/b> Vi matcher b\u00e5de silikonb\u00e5ndet og blekkfargen til merkevareretningslinjene dine.<\/p>\n<\/li>\n<li>\n<p data-path-to-node=\"10,2,0\"><b>Kostnadseffektiv:<\/b> Det mest budsjettvennlige alternativet for store kampanjer og giveaways.<\/p>\n<\/li>\n<li>\n<p data-path-to-node=\"10,3,0\"><b>Rask behandlingstid:<\/b> Raskere produksjonstider sammenlignet med pregede eller pregede former.<\/p>\n<\/li>\n<\/ul>","protected":false},"featured_media":5821,"comment_status":"closed","ping_status":"closed","template":"","meta":[],"product_brand":[],"product_cat":[49],"product_tag":[],"class_list":{"0":"post-5820","1":"product","2":"type-product","3":"status-publish","4":"has-post-thumbnail","6":"product_cat-silicone","8":"first","9":"instock","10":"shipping-taxable","11":"purchasable","12":"product-type-simple"},"_links":{"self":[{"href":"https:\/\/displayproducts.eu\/nb\/wp-json\/wp\/v2\/product\/5820","targetHints":{"allow":["GET"]}}],"collection":[{"href":"https:\/\/displayproducts.eu\/nb\/wp-json\/wp\/v2\/product"}],"about":[{"href":"https:\/\/displayproducts.eu\/nb\/wp-json\/wp\/v2\/types\/product"}],"replies":[{"embeddable":true,"href":"https:\/\/displayproducts.eu\/nb\/wp-json\/wp\/v2\/comments?post=5820"}],"wp:featuredmedia":[{"embeddable":true,"href":"https:\/\/displayproducts.eu\/nb\/wp-json\/wp\/v2\/media\/5821"}],"wp:attachment":[{"href":"https:\/\/displayproducts.eu\/nb\/wp-json\/wp\/v2\/media?parent=5820"}],"wp:term":[{"taxonomy":"product_brand","embeddable":true,"href":"https:\/\/displayproducts.eu\/nb\/wp-json\/wp\/v2\/product_brand?post=5820"},{"taxonomy":"product_cat","embeddable":true,"href":"https:\/\/displayproducts.eu\/nb\/wp-json\/wp\/v2\/product_cat?post=5820"},{"taxonomy":"product_tag","embeddable":true,"href":"https:\/\/displayproducts.eu\/nb\/wp-json\/wp\/v2\/product_tag?post=5820"}],"curies":[{"name":"wp","href":"https:\/\/api.w.org\/{rel}","templated":true}]}}