{"id":5819,"date":"2025-12-11T12:22:13","date_gmt":"2025-12-11T09:22:13","guid":{"rendered":"https:\/\/wristbandfactory.eu\/?post_type=product&#038;p=5819"},"modified":"2026-04-01T21:52:35","modified_gmt":"2026-04-01T18:52:35","slug":"linen-fabric-wristbands-custom-woven-printed","status":"publish","type":"product","link":"https:\/\/displayproducts.eu\/nb\/p\/linen-fabric-wristbands-custom-woven-printed\/","title":{"rendered":"Stoffb\u00e5nd (Lin) \u2013 Med logo \/ Trykk"},"content":{"rendered":"<p data-path-to-node=\"10\"><b>Eleganse m\u00f8ter b\u00e6rekraft<\/b><\/p>\n<p data-path-to-node=\"11\">For arrangementer som krever sofistikasjon uten at det g\u00e5r p\u00e5 bekostning av milj\u00f8verdier, <b>Armb\u00e5nd i linstoff<\/b> er det ultimate valget. Lin er laget av fibrene fra linplanten, og er et av verdens eldste og mest b\u00e6rekraftige tekstiler, verdsatt for sin styrke, absorberingsevne og kj\u00f8lighet.<\/p>\n<p data-path-to-node=\"12\"><b>Et unikt, teksturert utseende<\/b> Lin skiller seg ut med sin naturlige, litt uregelmessige veving og matte finish. Denne \u201cperfekt uperfekte\u201d teksturen gir armb\u00e5ndet en autentisk, organisk karakter som syntetiske materialer ikke kan etterligne. Det er det foretrukne valget for <b>luksuri\u00f8se bryllup, boutiquefestivaler og eksklusive bedriftsretreater<\/b>.<\/p>\n<p data-path-to-node=\"13\"><b>Merkevarebygging og design<\/b> For \u00e5 komplementere stoffets naturlige struktur anbefaler vi:<\/p>\n<ul data-path-to-node=\"14\">\n<li>\n<p data-path-to-node=\"14,0,0\"><b>Silketrykk:<\/b> Bruk m\u00f8rke, ensfargede trykk (som marinebl\u00e5, svart eller skoggr\u00f8nn) for en skarp kontrast mot den naturlige off-white eller fargede linbakgrunnen.<\/p>\n<\/li>\n<li>\n<p data-path-to-node=\"14,1,0\"><b>Vevd (broderi):<\/b> En subtil, tonal veving skaper en diskret og elegant merkevareeffekt.<\/p>\n<\/li>\n<\/ul>\n<p data-path-to-node=\"15\"><b>Sikker og milj\u00f8vennlig<\/b> Kombiner med v\u00e5r <b>Bambus \u00f8kol\u00e5s<\/b> for \u00e5 opprettholde en 100% plastfri profil. Standard h\u00f8ysikkerhetsskyvere er ogs\u00e5 kompatible for sikker adgangskontroll.<\/p>\n<p data-path-to-node=\"16\"><b>Viktige funksjoner:<\/b><\/p>\n<ul data-path-to-node=\"17\">\n<li>\n<p data-path-to-node=\"17,0,0\"><b>Materiale:<\/b> 100% Naturlig lin (lin).<\/p>\n<\/li>\n<li>\n<p data-path-to-node=\"17,1,0\"><b>F\u00f8l:<\/b> Kj\u00f8lig \u00e5 ta p\u00e5, blir mykere ved bruk.<\/p>\n<\/li>\n<li>\n<p data-path-to-node=\"17,2,0\"><b>\u00d8kovurdering:<\/b> Lavt vannavtrykk, biologisk nedbrytbar.<\/p>\n<\/li>\n<li>\n<p data-path-to-node=\"17,3,0\"><b>Varighet:<\/b> Sterkere enn bomull, sv\u00e6rt motstandsdyktig mot riving.<\/p>\n<\/li>\n<\/ul>","protected":false},"excerpt":{"rendered":"<ul>\n<li>\n<p data-path-to-node=\"8,0,0\"><b>Premium naturfiber:<\/b> Laget av linfibre av h\u00f8y kvalitet, noe som gir et sofistikert, matt utseende.<\/p>\n<\/li>\n<li>\n<p data-path-to-node=\"8,1,0\"><b>Pustende komfort:<\/b> Eksepsjonell luftgjennomtrengelighet gj\u00f8r det til det kuleste alternativet for sommerarrangementer.<\/p>\n<\/li>\n<li>\n<p data-path-to-node=\"8,2,0\"><b>Unik tekstur:<\/b> Har den klassiske \u201cslubby\u201d-teksturen av ekte lin som f\u00f8les organisk og eksklusiv.<\/p>\n<\/li>\n<li>\n<p data-path-to-node=\"8,3,0\"><b>100% B\u00e6rekraftig:<\/b> Fullstendig biologisk nedbrytbar og dyrket med minimalt vannforbruk.<\/p>\n<\/li>\n<\/ul>","protected":false},"featured_media":5826,"comment_status":"closed","ping_status":"closed","template":"","meta":[],"product_brand":[],"product_cat":[133,47],"product_tag":[],"class_list":{"0":"post-5819","1":"product","2":"type-product","3":"status-publish","4":"has-post-thumbnail","6":"product_cat-eco-friendly-wristbands","7":"product_cat-fabric-wristbands","9":"first","10":"instock","11":"shipping-taxable","12":"purchasable","13":"product-type-simple"},"_links":{"self":[{"href":"https:\/\/displayproducts.eu\/nb\/wp-json\/wp\/v2\/product\/5819","targetHints":{"allow":["GET"]}}],"collection":[{"href":"https:\/\/displayproducts.eu\/nb\/wp-json\/wp\/v2\/product"}],"about":[{"href":"https:\/\/displayproducts.eu\/nb\/wp-json\/wp\/v2\/types\/product"}],"replies":[{"embeddable":true,"href":"https:\/\/displayproducts.eu\/nb\/wp-json\/wp\/v2\/comments?post=5819"}],"wp:featuredmedia":[{"embeddable":true,"href":"https:\/\/displayproducts.eu\/nb\/wp-json\/wp\/v2\/media\/5826"}],"wp:attachment":[{"href":"https:\/\/displayproducts.eu\/nb\/wp-json\/wp\/v2\/media?parent=5819"}],"wp:term":[{"taxonomy":"product_brand","embeddable":true,"href":"https:\/\/displayproducts.eu\/nb\/wp-json\/wp\/v2\/product_brand?post=5819"},{"taxonomy":"product_cat","embeddable":true,"href":"https:\/\/displayproducts.eu\/nb\/wp-json\/wp\/v2\/product_cat?post=5819"},{"taxonomy":"product_tag","embeddable":true,"href":"https:\/\/displayproducts.eu\/nb\/wp-json\/wp\/v2\/product_tag?post=5819"}],"curies":[{"name":"wp","href":"https:\/\/api.w.org\/{rel}","templated":true}]}}