{"id":5818,"date":"2025-12-11T12:18:31","date_gmt":"2025-12-11T09:18:31","guid":{"rendered":"https:\/\/wristbandfactory.eu\/?post_type=product&#038;p=5818"},"modified":"2026-04-01T21:52:35","modified_gmt":"2026-04-01T18:52:35","slug":"hemp-fabric-wristbands-custom-woven-printed","status":"publish","type":"product","link":"https:\/\/displayproducts.eu\/nb\/p\/hemp-fabric-wristbands-custom-woven-printed\/","title":{"rendered":"Stoffb\u00e5nd (Hamp) \u2013 Med logo \/ Trykk"},"content":{"rendered":"<p data-path-to-node=\"11\"><b>Det sterkeste naturlige valget<\/b><\/p>\n<p data-path-to-node=\"12\">Lag et dristig utsagn med <b>Armb\u00e5nd i hampstoff<\/b>, det mest slitesterke alternativet i v\u00e5rt milj\u00f8vennlige sortiment. Hampfibre er kjent for sin strekkfasthet, noe som gj\u00f8r disse b\u00e5ndene perfekte for utend\u00f8rsfestivaler, eventyrarrangementer eller bruk over flere uker der slitasje er en bekymring.<\/p>\n<p data-path-to-node=\"13\"><b>S\u00e6rpreget \u201cjordn\u00e6rt\u201d utseende<\/b> I motsetning til den glatte overflaten til rPET eller mykheten til bambus, tilbyr hamp en <b>strukturert, kornete tekstur<\/b>. Dette gir armb\u00e5ndet en f\u00f8rsteklasses \u201ch\u00e5ndlaget\u201d f\u00f8lelse som umiddelbart formidler b\u00e6rekraft og autentisitet til gjestene dine.<\/p>\n<p data-path-to-node=\"14\"><b>Merkevareanbefalinger<\/b> P\u00e5 grunn av den grovere teksturen til hampfibre:<\/p>\n<ul data-path-to-node=\"15\">\n<li>\n<p data-path-to-node=\"15,0,0\"><b>Silketrykk:<\/b> Vi anbefaler dristige, ensfargede trykk (som svart eller m\u00f8rkegr\u00f8nn) som st\u00e5r i vakker kontrast til den naturlige beige\/brune bakgrunnen p\u00e5 fiberen.<\/p>\n<\/li>\n<li>\n<p data-path-to-node=\"15,1,0\"><b>Vevd (broderi):<\/b> Uten trykk tekst og logoer kan veves direkte inn i b\u00e5ndet for en permanent finish.<\/p>\n<\/li>\n<\/ul>\n<p data-path-to-node=\"16\"><b>Milj\u00f8vennlig maskinvare<\/b> Fullf\u00f8r utseendet med v\u00e5re <b>Bambus \u00f8kol\u00e5s<\/b> eller en gjenbrukbar <b>Treperle<\/b>. Standard sikre plastglidere er ogs\u00e5 tilgjengelige hvis streng adgangskontroll er n\u00f8dvendig.<\/p>\n<p data-path-to-node=\"17\"><b>Viktige funksjoner:<\/b><\/p>\n<ul data-path-to-node=\"18\">\n<li>\n<p data-path-to-node=\"18,0,0\"><b>Materiale:<\/b> 100% naturlig hampfiber.<\/p>\n<\/li>\n<li>\n<p data-path-to-node=\"18,1,0\"><b>Tekstur:<\/b> Grov, naturlig og taktil.<\/p>\n<\/li>\n<li>\n<p data-path-to-node=\"18,2,0\"><b>Varighet:<\/b> H\u00f8y motstand mot strekking og vann.<\/p>\n<\/li>\n<li>\n<p data-path-to-node=\"18,3,0\"><b>\u00d8kovurdering:<\/b> Karbonnegativ vekstsyklus, biologisk nedbrytbar.<\/p>\n<\/li>\n<\/ul>","protected":false},"excerpt":{"rendered":"<ul data-path-to-node=\"9\">\n<li>\n<p data-path-to-node=\"9,0,0\"><b>Ultra-slitesterk:<\/b> Hamp er en av de sterkeste naturfibrene, ideell for t\u00f8ffe eller langvarige arrangementer.<\/p>\n<\/li>\n<li>\n<p data-path-to-node=\"9,1,0\"><b>Rustikk estetikk:<\/b> Gir et s\u00e6regent, teksturert, jordn\u00e6rt utseende som skiller seg ut fra glatte syntetiske stoffer.<\/p>\n<\/li>\n<li>\n<p data-path-to-node=\"9,2,0\"><b>100% B\u00e6rekraftig:<\/b> Dyrket uten plantevernmidler og fullstendig biologisk nedbrytbar.<\/p>\n<\/li>\n<li>\n<p data-path-to-node=\"9,3,0\"><b>Tilpasset merkevarebygging:<\/b> Best egnet for fet silketrykk eller enkle vevde design.<\/p>\n<\/li>\n<\/ul>","protected":false},"featured_media":5827,"comment_status":"closed","ping_status":"closed","template":"","meta":[],"product_brand":[],"product_cat":[133,47],"product_tag":[],"class_list":{"0":"post-5818","1":"product","2":"type-product","3":"status-publish","4":"has-post-thumbnail","6":"product_cat-eco-friendly-wristbands","7":"product_cat-fabric-wristbands","9":"first","10":"instock","11":"shipping-taxable","12":"purchasable","13":"product-type-simple"},"_links":{"self":[{"href":"https:\/\/displayproducts.eu\/nb\/wp-json\/wp\/v2\/product\/5818","targetHints":{"allow":["GET"]}}],"collection":[{"href":"https:\/\/displayproducts.eu\/nb\/wp-json\/wp\/v2\/product"}],"about":[{"href":"https:\/\/displayproducts.eu\/nb\/wp-json\/wp\/v2\/types\/product"}],"replies":[{"embeddable":true,"href":"https:\/\/displayproducts.eu\/nb\/wp-json\/wp\/v2\/comments?post=5818"}],"wp:featuredmedia":[{"embeddable":true,"href":"https:\/\/displayproducts.eu\/nb\/wp-json\/wp\/v2\/media\/5827"}],"wp:attachment":[{"href":"https:\/\/displayproducts.eu\/nb\/wp-json\/wp\/v2\/media?parent=5818"}],"wp:term":[{"taxonomy":"product_brand","embeddable":true,"href":"https:\/\/displayproducts.eu\/nb\/wp-json\/wp\/v2\/product_brand?post=5818"},{"taxonomy":"product_cat","embeddable":true,"href":"https:\/\/displayproducts.eu\/nb\/wp-json\/wp\/v2\/product_cat?post=5818"},{"taxonomy":"product_tag","embeddable":true,"href":"https:\/\/displayproducts.eu\/nb\/wp-json\/wp\/v2\/product_tag?post=5818"}],"curies":[{"name":"wp","href":"https:\/\/api.w.org\/{rel}","templated":true}]}}