{"id":5816,"date":"2025-12-11T12:14:13","date_gmt":"2025-12-11T09:14:13","guid":{"rendered":"https:\/\/wristbandfactory.eu\/?post_type=product&#038;p=5816"},"modified":"2026-04-01T21:52:35","modified_gmt":"2026-04-01T18:52:35","slug":"bamboo-fabric-wristbands-custom-woven-printed","status":"publish","type":"product","link":"https:\/\/displayproducts.eu\/nb\/p\/bamboo-fabric-wristbands-custom-woven-printed\/","title":{"rendered":"Stoffb\u00e5nd (Bambus) \u2013 Med logo \/ Trykk"},"content":{"rendered":"<p data-path-to-node=\"10\"><b>Det mykeste valget for b\u00e6rekraftige arrangementer<\/b><\/p>\n<p data-path-to-node=\"11\">Tilby VIP-gjestene og milj\u00f8bevisste deltakere den ultimate komforten med v\u00e5re <b>Armb\u00e5nd i bambusstoff<\/b>. Disse remmene er laget av en av verdens raskest voksende fornybare ressurser, og kombinerer b\u00e6rekraft med en f\u00f8rsteklasses, silkemyk tekstur som f\u00f8les bedre enn syntetiske alternativer.<\/p>\n<p data-path-to-node=\"12\"><b>Hvorfor velge bambus?<\/b> Bambusfiber er naturlig <b>antibakteriell, hypoallergenisk og fuktighetstransporterende<\/b>. Dette gj\u00f8r den til det ideelle valget for flerdagers festivaler i varmt klima eller for gjester med sensitiv hud. I motsetning til plast puster den naturlig og er fullstendig biologisk nedbrytbar ved slutten av livssyklusen.<\/p>\n<p data-path-to-node=\"13\"><b>Merkevarebygging og tilpasning<\/b> P\u00e5 grunn av bambusens naturlige matte tekstur anbefaler vi:<\/p>\n<ul data-path-to-node=\"14\">\n<li>\n<p data-path-to-node=\"14,0,0\"><b>Vevd (broderi):<\/b> \u00c5 veve logoen din direkte inn i stoffet (opptil 8 farger) skaper et klassisk og eksklusivt utseende.<\/p>\n<\/li>\n<li>\n<p data-path-to-node=\"14,1,0\"><b>Silketrykk:<\/b> Best for design som krever skarp tekst eller spesifikke spotfarger p\u00e5 overflaten.<\/p>\n<\/li>\n<\/ul>\n<p data-path-to-node=\"15\"><b>Sikker og milj\u00f8vennlig<\/b> Maksimer dine gr\u00f8nne profiler ved \u00e5 kombinere disse b\u00e5ndene med v\u00e5re <b>Bambus \u00f8kol\u00e5s<\/b> (50% mindre plast). Vi tilbyr ogs\u00e5 standard h\u00f8ysikkerhetsglidere og gjenbrukbare treperler.<\/p>\n<p data-path-to-node=\"16\"><b>Viktige funksjoner:<\/b><\/p>\n<ul data-path-to-node=\"17\">\n<li>\n<p data-path-to-node=\"17,0,0\"><b>Materiale:<\/b> 100% bambusfiber.<\/p>\n<\/li>\n<li>\n<p data-path-to-node=\"17,1,0\"><b>F\u00f8l:<\/b> Luksuri\u00f8s, myk og satengaktig.<\/p>\n<\/li>\n<li>\n<p data-path-to-node=\"17,2,0\"><b>\u00d8kovurdering:<\/b> Sv\u00e6rt fornybar og biologisk nedbrytbar.<\/p>\n<\/li>\n<li>\n<p data-path-to-node=\"17,3,0\"><b>Bruk:<\/b> Perfekt for VIP-tilgang, \u00f8ko-toppm\u00f8ter og luksuri\u00f8se retreater.<\/p>\n<\/li>\n<\/ul>","protected":false},"excerpt":{"rendered":"<ul>\n<li>\n<p data-path-to-node=\"8,0,0\"><b>Premiummateriale:<\/b> Laget av hurtigvoksende, 100% biologisk nedbrytbar bambusfiber.<\/p>\n<\/li>\n<li>\n<p data-path-to-node=\"8,1,0\"><b>Silkemyk komfort:<\/b> Det mykeste armb\u00e5ndet som er tilgjengelig; naturlig antibakterielt og hypoallergenisk.<\/p>\n<\/li>\n<li>\n<p data-path-to-node=\"8,2,0\"><b>Tilpasset merkevarebygging:<\/b> Tilgjengelig som vevd (broderi) eller silketrykket (Pantone-match).<\/p>\n<\/li>\n<li>\n<p data-path-to-node=\"8,3,0\"><b>B\u00e6rekraftig:<\/b> En fornybar ressurs som ikke krever plantevernmidler for \u00e5 vokse.<\/p>\n<\/li>\n<\/ul>","protected":false},"featured_media":5828,"comment_status":"closed","ping_status":"closed","template":"","meta":[],"product_brand":[],"product_cat":[133,47],"product_tag":[],"class_list":{"0":"post-5816","1":"product","2":"type-product","3":"status-publish","4":"has-post-thumbnail","6":"product_cat-eco-friendly-wristbands","7":"product_cat-fabric-wristbands","9":"first","10":"instock","11":"shipping-taxable","12":"purchasable","13":"product-type-simple"},"_links":{"self":[{"href":"https:\/\/displayproducts.eu\/nb\/wp-json\/wp\/v2\/product\/5816","targetHints":{"allow":["GET"]}}],"collection":[{"href":"https:\/\/displayproducts.eu\/nb\/wp-json\/wp\/v2\/product"}],"about":[{"href":"https:\/\/displayproducts.eu\/nb\/wp-json\/wp\/v2\/types\/product"}],"replies":[{"embeddable":true,"href":"https:\/\/displayproducts.eu\/nb\/wp-json\/wp\/v2\/comments?post=5816"}],"wp:featuredmedia":[{"embeddable":true,"href":"https:\/\/displayproducts.eu\/nb\/wp-json\/wp\/v2\/media\/5828"}],"wp:attachment":[{"href":"https:\/\/displayproducts.eu\/nb\/wp-json\/wp\/v2\/media?parent=5816"}],"wp:term":[{"taxonomy":"product_brand","embeddable":true,"href":"https:\/\/displayproducts.eu\/nb\/wp-json\/wp\/v2\/product_brand?post=5816"},{"taxonomy":"product_cat","embeddable":true,"href":"https:\/\/displayproducts.eu\/nb\/wp-json\/wp\/v2\/product_cat?post=5816"},{"taxonomy":"product_tag","embeddable":true,"href":"https:\/\/displayproducts.eu\/nb\/wp-json\/wp\/v2\/product_tag?post=5816"}],"curies":[{"name":"wp","href":"https:\/\/api.w.org\/{rel}","templated":true}]}}